{"id":2790,"date":"2024-08-08T09:48:21","date_gmt":"2024-08-08T16:48:21","guid":{"rendered":"https:\/\/shop.sleepquest.com\/?post_type=product&#038;p=2790"},"modified":"2024-08-19T09:51:27","modified_gmt":"2024-08-19T09:51:27","slug":"restaurado-resmed-airsense-11-autoset-copy","status":"publish","type":"product","link":"https:\/\/shop.sleepquest.com\/es\/productos\/restaurado-resmed-airsense-11-autoset-copy\/","title":{"rendered":"ResMed AirSense\u2122 11 AutoSet\u2122 renovado (mayor duraci\u00f3n de las horas)"},"content":{"rendered":"<p>Presentamos el nuevo ResMed AirSense\u2122 11, un dispositivo CPAP que ofrece una tecnolog\u00eda digital mejorada, dise\u00f1ada para que el inicio de la terapia, y el cumplimiento de la misma, sea m\u00e1s f\u00e1cil y c\u00f3modo.<\/p>\n<p><strong>El precio incluye:<\/strong><\/p>\n<ul>\n<li>Dispositivo<\/li>\n<li>1 filter<\/li>\n<li>Humidifier chamber<\/li>\n<li>Tubos<\/li>\n<li>Power Cord<\/li>\n<li>Estuche para transportar<\/li>\n<\/ul>\n<p><strong>6 Month In-House Warranty &#8211;\u00a0<\/strong>Includes remaining ResMed factory warranty, plus SleepQuest replacement for up to 6 months from purchase. Does not cover damages resulting from customer fault, including but not limited to water damage from improper use of humidifier and damage from dropping device.<\/p>\n<p>This machine has 4 months or less worth of usage at approximately 8 hours a night.<\/p>\n<p><strong>Elsencillo bot\u00f3n de inicio\/parada<\/strong>\u00a0permite encender y apagar la terapia con un solo toque.<\/p>\n<p><strong>Dise\u00f1o elegante y moderno<\/strong><\/p>\n<p><strong>Elhumidificador t\u00e9rmico integrado<\/strong>\u00a0puede controlarse autom\u00e1ticamente a trav\u00e9s de la funci\u00f3n Climate Control o ser ajustado manualmente por el usuario.<\/p>\n<p><strong>La comunicaci\u00f3n celular integrada<\/strong>\u00a0permite la transmisi\u00f3n segura y automatizada de datos a la nube para su acceso en AirView y la aplicaci\u00f3n RMDpulse.<\/p>\n<p><strong>Lapantalla t\u00e1ctil de f\u00e1cil manejo<\/strong>\u00a0hace que la navegaci\u00f3n por los ajustes sea sencilla e intuitiva.<\/p>\n<p><strong>CareCheck<\/strong>\u00a0le involucra en su terapia desde el momento en que enciende su dispositivo y le hace regularmente preguntas de comprobaci\u00f3n y le proporciona herramientas de autoayuda y asesoramiento seg\u00fan sea necesario.<\/p>\n<p>Se pueden conectar<strong>tubos con o sin calefacci\u00f3n<\/strong>. Los tubos calefactados, como ClimateLineAir 11, ofrecen calor integrado para evitar la condensaci\u00f3n dentro del tubo.<\/p>\n<p><strong>Lacubeta de agua extra\u00edble<\/strong>\u00a0es f\u00e1cil de llenar y limpiar para la humidificaci\u00f3n activa con calefacci\u00f3n.<\/p>\n<p><strong>Losfiltros de aire desechables<\/strong>\u00a0est\u00e1n hechos de una malla fina para filtrar las part\u00edculas ambientales y proporcionarle un aire m\u00e1s limpio.<\/p>\n","protected":false},"excerpt":{"rendered":"<p>Presentamos el nuevo ResMed AirSense\u2122 11, un dispositivo CPAP que ofrece una tecnolog\u00eda digital mejorada, dise\u00f1ada para que el inicio<\/p>\n","protected":false},"featured_media":1780,"comment_status":"closed","ping_status":"closed","template":"","meta":{"_acf_changed":false},"product_brand":[],"product_cat":[257],"product_tag":[],"class_list":{"0":"post-2790","1":"product","2":"type-product","3":"status-publish","4":"has-post-thumbnail","6":"product_cat-pap-reacondicionados","7":"product_shipping_class-pesado","9":"first","10":"instock","11":"sale","12":"purchasable","13":"product-type-variable"},"acf":[],"yoast_head":"<!-- This site is optimized with the Yoast SEO plugin v27.4 - https:\/\/yoast.com\/product\/yoast-seo-wordpress\/ -->\n<title>ResMed AirSense\u2122 11 AutoSet\u2122 renovado (mayor duraci\u00f3n de las horas)<\/title>\n<meta name=\"description\" content=\"Presentamos el nuevo ResMed AirSense\u2122 11, un dispositivo CPAP que ofrece una tecnolog\u00eda digital mejorada, dise\u00f1ada para que el inicio de la terapia, y el cumplimiento de la misma, sea m\u00e1s f\u00e1cil y c\u00f3modo.\" \/>\n<meta name=\"robots\" content=\"index, follow, max-snippet:-1, max-image-preview:large, max-video-preview:-1\" \/>\n<link rel=\"canonical\" href=\"https:\/\/shop.sleepquest.com\/es\/productos\/restaurado-resmed-airsense-11-autoset-copy\/\" \/>\n<meta property=\"og:locale\" content=\"es_ES\" \/>\n<meta property=\"og:type\" content=\"article\" \/>\n<meta property=\"og:title\" content=\"ResMed AirSense\u2122 11 AutoSet\u2122 renovado (mayor duraci\u00f3n de las horas)\" \/>\n<meta property=\"og:description\" content=\"Presentamos el nuevo ResMed AirSense\u2122 11, un dispositivo CPAP que ofrece una tecnolog\u00eda digital mejorada, dise\u00f1ada para que el inicio de la terapia, y el cumplimiento de la misma, sea m\u00e1s f\u00e1cil y c\u00f3modo.\" \/>\n<meta property=\"og:url\" content=\"https:\/\/shop.sleepquest.com\/es\/productos\/restaurado-resmed-airsense-11-autoset-copy\/\" \/>\n<meta property=\"og:site_name\" content=\"SleepQuest Online Store\" \/>\n<meta property=\"article:publisher\" content=\"https:\/\/www.facebook.com\/sleepquest\" \/>\n<meta property=\"article:modified_time\" content=\"2024-08-19T09:51:27+00:00\" \/>\n<meta property=\"og:image\" content=\"https:\/\/shop.sleepquest.com\/wp-content\/uploads\/2024\/05\/sleep-apnea-airsense-11-airsense-11-cpap-front-view.jpg\" \/>\n\t<meta property=\"og:image:width\" content=\"1024\" \/>\n\t<meta property=\"og:image:height\" content=\"740\" \/>\n\t<meta property=\"og:image:type\" content=\"image\/jpeg\" \/>\n<meta name=\"twitter:card\" content=\"summary_large_image\" \/>\n<meta name=\"twitter:site\" content=\"@sleepquest\" \/>\n<meta name=\"twitter:label1\" content=\"Tiempo de lectura\" \/>\n\t<meta name=\"twitter:data1\" content=\"2 minutos\" \/>\n<script type=\"application\/ld+json\" class=\"yoast-schema-graph\">{\"@context\":\"https:\\\/\\\/schema.org\",\"@graph\":[{\"@type\":\"WebPage\",\"@id\":\"https:\\\/\\\/shop.sleepquest.com\\\/es\\\/productos\\\/restaurado-resmed-airsense-11-autoset-copy\\\/\",\"url\":\"https:\\\/\\\/shop.sleepquest.com\\\/es\\\/productos\\\/restaurado-resmed-airsense-11-autoset-copy\\\/\",\"name\":\"ResMed AirSense\u2122 11 AutoSet\u2122 renovado (mayor duraci\u00f3n de las horas)\",\"isPartOf\":{\"@id\":\"https:\\\/\\\/shop.sleepquest.com\\\/es\\\/#website\"},\"primaryImageOfPage\":{\"@id\":\"https:\\\/\\\/shop.sleepquest.com\\\/es\\\/productos\\\/restaurado-resmed-airsense-11-autoset-copy\\\/#primaryimage\"},\"image\":{\"@id\":\"https:\\\/\\\/shop.sleepquest.com\\\/es\\\/productos\\\/restaurado-resmed-airsense-11-autoset-copy\\\/#primaryimage\"},\"thumbnailUrl\":\"https:\\\/\\\/shop.sleepquest.com\\\/wp-content\\\/uploads\\\/2024\\\/05\\\/sleep-apnea-airsense-11-airsense-11-cpap-front-view.jpg\",\"datePublished\":\"2024-08-08T16:48:21+00:00\",\"dateModified\":\"2024-08-19T09:51:27+00:00\",\"description\":\"Presentamos el nuevo ResMed AirSense\u2122 11, un dispositivo CPAP que ofrece una tecnolog\u00eda digital mejorada, dise\u00f1ada para que el inicio de la terapia, y el cumplimiento de la misma, sea m\u00e1s f\u00e1cil y c\u00f3modo.\",\"breadcrumb\":{\"@id\":\"https:\\\/\\\/shop.sleepquest.com\\\/es\\\/productos\\\/restaurado-resmed-airsense-11-autoset-copy\\\/#breadcrumb\"},\"inLanguage\":\"es\",\"potentialAction\":[{\"@type\":\"ReadAction\",\"target\":[\"https:\\\/\\\/shop.sleepquest.com\\\/es\\\/productos\\\/restaurado-resmed-airsense-11-autoset-copy\\\/\"]}]},{\"@type\":\"ImageObject\",\"inLanguage\":\"es\",\"@id\":\"https:\\\/\\\/shop.sleepquest.com\\\/es\\\/productos\\\/restaurado-resmed-airsense-11-autoset-copy\\\/#primaryimage\",\"url\":\"https:\\\/\\\/shop.sleepquest.com\\\/wp-content\\\/uploads\\\/2024\\\/05\\\/sleep-apnea-airsense-11-airsense-11-cpap-front-view.jpg\",\"contentUrl\":\"https:\\\/\\\/shop.sleepquest.com\\\/wp-content\\\/uploads\\\/2024\\\/05\\\/sleep-apnea-airsense-11-airsense-11-cpap-front-view.jpg\",\"width\":1024,\"height\":740},{\"@type\":\"BreadcrumbList\",\"@id\":\"https:\\\/\\\/shop.sleepquest.com\\\/es\\\/productos\\\/restaurado-resmed-airsense-11-autoset-copy\\\/#breadcrumb\",\"itemListElement\":[{\"@type\":\"ListItem\",\"position\":1,\"name\":\"Home\",\"item\":\"https:\\\/\\\/shop.sleepquest.com\\\/es\\\/\"},{\"@type\":\"ListItem\",\"position\":2,\"name\":\"Todas las colecciones\",\"item\":\"https:\\\/\\\/shop.sleepquest.com\\\/collections\\\/\"},{\"@type\":\"ListItem\",\"position\":3,\"name\":\"PAP reacondicionados\",\"item\":\"https:\\\/\\\/shop.sleepquest.com\\\/es\\\/colecciones\\\/pap-reacondicionados\\\/\"},{\"@type\":\"ListItem\",\"position\":4,\"name\":\"ResMed AirSense\u2122 11 AutoSet\u2122 renovado (mayor duraci\u00f3n de las horas)\"}]},{\"@type\":\"WebSite\",\"@id\":\"https:\\\/\\\/shop.sleepquest.com\\\/es\\\/#website\",\"url\":\"https:\\\/\\\/shop.sleepquest.com\\\/es\\\/\",\"name\":\"SleepQuest Online Store\",\"description\":\"\",\"publisher\":{\"@id\":\"https:\\\/\\\/shop.sleepquest.com\\\/es\\\/#organization\"},\"potentialAction\":[{\"@type\":\"SearchAction\",\"target\":{\"@type\":\"EntryPoint\",\"urlTemplate\":\"https:\\\/\\\/shop.sleepquest.com\\\/es\\\/?s={search_term_string}\"},\"query-input\":{\"@type\":\"PropertyValueSpecification\",\"valueRequired\":true,\"valueName\":\"search_term_string\"}}],\"inLanguage\":\"es\"},{\"@type\":\"Organization\",\"@id\":\"https:\\\/\\\/shop.sleepquest.com\\\/es\\\/#organization\",\"name\":\"SleepQuest\",\"alternateName\":\"SleepQuest Online Store\",\"url\":\"https:\\\/\\\/shop.sleepquest.com\\\/es\\\/\",\"logo\":{\"@type\":\"ImageObject\",\"inLanguage\":\"es\",\"@id\":\"https:\\\/\\\/shop.sleepquest.com\\\/es\\\/#\\\/schema\\\/logo\\\/image\\\/\",\"url\":\"https:\\\/\\\/shop.sleepquest.com\\\/wp-content\\\/uploads\\\/2024\\\/05\\\/fav.png\",\"contentUrl\":\"https:\\\/\\\/shop.sleepquest.com\\\/wp-content\\\/uploads\\\/2024\\\/05\\\/fav.png\",\"width\":512,\"height\":512,\"caption\":\"SleepQuest\"},\"image\":{\"@id\":\"https:\\\/\\\/shop.sleepquest.com\\\/es\\\/#\\\/schema\\\/logo\\\/image\\\/\"},\"sameAs\":[\"https:\\\/\\\/www.facebook.com\\\/sleepquest\",\"https:\\\/\\\/x.com\\\/sleepquest\"]}]}<\/script>\n<!-- \/ Yoast SEO plugin. -->","yoast_head_json":{"title":"ResMed AirSense\u2122 11 AutoSet\u2122 renovado (mayor duraci\u00f3n de las horas)","description":"Presentamos el nuevo ResMed AirSense\u2122 11, un dispositivo CPAP que ofrece una tecnolog\u00eda digital mejorada, dise\u00f1ada para que el inicio de la terapia, y el cumplimiento de la misma, sea m\u00e1s f\u00e1cil y c\u00f3modo.","robots":{"index":"index","follow":"follow","max-snippet":"max-snippet:-1","max-image-preview":"max-image-preview:large","max-video-preview":"max-video-preview:-1"},"canonical":"https:\/\/shop.sleepquest.com\/es\/productos\/restaurado-resmed-airsense-11-autoset-copy\/","og_locale":"es_ES","og_type":"article","og_title":"ResMed AirSense\u2122 11 AutoSet\u2122 renovado (mayor duraci\u00f3n de las horas)","og_description":"Presentamos el nuevo ResMed AirSense\u2122 11, un dispositivo CPAP que ofrece una tecnolog\u00eda digital mejorada, dise\u00f1ada para que el inicio de la terapia, y el cumplimiento de la misma, sea m\u00e1s f\u00e1cil y c\u00f3modo.","og_url":"https:\/\/shop.sleepquest.com\/es\/productos\/restaurado-resmed-airsense-11-autoset-copy\/","og_site_name":"SleepQuest Online Store","article_publisher":"https:\/\/www.facebook.com\/sleepquest","article_modified_time":"2024-08-19T09:51:27+00:00","og_image":[{"width":1024,"height":740,"url":"https:\/\/shop.sleepquest.com\/wp-content\/uploads\/2024\/05\/sleep-apnea-airsense-11-airsense-11-cpap-front-view.jpg","type":"image\/jpeg"}],"twitter_card":"summary_large_image","twitter_site":"@sleepquest","twitter_misc":{"Tiempo de lectura":"2 minutos"},"schema":{"@context":"https:\/\/schema.org","@graph":[{"@type":"WebPage","@id":"https:\/\/shop.sleepquest.com\/es\/productos\/restaurado-resmed-airsense-11-autoset-copy\/","url":"https:\/\/shop.sleepquest.com\/es\/productos\/restaurado-resmed-airsense-11-autoset-copy\/","name":"ResMed AirSense\u2122 11 AutoSet\u2122 renovado (mayor duraci\u00f3n de las horas)","isPartOf":{"@id":"https:\/\/shop.sleepquest.com\/es\/#website"},"primaryImageOfPage":{"@id":"https:\/\/shop.sleepquest.com\/es\/productos\/restaurado-resmed-airsense-11-autoset-copy\/#primaryimage"},"image":{"@id":"https:\/\/shop.sleepquest.com\/es\/productos\/restaurado-resmed-airsense-11-autoset-copy\/#primaryimage"},"thumbnailUrl":"https:\/\/shop.sleepquest.com\/wp-content\/uploads\/2024\/05\/sleep-apnea-airsense-11-airsense-11-cpap-front-view.jpg","datePublished":"2024-08-08T16:48:21+00:00","dateModified":"2024-08-19T09:51:27+00:00","description":"Presentamos el nuevo ResMed AirSense\u2122 11, un dispositivo CPAP que ofrece una tecnolog\u00eda digital mejorada, dise\u00f1ada para que el inicio de la terapia, y el cumplimiento de la misma, sea m\u00e1s f\u00e1cil y c\u00f3modo.","breadcrumb":{"@id":"https:\/\/shop.sleepquest.com\/es\/productos\/restaurado-resmed-airsense-11-autoset-copy\/#breadcrumb"},"inLanguage":"es","potentialAction":[{"@type":"ReadAction","target":["https:\/\/shop.sleepquest.com\/es\/productos\/restaurado-resmed-airsense-11-autoset-copy\/"]}]},{"@type":"ImageObject","inLanguage":"es","@id":"https:\/\/shop.sleepquest.com\/es\/productos\/restaurado-resmed-airsense-11-autoset-copy\/#primaryimage","url":"https:\/\/shop.sleepquest.com\/wp-content\/uploads\/2024\/05\/sleep-apnea-airsense-11-airsense-11-cpap-front-view.jpg","contentUrl":"https:\/\/shop.sleepquest.com\/wp-content\/uploads\/2024\/05\/sleep-apnea-airsense-11-airsense-11-cpap-front-view.jpg","width":1024,"height":740},{"@type":"BreadcrumbList","@id":"https:\/\/shop.sleepquest.com\/es\/productos\/restaurado-resmed-airsense-11-autoset-copy\/#breadcrumb","itemListElement":[{"@type":"ListItem","position":1,"name":"Home","item":"https:\/\/shop.sleepquest.com\/es\/"},{"@type":"ListItem","position":2,"name":"Todas las colecciones","item":"https:\/\/shop.sleepquest.com\/collections\/"},{"@type":"ListItem","position":3,"name":"PAP reacondicionados","item":"https:\/\/shop.sleepquest.com\/es\/colecciones\/pap-reacondicionados\/"},{"@type":"ListItem","position":4,"name":"ResMed AirSense\u2122 11 AutoSet\u2122 renovado (mayor duraci\u00f3n de las horas)"}]},{"@type":"WebSite","@id":"https:\/\/shop.sleepquest.com\/es\/#website","url":"https:\/\/shop.sleepquest.com\/es\/","name":"SleepQuest Online Store","description":"","publisher":{"@id":"https:\/\/shop.sleepquest.com\/es\/#organization"},"potentialAction":[{"@type":"SearchAction","target":{"@type":"EntryPoint","urlTemplate":"https:\/\/shop.sleepquest.com\/es\/?s={search_term_string}"},"query-input":{"@type":"PropertyValueSpecification","valueRequired":true,"valueName":"search_term_string"}}],"inLanguage":"es"},{"@type":"Organization","@id":"https:\/\/shop.sleepquest.com\/es\/#organization","name":"SleepQuest","alternateName":"SleepQuest Online Store","url":"https:\/\/shop.sleepquest.com\/es\/","logo":{"@type":"ImageObject","inLanguage":"es","@id":"https:\/\/shop.sleepquest.com\/es\/#\/schema\/logo\/image\/","url":"https:\/\/shop.sleepquest.com\/wp-content\/uploads\/2024\/05\/fav.png","contentUrl":"https:\/\/shop.sleepquest.com\/wp-content\/uploads\/2024\/05\/fav.png","width":512,"height":512,"caption":"SleepQuest"},"image":{"@id":"https:\/\/shop.sleepquest.com\/es\/#\/schema\/logo\/image\/"},"sameAs":["https:\/\/www.facebook.com\/sleepquest","https:\/\/x.com\/sleepquest"]}]}},"_links":{"self":[{"href":"https:\/\/shop.sleepquest.com\/es\/wp-json\/wp\/v2\/product\/2790","targetHints":{"allow":["GET"]}}],"collection":[{"href":"https:\/\/shop.sleepquest.com\/es\/wp-json\/wp\/v2\/product"}],"about":[{"href":"https:\/\/shop.sleepquest.com\/es\/wp-json\/wp\/v2\/types\/product"}],"replies":[{"embeddable":true,"href":"https:\/\/shop.sleepquest.com\/es\/wp-json\/wp\/v2\/comments?post=2790"}],"wp:featuredmedia":[{"embeddable":true,"href":"https:\/\/shop.sleepquest.com\/es\/wp-json\/wp\/v2\/media\/1780"}],"wp:attachment":[{"href":"https:\/\/shop.sleepquest.com\/es\/wp-json\/wp\/v2\/media?parent=2790"}],"wp:term":[{"taxonomy":"product_brand","embeddable":true,"href":"https:\/\/shop.sleepquest.com\/es\/wp-json\/wp\/v2\/product_brand?post=2790"},{"taxonomy":"product_cat","embeddable":true,"href":"https:\/\/shop.sleepquest.com\/es\/wp-json\/wp\/v2\/product_cat?post=2790"},{"taxonomy":"product_tag","embeddable":true,"href":"https:\/\/shop.sleepquest.com\/es\/wp-json\/wp\/v2\/product_tag?post=2790"}],"curies":[{"name":"wp","href":"https:\/\/api.w.org\/{rel}","templated":true}]}}