{"id":2786,"date":"2024-08-10T09:41:53","date_gmt":"2024-08-10T16:41:53","guid":{"rendered":"https:\/\/shop.sleepquest.com\/?post_type=product&#038;p=2786"},"modified":"2024-08-19T09:43:55","modified_gmt":"2024-08-19T09:43:55","slug":"restaurado-resmed-airsense-10-autoset-copy","status":"publish","type":"product","link":"https:\/\/shop.sleepquest.com\/es\/productos\/restaurado-resmed-airsense-10-autoset-copy\/","title":{"rendered":"Restaurado ResMed AirSense \u2122 10 AutoSet \u2122 (Copy)"},"content":{"rendered":"<p>The Refurbished AirSense 10 AutoSet is a premium auto-adjusting device for treating sleep apnea. It automatically adjusts pressure levels to fit your changing needs to ensure you\u2019re receiving the lowest pressure necessary. It features an integrated humidifier and built in wireless communications, helping you to stay comfortable and more connected to your sleep apnea care team than ever before.<\/p>\n<p><strong>El precio incluye:<\/strong><\/p>\n<ul>\n<li>Dispositivo<\/li>\n<li>1 filter<\/li>\n<li>Humidifier chamber<\/li>\n<li>Tubos<\/li>\n<li>Power Cord<\/li>\n<li>Estuche para transportar<\/li>\n<\/ul>\n<p><strong>6 Month In-House Warranty &#8211;\u00a0<\/strong>Includes remaining ResMed factory warranty, plus SleepQuest replacement for up to 6 months from purchase. Does not cover damages resulting from customer fault, including but not limited to water damage from improper use of humidifier and damage from dropping device.<\/p>\n","protected":false},"excerpt":{"rendered":"<p>The Refurbished AirSense 10 AutoSet is a premium auto-adjusting device for treating sleep apnea. It automatically adjusts pressure levels to<\/p>\n","protected":false},"featured_media":1774,"comment_status":"closed","ping_status":"closed","template":"","meta":{"_acf_changed":false},"product_brand":[],"product_cat":[257],"product_tag":[],"class_list":{"0":"post-2786","1":"product","2":"type-product","3":"status-publish","4":"has-post-thumbnail","6":"product_cat-pap-reacondicionados","7":"product_shipping_class-pesado","9":"first","10":"outofstock","11":"sale","12":"purchasable","13":"product-type-variable"},"acf":[],"yoast_head":"<!-- This site is optimized with the Yoast SEO plugin v27.4 - https:\/\/yoast.com\/product\/yoast-seo-wordpress\/ -->\n<title>Restaurado ResMed AirSense \u2122 10 AutoSet \u2122<\/title>\n<meta name=\"description\" content=\"El AirSense 10 AutoSet es un dispositivo autoajustable de primera calidad para tratar la apnea del sue\u00f1o. Ajusta autom\u00e1ticamente los niveles de presi\u00f3n a la medida de sus diferentes necesidades para asegurar que est\u00e9 recibiendo la presi\u00f3n m\u00e1s baja que sea precisa.\" \/>\n<meta name=\"robots\" content=\"index, follow, max-snippet:-1, max-image-preview:large, max-video-preview:-1\" \/>\n<link rel=\"canonical\" href=\"https:\/\/shop.sleepquest.com\/es\/productos\/restaurado-resmed-airsense-10-autoset-copy\/\" \/>\n<meta property=\"og:locale\" content=\"es_ES\" \/>\n<meta property=\"og:type\" content=\"article\" \/>\n<meta property=\"og:title\" content=\"Restaurado ResMed AirSense \u2122 10 AutoSet \u2122\" \/>\n<meta property=\"og:description\" content=\"El AirSense 10 AutoSet es un dispositivo autoajustable de primera calidad para tratar la apnea del sue\u00f1o. Ajusta autom\u00e1ticamente los niveles de presi\u00f3n a la medida de sus diferentes necesidades para asegurar que est\u00e9 recibiendo la presi\u00f3n m\u00e1s baja que sea precisa.\" \/>\n<meta property=\"og:url\" content=\"https:\/\/shop.sleepquest.com\/es\/productos\/restaurado-resmed-airsense-10-autoset-copy\/\" \/>\n<meta property=\"og:site_name\" content=\"SleepQuest Online Store\" \/>\n<meta property=\"article:publisher\" content=\"https:\/\/www.facebook.com\/sleepquest\" \/>\n<meta property=\"article:modified_time\" content=\"2024-08-19T09:43:55+00:00\" \/>\n<meta property=\"og:image\" content=\"https:\/\/shop.sleepquest.com\/wp-content\/uploads\/2024\/05\/AutoPAP-ResMed-AirSense-101.jpg\" \/>\n\t<meta property=\"og:image:width\" content=\"800\" \/>\n\t<meta property=\"og:image:height\" content=\"800\" \/>\n\t<meta property=\"og:image:type\" content=\"image\/jpeg\" \/>\n<meta name=\"twitter:card\" content=\"summary_large_image\" \/>\n<meta name=\"twitter:site\" content=\"@sleepquest\" \/>\n<meta name=\"twitter:label1\" content=\"Tiempo de lectura\" \/>\n\t<meta name=\"twitter:data1\" content=\"1 minuto\" \/>\n<script type=\"application\/ld+json\" class=\"yoast-schema-graph\">{\"@context\":\"https:\\\/\\\/schema.org\",\"@graph\":[{\"@type\":\"WebPage\",\"@id\":\"https:\\\/\\\/shop.sleepquest.com\\\/es\\\/productos\\\/restaurado-resmed-airsense-10-autoset-copy\\\/\",\"url\":\"https:\\\/\\\/shop.sleepquest.com\\\/es\\\/productos\\\/restaurado-resmed-airsense-10-autoset-copy\\\/\",\"name\":\"Restaurado ResMed AirSense \u2122 10 AutoSet \u2122\",\"isPartOf\":{\"@id\":\"https:\\\/\\\/shop.sleepquest.com\\\/es\\\/#website\"},\"primaryImageOfPage\":{\"@id\":\"https:\\\/\\\/shop.sleepquest.com\\\/es\\\/productos\\\/restaurado-resmed-airsense-10-autoset-copy\\\/#primaryimage\"},\"image\":{\"@id\":\"https:\\\/\\\/shop.sleepquest.com\\\/es\\\/productos\\\/restaurado-resmed-airsense-10-autoset-copy\\\/#primaryimage\"},\"thumbnailUrl\":\"https:\\\/\\\/shop.sleepquest.com\\\/wp-content\\\/uploads\\\/2024\\\/05\\\/AutoPAP-ResMed-AirSense-101.jpg\",\"datePublished\":\"2024-08-10T16:41:53+00:00\",\"dateModified\":\"2024-08-19T09:43:55+00:00\",\"description\":\"El AirSense 10 AutoSet es un dispositivo autoajustable de primera calidad para tratar la apnea del sue\u00f1o. Ajusta autom\u00e1ticamente los niveles de presi\u00f3n a la medida de sus diferentes necesidades para asegurar que est\u00e9 recibiendo la presi\u00f3n m\u00e1s baja que sea precisa.\",\"breadcrumb\":{\"@id\":\"https:\\\/\\\/shop.sleepquest.com\\\/es\\\/productos\\\/restaurado-resmed-airsense-10-autoset-copy\\\/#breadcrumb\"},\"inLanguage\":\"es\",\"potentialAction\":[{\"@type\":\"ReadAction\",\"target\":[\"https:\\\/\\\/shop.sleepquest.com\\\/es\\\/productos\\\/restaurado-resmed-airsense-10-autoset-copy\\\/\"]}]},{\"@type\":\"ImageObject\",\"inLanguage\":\"es\",\"@id\":\"https:\\\/\\\/shop.sleepquest.com\\\/es\\\/productos\\\/restaurado-resmed-airsense-10-autoset-copy\\\/#primaryimage\",\"url\":\"https:\\\/\\\/shop.sleepquest.com\\\/wp-content\\\/uploads\\\/2024\\\/05\\\/AutoPAP-ResMed-AirSense-101.jpg\",\"contentUrl\":\"https:\\\/\\\/shop.sleepquest.com\\\/wp-content\\\/uploads\\\/2024\\\/05\\\/AutoPAP-ResMed-AirSense-101.jpg\",\"width\":800,\"height\":800},{\"@type\":\"BreadcrumbList\",\"@id\":\"https:\\\/\\\/shop.sleepquest.com\\\/es\\\/productos\\\/restaurado-resmed-airsense-10-autoset-copy\\\/#breadcrumb\",\"itemListElement\":[{\"@type\":\"ListItem\",\"position\":1,\"name\":\"Home\",\"item\":\"https:\\\/\\\/shop.sleepquest.com\\\/es\\\/\"},{\"@type\":\"ListItem\",\"position\":2,\"name\":\"Todas las colecciones\",\"item\":\"https:\\\/\\\/shop.sleepquest.com\\\/collections\\\/\"},{\"@type\":\"ListItem\",\"position\":3,\"name\":\"PAP reacondicionados\",\"item\":\"https:\\\/\\\/shop.sleepquest.com\\\/es\\\/colecciones\\\/pap-reacondicionados\\\/\"},{\"@type\":\"ListItem\",\"position\":4,\"name\":\"Restaurado ResMed AirSense \u2122 10 AutoSet \u2122 (Copy)\"}]},{\"@type\":\"WebSite\",\"@id\":\"https:\\\/\\\/shop.sleepquest.com\\\/es\\\/#website\",\"url\":\"https:\\\/\\\/shop.sleepquest.com\\\/es\\\/\",\"name\":\"SleepQuest Online Store\",\"description\":\"\",\"publisher\":{\"@id\":\"https:\\\/\\\/shop.sleepquest.com\\\/es\\\/#organization\"},\"potentialAction\":[{\"@type\":\"SearchAction\",\"target\":{\"@type\":\"EntryPoint\",\"urlTemplate\":\"https:\\\/\\\/shop.sleepquest.com\\\/es\\\/?s={search_term_string}\"},\"query-input\":{\"@type\":\"PropertyValueSpecification\",\"valueRequired\":true,\"valueName\":\"search_term_string\"}}],\"inLanguage\":\"es\"},{\"@type\":\"Organization\",\"@id\":\"https:\\\/\\\/shop.sleepquest.com\\\/es\\\/#organization\",\"name\":\"SleepQuest\",\"alternateName\":\"SleepQuest Online Store\",\"url\":\"https:\\\/\\\/shop.sleepquest.com\\\/es\\\/\",\"logo\":{\"@type\":\"ImageObject\",\"inLanguage\":\"es\",\"@id\":\"https:\\\/\\\/shop.sleepquest.com\\\/es\\\/#\\\/schema\\\/logo\\\/image\\\/\",\"url\":\"https:\\\/\\\/shop.sleepquest.com\\\/wp-content\\\/uploads\\\/2024\\\/05\\\/fav.png\",\"contentUrl\":\"https:\\\/\\\/shop.sleepquest.com\\\/wp-content\\\/uploads\\\/2024\\\/05\\\/fav.png\",\"width\":512,\"height\":512,\"caption\":\"SleepQuest\"},\"image\":{\"@id\":\"https:\\\/\\\/shop.sleepquest.com\\\/es\\\/#\\\/schema\\\/logo\\\/image\\\/\"},\"sameAs\":[\"https:\\\/\\\/www.facebook.com\\\/sleepquest\",\"https:\\\/\\\/x.com\\\/sleepquest\"]}]}<\/script>\n<!-- \/ Yoast SEO plugin. -->","yoast_head_json":{"title":"Restaurado ResMed AirSense \u2122 10 AutoSet \u2122","description":"El AirSense 10 AutoSet es un dispositivo autoajustable de primera calidad para tratar la apnea del sue\u00f1o. Ajusta autom\u00e1ticamente los niveles de presi\u00f3n a la medida de sus diferentes necesidades para asegurar que est\u00e9 recibiendo la presi\u00f3n m\u00e1s baja que sea precisa.","robots":{"index":"index","follow":"follow","max-snippet":"max-snippet:-1","max-image-preview":"max-image-preview:large","max-video-preview":"max-video-preview:-1"},"canonical":"https:\/\/shop.sleepquest.com\/es\/productos\/restaurado-resmed-airsense-10-autoset-copy\/","og_locale":"es_ES","og_type":"article","og_title":"Restaurado ResMed AirSense \u2122 10 AutoSet \u2122","og_description":"El AirSense 10 AutoSet es un dispositivo autoajustable de primera calidad para tratar la apnea del sue\u00f1o. Ajusta autom\u00e1ticamente los niveles de presi\u00f3n a la medida de sus diferentes necesidades para asegurar que est\u00e9 recibiendo la presi\u00f3n m\u00e1s baja que sea precisa.","og_url":"https:\/\/shop.sleepquest.com\/es\/productos\/restaurado-resmed-airsense-10-autoset-copy\/","og_site_name":"SleepQuest Online Store","article_publisher":"https:\/\/www.facebook.com\/sleepquest","article_modified_time":"2024-08-19T09:43:55+00:00","og_image":[{"width":800,"height":800,"url":"https:\/\/shop.sleepquest.com\/wp-content\/uploads\/2024\/05\/AutoPAP-ResMed-AirSense-101.jpg","type":"image\/jpeg"}],"twitter_card":"summary_large_image","twitter_site":"@sleepquest","twitter_misc":{"Tiempo de lectura":"1 minuto"},"schema":{"@context":"https:\/\/schema.org","@graph":[{"@type":"WebPage","@id":"https:\/\/shop.sleepquest.com\/es\/productos\/restaurado-resmed-airsense-10-autoset-copy\/","url":"https:\/\/shop.sleepquest.com\/es\/productos\/restaurado-resmed-airsense-10-autoset-copy\/","name":"Restaurado ResMed AirSense \u2122 10 AutoSet \u2122","isPartOf":{"@id":"https:\/\/shop.sleepquest.com\/es\/#website"},"primaryImageOfPage":{"@id":"https:\/\/shop.sleepquest.com\/es\/productos\/restaurado-resmed-airsense-10-autoset-copy\/#primaryimage"},"image":{"@id":"https:\/\/shop.sleepquest.com\/es\/productos\/restaurado-resmed-airsense-10-autoset-copy\/#primaryimage"},"thumbnailUrl":"https:\/\/shop.sleepquest.com\/wp-content\/uploads\/2024\/05\/AutoPAP-ResMed-AirSense-101.jpg","datePublished":"2024-08-10T16:41:53+00:00","dateModified":"2024-08-19T09:43:55+00:00","description":"El AirSense 10 AutoSet es un dispositivo autoajustable de primera calidad para tratar la apnea del sue\u00f1o. Ajusta autom\u00e1ticamente los niveles de presi\u00f3n a la medida de sus diferentes necesidades para asegurar que est\u00e9 recibiendo la presi\u00f3n m\u00e1s baja que sea precisa.","breadcrumb":{"@id":"https:\/\/shop.sleepquest.com\/es\/productos\/restaurado-resmed-airsense-10-autoset-copy\/#breadcrumb"},"inLanguage":"es","potentialAction":[{"@type":"ReadAction","target":["https:\/\/shop.sleepquest.com\/es\/productos\/restaurado-resmed-airsense-10-autoset-copy\/"]}]},{"@type":"ImageObject","inLanguage":"es","@id":"https:\/\/shop.sleepquest.com\/es\/productos\/restaurado-resmed-airsense-10-autoset-copy\/#primaryimage","url":"https:\/\/shop.sleepquest.com\/wp-content\/uploads\/2024\/05\/AutoPAP-ResMed-AirSense-101.jpg","contentUrl":"https:\/\/shop.sleepquest.com\/wp-content\/uploads\/2024\/05\/AutoPAP-ResMed-AirSense-101.jpg","width":800,"height":800},{"@type":"BreadcrumbList","@id":"https:\/\/shop.sleepquest.com\/es\/productos\/restaurado-resmed-airsense-10-autoset-copy\/#breadcrumb","itemListElement":[{"@type":"ListItem","position":1,"name":"Home","item":"https:\/\/shop.sleepquest.com\/es\/"},{"@type":"ListItem","position":2,"name":"Todas las colecciones","item":"https:\/\/shop.sleepquest.com\/collections\/"},{"@type":"ListItem","position":3,"name":"PAP reacondicionados","item":"https:\/\/shop.sleepquest.com\/es\/colecciones\/pap-reacondicionados\/"},{"@type":"ListItem","position":4,"name":"Restaurado ResMed AirSense \u2122 10 AutoSet \u2122 (Copy)"}]},{"@type":"WebSite","@id":"https:\/\/shop.sleepquest.com\/es\/#website","url":"https:\/\/shop.sleepquest.com\/es\/","name":"SleepQuest Online Store","description":"","publisher":{"@id":"https:\/\/shop.sleepquest.com\/es\/#organization"},"potentialAction":[{"@type":"SearchAction","target":{"@type":"EntryPoint","urlTemplate":"https:\/\/shop.sleepquest.com\/es\/?s={search_term_string}"},"query-input":{"@type":"PropertyValueSpecification","valueRequired":true,"valueName":"search_term_string"}}],"inLanguage":"es"},{"@type":"Organization","@id":"https:\/\/shop.sleepquest.com\/es\/#organization","name":"SleepQuest","alternateName":"SleepQuest Online Store","url":"https:\/\/shop.sleepquest.com\/es\/","logo":{"@type":"ImageObject","inLanguage":"es","@id":"https:\/\/shop.sleepquest.com\/es\/#\/schema\/logo\/image\/","url":"https:\/\/shop.sleepquest.com\/wp-content\/uploads\/2024\/05\/fav.png","contentUrl":"https:\/\/shop.sleepquest.com\/wp-content\/uploads\/2024\/05\/fav.png","width":512,"height":512,"caption":"SleepQuest"},"image":{"@id":"https:\/\/shop.sleepquest.com\/es\/#\/schema\/logo\/image\/"},"sameAs":["https:\/\/www.facebook.com\/sleepquest","https:\/\/x.com\/sleepquest"]}]}},"_links":{"self":[{"href":"https:\/\/shop.sleepquest.com\/es\/wp-json\/wp\/v2\/product\/2786","targetHints":{"allow":["GET"]}}],"collection":[{"href":"https:\/\/shop.sleepquest.com\/es\/wp-json\/wp\/v2\/product"}],"about":[{"href":"https:\/\/shop.sleepquest.com\/es\/wp-json\/wp\/v2\/types\/product"}],"replies":[{"embeddable":true,"href":"https:\/\/shop.sleepquest.com\/es\/wp-json\/wp\/v2\/comments?post=2786"}],"wp:featuredmedia":[{"embeddable":true,"href":"https:\/\/shop.sleepquest.com\/es\/wp-json\/wp\/v2\/media\/1774"}],"wp:attachment":[{"href":"https:\/\/shop.sleepquest.com\/es\/wp-json\/wp\/v2\/media?parent=2786"}],"wp:term":[{"taxonomy":"product_brand","embeddable":true,"href":"https:\/\/shop.sleepquest.com\/es\/wp-json\/wp\/v2\/product_brand?post=2786"},{"taxonomy":"product_cat","embeddable":true,"href":"https:\/\/shop.sleepquest.com\/es\/wp-json\/wp\/v2\/product_cat?post=2786"},{"taxonomy":"product_tag","embeddable":true,"href":"https:\/\/shop.sleepquest.com\/es\/wp-json\/wp\/v2\/product_tag?post=2786"}],"curies":[{"name":"wp","href":"https:\/\/api.w.org\/{rel}","templated":true}]}}