{"id":2780,"date":"2024-08-05T09:34:41","date_gmt":"2024-08-05T09:34:41","guid":{"rendered":"https:\/\/shop.sleepquest.com\/?post_type=product&#038;p=2780"},"modified":"2024-08-19T09:37:10","modified_gmt":"2024-08-19T09:37:10","slug":"aircurve-10-vauto-de-resmed-renovado-mayor-duracion-de-las-horas-copy","status":"publish","type":"product","link":"https:\/\/shop.sleepquest.com\/es\/productos\/aircurve-10-vauto-de-resmed-renovado-mayor-duracion-de-las-horas-copy\/","title":{"rendered":"AirCurve\u2122 10 VAuto de ResMed renovado con HumidAir\u2122 (de tarjeta a nube)"},"content":{"rendered":"<p>El AirCurve 10 VAuto\u00a0Card-to-Cloud\u00a0es un dispositivo binivel de ajuste autom\u00e1tico que utiliza la comodidad tanto del algoritmo AutoSet\u2122 como de la forma de onda Easy-Breathe en su algoritmo VAuto para tratar a pacientes con apnea obstructiva del sue\u00f1o que pueden beneficiarse de un mayor soporte de presi\u00f3n.<\/p>\n<p>El AirCurve 10 VAuto ajusta la presi\u00f3n de l\u00ednea de base para mantener abiertas las v\u00edas respiratorias al tiempo que mantiene una asistencia de presi\u00f3n fija.<\/p>\n<p>La nueva m\u00e1quina\u00a0AirCurve 10 VAuto\u00a0Card-to-Cloud incluye una tarjeta SD para ayudarte a realizar un seguimiento exhaustivo de los datos sobre tu terapia de apnea del sue\u00f1o. Con la nueva tarjeta SD, dispondr\u00e1 de los datos de su apnea del sue\u00f1o, lo que le permitir\u00e1 recibir apoyo terap\u00e9utico de su m\u00e9dico y recopilar informes de cumplimiento.\u00a0<em>*Nota: El dispositivo AirSense 10 Card-to-Cloud no es compatible con ResMed MyAir App.<\/em><\/p>\n<p><strong>El precio incluye:<\/strong><\/p>\n<ul>\n<li>Dispositivo<\/li>\n<li>1 filter<\/li>\n<li>Humidifier chamber<\/li>\n<li>Tubos<\/li>\n<li>Power Cord<\/li>\n<li>Estuche para transportar<\/li>\n<\/ul>\n<p><strong>6 Month In-House Warranty &#8211;\u00a0<\/strong>Includes remaining ResMed factory warranty, plus SleepQuest replacement for up to 6 months from purchase. Does not cover damages resulting from customer fault, including but not limited to water damage from improper use of humidifier and damage from dropping device.<\/p>\n<p>This machine has 4 months or less worth of usage at approximately 8 hours a night.<\/p>\n","protected":false},"excerpt":{"rendered":"<p>El AirCurve 10 VAuto\u00a0Card-to-Cloud\u00a0es un dispositivo binivel de ajuste autom\u00e1tico que utiliza la comodidad tanto del algoritmo AutoSet\u2122 como de<\/p>\n","protected":false},"featured_media":2782,"comment_status":"closed","ping_status":"closed","template":"","meta":{"_acf_changed":false},"product_brand":[],"product_cat":[257],"product_tag":[],"class_list":{"0":"post-2780","1":"product","2":"type-product","3":"status-publish","4":"has-post-thumbnail","6":"product_cat-pap-reacondicionados","7":"product_shipping_class-pesado","9":"first","10":"instock","11":"sale","12":"purchasable","13":"product-type-simple"},"acf":[],"yoast_head":"<!-- This site is optimized with the Yoast SEO plugin v27.4 - https:\/\/yoast.com\/product\/yoast-seo-wordpress\/ -->\n<title>AirCurve\u2122 10 VAuto de ResMed renovado con HumidAir\u2122 (de tarjeta a nube) - SleepQuest Online Store<\/title>\n<meta name=\"description\" content=\"El AirCurve 10 VAuto Card-to-Cloud es un dispositivo binivel de ajuste autom\u00e1tico que utiliza la comodidad tanto del algoritmo AutoSet\u2122 como de la forma de onda Easy-Breathe en su algoritmo VAuto para tratar a pacientes con apnea obstructiva del sue\u00f1o que pueden beneficiarse de un mayor soporte de presi\u00f3n.\" \/>\n<meta name=\"robots\" content=\"index, follow, max-snippet:-1, max-image-preview:large, max-video-preview:-1\" \/>\n<link rel=\"canonical\" href=\"https:\/\/shop.sleepquest.com\/es\/productos\/aircurve-10-vauto-de-resmed-renovado-mayor-duracion-de-las-horas-copy\/\" \/>\n<meta property=\"og:locale\" content=\"es_ES\" \/>\n<meta property=\"og:type\" content=\"article\" \/>\n<meta property=\"og:title\" content=\"AirCurve\u2122 10 VAuto de ResMed renovado con HumidAir\u2122 (de tarjeta a nube) - SleepQuest Online Store\" \/>\n<meta property=\"og:description\" content=\"El AirCurve 10 VAuto Card-to-Cloud es un dispositivo binivel de ajuste autom\u00e1tico que utiliza la comodidad tanto del algoritmo AutoSet\u2122 como de la forma de onda Easy-Breathe en su algoritmo VAuto para tratar a pacientes con apnea obstructiva del sue\u00f1o que pueden beneficiarse de un mayor soporte de presi\u00f3n.\" \/>\n<meta property=\"og:url\" content=\"https:\/\/shop.sleepquest.com\/es\/productos\/aircurve-10-vauto-de-resmed-renovado-mayor-duracion-de-las-horas-copy\/\" \/>\n<meta property=\"og:site_name\" content=\"SleepQuest Online Store\" \/>\n<meta property=\"article:publisher\" content=\"https:\/\/www.facebook.com\/sleepquest\" \/>\n<meta property=\"article:modified_time\" content=\"2024-08-19T09:37:10+00:00\" \/>\n<meta property=\"og:image\" content=\"https:\/\/shop.sleepquest.com\/wp-content\/uploads\/2024\/08\/OIP_6b61aa6e-394e-48cd-8c18-0147ecd81c00.jpg\" \/>\n\t<meta property=\"og:image:width\" content=\"474\" \/>\n\t<meta property=\"og:image:height\" content=\"592\" \/>\n\t<meta property=\"og:image:type\" content=\"image\/jpeg\" \/>\n<meta name=\"twitter:card\" content=\"summary_large_image\" \/>\n<meta name=\"twitter:site\" content=\"@sleepquest\" \/>\n<meta name=\"twitter:label1\" content=\"Tiempo de lectura\" \/>\n\t<meta name=\"twitter:data1\" content=\"1 minuto\" \/>\n<script type=\"application\/ld+json\" class=\"yoast-schema-graph\">{\"@context\":\"https:\\\/\\\/schema.org\",\"@graph\":[{\"@type\":\"WebPage\",\"@id\":\"https:\\\/\\\/shop.sleepquest.com\\\/es\\\/productos\\\/aircurve-10-vauto-de-resmed-renovado-mayor-duracion-de-las-horas-copy\\\/\",\"url\":\"https:\\\/\\\/shop.sleepquest.com\\\/es\\\/productos\\\/aircurve-10-vauto-de-resmed-renovado-mayor-duracion-de-las-horas-copy\\\/\",\"name\":\"AirCurve\u2122 10 VAuto de ResMed renovado con HumidAir\u2122 (de tarjeta a nube) - SleepQuest Online Store\",\"isPartOf\":{\"@id\":\"https:\\\/\\\/shop.sleepquest.com\\\/es\\\/#website\"},\"primaryImageOfPage\":{\"@id\":\"https:\\\/\\\/shop.sleepquest.com\\\/es\\\/productos\\\/aircurve-10-vauto-de-resmed-renovado-mayor-duracion-de-las-horas-copy\\\/#primaryimage\"},\"image\":{\"@id\":\"https:\\\/\\\/shop.sleepquest.com\\\/es\\\/productos\\\/aircurve-10-vauto-de-resmed-renovado-mayor-duracion-de-las-horas-copy\\\/#primaryimage\"},\"thumbnailUrl\":\"https:\\\/\\\/shop.sleepquest.com\\\/wp-content\\\/uploads\\\/2024\\\/08\\\/OIP_6b61aa6e-394e-48cd-8c18-0147ecd81c00.jpg\",\"datePublished\":\"2024-08-05T09:34:41+00:00\",\"dateModified\":\"2024-08-19T09:37:10+00:00\",\"description\":\"El AirCurve 10 VAuto Card-to-Cloud es un dispositivo binivel de ajuste autom\u00e1tico que utiliza la comodidad tanto del algoritmo AutoSet\u2122 como de la forma de onda Easy-Breathe en su algoritmo VAuto para tratar a pacientes con apnea obstructiva del sue\u00f1o que pueden beneficiarse de un mayor soporte de presi\u00f3n.\",\"breadcrumb\":{\"@id\":\"https:\\\/\\\/shop.sleepquest.com\\\/es\\\/productos\\\/aircurve-10-vauto-de-resmed-renovado-mayor-duracion-de-las-horas-copy\\\/#breadcrumb\"},\"inLanguage\":\"es\",\"potentialAction\":[{\"@type\":\"ReadAction\",\"target\":[\"https:\\\/\\\/shop.sleepquest.com\\\/es\\\/productos\\\/aircurve-10-vauto-de-resmed-renovado-mayor-duracion-de-las-horas-copy\\\/\"]}]},{\"@type\":\"ImageObject\",\"inLanguage\":\"es\",\"@id\":\"https:\\\/\\\/shop.sleepquest.com\\\/es\\\/productos\\\/aircurve-10-vauto-de-resmed-renovado-mayor-duracion-de-las-horas-copy\\\/#primaryimage\",\"url\":\"https:\\\/\\\/shop.sleepquest.com\\\/wp-content\\\/uploads\\\/2024\\\/08\\\/OIP_6b61aa6e-394e-48cd-8c18-0147ecd81c00.jpg\",\"contentUrl\":\"https:\\\/\\\/shop.sleepquest.com\\\/wp-content\\\/uploads\\\/2024\\\/08\\\/OIP_6b61aa6e-394e-48cd-8c18-0147ecd81c00.jpg\",\"width\":474,\"height\":592},{\"@type\":\"BreadcrumbList\",\"@id\":\"https:\\\/\\\/shop.sleepquest.com\\\/es\\\/productos\\\/aircurve-10-vauto-de-resmed-renovado-mayor-duracion-de-las-horas-copy\\\/#breadcrumb\",\"itemListElement\":[{\"@type\":\"ListItem\",\"position\":1,\"name\":\"Home\",\"item\":\"https:\\\/\\\/shop.sleepquest.com\\\/es\\\/\"},{\"@type\":\"ListItem\",\"position\":2,\"name\":\"Todas las colecciones\",\"item\":\"https:\\\/\\\/shop.sleepquest.com\\\/collections\\\/\"},{\"@type\":\"ListItem\",\"position\":3,\"name\":\"PAP reacondicionados\",\"item\":\"https:\\\/\\\/shop.sleepquest.com\\\/es\\\/colecciones\\\/pap-reacondicionados\\\/\"},{\"@type\":\"ListItem\",\"position\":4,\"name\":\"AirCurve\u2122 10 VAuto de ResMed renovado con HumidAir\u2122 (de tarjeta a nube)\"}]},{\"@type\":\"WebSite\",\"@id\":\"https:\\\/\\\/shop.sleepquest.com\\\/es\\\/#website\",\"url\":\"https:\\\/\\\/shop.sleepquest.com\\\/es\\\/\",\"name\":\"SleepQuest Online Store\",\"description\":\"\",\"publisher\":{\"@id\":\"https:\\\/\\\/shop.sleepquest.com\\\/es\\\/#organization\"},\"potentialAction\":[{\"@type\":\"SearchAction\",\"target\":{\"@type\":\"EntryPoint\",\"urlTemplate\":\"https:\\\/\\\/shop.sleepquest.com\\\/es\\\/?s={search_term_string}\"},\"query-input\":{\"@type\":\"PropertyValueSpecification\",\"valueRequired\":true,\"valueName\":\"search_term_string\"}}],\"inLanguage\":\"es\"},{\"@type\":\"Organization\",\"@id\":\"https:\\\/\\\/shop.sleepquest.com\\\/es\\\/#organization\",\"name\":\"SleepQuest\",\"alternateName\":\"SleepQuest Online Store\",\"url\":\"https:\\\/\\\/shop.sleepquest.com\\\/es\\\/\",\"logo\":{\"@type\":\"ImageObject\",\"inLanguage\":\"es\",\"@id\":\"https:\\\/\\\/shop.sleepquest.com\\\/es\\\/#\\\/schema\\\/logo\\\/image\\\/\",\"url\":\"https:\\\/\\\/shop.sleepquest.com\\\/wp-content\\\/uploads\\\/2024\\\/05\\\/fav.png\",\"contentUrl\":\"https:\\\/\\\/shop.sleepquest.com\\\/wp-content\\\/uploads\\\/2024\\\/05\\\/fav.png\",\"width\":512,\"height\":512,\"caption\":\"SleepQuest\"},\"image\":{\"@id\":\"https:\\\/\\\/shop.sleepquest.com\\\/es\\\/#\\\/schema\\\/logo\\\/image\\\/\"},\"sameAs\":[\"https:\\\/\\\/www.facebook.com\\\/sleepquest\",\"https:\\\/\\\/x.com\\\/sleepquest\"]}]}<\/script>\n<!-- \/ Yoast SEO plugin. -->","yoast_head_json":{"title":"AirCurve\u2122 10 VAuto de ResMed renovado con HumidAir\u2122 (de tarjeta a nube) - SleepQuest Online Store","description":"El AirCurve 10 VAuto Card-to-Cloud es un dispositivo binivel de ajuste autom\u00e1tico que utiliza la comodidad tanto del algoritmo AutoSet\u2122 como de la forma de onda Easy-Breathe en su algoritmo VAuto para tratar a pacientes con apnea obstructiva del sue\u00f1o que pueden beneficiarse de un mayor soporte de presi\u00f3n.","robots":{"index":"index","follow":"follow","max-snippet":"max-snippet:-1","max-image-preview":"max-image-preview:large","max-video-preview":"max-video-preview:-1"},"canonical":"https:\/\/shop.sleepquest.com\/es\/productos\/aircurve-10-vauto-de-resmed-renovado-mayor-duracion-de-las-horas-copy\/","og_locale":"es_ES","og_type":"article","og_title":"AirCurve\u2122 10 VAuto de ResMed renovado con HumidAir\u2122 (de tarjeta a nube) - SleepQuest Online Store","og_description":"El AirCurve 10 VAuto Card-to-Cloud es un dispositivo binivel de ajuste autom\u00e1tico que utiliza la comodidad tanto del algoritmo AutoSet\u2122 como de la forma de onda Easy-Breathe en su algoritmo VAuto para tratar a pacientes con apnea obstructiva del sue\u00f1o que pueden beneficiarse de un mayor soporte de presi\u00f3n.","og_url":"https:\/\/shop.sleepquest.com\/es\/productos\/aircurve-10-vauto-de-resmed-renovado-mayor-duracion-de-las-horas-copy\/","og_site_name":"SleepQuest Online Store","article_publisher":"https:\/\/www.facebook.com\/sleepquest","article_modified_time":"2024-08-19T09:37:10+00:00","og_image":[{"width":474,"height":592,"url":"https:\/\/shop.sleepquest.com\/wp-content\/uploads\/2024\/08\/OIP_6b61aa6e-394e-48cd-8c18-0147ecd81c00.jpg","type":"image\/jpeg"}],"twitter_card":"summary_large_image","twitter_site":"@sleepquest","twitter_misc":{"Tiempo de lectura":"1 minuto"},"schema":{"@context":"https:\/\/schema.org","@graph":[{"@type":"WebPage","@id":"https:\/\/shop.sleepquest.com\/es\/productos\/aircurve-10-vauto-de-resmed-renovado-mayor-duracion-de-las-horas-copy\/","url":"https:\/\/shop.sleepquest.com\/es\/productos\/aircurve-10-vauto-de-resmed-renovado-mayor-duracion-de-las-horas-copy\/","name":"AirCurve\u2122 10 VAuto de ResMed renovado con HumidAir\u2122 (de tarjeta a nube) - SleepQuest Online Store","isPartOf":{"@id":"https:\/\/shop.sleepquest.com\/es\/#website"},"primaryImageOfPage":{"@id":"https:\/\/shop.sleepquest.com\/es\/productos\/aircurve-10-vauto-de-resmed-renovado-mayor-duracion-de-las-horas-copy\/#primaryimage"},"image":{"@id":"https:\/\/shop.sleepquest.com\/es\/productos\/aircurve-10-vauto-de-resmed-renovado-mayor-duracion-de-las-horas-copy\/#primaryimage"},"thumbnailUrl":"https:\/\/shop.sleepquest.com\/wp-content\/uploads\/2024\/08\/OIP_6b61aa6e-394e-48cd-8c18-0147ecd81c00.jpg","datePublished":"2024-08-05T09:34:41+00:00","dateModified":"2024-08-19T09:37:10+00:00","description":"El AirCurve 10 VAuto Card-to-Cloud es un dispositivo binivel de ajuste autom\u00e1tico que utiliza la comodidad tanto del algoritmo AutoSet\u2122 como de la forma de onda Easy-Breathe en su algoritmo VAuto para tratar a pacientes con apnea obstructiva del sue\u00f1o que pueden beneficiarse de un mayor soporte de presi\u00f3n.","breadcrumb":{"@id":"https:\/\/shop.sleepquest.com\/es\/productos\/aircurve-10-vauto-de-resmed-renovado-mayor-duracion-de-las-horas-copy\/#breadcrumb"},"inLanguage":"es","potentialAction":[{"@type":"ReadAction","target":["https:\/\/shop.sleepquest.com\/es\/productos\/aircurve-10-vauto-de-resmed-renovado-mayor-duracion-de-las-horas-copy\/"]}]},{"@type":"ImageObject","inLanguage":"es","@id":"https:\/\/shop.sleepquest.com\/es\/productos\/aircurve-10-vauto-de-resmed-renovado-mayor-duracion-de-las-horas-copy\/#primaryimage","url":"https:\/\/shop.sleepquest.com\/wp-content\/uploads\/2024\/08\/OIP_6b61aa6e-394e-48cd-8c18-0147ecd81c00.jpg","contentUrl":"https:\/\/shop.sleepquest.com\/wp-content\/uploads\/2024\/08\/OIP_6b61aa6e-394e-48cd-8c18-0147ecd81c00.jpg","width":474,"height":592},{"@type":"BreadcrumbList","@id":"https:\/\/shop.sleepquest.com\/es\/productos\/aircurve-10-vauto-de-resmed-renovado-mayor-duracion-de-las-horas-copy\/#breadcrumb","itemListElement":[{"@type":"ListItem","position":1,"name":"Home","item":"https:\/\/shop.sleepquest.com\/es\/"},{"@type":"ListItem","position":2,"name":"Todas las colecciones","item":"https:\/\/shop.sleepquest.com\/collections\/"},{"@type":"ListItem","position":3,"name":"PAP reacondicionados","item":"https:\/\/shop.sleepquest.com\/es\/colecciones\/pap-reacondicionados\/"},{"@type":"ListItem","position":4,"name":"AirCurve\u2122 10 VAuto de ResMed renovado con HumidAir\u2122 (de tarjeta a nube)"}]},{"@type":"WebSite","@id":"https:\/\/shop.sleepquest.com\/es\/#website","url":"https:\/\/shop.sleepquest.com\/es\/","name":"SleepQuest Online Store","description":"","publisher":{"@id":"https:\/\/shop.sleepquest.com\/es\/#organization"},"potentialAction":[{"@type":"SearchAction","target":{"@type":"EntryPoint","urlTemplate":"https:\/\/shop.sleepquest.com\/es\/?s={search_term_string}"},"query-input":{"@type":"PropertyValueSpecification","valueRequired":true,"valueName":"search_term_string"}}],"inLanguage":"es"},{"@type":"Organization","@id":"https:\/\/shop.sleepquest.com\/es\/#organization","name":"SleepQuest","alternateName":"SleepQuest Online Store","url":"https:\/\/shop.sleepquest.com\/es\/","logo":{"@type":"ImageObject","inLanguage":"es","@id":"https:\/\/shop.sleepquest.com\/es\/#\/schema\/logo\/image\/","url":"https:\/\/shop.sleepquest.com\/wp-content\/uploads\/2024\/05\/fav.png","contentUrl":"https:\/\/shop.sleepquest.com\/wp-content\/uploads\/2024\/05\/fav.png","width":512,"height":512,"caption":"SleepQuest"},"image":{"@id":"https:\/\/shop.sleepquest.com\/es\/#\/schema\/logo\/image\/"},"sameAs":["https:\/\/www.facebook.com\/sleepquest","https:\/\/x.com\/sleepquest"]}]}},"_links":{"self":[{"href":"https:\/\/shop.sleepquest.com\/es\/wp-json\/wp\/v2\/product\/2780","targetHints":{"allow":["GET"]}}],"collection":[{"href":"https:\/\/shop.sleepquest.com\/es\/wp-json\/wp\/v2\/product"}],"about":[{"href":"https:\/\/shop.sleepquest.com\/es\/wp-json\/wp\/v2\/types\/product"}],"replies":[{"embeddable":true,"href":"https:\/\/shop.sleepquest.com\/es\/wp-json\/wp\/v2\/comments?post=2780"}],"wp:featuredmedia":[{"embeddable":true,"href":"https:\/\/shop.sleepquest.com\/es\/wp-json\/wp\/v2\/media\/2782"}],"wp:attachment":[{"href":"https:\/\/shop.sleepquest.com\/es\/wp-json\/wp\/v2\/media?parent=2780"}],"wp:term":[{"taxonomy":"product_brand","embeddable":true,"href":"https:\/\/shop.sleepquest.com\/es\/wp-json\/wp\/v2\/product_brand?post=2780"},{"taxonomy":"product_cat","embeddable":true,"href":"https:\/\/shop.sleepquest.com\/es\/wp-json\/wp\/v2\/product_cat?post=2780"},{"taxonomy":"product_tag","embeddable":true,"href":"https:\/\/shop.sleepquest.com\/es\/wp-json\/wp\/v2\/product_tag?post=2780"}],"curies":[{"name":"wp","href":"https:\/\/api.w.org\/{rel}","templated":true}]}}