{"id":2776,"date":"2024-08-01T09:25:44","date_gmt":"2024-08-01T09:25:44","guid":{"rendered":"https:\/\/shop.sleepquest.com\/products\/airsense-10-autoset-reacondicionado-para-ella-horas-mas-altas\/"},"modified":"2024-08-19T09:25:44","modified_gmt":"2024-08-19T09:25:44","slug":"airsense-10-autoset-reacondicionado-para-ella-horas-mas-altas","status":"publish","type":"product","link":"https:\/\/shop.sleepquest.com\/es\/productos\/airsense-10-autoset-reacondicionado-para-ella-horas-mas-altas\/","title":{"rendered":"AirSense\u2122 10 AutoSet\u2122 reacondicionado para ella (horas m\u00e1s altas)"},"content":{"rendered":"<p>Los hombres y las mujeres con apnea del sue\u00f1o exhiben diferentes caracter\u00edsticas y enfrentan diferentes desaf\u00edos. Es por eso que creamos el AirSense 10 AutoSet for Her \u2013 el primer dispositivo de terapia para la apnea del sue\u00f1o dise\u00f1ado para una terapia espec\u00edfica para mujeres. Junto con las elegantes m\u00e1scaras ResMed for Her, la m\u00e1quina AirSense 10 AutoSet for Her presenta una soluci\u00f3n completa para la terapia del sue\u00f1o a la medida de las mujeres. Este dispositivo auto-ajustable tiene tambi\u00e9n un humidificador integrado y el tubo calefaccionado opcional ClimateLineAir\u2122 para optimizar su confort.<\/p>\n<p><strong>El precio incluye:<\/strong><\/p>\n<ul>\n<li>Dispositivo<\/li>\n<li>1 filter<\/li>\n<li>Humidifier chamber<\/li>\n<li>Tubos<\/li>\n<li>Power Cord<\/li>\n<li>Estuche para transportar<\/li>\n<\/ul>\n<p><strong>6 Month In-House Warranty &#8211;\u00a0<\/strong>Includes remaining ResMed factory warranty, plus SleepQuest replacement for up to 6 months from purchase. Does not cover damages resulting from customer fault, including but not limited to water damage from improper use of humidifier and damage from dropping device.<\/p>\n<p>El ResMed AirSense\u2122 10 AutoSet\u2122 for Her es un dispositivo de presi\u00f3n auto-ajustable de primera calidad para pacientes mujeres. Tambi\u00e9n incluye un humidificador integrado, conectividad celular y detecci\u00f3n de eventos de avanzada.<\/p>\n<h4>La Conectividad Viene Como Est\u00e1ndar<\/h4>\n<p>Como cada dispositivo AirSense 10 ofrece tecnolog\u00eda celular incorporada, usted tiene acceso sin precedentes a datos de terapias y acceso remoto a configuraciones del dispositivo, para estar m\u00e1s conectado con sus pacientes y ser a\u00fan m\u00e1s eficiente en su empresa.<\/p>\n<h4>Un Algoritmo Espec\u00edfico De G\u00e9nero<\/h4>\n<p>El pionero nuevo algoritmo usado en el AirSense 10 AutoSet for Her funciona aumentando la sensibilidad a la limitaci\u00f3n de flujo y optimizando la respuesta a estos eventos. Al responder a cada respiraci\u00f3n de flujo limitado, el algoritmo ayuda a proporcionar a las mujeres una terapia confortable.<\/p>\n","protected":false},"excerpt":{"rendered":"<p>Los hombres y las mujeres con apnea del sue\u00f1o exhiben diferentes caracter\u00edsticas y enfrentan diferentes desaf\u00edos. Es por eso que<\/p>\n","protected":false},"featured_media":2765,"comment_status":"closed","ping_status":"closed","template":"","meta":{"_acf_changed":false},"product_brand":[],"product_cat":[257],"product_tag":[],"class_list":{"0":"post-2776","1":"product","2":"type-product","3":"status-publish","4":"has-post-thumbnail","6":"product_cat-pap-reacondicionados","7":"product_shipping_class-pesado","9":"first","10":"outofstock","11":"sale","12":"purchasable","13":"product-type-variable"},"acf":[],"yoast_head":"<!-- This site is optimized with the Yoast SEO plugin v27.4 - https:\/\/yoast.com\/product\/yoast-seo-wordpress\/ -->\n<title>AirSense\u2122 10 AutoSet\u2122 reacondicionado para ella (horas m\u00e1s altas) - SleepQuest Online Store<\/title>\n<meta name=\"robots\" content=\"index, follow, max-snippet:-1, max-image-preview:large, max-video-preview:-1\" \/>\n<link rel=\"canonical\" href=\"https:\/\/shop.sleepquest.com\/es\/productos\/airsense-10-autoset-reacondicionado-para-ella-horas-mas-altas\/\" \/>\n<meta property=\"og:locale\" content=\"es_ES\" \/>\n<meta property=\"og:type\" content=\"article\" \/>\n<meta property=\"og:title\" content=\"AirSense\u2122 10 AutoSet\u2122 reacondicionado para ella (horas m\u00e1s altas) - SleepQuest Online Store\" \/>\n<meta property=\"og:description\" content=\"Los hombres y las mujeres con apnea del sue\u00f1o exhiben diferentes caracter\u00edsticas y enfrentan diferentes desaf\u00edos. Es por eso que\" \/>\n<meta property=\"og:url\" content=\"https:\/\/shop.sleepquest.com\/es\/productos\/airsense-10-autoset-reacondicionado-para-ella-horas-mas-altas\/\" \/>\n<meta property=\"og:site_name\" content=\"SleepQuest Online Store\" \/>\n<meta property=\"article:publisher\" content=\"https:\/\/www.facebook.com\/sleepquest\" \/>\n<meta property=\"article:modified_time\" content=\"2024-08-19T09:25:44+00:00\" \/>\n<meta property=\"og:image\" content=\"https:\/\/shop.sleepquest.com\/wp-content\/uploads\/2024\/08\/airsense-10-autoset-for-her-01.jpg\" \/>\n\t<meta property=\"og:image:width\" content=\"800\" \/>\n\t<meta property=\"og:image:height\" content=\"800\" \/>\n\t<meta property=\"og:image:type\" content=\"image\/jpeg\" \/>\n<meta name=\"twitter:card\" content=\"summary_large_image\" \/>\n<meta name=\"twitter:site\" content=\"@sleepquest\" \/>\n<meta name=\"twitter:label1\" content=\"Tiempo de lectura\" \/>\n\t<meta name=\"twitter:data1\" content=\"1 minuto\" \/>\n<script type=\"application\/ld+json\" class=\"yoast-schema-graph\">{\"@context\":\"https:\\\/\\\/schema.org\",\"@graph\":[{\"@type\":\"WebPage\",\"@id\":\"https:\\\/\\\/shop.sleepquest.com\\\/es\\\/productos\\\/airsense-10-autoset-reacondicionado-para-ella-horas-mas-altas\\\/\",\"url\":\"https:\\\/\\\/shop.sleepquest.com\\\/es\\\/productos\\\/airsense-10-autoset-reacondicionado-para-ella-horas-mas-altas\\\/\",\"name\":\"AirSense\u2122 10 AutoSet\u2122 reacondicionado para ella (horas m\u00e1s altas) - SleepQuest Online Store\",\"isPartOf\":{\"@id\":\"https:\\\/\\\/shop.sleepquest.com\\\/es\\\/#website\"},\"primaryImageOfPage\":{\"@id\":\"https:\\\/\\\/shop.sleepquest.com\\\/es\\\/productos\\\/airsense-10-autoset-reacondicionado-para-ella-horas-mas-altas\\\/#primaryimage\"},\"image\":{\"@id\":\"https:\\\/\\\/shop.sleepquest.com\\\/es\\\/productos\\\/airsense-10-autoset-reacondicionado-para-ella-horas-mas-altas\\\/#primaryimage\"},\"thumbnailUrl\":\"https:\\\/\\\/shop.sleepquest.com\\\/wp-content\\\/uploads\\\/2024\\\/08\\\/airsense-10-autoset-for-her-01.jpg\",\"datePublished\":\"2024-08-01T09:25:44+00:00\",\"dateModified\":\"2024-08-19T09:25:44+00:00\",\"breadcrumb\":{\"@id\":\"https:\\\/\\\/shop.sleepquest.com\\\/es\\\/productos\\\/airsense-10-autoset-reacondicionado-para-ella-horas-mas-altas\\\/#breadcrumb\"},\"inLanguage\":\"es\",\"potentialAction\":[{\"@type\":\"ReadAction\",\"target\":[\"https:\\\/\\\/shop.sleepquest.com\\\/es\\\/productos\\\/airsense-10-autoset-reacondicionado-para-ella-horas-mas-altas\\\/\"]}]},{\"@type\":\"ImageObject\",\"inLanguage\":\"es\",\"@id\":\"https:\\\/\\\/shop.sleepquest.com\\\/es\\\/productos\\\/airsense-10-autoset-reacondicionado-para-ella-horas-mas-altas\\\/#primaryimage\",\"url\":\"https:\\\/\\\/shop.sleepquest.com\\\/wp-content\\\/uploads\\\/2024\\\/08\\\/airsense-10-autoset-for-her-01.jpg\",\"contentUrl\":\"https:\\\/\\\/shop.sleepquest.com\\\/wp-content\\\/uploads\\\/2024\\\/08\\\/airsense-10-autoset-for-her-01.jpg\",\"width\":800,\"height\":800},{\"@type\":\"BreadcrumbList\",\"@id\":\"https:\\\/\\\/shop.sleepquest.com\\\/es\\\/productos\\\/airsense-10-autoset-reacondicionado-para-ella-horas-mas-altas\\\/#breadcrumb\",\"itemListElement\":[{\"@type\":\"ListItem\",\"position\":1,\"name\":\"Home\",\"item\":\"https:\\\/\\\/shop.sleepquest.com\\\/es\\\/\"},{\"@type\":\"ListItem\",\"position\":2,\"name\":\"Todas las colecciones\",\"item\":\"https:\\\/\\\/shop.sleepquest.com\\\/collections\\\/\"},{\"@type\":\"ListItem\",\"position\":3,\"name\":\"PAP reacondicionados\",\"item\":\"https:\\\/\\\/shop.sleepquest.com\\\/es\\\/colecciones\\\/pap-reacondicionados\\\/\"},{\"@type\":\"ListItem\",\"position\":4,\"name\":\"AirSense\u2122 10 AutoSet\u2122 reacondicionado para ella (horas m\u00e1s altas)\"}]},{\"@type\":\"WebSite\",\"@id\":\"https:\\\/\\\/shop.sleepquest.com\\\/es\\\/#website\",\"url\":\"https:\\\/\\\/shop.sleepquest.com\\\/es\\\/\",\"name\":\"SleepQuest Online Store\",\"description\":\"\",\"publisher\":{\"@id\":\"https:\\\/\\\/shop.sleepquest.com\\\/es\\\/#organization\"},\"potentialAction\":[{\"@type\":\"SearchAction\",\"target\":{\"@type\":\"EntryPoint\",\"urlTemplate\":\"https:\\\/\\\/shop.sleepquest.com\\\/es\\\/?s={search_term_string}\"},\"query-input\":{\"@type\":\"PropertyValueSpecification\",\"valueRequired\":true,\"valueName\":\"search_term_string\"}}],\"inLanguage\":\"es\"},{\"@type\":\"Organization\",\"@id\":\"https:\\\/\\\/shop.sleepquest.com\\\/es\\\/#organization\",\"name\":\"SleepQuest\",\"alternateName\":\"SleepQuest Online Store\",\"url\":\"https:\\\/\\\/shop.sleepquest.com\\\/es\\\/\",\"logo\":{\"@type\":\"ImageObject\",\"inLanguage\":\"es\",\"@id\":\"https:\\\/\\\/shop.sleepquest.com\\\/es\\\/#\\\/schema\\\/logo\\\/image\\\/\",\"url\":\"https:\\\/\\\/shop.sleepquest.com\\\/wp-content\\\/uploads\\\/2024\\\/05\\\/fav.png\",\"contentUrl\":\"https:\\\/\\\/shop.sleepquest.com\\\/wp-content\\\/uploads\\\/2024\\\/05\\\/fav.png\",\"width\":512,\"height\":512,\"caption\":\"SleepQuest\"},\"image\":{\"@id\":\"https:\\\/\\\/shop.sleepquest.com\\\/es\\\/#\\\/schema\\\/logo\\\/image\\\/\"},\"sameAs\":[\"https:\\\/\\\/www.facebook.com\\\/sleepquest\",\"https:\\\/\\\/x.com\\\/sleepquest\"]}]}<\/script>\n<!-- \/ Yoast SEO plugin. -->","yoast_head_json":{"title":"AirSense\u2122 10 AutoSet\u2122 reacondicionado para ella (horas m\u00e1s altas) - SleepQuest Online Store","robots":{"index":"index","follow":"follow","max-snippet":"max-snippet:-1","max-image-preview":"max-image-preview:large","max-video-preview":"max-video-preview:-1"},"canonical":"https:\/\/shop.sleepquest.com\/es\/productos\/airsense-10-autoset-reacondicionado-para-ella-horas-mas-altas\/","og_locale":"es_ES","og_type":"article","og_title":"AirSense\u2122 10 AutoSet\u2122 reacondicionado para ella (horas m\u00e1s altas) - SleepQuest Online Store","og_description":"Los hombres y las mujeres con apnea del sue\u00f1o exhiben diferentes caracter\u00edsticas y enfrentan diferentes desaf\u00edos. Es por eso que","og_url":"https:\/\/shop.sleepquest.com\/es\/productos\/airsense-10-autoset-reacondicionado-para-ella-horas-mas-altas\/","og_site_name":"SleepQuest Online Store","article_publisher":"https:\/\/www.facebook.com\/sleepquest","article_modified_time":"2024-08-19T09:25:44+00:00","og_image":[{"width":800,"height":800,"url":"https:\/\/shop.sleepquest.com\/wp-content\/uploads\/2024\/08\/airsense-10-autoset-for-her-01.jpg","type":"image\/jpeg"}],"twitter_card":"summary_large_image","twitter_site":"@sleepquest","twitter_misc":{"Tiempo de lectura":"1 minuto"},"schema":{"@context":"https:\/\/schema.org","@graph":[{"@type":"WebPage","@id":"https:\/\/shop.sleepquest.com\/es\/productos\/airsense-10-autoset-reacondicionado-para-ella-horas-mas-altas\/","url":"https:\/\/shop.sleepquest.com\/es\/productos\/airsense-10-autoset-reacondicionado-para-ella-horas-mas-altas\/","name":"AirSense\u2122 10 AutoSet\u2122 reacondicionado para ella (horas m\u00e1s altas) - SleepQuest Online Store","isPartOf":{"@id":"https:\/\/shop.sleepquest.com\/es\/#website"},"primaryImageOfPage":{"@id":"https:\/\/shop.sleepquest.com\/es\/productos\/airsense-10-autoset-reacondicionado-para-ella-horas-mas-altas\/#primaryimage"},"image":{"@id":"https:\/\/shop.sleepquest.com\/es\/productos\/airsense-10-autoset-reacondicionado-para-ella-horas-mas-altas\/#primaryimage"},"thumbnailUrl":"https:\/\/shop.sleepquest.com\/wp-content\/uploads\/2024\/08\/airsense-10-autoset-for-her-01.jpg","datePublished":"2024-08-01T09:25:44+00:00","dateModified":"2024-08-19T09:25:44+00:00","breadcrumb":{"@id":"https:\/\/shop.sleepquest.com\/es\/productos\/airsense-10-autoset-reacondicionado-para-ella-horas-mas-altas\/#breadcrumb"},"inLanguage":"es","potentialAction":[{"@type":"ReadAction","target":["https:\/\/shop.sleepquest.com\/es\/productos\/airsense-10-autoset-reacondicionado-para-ella-horas-mas-altas\/"]}]},{"@type":"ImageObject","inLanguage":"es","@id":"https:\/\/shop.sleepquest.com\/es\/productos\/airsense-10-autoset-reacondicionado-para-ella-horas-mas-altas\/#primaryimage","url":"https:\/\/shop.sleepquest.com\/wp-content\/uploads\/2024\/08\/airsense-10-autoset-for-her-01.jpg","contentUrl":"https:\/\/shop.sleepquest.com\/wp-content\/uploads\/2024\/08\/airsense-10-autoset-for-her-01.jpg","width":800,"height":800},{"@type":"BreadcrumbList","@id":"https:\/\/shop.sleepquest.com\/es\/productos\/airsense-10-autoset-reacondicionado-para-ella-horas-mas-altas\/#breadcrumb","itemListElement":[{"@type":"ListItem","position":1,"name":"Home","item":"https:\/\/shop.sleepquest.com\/es\/"},{"@type":"ListItem","position":2,"name":"Todas las colecciones","item":"https:\/\/shop.sleepquest.com\/collections\/"},{"@type":"ListItem","position":3,"name":"PAP reacondicionados","item":"https:\/\/shop.sleepquest.com\/es\/colecciones\/pap-reacondicionados\/"},{"@type":"ListItem","position":4,"name":"AirSense\u2122 10 AutoSet\u2122 reacondicionado para ella (horas m\u00e1s altas)"}]},{"@type":"WebSite","@id":"https:\/\/shop.sleepquest.com\/es\/#website","url":"https:\/\/shop.sleepquest.com\/es\/","name":"SleepQuest Online Store","description":"","publisher":{"@id":"https:\/\/shop.sleepquest.com\/es\/#organization"},"potentialAction":[{"@type":"SearchAction","target":{"@type":"EntryPoint","urlTemplate":"https:\/\/shop.sleepquest.com\/es\/?s={search_term_string}"},"query-input":{"@type":"PropertyValueSpecification","valueRequired":true,"valueName":"search_term_string"}}],"inLanguage":"es"},{"@type":"Organization","@id":"https:\/\/shop.sleepquest.com\/es\/#organization","name":"SleepQuest","alternateName":"SleepQuest Online Store","url":"https:\/\/shop.sleepquest.com\/es\/","logo":{"@type":"ImageObject","inLanguage":"es","@id":"https:\/\/shop.sleepquest.com\/es\/#\/schema\/logo\/image\/","url":"https:\/\/shop.sleepquest.com\/wp-content\/uploads\/2024\/05\/fav.png","contentUrl":"https:\/\/shop.sleepquest.com\/wp-content\/uploads\/2024\/05\/fav.png","width":512,"height":512,"caption":"SleepQuest"},"image":{"@id":"https:\/\/shop.sleepquest.com\/es\/#\/schema\/logo\/image\/"},"sameAs":["https:\/\/www.facebook.com\/sleepquest","https:\/\/x.com\/sleepquest"]}]}},"_links":{"self":[{"href":"https:\/\/shop.sleepquest.com\/es\/wp-json\/wp\/v2\/product\/2776","targetHints":{"allow":["GET"]}}],"collection":[{"href":"https:\/\/shop.sleepquest.com\/es\/wp-json\/wp\/v2\/product"}],"about":[{"href":"https:\/\/shop.sleepquest.com\/es\/wp-json\/wp\/v2\/types\/product"}],"replies":[{"embeddable":true,"href":"https:\/\/shop.sleepquest.com\/es\/wp-json\/wp\/v2\/comments?post=2776"}],"wp:featuredmedia":[{"embeddable":true,"href":"https:\/\/shop.sleepquest.com\/es\/wp-json\/wp\/v2\/media\/2765"}],"wp:attachment":[{"href":"https:\/\/shop.sleepquest.com\/es\/wp-json\/wp\/v2\/media?parent=2776"}],"wp:term":[{"taxonomy":"product_brand","embeddable":true,"href":"https:\/\/shop.sleepquest.com\/es\/wp-json\/wp\/v2\/product_brand?post=2776"},{"taxonomy":"product_cat","embeddable":true,"href":"https:\/\/shop.sleepquest.com\/es\/wp-json\/wp\/v2\/product_cat?post=2776"},{"taxonomy":"product_tag","embeddable":true,"href":"https:\/\/shop.sleepquest.com\/es\/wp-json\/wp\/v2\/product_tag?post=2776"}],"curies":[{"name":"wp","href":"https:\/\/api.w.org\/{rel}","templated":true}]}}