{"id":2650,"date":"2024-05-28T05:28:27","date_gmt":"2024-05-28T05:28:27","guid":{"rendered":"https:\/\/shop.sleepquest.com\/products\/resmed-airsense-11-autoset-tri-pack\/"},"modified":"2025-05-22T14:55:36","modified_gmt":"2025-05-22T21:55:36","slug":"resmed-airsense-11-autoset-tri-pack","status":"publish","type":"product","link":"https:\/\/shop.sleepquest.com\/es\/productos\/resmed-airsense-11-autoset-tri-pack\/","title":{"rendered":"ResMed AirSense\u2122 11 AutoSet\u2122 Tri-Pack"},"content":{"rendered":"<p><strong>CANTIDAD LIMITADA DISPONIBLE<\/strong><\/p>\n<p><i>ResMed gives us a very small allocation of AirSense 11 Devices for patients without health insurance who are getting replacement PAP devices via shop.sleepquest.com. This does not affect the prioritization of patients currently waiting for AirSense 11 devices through insurance.<\/i><\/p>\n<p><strong>El Tri-Pack incluye: Aparato PAP, c\u00e1mara humidificadora y tubo calefactor Climate-Line.<\/strong><\/p>\n<p>Presentamos el nuevo ResMed AirSense\u2122 11, un dispositivo CPAP que ofrece una tecnolog\u00eda digital mejorada, dise\u00f1ada para que el inicio de la terapia, y el cumplimiento de la misma, sea m\u00e1s f\u00e1cil y c\u00f3modo.<\/p>\n<p>El<strong>sencillo bot\u00f3n de inicio\/parada<\/strong>\u00a0permite encender y apagar la terapia con un solo toque.<\/p>\n<p><strong>Dise\u00f1o elegante y moderno<\/strong><\/p>\n<p>El<strong>humidificador t\u00e9rmico integrado<\/strong>\u00a0puede controlarse autom\u00e1ticamente a trav\u00e9s de la funci\u00f3n Climate Control o ser ajustado manualmente por el usuario.<\/p>\n<p><strong>La comunicaci\u00f3n celular integrada<\/strong>\u00a0permite la transmisi\u00f3n segura y automatizada de datos a la nube para su acceso en AirView y la aplicaci\u00f3n RMDpulse.<\/p>\n<p>La<strong>pantalla t\u00e1ctil de f\u00e1cil manejo<\/strong>\u00a0hace que la navegaci\u00f3n por los ajustes sea sencilla e intuitiva.<\/p>\n<p><strong>CareCheck<\/strong>\u00a0le involucra en su terapia desde el momento en que enciende su dispositivo y le hace regularmente preguntas de comprobaci\u00f3n y le proporciona herramientas de autoayuda y asesoramiento seg\u00fan sea necesario.<\/p>\n<p>Se pueden conectar<strong>tubos con o sin calefacci\u00f3n<\/strong>. Los tubos calefactados, como ClimateLineAir 11, ofrecen calor integrado para evitar la condensaci\u00f3n dentro del tubo.<\/p>\n<p>La<strong>cubeta de agua extra\u00edble<\/strong>\u00a0es f\u00e1cil de llenar y limpiar para la humidificaci\u00f3n activa con calefacci\u00f3n.<\/p>\n<p>Los<strong>filtros de aire desechables<\/strong>\u00a0est\u00e1n hechos de una malla fina para filtrar las part\u00edculas ambientales y proporcionarle un aire m\u00e1s limpio.<\/p>\n","protected":false},"excerpt":{"rendered":"<p>CANTIDAD LIMITADA DISPONIBLE ResMed gives us a very small allocation of AirSense 11 Devices for patients without health insurance who<\/p>\n","protected":false},"featured_media":1780,"comment_status":"closed","ping_status":"closed","template":"","meta":{"_acf_changed":false},"product_brand":[],"product_cat":[151,179,167,156],"product_tag":[],"class_list":{"0":"post-2650","1":"product","2":"type-product","3":"status-publish","4":"has-post-thumbnail","6":"product_cat-maquinas-de-cpap-automaticas","7":"product_cat-productos-en-venta","8":"product_cat-productos-resmed-es","9":"product_cat-venta-de-dispositivos-cpap","10":"product_shipping_class-pesado","12":"first","13":"instock","14":"sale","15":"featured","16":"purchasable","17":"product-type-variable"},"acf":[],"yoast_head":"<!-- This site is optimized with the Yoast SEO plugin v27.4 - https:\/\/yoast.com\/product\/yoast-seo-wordpress\/ -->\n<title>ResMed AirSense\u2122 11 AutoSet\u2122 Tri-Pack<\/title>\n<meta name=\"description\" content=\"Presentamos el nuevo ResMed AirSense\u2122 11, un dispositivo CPAP que ofrece una tecnolog\u00eda digital mejorada, dise\u00f1ada para que el inicio de la terapia, y el cumplimiento de la misma, sea m\u00e1s f\u00e1cil y c\u00f3modo.\" \/>\n<meta name=\"robots\" content=\"index, follow, max-snippet:-1, max-image-preview:large, max-video-preview:-1\" \/>\n<link rel=\"canonical\" href=\"https:\/\/shop.sleepquest.com\/es\/productos\/resmed-airsense-11-autoset-tri-pack\/\" \/>\n<meta property=\"og:locale\" content=\"es_ES\" \/>\n<meta property=\"og:type\" content=\"article\" \/>\n<meta property=\"og:title\" content=\"ResMed AirSense\u2122 11 AutoSet\u2122 Tri-Pack\" \/>\n<meta property=\"og:description\" content=\"Presentamos el nuevo ResMed AirSense\u2122 11, un dispositivo CPAP que ofrece una tecnolog\u00eda digital mejorada, dise\u00f1ada para que el inicio de la terapia, y el cumplimiento de la misma, sea m\u00e1s f\u00e1cil y c\u00f3modo.\" \/>\n<meta property=\"og:url\" content=\"https:\/\/shop.sleepquest.com\/es\/productos\/resmed-airsense-11-autoset-tri-pack\/\" \/>\n<meta property=\"og:site_name\" content=\"SleepQuest Online Store\" \/>\n<meta property=\"article:publisher\" content=\"https:\/\/www.facebook.com\/sleepquest\" \/>\n<meta property=\"article:modified_time\" content=\"2025-05-22T21:55:36+00:00\" \/>\n<meta property=\"og:image\" content=\"https:\/\/shop.sleepquest.com\/wp-content\/uploads\/2024\/05\/sleep-apnea-airsense-11-airsense-11-cpap-front-view.jpg\" \/>\n\t<meta property=\"og:image:width\" content=\"1024\" \/>\n\t<meta property=\"og:image:height\" content=\"740\" \/>\n\t<meta property=\"og:image:type\" content=\"image\/jpeg\" \/>\n<meta name=\"twitter:card\" content=\"summary_large_image\" \/>\n<meta name=\"twitter:site\" content=\"@sleepquest\" \/>\n<meta name=\"twitter:label1\" content=\"Tiempo de lectura\" \/>\n\t<meta name=\"twitter:data1\" content=\"1 minuto\" \/>\n<script type=\"application\/ld+json\" class=\"yoast-schema-graph\">{\"@context\":\"https:\\\/\\\/schema.org\",\"@graph\":[{\"@type\":\"WebPage\",\"@id\":\"https:\\\/\\\/shop.sleepquest.com\\\/es\\\/productos\\\/resmed-airsense-11-autoset-tri-pack\\\/\",\"url\":\"https:\\\/\\\/shop.sleepquest.com\\\/es\\\/productos\\\/resmed-airsense-11-autoset-tri-pack\\\/\",\"name\":\"ResMed AirSense\u2122 11 AutoSet\u2122 Tri-Pack\",\"isPartOf\":{\"@id\":\"https:\\\/\\\/shop.sleepquest.com\\\/es\\\/#website\"},\"primaryImageOfPage\":{\"@id\":\"https:\\\/\\\/shop.sleepquest.com\\\/es\\\/productos\\\/resmed-airsense-11-autoset-tri-pack\\\/#primaryimage\"},\"image\":{\"@id\":\"https:\\\/\\\/shop.sleepquest.com\\\/es\\\/productos\\\/resmed-airsense-11-autoset-tri-pack\\\/#primaryimage\"},\"thumbnailUrl\":\"https:\\\/\\\/shop.sleepquest.com\\\/wp-content\\\/uploads\\\/2024\\\/05\\\/sleep-apnea-airsense-11-airsense-11-cpap-front-view.jpg\",\"datePublished\":\"2024-05-28T05:28:27+00:00\",\"dateModified\":\"2025-05-22T21:55:36+00:00\",\"description\":\"Presentamos el nuevo ResMed AirSense\u2122 11, un dispositivo CPAP que ofrece una tecnolog\u00eda digital mejorada, dise\u00f1ada para que el inicio de la terapia, y el cumplimiento de la misma, sea m\u00e1s f\u00e1cil y c\u00f3modo.\",\"breadcrumb\":{\"@id\":\"https:\\\/\\\/shop.sleepquest.com\\\/es\\\/productos\\\/resmed-airsense-11-autoset-tri-pack\\\/#breadcrumb\"},\"inLanguage\":\"es\",\"potentialAction\":[{\"@type\":\"ReadAction\",\"target\":[\"https:\\\/\\\/shop.sleepquest.com\\\/es\\\/productos\\\/resmed-airsense-11-autoset-tri-pack\\\/\"]}]},{\"@type\":\"ImageObject\",\"inLanguage\":\"es\",\"@id\":\"https:\\\/\\\/shop.sleepquest.com\\\/es\\\/productos\\\/resmed-airsense-11-autoset-tri-pack\\\/#primaryimage\",\"url\":\"https:\\\/\\\/shop.sleepquest.com\\\/wp-content\\\/uploads\\\/2024\\\/05\\\/sleep-apnea-airsense-11-airsense-11-cpap-front-view.jpg\",\"contentUrl\":\"https:\\\/\\\/shop.sleepquest.com\\\/wp-content\\\/uploads\\\/2024\\\/05\\\/sleep-apnea-airsense-11-airsense-11-cpap-front-view.jpg\",\"width\":1024,\"height\":740},{\"@type\":\"BreadcrumbList\",\"@id\":\"https:\\\/\\\/shop.sleepquest.com\\\/es\\\/productos\\\/resmed-airsense-11-autoset-tri-pack\\\/#breadcrumb\",\"itemListElement\":[{\"@type\":\"ListItem\",\"position\":1,\"name\":\"Home\",\"item\":\"https:\\\/\\\/shop.sleepquest.com\\\/es\\\/\"},{\"@type\":\"ListItem\",\"position\":2,\"name\":\"Todas las colecciones\",\"item\":\"https:\\\/\\\/shop.sleepquest.com\\\/collections\\\/\"},{\"@type\":\"ListItem\",\"position\":3,\"name\":\"M\u00e1quinas de CPAP autom\u00e1ticas\",\"item\":\"https:\\\/\\\/shop.sleepquest.com\\\/es\\\/colecciones\\\/maquinas-de-cpap-automaticas\\\/\"},{\"@type\":\"ListItem\",\"position\":4,\"name\":\"ResMed AirSense\u2122 11 AutoSet\u2122 Tri-Pack\"}]},{\"@type\":\"WebSite\",\"@id\":\"https:\\\/\\\/shop.sleepquest.com\\\/es\\\/#website\",\"url\":\"https:\\\/\\\/shop.sleepquest.com\\\/es\\\/\",\"name\":\"SleepQuest Online Store\",\"description\":\"\",\"publisher\":{\"@id\":\"https:\\\/\\\/shop.sleepquest.com\\\/es\\\/#organization\"},\"potentialAction\":[{\"@type\":\"SearchAction\",\"target\":{\"@type\":\"EntryPoint\",\"urlTemplate\":\"https:\\\/\\\/shop.sleepquest.com\\\/es\\\/?s={search_term_string}\"},\"query-input\":{\"@type\":\"PropertyValueSpecification\",\"valueRequired\":true,\"valueName\":\"search_term_string\"}}],\"inLanguage\":\"es\"},{\"@type\":\"Organization\",\"@id\":\"https:\\\/\\\/shop.sleepquest.com\\\/es\\\/#organization\",\"name\":\"SleepQuest\",\"alternateName\":\"SleepQuest Online Store\",\"url\":\"https:\\\/\\\/shop.sleepquest.com\\\/es\\\/\",\"logo\":{\"@type\":\"ImageObject\",\"inLanguage\":\"es\",\"@id\":\"https:\\\/\\\/shop.sleepquest.com\\\/es\\\/#\\\/schema\\\/logo\\\/image\\\/\",\"url\":\"https:\\\/\\\/shop.sleepquest.com\\\/wp-content\\\/uploads\\\/2024\\\/05\\\/fav.png\",\"contentUrl\":\"https:\\\/\\\/shop.sleepquest.com\\\/wp-content\\\/uploads\\\/2024\\\/05\\\/fav.png\",\"width\":512,\"height\":512,\"caption\":\"SleepQuest\"},\"image\":{\"@id\":\"https:\\\/\\\/shop.sleepquest.com\\\/es\\\/#\\\/schema\\\/logo\\\/image\\\/\"},\"sameAs\":[\"https:\\\/\\\/www.facebook.com\\\/sleepquest\",\"https:\\\/\\\/x.com\\\/sleepquest\"]}]}<\/script>\n<!-- \/ Yoast SEO plugin. -->","yoast_head_json":{"title":"ResMed AirSense\u2122 11 AutoSet\u2122 Tri-Pack","description":"Presentamos el nuevo ResMed AirSense\u2122 11, un dispositivo CPAP que ofrece una tecnolog\u00eda digital mejorada, dise\u00f1ada para que el inicio de la terapia, y el cumplimiento de la misma, sea m\u00e1s f\u00e1cil y c\u00f3modo.","robots":{"index":"index","follow":"follow","max-snippet":"max-snippet:-1","max-image-preview":"max-image-preview:large","max-video-preview":"max-video-preview:-1"},"canonical":"https:\/\/shop.sleepquest.com\/es\/productos\/resmed-airsense-11-autoset-tri-pack\/","og_locale":"es_ES","og_type":"article","og_title":"ResMed AirSense\u2122 11 AutoSet\u2122 Tri-Pack","og_description":"Presentamos el nuevo ResMed AirSense\u2122 11, un dispositivo CPAP que ofrece una tecnolog\u00eda digital mejorada, dise\u00f1ada para que el inicio de la terapia, y el cumplimiento de la misma, sea m\u00e1s f\u00e1cil y c\u00f3modo.","og_url":"https:\/\/shop.sleepquest.com\/es\/productos\/resmed-airsense-11-autoset-tri-pack\/","og_site_name":"SleepQuest Online Store","article_publisher":"https:\/\/www.facebook.com\/sleepquest","article_modified_time":"2025-05-22T21:55:36+00:00","og_image":[{"width":1024,"height":740,"url":"https:\/\/shop.sleepquest.com\/wp-content\/uploads\/2024\/05\/sleep-apnea-airsense-11-airsense-11-cpap-front-view.jpg","type":"image\/jpeg"}],"twitter_card":"summary_large_image","twitter_site":"@sleepquest","twitter_misc":{"Tiempo de lectura":"1 minuto"},"schema":{"@context":"https:\/\/schema.org","@graph":[{"@type":"WebPage","@id":"https:\/\/shop.sleepquest.com\/es\/productos\/resmed-airsense-11-autoset-tri-pack\/","url":"https:\/\/shop.sleepquest.com\/es\/productos\/resmed-airsense-11-autoset-tri-pack\/","name":"ResMed AirSense\u2122 11 AutoSet\u2122 Tri-Pack","isPartOf":{"@id":"https:\/\/shop.sleepquest.com\/es\/#website"},"primaryImageOfPage":{"@id":"https:\/\/shop.sleepquest.com\/es\/productos\/resmed-airsense-11-autoset-tri-pack\/#primaryimage"},"image":{"@id":"https:\/\/shop.sleepquest.com\/es\/productos\/resmed-airsense-11-autoset-tri-pack\/#primaryimage"},"thumbnailUrl":"https:\/\/shop.sleepquest.com\/wp-content\/uploads\/2024\/05\/sleep-apnea-airsense-11-airsense-11-cpap-front-view.jpg","datePublished":"2024-05-28T05:28:27+00:00","dateModified":"2025-05-22T21:55:36+00:00","description":"Presentamos el nuevo ResMed AirSense\u2122 11, un dispositivo CPAP que ofrece una tecnolog\u00eda digital mejorada, dise\u00f1ada para que el inicio de la terapia, y el cumplimiento de la misma, sea m\u00e1s f\u00e1cil y c\u00f3modo.","breadcrumb":{"@id":"https:\/\/shop.sleepquest.com\/es\/productos\/resmed-airsense-11-autoset-tri-pack\/#breadcrumb"},"inLanguage":"es","potentialAction":[{"@type":"ReadAction","target":["https:\/\/shop.sleepquest.com\/es\/productos\/resmed-airsense-11-autoset-tri-pack\/"]}]},{"@type":"ImageObject","inLanguage":"es","@id":"https:\/\/shop.sleepquest.com\/es\/productos\/resmed-airsense-11-autoset-tri-pack\/#primaryimage","url":"https:\/\/shop.sleepquest.com\/wp-content\/uploads\/2024\/05\/sleep-apnea-airsense-11-airsense-11-cpap-front-view.jpg","contentUrl":"https:\/\/shop.sleepquest.com\/wp-content\/uploads\/2024\/05\/sleep-apnea-airsense-11-airsense-11-cpap-front-view.jpg","width":1024,"height":740},{"@type":"BreadcrumbList","@id":"https:\/\/shop.sleepquest.com\/es\/productos\/resmed-airsense-11-autoset-tri-pack\/#breadcrumb","itemListElement":[{"@type":"ListItem","position":1,"name":"Home","item":"https:\/\/shop.sleepquest.com\/es\/"},{"@type":"ListItem","position":2,"name":"Todas las colecciones","item":"https:\/\/shop.sleepquest.com\/collections\/"},{"@type":"ListItem","position":3,"name":"M\u00e1quinas de CPAP autom\u00e1ticas","item":"https:\/\/shop.sleepquest.com\/es\/colecciones\/maquinas-de-cpap-automaticas\/"},{"@type":"ListItem","position":4,"name":"ResMed AirSense\u2122 11 AutoSet\u2122 Tri-Pack"}]},{"@type":"WebSite","@id":"https:\/\/shop.sleepquest.com\/es\/#website","url":"https:\/\/shop.sleepquest.com\/es\/","name":"SleepQuest Online Store","description":"","publisher":{"@id":"https:\/\/shop.sleepquest.com\/es\/#organization"},"potentialAction":[{"@type":"SearchAction","target":{"@type":"EntryPoint","urlTemplate":"https:\/\/shop.sleepquest.com\/es\/?s={search_term_string}"},"query-input":{"@type":"PropertyValueSpecification","valueRequired":true,"valueName":"search_term_string"}}],"inLanguage":"es"},{"@type":"Organization","@id":"https:\/\/shop.sleepquest.com\/es\/#organization","name":"SleepQuest","alternateName":"SleepQuest Online Store","url":"https:\/\/shop.sleepquest.com\/es\/","logo":{"@type":"ImageObject","inLanguage":"es","@id":"https:\/\/shop.sleepquest.com\/es\/#\/schema\/logo\/image\/","url":"https:\/\/shop.sleepquest.com\/wp-content\/uploads\/2024\/05\/fav.png","contentUrl":"https:\/\/shop.sleepquest.com\/wp-content\/uploads\/2024\/05\/fav.png","width":512,"height":512,"caption":"SleepQuest"},"image":{"@id":"https:\/\/shop.sleepquest.com\/es\/#\/schema\/logo\/image\/"},"sameAs":["https:\/\/www.facebook.com\/sleepquest","https:\/\/x.com\/sleepquest"]}]}},"_links":{"self":[{"href":"https:\/\/shop.sleepquest.com\/es\/wp-json\/wp\/v2\/product\/2650","targetHints":{"allow":["GET"]}}],"collection":[{"href":"https:\/\/shop.sleepquest.com\/es\/wp-json\/wp\/v2\/product"}],"about":[{"href":"https:\/\/shop.sleepquest.com\/es\/wp-json\/wp\/v2\/types\/product"}],"replies":[{"embeddable":true,"href":"https:\/\/shop.sleepquest.com\/es\/wp-json\/wp\/v2\/comments?post=2650"}],"wp:featuredmedia":[{"embeddable":true,"href":"https:\/\/shop.sleepquest.com\/es\/wp-json\/wp\/v2\/media\/1780"}],"wp:attachment":[{"href":"https:\/\/shop.sleepquest.com\/es\/wp-json\/wp\/v2\/media?parent=2650"}],"wp:term":[{"taxonomy":"product_brand","embeddable":true,"href":"https:\/\/shop.sleepquest.com\/es\/wp-json\/wp\/v2\/product_brand?post=2650"},{"taxonomy":"product_cat","embeddable":true,"href":"https:\/\/shop.sleepquest.com\/es\/wp-json\/wp\/v2\/product_cat?post=2650"},{"taxonomy":"product_tag","embeddable":true,"href":"https:\/\/shop.sleepquest.com\/es\/wp-json\/wp\/v2\/product_tag?post=2650"}],"curies":[{"name":"wp","href":"https:\/\/api.w.org\/{rel}","templated":true}]}}