{"id":2639,"date":"2024-05-29T12:53:25","date_gmt":"2024-05-29T12:53:25","guid":{"rendered":"https:\/\/shop.sleepquest.com\/products\/opus-mascarilla-nasal-fitpack\/"},"modified":"2024-05-29T12:53:25","modified_gmt":"2024-05-29T12:53:25","slug":"opus-mascarilla-nasal-fitpack","status":"publish","type":"product","link":"https:\/\/shop.sleepquest.com\/es\/productos\/opus-mascarilla-nasal-fitpack\/","title":{"rendered":"Opus Mascarilla Nasal Fitpack"},"content":{"rendered":"<p>Las redise\u00f1adas almohadillas nasales CPAP Opus 360 de Fisher &amp; Paykel con arn\u00e9s proporcionan un nuevo nivel de comodidad gracias al dise\u00f1o exclusivo del sistema de almohadillas nasales y la combinaci\u00f3n de arn\u00e9s. Las almohadillas nasales de esta interfaz nasal CPAP se han perfeccionado para ofrecer una mayor movilidad y flexibilidad. El armaz\u00f3n y el arn\u00e9s tambi\u00e9n se han revisado para ofrecer una mejor experiencia de sue\u00f1o lateral, as\u00ed como un dise\u00f1o de contorno facial para un ajuste m\u00e1s c\u00f3modo.<\/p>\n<p>Su dise\u00f1o estilizado permite casi cualquier posici\u00f3n para dormir sin que se desplace el antifaz. Su innovador codo con r\u00f3tula pivotante de 360 grados proporciona una mayor versatilidad. Con sus nuevas almohadillas de silicona y el marco facial contorneado de la mascarilla para una mayor estabilidad, la comodidad del paciente es primordial.<\/p>\n","protected":false},"excerpt":{"rendered":"<p>Las redise\u00f1adas almohadillas nasales CPAP Opus 360 de Fisher &amp; Paykel con arn\u00e9s proporcionan un nuevo nivel de comodidad gracias<\/p>\n","protected":false},"featured_media":1809,"comment_status":"closed","ping_status":"closed","template":"","meta":{"_acf_changed":false},"product_brand":[],"product_cat":[164,183,173],"product_tag":[],"class_list":{"0":"post-2639","1":"product","2":"type-product","3":"status-publish","4":"has-post-thumbnail","6":"product_cat-fisher-paykel-es","7":"product_cat-liquidacion","8":"product_cat-mascarillas-cpap-nasales","10":"first","11":"instock","12":"sale","13":"purchasable","14":"product-type-simple"},"acf":[],"yoast_head":"<!-- This site is optimized with the Yoast SEO plugin v27.4 - https:\/\/yoast.com\/product\/yoast-seo-wordpress\/ -->\n<title>Opus Mascarilla Nasal Fitpack - SleepQuest Online Store<\/title>\n<meta name=\"robots\" content=\"index, follow, max-snippet:-1, max-image-preview:large, max-video-preview:-1\" \/>\n<link rel=\"canonical\" href=\"https:\/\/shop.sleepquest.com\/es\/productos\/opus-mascarilla-nasal-fitpack\/\" \/>\n<meta property=\"og:locale\" content=\"es_ES\" \/>\n<meta property=\"og:type\" content=\"article\" \/>\n<meta property=\"og:title\" content=\"Opus Mascarilla Nasal Fitpack - SleepQuest Online Store\" \/>\n<meta property=\"og:description\" content=\"Las redise\u00f1adas almohadillas nasales CPAP Opus 360 de Fisher &amp; Paykel con arn\u00e9s proporcionan un nuevo nivel de comodidad gracias\" \/>\n<meta property=\"og:url\" content=\"https:\/\/shop.sleepquest.com\/es\/productos\/opus-mascarilla-nasal-fitpack\/\" \/>\n<meta property=\"og:site_name\" content=\"SleepQuest Online Store\" \/>\n<meta property=\"article:publisher\" content=\"https:\/\/www.facebook.com\/sleepquest\" \/>\n<meta property=\"og:image\" content=\"https:\/\/shop.sleepquest.com\/wp-content\/uploads\/2024\/05\/cx3_500x_6365b306-5232-4a05-bf48-fa2353ce0b35.jpg\" \/>\n\t<meta property=\"og:image:width\" content=\"500\" \/>\n\t<meta property=\"og:image:height\" content=\"500\" \/>\n\t<meta property=\"og:image:type\" content=\"image\/jpeg\" \/>\n<meta name=\"twitter:card\" content=\"summary_large_image\" \/>\n<meta name=\"twitter:site\" content=\"@sleepquest\" \/>\n<meta name=\"twitter:label1\" content=\"Tiempo de lectura\" \/>\n\t<meta name=\"twitter:data1\" content=\"1 minuto\" \/>\n<script type=\"application\/ld+json\" class=\"yoast-schema-graph\">{\"@context\":\"https:\\\/\\\/schema.org\",\"@graph\":[{\"@type\":\"WebPage\",\"@id\":\"https:\\\/\\\/shop.sleepquest.com\\\/es\\\/productos\\\/opus-mascarilla-nasal-fitpack\\\/\",\"url\":\"https:\\\/\\\/shop.sleepquest.com\\\/es\\\/productos\\\/opus-mascarilla-nasal-fitpack\\\/\",\"name\":\"Opus Mascarilla Nasal Fitpack - SleepQuest Online Store\",\"isPartOf\":{\"@id\":\"https:\\\/\\\/shop.sleepquest.com\\\/es\\\/#website\"},\"primaryImageOfPage\":{\"@id\":\"https:\\\/\\\/shop.sleepquest.com\\\/es\\\/productos\\\/opus-mascarilla-nasal-fitpack\\\/#primaryimage\"},\"image\":{\"@id\":\"https:\\\/\\\/shop.sleepquest.com\\\/es\\\/productos\\\/opus-mascarilla-nasal-fitpack\\\/#primaryimage\"},\"thumbnailUrl\":\"https:\\\/\\\/shop.sleepquest.com\\\/wp-content\\\/uploads\\\/2024\\\/05\\\/cx3_500x_6365b306-5232-4a05-bf48-fa2353ce0b35.jpg\",\"datePublished\":\"2024-05-29T12:53:25+00:00\",\"breadcrumb\":{\"@id\":\"https:\\\/\\\/shop.sleepquest.com\\\/es\\\/productos\\\/opus-mascarilla-nasal-fitpack\\\/#breadcrumb\"},\"inLanguage\":\"es\",\"potentialAction\":[{\"@type\":\"ReadAction\",\"target\":[\"https:\\\/\\\/shop.sleepquest.com\\\/es\\\/productos\\\/opus-mascarilla-nasal-fitpack\\\/\"]}]},{\"@type\":\"ImageObject\",\"inLanguage\":\"es\",\"@id\":\"https:\\\/\\\/shop.sleepquest.com\\\/es\\\/productos\\\/opus-mascarilla-nasal-fitpack\\\/#primaryimage\",\"url\":\"https:\\\/\\\/shop.sleepquest.com\\\/wp-content\\\/uploads\\\/2024\\\/05\\\/cx3_500x_6365b306-5232-4a05-bf48-fa2353ce0b35.jpg\",\"contentUrl\":\"https:\\\/\\\/shop.sleepquest.com\\\/wp-content\\\/uploads\\\/2024\\\/05\\\/cx3_500x_6365b306-5232-4a05-bf48-fa2353ce0b35.jpg\",\"width\":500,\"height\":500},{\"@type\":\"BreadcrumbList\",\"@id\":\"https:\\\/\\\/shop.sleepquest.com\\\/es\\\/productos\\\/opus-mascarilla-nasal-fitpack\\\/#breadcrumb\",\"itemListElement\":[{\"@type\":\"ListItem\",\"position\":1,\"name\":\"Home\",\"item\":\"https:\\\/\\\/shop.sleepquest.com\\\/es\\\/\"},{\"@type\":\"ListItem\",\"position\":2,\"name\":\"Todas las colecciones\",\"item\":\"https:\\\/\\\/shop.sleepquest.com\\\/collections\\\/\"},{\"@type\":\"ListItem\",\"position\":3,\"name\":\"Mascarillas CPAP nasales\",\"item\":\"https:\\\/\\\/shop.sleepquest.com\\\/es\\\/colecciones\\\/mascarillas-cpap-nasales\\\/\"},{\"@type\":\"ListItem\",\"position\":4,\"name\":\"Opus Mascarilla Nasal Fitpack\"}]},{\"@type\":\"WebSite\",\"@id\":\"https:\\\/\\\/shop.sleepquest.com\\\/es\\\/#website\",\"url\":\"https:\\\/\\\/shop.sleepquest.com\\\/es\\\/\",\"name\":\"SleepQuest Online Store\",\"description\":\"\",\"publisher\":{\"@id\":\"https:\\\/\\\/shop.sleepquest.com\\\/es\\\/#organization\"},\"potentialAction\":[{\"@type\":\"SearchAction\",\"target\":{\"@type\":\"EntryPoint\",\"urlTemplate\":\"https:\\\/\\\/shop.sleepquest.com\\\/es\\\/?s={search_term_string}\"},\"query-input\":{\"@type\":\"PropertyValueSpecification\",\"valueRequired\":true,\"valueName\":\"search_term_string\"}}],\"inLanguage\":\"es\"},{\"@type\":\"Organization\",\"@id\":\"https:\\\/\\\/shop.sleepquest.com\\\/es\\\/#organization\",\"name\":\"SleepQuest\",\"alternateName\":\"SleepQuest Online Store\",\"url\":\"https:\\\/\\\/shop.sleepquest.com\\\/es\\\/\",\"logo\":{\"@type\":\"ImageObject\",\"inLanguage\":\"es\",\"@id\":\"https:\\\/\\\/shop.sleepquest.com\\\/es\\\/#\\\/schema\\\/logo\\\/image\\\/\",\"url\":\"https:\\\/\\\/shop.sleepquest.com\\\/wp-content\\\/uploads\\\/2024\\\/05\\\/fav.png\",\"contentUrl\":\"https:\\\/\\\/shop.sleepquest.com\\\/wp-content\\\/uploads\\\/2024\\\/05\\\/fav.png\",\"width\":512,\"height\":512,\"caption\":\"SleepQuest\"},\"image\":{\"@id\":\"https:\\\/\\\/shop.sleepquest.com\\\/es\\\/#\\\/schema\\\/logo\\\/image\\\/\"},\"sameAs\":[\"https:\\\/\\\/www.facebook.com\\\/sleepquest\",\"https:\\\/\\\/x.com\\\/sleepquest\"]}]}<\/script>\n<!-- \/ Yoast SEO plugin. -->","yoast_head_json":{"title":"Opus Mascarilla Nasal Fitpack - SleepQuest Online Store","robots":{"index":"index","follow":"follow","max-snippet":"max-snippet:-1","max-image-preview":"max-image-preview:large","max-video-preview":"max-video-preview:-1"},"canonical":"https:\/\/shop.sleepquest.com\/es\/productos\/opus-mascarilla-nasal-fitpack\/","og_locale":"es_ES","og_type":"article","og_title":"Opus Mascarilla Nasal Fitpack - SleepQuest Online Store","og_description":"Las redise\u00f1adas almohadillas nasales CPAP Opus 360 de Fisher &amp; Paykel con arn\u00e9s proporcionan un nuevo nivel de comodidad gracias","og_url":"https:\/\/shop.sleepquest.com\/es\/productos\/opus-mascarilla-nasal-fitpack\/","og_site_name":"SleepQuest Online Store","article_publisher":"https:\/\/www.facebook.com\/sleepquest","og_image":[{"width":500,"height":500,"url":"https:\/\/shop.sleepquest.com\/wp-content\/uploads\/2024\/05\/cx3_500x_6365b306-5232-4a05-bf48-fa2353ce0b35.jpg","type":"image\/jpeg"}],"twitter_card":"summary_large_image","twitter_site":"@sleepquest","twitter_misc":{"Tiempo de lectura":"1 minuto"},"schema":{"@context":"https:\/\/schema.org","@graph":[{"@type":"WebPage","@id":"https:\/\/shop.sleepquest.com\/es\/productos\/opus-mascarilla-nasal-fitpack\/","url":"https:\/\/shop.sleepquest.com\/es\/productos\/opus-mascarilla-nasal-fitpack\/","name":"Opus Mascarilla Nasal Fitpack - SleepQuest Online Store","isPartOf":{"@id":"https:\/\/shop.sleepquest.com\/es\/#website"},"primaryImageOfPage":{"@id":"https:\/\/shop.sleepquest.com\/es\/productos\/opus-mascarilla-nasal-fitpack\/#primaryimage"},"image":{"@id":"https:\/\/shop.sleepquest.com\/es\/productos\/opus-mascarilla-nasal-fitpack\/#primaryimage"},"thumbnailUrl":"https:\/\/shop.sleepquest.com\/wp-content\/uploads\/2024\/05\/cx3_500x_6365b306-5232-4a05-bf48-fa2353ce0b35.jpg","datePublished":"2024-05-29T12:53:25+00:00","breadcrumb":{"@id":"https:\/\/shop.sleepquest.com\/es\/productos\/opus-mascarilla-nasal-fitpack\/#breadcrumb"},"inLanguage":"es","potentialAction":[{"@type":"ReadAction","target":["https:\/\/shop.sleepquest.com\/es\/productos\/opus-mascarilla-nasal-fitpack\/"]}]},{"@type":"ImageObject","inLanguage":"es","@id":"https:\/\/shop.sleepquest.com\/es\/productos\/opus-mascarilla-nasal-fitpack\/#primaryimage","url":"https:\/\/shop.sleepquest.com\/wp-content\/uploads\/2024\/05\/cx3_500x_6365b306-5232-4a05-bf48-fa2353ce0b35.jpg","contentUrl":"https:\/\/shop.sleepquest.com\/wp-content\/uploads\/2024\/05\/cx3_500x_6365b306-5232-4a05-bf48-fa2353ce0b35.jpg","width":500,"height":500},{"@type":"BreadcrumbList","@id":"https:\/\/shop.sleepquest.com\/es\/productos\/opus-mascarilla-nasal-fitpack\/#breadcrumb","itemListElement":[{"@type":"ListItem","position":1,"name":"Home","item":"https:\/\/shop.sleepquest.com\/es\/"},{"@type":"ListItem","position":2,"name":"Todas las colecciones","item":"https:\/\/shop.sleepquest.com\/collections\/"},{"@type":"ListItem","position":3,"name":"Mascarillas CPAP nasales","item":"https:\/\/shop.sleepquest.com\/es\/colecciones\/mascarillas-cpap-nasales\/"},{"@type":"ListItem","position":4,"name":"Opus Mascarilla Nasal Fitpack"}]},{"@type":"WebSite","@id":"https:\/\/shop.sleepquest.com\/es\/#website","url":"https:\/\/shop.sleepquest.com\/es\/","name":"SleepQuest Online Store","description":"","publisher":{"@id":"https:\/\/shop.sleepquest.com\/es\/#organization"},"potentialAction":[{"@type":"SearchAction","target":{"@type":"EntryPoint","urlTemplate":"https:\/\/shop.sleepquest.com\/es\/?s={search_term_string}"},"query-input":{"@type":"PropertyValueSpecification","valueRequired":true,"valueName":"search_term_string"}}],"inLanguage":"es"},{"@type":"Organization","@id":"https:\/\/shop.sleepquest.com\/es\/#organization","name":"SleepQuest","alternateName":"SleepQuest Online Store","url":"https:\/\/shop.sleepquest.com\/es\/","logo":{"@type":"ImageObject","inLanguage":"es","@id":"https:\/\/shop.sleepquest.com\/es\/#\/schema\/logo\/image\/","url":"https:\/\/shop.sleepquest.com\/wp-content\/uploads\/2024\/05\/fav.png","contentUrl":"https:\/\/shop.sleepquest.com\/wp-content\/uploads\/2024\/05\/fav.png","width":512,"height":512,"caption":"SleepQuest"},"image":{"@id":"https:\/\/shop.sleepquest.com\/es\/#\/schema\/logo\/image\/"},"sameAs":["https:\/\/www.facebook.com\/sleepquest","https:\/\/x.com\/sleepquest"]}]}},"_links":{"self":[{"href":"https:\/\/shop.sleepquest.com\/es\/wp-json\/wp\/v2\/product\/2639","targetHints":{"allow":["GET"]}}],"collection":[{"href":"https:\/\/shop.sleepquest.com\/es\/wp-json\/wp\/v2\/product"}],"about":[{"href":"https:\/\/shop.sleepquest.com\/es\/wp-json\/wp\/v2\/types\/product"}],"replies":[{"embeddable":true,"href":"https:\/\/shop.sleepquest.com\/es\/wp-json\/wp\/v2\/comments?post=2639"}],"wp:featuredmedia":[{"embeddable":true,"href":"https:\/\/shop.sleepquest.com\/es\/wp-json\/wp\/v2\/media\/1809"}],"wp:attachment":[{"href":"https:\/\/shop.sleepquest.com\/es\/wp-json\/wp\/v2\/media?parent=2639"}],"wp:term":[{"taxonomy":"product_brand","embeddable":true,"href":"https:\/\/shop.sleepquest.com\/es\/wp-json\/wp\/v2\/product_brand?post=2639"},{"taxonomy":"product_cat","embeddable":true,"href":"https:\/\/shop.sleepquest.com\/es\/wp-json\/wp\/v2\/product_cat?post=2639"},{"taxonomy":"product_tag","embeddable":true,"href":"https:\/\/shop.sleepquest.com\/es\/wp-json\/wp\/v2\/product_tag?post=2639"}],"curies":[{"name":"wp","href":"https:\/\/api.w.org\/{rel}","templated":true}]}}