{"id":2636,"date":"2024-05-30T06:27:29","date_gmt":"2024-05-30T13:27:29","guid":{"rendered":"https:\/\/shop.sleepquest.com\/products\/resmed-aircurve-10-vauto-with-humidair-card-to-cloud\/"},"modified":"2025-02-18T13:49:47","modified_gmt":"2025-02-18T21:49:47","slug":"resmed-aircurve-10-vauto-with-humidair-card-to-cloud","status":"publish","type":"product","link":"https:\/\/shop.sleepquest.com\/es\/productos\/resmed-aircurve-10-vauto-with-humidair-card-to-cloud\/","title":{"rendered":"ResMed AirCurve\u2122 10 VAuto with HumidAir\u2122 (Card to Cloud)"},"content":{"rendered":"<p>El AirCurve 10 VAuto\u00a0Card-to-Cloud\u00a0es un dispositivo binivel de ajuste autom\u00e1tico que utiliza la comodidad tanto del algoritmo AutoSet\u2122 como de la forma de onda Easy-Breathe en su algoritmo VAuto para tratar a pacientes con apnea obstructiva del sue\u00f1o que pueden beneficiarse de un mayor soporte de presi\u00f3n.<\/p>\n<p>El AirCurve 10 VAuto ajusta la presi\u00f3n de l\u00ednea de base para mantener abiertas las v\u00edas respiratorias al tiempo que mantiene una asistencia de presi\u00f3n fija.<\/p>\n<p>La nueva m\u00e1quina\u00a0AirCurve 10 VAuto\u00a0Card-to-Cloud incluye una tarjeta SD para ayudarte a realizar un seguimiento exhaustivo de los datos sobre tu terapia de apnea del sue\u00f1o. Con la nueva tarjeta SD, dispondr\u00e1 de los datos de su apnea del sue\u00f1o, lo que le permitir\u00e1 recibir apoyo terap\u00e9utico de su m\u00e9dico y recopilar informes de cumplimiento.\u00a0<em>*Nota: El dispositivo AirSense 10 Card-to-Cloud no es compatible con ResMed MyAir App.<\/em><\/p>\n<p><strong>El precio incluye:<\/strong><\/p>\n<ul>\n<li>Dispositivo<\/li>\n<li>Humidificador integrado<\/li>\n<li>Tubo calefaccionado<\/li>\n<li>Cables<\/li>\n<li>Estuche para transportar<\/li>\n<\/ul>\n","protected":false},"excerpt":{"rendered":"<p>El AirCurve 10 VAuto\u00a0Card-to-Cloud\u00a0es un dispositivo binivel de ajuste autom\u00e1tico que utiliza la comodidad tanto del algoritmo AutoSet\u2122 como de<\/p>\n","protected":false},"featured_media":1856,"comment_status":"closed","ping_status":"closed","template":"","meta":{"_acf_changed":false},"product_brand":[],"product_cat":[152,167],"product_tag":[],"class_list":{"0":"post-2636","1":"product","2":"type-product","3":"status-publish","4":"has-post-thumbnail","6":"product_cat-maquinas-bipap","7":"product_cat-productos-resmed-es","8":"product_shipping_class-pesado","10":"first","11":"instock","12":"sale","13":"purchasable","14":"product-type-simple"},"acf":[],"yoast_head":"<!-- This site is optimized with the Yoast SEO plugin v27.5 - https:\/\/yoast.com\/product\/yoast-seo-wordpress\/ -->\n<title>ResMed AirCurve\u2122 10 VAuto with HumidAir\u2122 (Card to Cloud) - SleepQuest Online Store<\/title>\n<meta name=\"description\" content=\"El AirCurve 10 VAuto Card-to-Cloud es un dispositivo binivel de ajuste autom\u00e1tico que utiliza la comodidad tanto del algoritmo AutoSet\u2122 como de la forma de onda Easy-Breathe en su algoritmo VAuto para tratar a pacientes con apnea obstructiva del sue\u00f1o que pueden beneficiarse de un mayor soporte de presi\u00f3n.\" \/>\n<meta name=\"robots\" content=\"index, follow, max-snippet:-1, max-image-preview:large, max-video-preview:-1\" \/>\n<link rel=\"canonical\" href=\"https:\/\/shop.sleepquest.com\/es\/productos\/resmed-aircurve-10-vauto-with-humidair-card-to-cloud\/\" \/>\n<meta property=\"og:locale\" content=\"es_ES\" \/>\n<meta property=\"og:type\" content=\"article\" \/>\n<meta property=\"og:title\" content=\"ResMed AirCurve\u2122 10 VAuto with HumidAir\u2122 (Card to Cloud) - SleepQuest Online Store\" \/>\n<meta property=\"og:description\" content=\"El AirCurve 10 VAuto Card-to-Cloud es un dispositivo binivel de ajuste autom\u00e1tico que utiliza la comodidad tanto del algoritmo AutoSet\u2122 como de la forma de onda Easy-Breathe en su algoritmo VAuto para tratar a pacientes con apnea obstructiva del sue\u00f1o que pueden beneficiarse de un mayor soporte de presi\u00f3n.\" \/>\n<meta property=\"og:url\" content=\"https:\/\/shop.sleepquest.com\/es\/productos\/resmed-aircurve-10-vauto-with-humidair-card-to-cloud\/\" \/>\n<meta property=\"og:site_name\" content=\"SleepQuest Online Store\" \/>\n<meta property=\"article:publisher\" content=\"https:\/\/www.facebook.com\/sleepquest\" \/>\n<meta property=\"article:modified_time\" content=\"2025-02-18T21:49:47+00:00\" \/>\n<meta property=\"og:image\" content=\"https:\/\/shop.sleepquest.com\/wp-content\/uploads\/2024\/05\/resmed-aircurve-10-vauto-with-humidair-01.jpg\" \/>\n\t<meta property=\"og:image:width\" content=\"800\" \/>\n\t<meta property=\"og:image:height\" content=\"800\" \/>\n\t<meta property=\"og:image:type\" content=\"image\/jpeg\" \/>\n<meta name=\"twitter:card\" content=\"summary_large_image\" \/>\n<meta name=\"twitter:site\" content=\"@sleepquest\" \/>\n<meta name=\"twitter:label1\" content=\"Tiempo de lectura\" \/>\n\t<meta name=\"twitter:data1\" content=\"1 minuto\" \/>\n<script type=\"application\/ld+json\" class=\"yoast-schema-graph\">{\"@context\":\"https:\\\/\\\/schema.org\",\"@graph\":[{\"@type\":\"WebPage\",\"@id\":\"https:\\\/\\\/shop.sleepquest.com\\\/es\\\/productos\\\/resmed-aircurve-10-vauto-with-humidair-card-to-cloud\\\/\",\"url\":\"https:\\\/\\\/shop.sleepquest.com\\\/es\\\/productos\\\/resmed-aircurve-10-vauto-with-humidair-card-to-cloud\\\/\",\"name\":\"ResMed AirCurve\u2122 10 VAuto with HumidAir\u2122 (Card to Cloud) - SleepQuest Online Store\",\"isPartOf\":{\"@id\":\"https:\\\/\\\/shop.sleepquest.com\\\/es\\\/#website\"},\"primaryImageOfPage\":{\"@id\":\"https:\\\/\\\/shop.sleepquest.com\\\/es\\\/productos\\\/resmed-aircurve-10-vauto-with-humidair-card-to-cloud\\\/#primaryimage\"},\"image\":{\"@id\":\"https:\\\/\\\/shop.sleepquest.com\\\/es\\\/productos\\\/resmed-aircurve-10-vauto-with-humidair-card-to-cloud\\\/#primaryimage\"},\"thumbnailUrl\":\"https:\\\/\\\/shop.sleepquest.com\\\/wp-content\\\/uploads\\\/2024\\\/05\\\/resmed-aircurve-10-vauto-with-humidair-01.jpg\",\"datePublished\":\"2024-05-30T13:27:29+00:00\",\"dateModified\":\"2025-02-18T21:49:47+00:00\",\"description\":\"El AirCurve 10 VAuto Card-to-Cloud es un dispositivo binivel de ajuste autom\u00e1tico que utiliza la comodidad tanto del algoritmo AutoSet\u2122 como de la forma de onda Easy-Breathe en su algoritmo VAuto para tratar a pacientes con apnea obstructiva del sue\u00f1o que pueden beneficiarse de un mayor soporte de presi\u00f3n.\",\"breadcrumb\":{\"@id\":\"https:\\\/\\\/shop.sleepquest.com\\\/es\\\/productos\\\/resmed-aircurve-10-vauto-with-humidair-card-to-cloud\\\/#breadcrumb\"},\"inLanguage\":\"es\",\"potentialAction\":[{\"@type\":\"ReadAction\",\"target\":[\"https:\\\/\\\/shop.sleepquest.com\\\/es\\\/productos\\\/resmed-aircurve-10-vauto-with-humidair-card-to-cloud\\\/\"]}]},{\"@type\":\"ImageObject\",\"inLanguage\":\"es\",\"@id\":\"https:\\\/\\\/shop.sleepquest.com\\\/es\\\/productos\\\/resmed-aircurve-10-vauto-with-humidair-card-to-cloud\\\/#primaryimage\",\"url\":\"https:\\\/\\\/shop.sleepquest.com\\\/wp-content\\\/uploads\\\/2024\\\/05\\\/resmed-aircurve-10-vauto-with-humidair-01.jpg\",\"contentUrl\":\"https:\\\/\\\/shop.sleepquest.com\\\/wp-content\\\/uploads\\\/2024\\\/05\\\/resmed-aircurve-10-vauto-with-humidair-01.jpg\",\"width\":800,\"height\":800},{\"@type\":\"BreadcrumbList\",\"@id\":\"https:\\\/\\\/shop.sleepquest.com\\\/es\\\/productos\\\/resmed-aircurve-10-vauto-with-humidair-card-to-cloud\\\/#breadcrumb\",\"itemListElement\":[{\"@type\":\"ListItem\",\"position\":1,\"name\":\"Home\",\"item\":\"https:\\\/\\\/shop.sleepquest.com\\\/es\\\/\"},{\"@type\":\"ListItem\",\"position\":2,\"name\":\"Todas las colecciones\",\"item\":\"https:\\\/\\\/shop.sleepquest.com\\\/collections\\\/\"},{\"@type\":\"ListItem\",\"position\":3,\"name\":\"Productos ResMed\",\"item\":\"https:\\\/\\\/shop.sleepquest.com\\\/es\\\/colecciones\\\/productos-resmed-es\\\/\"},{\"@type\":\"ListItem\",\"position\":4,\"name\":\"ResMed AirCurve\u2122 10 VAuto with HumidAir\u2122 (Card to Cloud)\"}]},{\"@type\":\"WebSite\",\"@id\":\"https:\\\/\\\/shop.sleepquest.com\\\/es\\\/#website\",\"url\":\"https:\\\/\\\/shop.sleepquest.com\\\/es\\\/\",\"name\":\"SleepQuest Online Store\",\"description\":\"\",\"publisher\":{\"@id\":\"https:\\\/\\\/shop.sleepquest.com\\\/es\\\/#organization\"},\"potentialAction\":[{\"@type\":\"SearchAction\",\"target\":{\"@type\":\"EntryPoint\",\"urlTemplate\":\"https:\\\/\\\/shop.sleepquest.com\\\/es\\\/?s={search_term_string}\"},\"query-input\":{\"@type\":\"PropertyValueSpecification\",\"valueRequired\":true,\"valueName\":\"search_term_string\"}}],\"inLanguage\":\"es\"},{\"@type\":\"Organization\",\"@id\":\"https:\\\/\\\/shop.sleepquest.com\\\/es\\\/#organization\",\"name\":\"SleepQuest\",\"alternateName\":\"SleepQuest Online Store\",\"url\":\"https:\\\/\\\/shop.sleepquest.com\\\/es\\\/\",\"logo\":{\"@type\":\"ImageObject\",\"inLanguage\":\"es\",\"@id\":\"https:\\\/\\\/shop.sleepquest.com\\\/es\\\/#\\\/schema\\\/logo\\\/image\\\/\",\"url\":\"https:\\\/\\\/shop.sleepquest.com\\\/wp-content\\\/uploads\\\/2024\\\/05\\\/fav.png\",\"contentUrl\":\"https:\\\/\\\/shop.sleepquest.com\\\/wp-content\\\/uploads\\\/2024\\\/05\\\/fav.png\",\"width\":512,\"height\":512,\"caption\":\"SleepQuest\"},\"image\":{\"@id\":\"https:\\\/\\\/shop.sleepquest.com\\\/es\\\/#\\\/schema\\\/logo\\\/image\\\/\"},\"sameAs\":[\"https:\\\/\\\/www.facebook.com\\\/sleepquest\",\"https:\\\/\\\/x.com\\\/sleepquest\"]}]}<\/script>\n<!-- \/ Yoast SEO plugin. -->","yoast_head_json":{"title":"ResMed AirCurve\u2122 10 VAuto with HumidAir\u2122 (Card to Cloud) - SleepQuest Online Store","description":"El AirCurve 10 VAuto Card-to-Cloud es un dispositivo binivel de ajuste autom\u00e1tico que utiliza la comodidad tanto del algoritmo AutoSet\u2122 como de la forma de onda Easy-Breathe en su algoritmo VAuto para tratar a pacientes con apnea obstructiva del sue\u00f1o que pueden beneficiarse de un mayor soporte de presi\u00f3n.","robots":{"index":"index","follow":"follow","max-snippet":"max-snippet:-1","max-image-preview":"max-image-preview:large","max-video-preview":"max-video-preview:-1"},"canonical":"https:\/\/shop.sleepquest.com\/es\/productos\/resmed-aircurve-10-vauto-with-humidair-card-to-cloud\/","og_locale":"es_ES","og_type":"article","og_title":"ResMed AirCurve\u2122 10 VAuto with HumidAir\u2122 (Card to Cloud) - SleepQuest Online Store","og_description":"El AirCurve 10 VAuto Card-to-Cloud es un dispositivo binivel de ajuste autom\u00e1tico que utiliza la comodidad tanto del algoritmo AutoSet\u2122 como de la forma de onda Easy-Breathe en su algoritmo VAuto para tratar a pacientes con apnea obstructiva del sue\u00f1o que pueden beneficiarse de un mayor soporte de presi\u00f3n.","og_url":"https:\/\/shop.sleepquest.com\/es\/productos\/resmed-aircurve-10-vauto-with-humidair-card-to-cloud\/","og_site_name":"SleepQuest Online Store","article_publisher":"https:\/\/www.facebook.com\/sleepquest","article_modified_time":"2025-02-18T21:49:47+00:00","og_image":[{"width":800,"height":800,"url":"https:\/\/shop.sleepquest.com\/wp-content\/uploads\/2024\/05\/resmed-aircurve-10-vauto-with-humidair-01.jpg","type":"image\/jpeg"}],"twitter_card":"summary_large_image","twitter_site":"@sleepquest","twitter_misc":{"Tiempo de lectura":"1 minuto"},"schema":{"@context":"https:\/\/schema.org","@graph":[{"@type":"WebPage","@id":"https:\/\/shop.sleepquest.com\/es\/productos\/resmed-aircurve-10-vauto-with-humidair-card-to-cloud\/","url":"https:\/\/shop.sleepquest.com\/es\/productos\/resmed-aircurve-10-vauto-with-humidair-card-to-cloud\/","name":"ResMed AirCurve\u2122 10 VAuto with HumidAir\u2122 (Card to Cloud) - SleepQuest Online Store","isPartOf":{"@id":"https:\/\/shop.sleepquest.com\/es\/#website"},"primaryImageOfPage":{"@id":"https:\/\/shop.sleepquest.com\/es\/productos\/resmed-aircurve-10-vauto-with-humidair-card-to-cloud\/#primaryimage"},"image":{"@id":"https:\/\/shop.sleepquest.com\/es\/productos\/resmed-aircurve-10-vauto-with-humidair-card-to-cloud\/#primaryimage"},"thumbnailUrl":"https:\/\/shop.sleepquest.com\/wp-content\/uploads\/2024\/05\/resmed-aircurve-10-vauto-with-humidair-01.jpg","datePublished":"2024-05-30T13:27:29+00:00","dateModified":"2025-02-18T21:49:47+00:00","description":"El AirCurve 10 VAuto Card-to-Cloud es un dispositivo binivel de ajuste autom\u00e1tico que utiliza la comodidad tanto del algoritmo AutoSet\u2122 como de la forma de onda Easy-Breathe en su algoritmo VAuto para tratar a pacientes con apnea obstructiva del sue\u00f1o que pueden beneficiarse de un mayor soporte de presi\u00f3n.","breadcrumb":{"@id":"https:\/\/shop.sleepquest.com\/es\/productos\/resmed-aircurve-10-vauto-with-humidair-card-to-cloud\/#breadcrumb"},"inLanguage":"es","potentialAction":[{"@type":"ReadAction","target":["https:\/\/shop.sleepquest.com\/es\/productos\/resmed-aircurve-10-vauto-with-humidair-card-to-cloud\/"]}]},{"@type":"ImageObject","inLanguage":"es","@id":"https:\/\/shop.sleepquest.com\/es\/productos\/resmed-aircurve-10-vauto-with-humidair-card-to-cloud\/#primaryimage","url":"https:\/\/shop.sleepquest.com\/wp-content\/uploads\/2024\/05\/resmed-aircurve-10-vauto-with-humidair-01.jpg","contentUrl":"https:\/\/shop.sleepquest.com\/wp-content\/uploads\/2024\/05\/resmed-aircurve-10-vauto-with-humidair-01.jpg","width":800,"height":800},{"@type":"BreadcrumbList","@id":"https:\/\/shop.sleepquest.com\/es\/productos\/resmed-aircurve-10-vauto-with-humidair-card-to-cloud\/#breadcrumb","itemListElement":[{"@type":"ListItem","position":1,"name":"Home","item":"https:\/\/shop.sleepquest.com\/es\/"},{"@type":"ListItem","position":2,"name":"Todas las colecciones","item":"https:\/\/shop.sleepquest.com\/collections\/"},{"@type":"ListItem","position":3,"name":"Productos ResMed","item":"https:\/\/shop.sleepquest.com\/es\/colecciones\/productos-resmed-es\/"},{"@type":"ListItem","position":4,"name":"ResMed AirCurve\u2122 10 VAuto with HumidAir\u2122 (Card to Cloud)"}]},{"@type":"WebSite","@id":"https:\/\/shop.sleepquest.com\/es\/#website","url":"https:\/\/shop.sleepquest.com\/es\/","name":"SleepQuest Online Store","description":"","publisher":{"@id":"https:\/\/shop.sleepquest.com\/es\/#organization"},"potentialAction":[{"@type":"SearchAction","target":{"@type":"EntryPoint","urlTemplate":"https:\/\/shop.sleepquest.com\/es\/?s={search_term_string}"},"query-input":{"@type":"PropertyValueSpecification","valueRequired":true,"valueName":"search_term_string"}}],"inLanguage":"es"},{"@type":"Organization","@id":"https:\/\/shop.sleepquest.com\/es\/#organization","name":"SleepQuest","alternateName":"SleepQuest Online Store","url":"https:\/\/shop.sleepquest.com\/es\/","logo":{"@type":"ImageObject","inLanguage":"es","@id":"https:\/\/shop.sleepquest.com\/es\/#\/schema\/logo\/image\/","url":"https:\/\/shop.sleepquest.com\/wp-content\/uploads\/2024\/05\/fav.png","contentUrl":"https:\/\/shop.sleepquest.com\/wp-content\/uploads\/2024\/05\/fav.png","width":512,"height":512,"caption":"SleepQuest"},"image":{"@id":"https:\/\/shop.sleepquest.com\/es\/#\/schema\/logo\/image\/"},"sameAs":["https:\/\/www.facebook.com\/sleepquest","https:\/\/x.com\/sleepquest"]}]}},"_links":{"self":[{"href":"https:\/\/shop.sleepquest.com\/es\/wp-json\/wp\/v2\/product\/2636","targetHints":{"allow":["GET"]}}],"collection":[{"href":"https:\/\/shop.sleepquest.com\/es\/wp-json\/wp\/v2\/product"}],"about":[{"href":"https:\/\/shop.sleepquest.com\/es\/wp-json\/wp\/v2\/types\/product"}],"replies":[{"embeddable":true,"href":"https:\/\/shop.sleepquest.com\/es\/wp-json\/wp\/v2\/comments?post=2636"}],"wp:featuredmedia":[{"embeddable":true,"href":"https:\/\/shop.sleepquest.com\/es\/wp-json\/wp\/v2\/media\/1856"}],"wp:attachment":[{"href":"https:\/\/shop.sleepquest.com\/es\/wp-json\/wp\/v2\/media?parent=2636"}],"wp:term":[{"taxonomy":"product_brand","embeddable":true,"href":"https:\/\/shop.sleepquest.com\/es\/wp-json\/wp\/v2\/product_brand?post=2636"},{"taxonomy":"product_cat","embeddable":true,"href":"https:\/\/shop.sleepquest.com\/es\/wp-json\/wp\/v2\/product_cat?post=2636"},{"taxonomy":"product_tag","embeddable":true,"href":"https:\/\/shop.sleepquest.com\/es\/wp-json\/wp\/v2\/product_tag?post=2636"}],"curies":[{"name":"wp","href":"https:\/\/api.w.org\/{rel}","templated":true}]}}