{"id":2633,"date":"2024-05-31T09:35:14","date_gmt":"2024-05-31T09:35:14","guid":{"rendered":"https:\/\/shop.sleepquest.com\/products\/resp-premium-chin-strap\/"},"modified":"2025-11-18T12:45:32","modified_gmt":"2025-11-18T20:45:32","slug":"resp-premium-chin-strap","status":"publish","type":"product","link":"https:\/\/shop.sleepquest.com\/es\/productos\/resp-premium-chin-strap\/","title":{"rendered":"RESP Premium Chin Strap"},"content":{"rendered":"<p><strong>Caracter\u00edsticas y Beneficios de la Faja Mentonera de primera calidad de Respironics:<\/strong><\/p>\n<ul>\n<li>Materiales de primera calidad para un producto de primera calidad<\/li>\n<li>La faja mentonera para CPAP proporciona sost\u00e9n extra a su m\u00e1scara de CPAP<\/li>\n<li>El mantenimiento b\u00e1sico hace que la limpieza sea muy f\u00e1cil<\/li>\n<\/ul>\n<p><strong>Materiales de primera calidad para un producto de primera calidad<\/strong><\/p>\n<p>La faja mentonera de primera calidad de Respironics est\u00e1 hecha de lycra, espuma de poli\u00e9ster y Velstretch para un calce mullido y confortable.<\/p>\n<p><strong>Deje de respirar por la boca y quite tensi\u00f3n innecesaria<\/strong><\/p>\n<p>Si tiene problemas porque accidentalmente respira por la boca mientras est\u00e1 usando su m\u00e1scara facial, esta faja mentonera de primera calidad de Respironics puede hacer que sus trastornos de sue\u00f1o porque respira por la boca o ronca nunca m\u00e1s vuelvan a alterar su terapia con CPAP. En lugar de preocuparse por otro escape de aire por la boca, el arco para la cabeza se combina con la mentonera para aplicar una presi\u00f3n delicada en \u00e1ngulo vertical, asegurando que su terapia para la apnea del sue\u00f1o sea reposada y eficaz.<\/p>\n<p>Tambi\u00e9n viene con una correa de soporte ajustable que se fija con Velcro para darle a su arco para la cabeza la ajustabilidad que necesita para una terapia del sue\u00f1o exitosa.<\/p>\n<p><strong>El mantenimiento b\u00e1sico hace que la limpieza sea muy f\u00e1cil<\/strong><\/p>\n<p>El cuidado de este producto es simple: l\u00e1velo a mano semanalmente con agua tibia y un detergente suave.<\/p>\n","protected":false},"excerpt":{"rendered":"<p>Caracter\u00edsticas y Beneficios de la Faja Mentonera de primera calidad de Respironics: Materiales de primera calidad para un producto de<\/p>\n","protected":false},"featured_media":1896,"comment_status":"closed","ping_status":"closed","template":"","meta":{"_acf_changed":false},"product_brand":[],"product_cat":[153,160,161,178],"product_tag":[],"class_list":{"0":"post-2633","1":"product","2":"type-product","3":"status-publish","4":"has-post-thumbnail","6":"product_cat-accesorios-para-cpap","7":"product_cat-correas-de-la-barbilla","8":"product_cat-productos-de-confort","9":"product_cat-productos-respironics","11":"first","12":"instock","13":"purchasable","14":"product-type-simple"},"acf":[],"yoast_head":"<!-- This site is optimized with the Yoast SEO plugin v27.4 - https:\/\/yoast.com\/product\/yoast-seo-wordpress\/ -->\n<title>RESP Premium Chin Strap - SleepQuest Online Store<\/title>\n<meta name=\"description\" content=\"Materiales de primera calidad para un producto de primera calidad\" \/>\n<meta name=\"robots\" content=\"index, follow, max-snippet:-1, max-image-preview:large, max-video-preview:-1\" \/>\n<link rel=\"canonical\" href=\"https:\/\/shop.sleepquest.com\/es\/productos\/resp-premium-chin-strap\/\" \/>\n<meta property=\"og:locale\" content=\"es_ES\" \/>\n<meta property=\"og:type\" content=\"article\" \/>\n<meta property=\"og:title\" content=\"RESP Premium Chin Strap - SleepQuest Online Store\" \/>\n<meta property=\"og:description\" content=\"Materiales de primera calidad para un producto de primera calidad\" \/>\n<meta property=\"og:url\" content=\"https:\/\/shop.sleepquest.com\/es\/productos\/resp-premium-chin-strap\/\" \/>\n<meta property=\"og:site_name\" content=\"SleepQuest Online Store\" \/>\n<meta property=\"article:publisher\" content=\"https:\/\/www.facebook.com\/sleepquest\" \/>\n<meta property=\"article:modified_time\" content=\"2025-11-18T20:45:32+00:00\" \/>\n<meta property=\"og:image\" content=\"https:\/\/shop.sleepquest.com\/wp-content\/uploads\/2024\/05\/premium-chin-strap-01.jpg\" \/>\n\t<meta property=\"og:image:width\" content=\"600\" \/>\n\t<meta property=\"og:image:height\" content=\"800\" \/>\n\t<meta property=\"og:image:type\" content=\"image\/jpeg\" \/>\n<meta name=\"twitter:card\" content=\"summary_large_image\" \/>\n<meta name=\"twitter:site\" content=\"@sleepquest\" \/>\n<meta name=\"twitter:label1\" content=\"Tiempo de lectura\" \/>\n\t<meta name=\"twitter:data1\" content=\"1 minuto\" \/>\n<script type=\"application\/ld+json\" class=\"yoast-schema-graph\">{\"@context\":\"https:\\\/\\\/schema.org\",\"@graph\":[{\"@type\":\"WebPage\",\"@id\":\"https:\\\/\\\/shop.sleepquest.com\\\/es\\\/productos\\\/resp-premium-chin-strap\\\/\",\"url\":\"https:\\\/\\\/shop.sleepquest.com\\\/es\\\/productos\\\/resp-premium-chin-strap\\\/\",\"name\":\"RESP Premium Chin Strap - SleepQuest Online Store\",\"isPartOf\":{\"@id\":\"https:\\\/\\\/shop.sleepquest.com\\\/es\\\/#website\"},\"primaryImageOfPage\":{\"@id\":\"https:\\\/\\\/shop.sleepquest.com\\\/es\\\/productos\\\/resp-premium-chin-strap\\\/#primaryimage\"},\"image\":{\"@id\":\"https:\\\/\\\/shop.sleepquest.com\\\/es\\\/productos\\\/resp-premium-chin-strap\\\/#primaryimage\"},\"thumbnailUrl\":\"https:\\\/\\\/shop.sleepquest.com\\\/wp-content\\\/uploads\\\/2024\\\/05\\\/premium-chin-strap-01.jpg\",\"datePublished\":\"2024-05-31T09:35:14+00:00\",\"dateModified\":\"2025-11-18T20:45:32+00:00\",\"description\":\"Materiales de primera calidad para un producto de primera calidad\",\"breadcrumb\":{\"@id\":\"https:\\\/\\\/shop.sleepquest.com\\\/es\\\/productos\\\/resp-premium-chin-strap\\\/#breadcrumb\"},\"inLanguage\":\"es\",\"potentialAction\":[{\"@type\":\"ReadAction\",\"target\":[\"https:\\\/\\\/shop.sleepquest.com\\\/es\\\/productos\\\/resp-premium-chin-strap\\\/\"]}]},{\"@type\":\"ImageObject\",\"inLanguage\":\"es\",\"@id\":\"https:\\\/\\\/shop.sleepquest.com\\\/es\\\/productos\\\/resp-premium-chin-strap\\\/#primaryimage\",\"url\":\"https:\\\/\\\/shop.sleepquest.com\\\/wp-content\\\/uploads\\\/2024\\\/05\\\/premium-chin-strap-01.jpg\",\"contentUrl\":\"https:\\\/\\\/shop.sleepquest.com\\\/wp-content\\\/uploads\\\/2024\\\/05\\\/premium-chin-strap-01.jpg\",\"width\":600,\"height\":800},{\"@type\":\"BreadcrumbList\",\"@id\":\"https:\\\/\\\/shop.sleepquest.com\\\/es\\\/productos\\\/resp-premium-chin-strap\\\/#breadcrumb\",\"itemListElement\":[{\"@type\":\"ListItem\",\"position\":1,\"name\":\"Home\",\"item\":\"https:\\\/\\\/shop.sleepquest.com\\\/es\\\/\"},{\"@type\":\"ListItem\",\"position\":2,\"name\":\"Todas las colecciones\",\"item\":\"https:\\\/\\\/shop.sleepquest.com\\\/collections\\\/\"},{\"@type\":\"ListItem\",\"position\":3,\"name\":\"Correas de la barbilla\",\"item\":\"https:\\\/\\\/shop.sleepquest.com\\\/es\\\/colecciones\\\/correas-de-la-barbilla\\\/\"},{\"@type\":\"ListItem\",\"position\":4,\"name\":\"RESP Premium Chin Strap\"}]},{\"@type\":\"WebSite\",\"@id\":\"https:\\\/\\\/shop.sleepquest.com\\\/es\\\/#website\",\"url\":\"https:\\\/\\\/shop.sleepquest.com\\\/es\\\/\",\"name\":\"SleepQuest Online Store\",\"description\":\"\",\"publisher\":{\"@id\":\"https:\\\/\\\/shop.sleepquest.com\\\/es\\\/#organization\"},\"potentialAction\":[{\"@type\":\"SearchAction\",\"target\":{\"@type\":\"EntryPoint\",\"urlTemplate\":\"https:\\\/\\\/shop.sleepquest.com\\\/es\\\/?s={search_term_string}\"},\"query-input\":{\"@type\":\"PropertyValueSpecification\",\"valueRequired\":true,\"valueName\":\"search_term_string\"}}],\"inLanguage\":\"es\"},{\"@type\":\"Organization\",\"@id\":\"https:\\\/\\\/shop.sleepquest.com\\\/es\\\/#organization\",\"name\":\"SleepQuest\",\"alternateName\":\"SleepQuest Online Store\",\"url\":\"https:\\\/\\\/shop.sleepquest.com\\\/es\\\/\",\"logo\":{\"@type\":\"ImageObject\",\"inLanguage\":\"es\",\"@id\":\"https:\\\/\\\/shop.sleepquest.com\\\/es\\\/#\\\/schema\\\/logo\\\/image\\\/\",\"url\":\"https:\\\/\\\/shop.sleepquest.com\\\/wp-content\\\/uploads\\\/2024\\\/05\\\/fav.png\",\"contentUrl\":\"https:\\\/\\\/shop.sleepquest.com\\\/wp-content\\\/uploads\\\/2024\\\/05\\\/fav.png\",\"width\":512,\"height\":512,\"caption\":\"SleepQuest\"},\"image\":{\"@id\":\"https:\\\/\\\/shop.sleepquest.com\\\/es\\\/#\\\/schema\\\/logo\\\/image\\\/\"},\"sameAs\":[\"https:\\\/\\\/www.facebook.com\\\/sleepquest\",\"https:\\\/\\\/x.com\\\/sleepquest\"]}]}<\/script>\n<!-- \/ Yoast SEO plugin. -->","yoast_head_json":{"title":"RESP Premium Chin Strap - SleepQuest Online Store","description":"Materiales de primera calidad para un producto de primera calidad","robots":{"index":"index","follow":"follow","max-snippet":"max-snippet:-1","max-image-preview":"max-image-preview:large","max-video-preview":"max-video-preview:-1"},"canonical":"https:\/\/shop.sleepquest.com\/es\/productos\/resp-premium-chin-strap\/","og_locale":"es_ES","og_type":"article","og_title":"RESP Premium Chin Strap - SleepQuest Online Store","og_description":"Materiales de primera calidad para un producto de primera calidad","og_url":"https:\/\/shop.sleepquest.com\/es\/productos\/resp-premium-chin-strap\/","og_site_name":"SleepQuest Online Store","article_publisher":"https:\/\/www.facebook.com\/sleepquest","article_modified_time":"2025-11-18T20:45:32+00:00","og_image":[{"width":600,"height":800,"url":"https:\/\/shop.sleepquest.com\/wp-content\/uploads\/2024\/05\/premium-chin-strap-01.jpg","type":"image\/jpeg"}],"twitter_card":"summary_large_image","twitter_site":"@sleepquest","twitter_misc":{"Tiempo de lectura":"1 minuto"},"schema":{"@context":"https:\/\/schema.org","@graph":[{"@type":"WebPage","@id":"https:\/\/shop.sleepquest.com\/es\/productos\/resp-premium-chin-strap\/","url":"https:\/\/shop.sleepquest.com\/es\/productos\/resp-premium-chin-strap\/","name":"RESP Premium Chin Strap - SleepQuest Online Store","isPartOf":{"@id":"https:\/\/shop.sleepquest.com\/es\/#website"},"primaryImageOfPage":{"@id":"https:\/\/shop.sleepquest.com\/es\/productos\/resp-premium-chin-strap\/#primaryimage"},"image":{"@id":"https:\/\/shop.sleepquest.com\/es\/productos\/resp-premium-chin-strap\/#primaryimage"},"thumbnailUrl":"https:\/\/shop.sleepquest.com\/wp-content\/uploads\/2024\/05\/premium-chin-strap-01.jpg","datePublished":"2024-05-31T09:35:14+00:00","dateModified":"2025-11-18T20:45:32+00:00","description":"Materiales de primera calidad para un producto de primera calidad","breadcrumb":{"@id":"https:\/\/shop.sleepquest.com\/es\/productos\/resp-premium-chin-strap\/#breadcrumb"},"inLanguage":"es","potentialAction":[{"@type":"ReadAction","target":["https:\/\/shop.sleepquest.com\/es\/productos\/resp-premium-chin-strap\/"]}]},{"@type":"ImageObject","inLanguage":"es","@id":"https:\/\/shop.sleepquest.com\/es\/productos\/resp-premium-chin-strap\/#primaryimage","url":"https:\/\/shop.sleepquest.com\/wp-content\/uploads\/2024\/05\/premium-chin-strap-01.jpg","contentUrl":"https:\/\/shop.sleepquest.com\/wp-content\/uploads\/2024\/05\/premium-chin-strap-01.jpg","width":600,"height":800},{"@type":"BreadcrumbList","@id":"https:\/\/shop.sleepquest.com\/es\/productos\/resp-premium-chin-strap\/#breadcrumb","itemListElement":[{"@type":"ListItem","position":1,"name":"Home","item":"https:\/\/shop.sleepquest.com\/es\/"},{"@type":"ListItem","position":2,"name":"Todas las colecciones","item":"https:\/\/shop.sleepquest.com\/collections\/"},{"@type":"ListItem","position":3,"name":"Correas de la barbilla","item":"https:\/\/shop.sleepquest.com\/es\/colecciones\/correas-de-la-barbilla\/"},{"@type":"ListItem","position":4,"name":"RESP Premium Chin Strap"}]},{"@type":"WebSite","@id":"https:\/\/shop.sleepquest.com\/es\/#website","url":"https:\/\/shop.sleepquest.com\/es\/","name":"SleepQuest Online Store","description":"","publisher":{"@id":"https:\/\/shop.sleepquest.com\/es\/#organization"},"potentialAction":[{"@type":"SearchAction","target":{"@type":"EntryPoint","urlTemplate":"https:\/\/shop.sleepquest.com\/es\/?s={search_term_string}"},"query-input":{"@type":"PropertyValueSpecification","valueRequired":true,"valueName":"search_term_string"}}],"inLanguage":"es"},{"@type":"Organization","@id":"https:\/\/shop.sleepquest.com\/es\/#organization","name":"SleepQuest","alternateName":"SleepQuest Online Store","url":"https:\/\/shop.sleepquest.com\/es\/","logo":{"@type":"ImageObject","inLanguage":"es","@id":"https:\/\/shop.sleepquest.com\/es\/#\/schema\/logo\/image\/","url":"https:\/\/shop.sleepquest.com\/wp-content\/uploads\/2024\/05\/fav.png","contentUrl":"https:\/\/shop.sleepquest.com\/wp-content\/uploads\/2024\/05\/fav.png","width":512,"height":512,"caption":"SleepQuest"},"image":{"@id":"https:\/\/shop.sleepquest.com\/es\/#\/schema\/logo\/image\/"},"sameAs":["https:\/\/www.facebook.com\/sleepquest","https:\/\/x.com\/sleepquest"]}]}},"_links":{"self":[{"href":"https:\/\/shop.sleepquest.com\/es\/wp-json\/wp\/v2\/product\/2633","targetHints":{"allow":["GET"]}}],"collection":[{"href":"https:\/\/shop.sleepquest.com\/es\/wp-json\/wp\/v2\/product"}],"about":[{"href":"https:\/\/shop.sleepquest.com\/es\/wp-json\/wp\/v2\/types\/product"}],"replies":[{"embeddable":true,"href":"https:\/\/shop.sleepquest.com\/es\/wp-json\/wp\/v2\/comments?post=2633"}],"wp:featuredmedia":[{"embeddable":true,"href":"https:\/\/shop.sleepquest.com\/es\/wp-json\/wp\/v2\/media\/1896"}],"wp:attachment":[{"href":"https:\/\/shop.sleepquest.com\/es\/wp-json\/wp\/v2\/media?parent=2633"}],"wp:term":[{"taxonomy":"product_brand","embeddable":true,"href":"https:\/\/shop.sleepquest.com\/es\/wp-json\/wp\/v2\/product_brand?post=2633"},{"taxonomy":"product_cat","embeddable":true,"href":"https:\/\/shop.sleepquest.com\/es\/wp-json\/wp\/v2\/product_cat?post=2633"},{"taxonomy":"product_tag","embeddable":true,"href":"https:\/\/shop.sleepquest.com\/es\/wp-json\/wp\/v2\/product_tag?post=2633"}],"curies":[{"name":"wp","href":"https:\/\/api.w.org\/{rel}","templated":true}]}}