{"id":2627,"date":"2024-06-06T08:59:34","date_gmt":"2024-06-06T15:59:34","guid":{"rendered":"https:\/\/shop.sleepquest.com\/products\/tubing-10-climatelineair\/"},"modified":"2024-10-24T11:47:32","modified_gmt":"2024-10-24T18:47:32","slug":"tubing-10-climatelineair","status":"publish","type":"product","link":"https:\/\/shop.sleepquest.com\/es\/productos\/tubing-10-climatelineair\/","title":{"rendered":"TUBING-10 ClimateLineAir\u2122"},"content":{"rendered":"<p>Tubo calefaccionado para las l\u00edneas de productos AirSense\u2122 10 y AirCurve\u2122 10 de ResMed.<\/p>\n<p>Agregue un tubo calefaccionado ClimateLineAir al sistema de terapia de su paciente para a\u00fan m\u00e1s confort. El tubo ClimateLineAir forma parte de la soluci\u00f3n de Control Clim\u00e1tico de ResMed para las series Lumis\u2122, AirSense\u2122 10 y AirCurve\u2122 10 de dispositivos. Est\u00e1 dise\u00f1ado para mantener la temperatura del aire humidificado a medida que pasa por el tubo. ClimateLineAir Oxy es una variante del ClimateLineAir que viene con un conector de ox\u00edgeno incorporado para pacientes que requieren de ox\u00edgeno complementario. ClimateLineAir Oxy tiene 19 mm de di\u00e1metro.<\/p>\n","protected":false},"excerpt":{"rendered":"<p>Tubo calefaccionado para las l\u00edneas de productos AirSense\u2122 10 y AirCurve\u2122 10 de ResMed. Agregue un tubo calefaccionado ClimateLineAir al<\/p>\n","protected":false},"featured_media":1928,"comment_status":"closed","ping_status":"closed","template":"","meta":{"_acf_changed":false},"product_brand":[],"product_cat":[177,167,159],"product_tag":[],"class_list":{"0":"post-2627","1":"product","2":"type-product","3":"status-publish","4":"has-post-thumbnail","6":"product_cat-articulos-sin-receta","7":"product_cat-productos-resmed-es","8":"product_cat-tubo-cpap","10":"first","11":"instock","12":"purchasable","13":"product-type-simple"},"acf":[],"yoast_head":"<!-- This site is optimized with the Yoast SEO plugin v27.4 - https:\/\/yoast.com\/product\/yoast-seo-wordpress\/ -->\n<title>TUBING-10 ClimateLineAir\u2122 - SleepQuest Online Store<\/title>\n<meta name=\"description\" content=\"Tubo calefaccionado para las l\u00edneas de productos AirSense\u2122 10 y AirCurve\u2122 10 de ResMed.\" \/>\n<meta name=\"robots\" content=\"index, follow, max-snippet:-1, max-image-preview:large, max-video-preview:-1\" \/>\n<link rel=\"canonical\" href=\"https:\/\/shop.sleepquest.com\/es\/productos\/tubing-10-climatelineair\/\" \/>\n<meta property=\"og:locale\" content=\"es_ES\" \/>\n<meta property=\"og:type\" content=\"article\" \/>\n<meta property=\"og:title\" content=\"TUBING-10 ClimateLineAir\u2122 - SleepQuest Online Store\" \/>\n<meta property=\"og:description\" content=\"Tubo calefaccionado para las l\u00edneas de productos AirSense\u2122 10 y AirCurve\u2122 10 de ResMed.\" \/>\n<meta property=\"og:url\" content=\"https:\/\/shop.sleepquest.com\/es\/productos\/tubing-10-climatelineair\/\" \/>\n<meta property=\"og:site_name\" content=\"SleepQuest Online Store\" \/>\n<meta property=\"article:publisher\" content=\"https:\/\/www.facebook.com\/sleepquest\" \/>\n<meta property=\"article:modified_time\" content=\"2024-10-24T18:47:32+00:00\" \/>\n<meta property=\"og:image\" content=\"https:\/\/shop.sleepquest.com\/wp-content\/uploads\/2024\/06\/climatelineair-tubing-01.jpg\" \/>\n\t<meta property=\"og:image:width\" content=\"600\" \/>\n\t<meta property=\"og:image:height\" content=\"600\" \/>\n\t<meta property=\"og:image:type\" content=\"image\/jpeg\" \/>\n<meta name=\"twitter:card\" content=\"summary_large_image\" \/>\n<meta name=\"twitter:site\" content=\"@sleepquest\" \/>\n<meta name=\"twitter:label1\" content=\"Tiempo de lectura\" \/>\n\t<meta name=\"twitter:data1\" content=\"1 minuto\" \/>\n<script type=\"application\/ld+json\" class=\"yoast-schema-graph\">{\"@context\":\"https:\\\/\\\/schema.org\",\"@graph\":[{\"@type\":\"WebPage\",\"@id\":\"https:\\\/\\\/shop.sleepquest.com\\\/es\\\/productos\\\/tubing-10-climatelineair\\\/\",\"url\":\"https:\\\/\\\/shop.sleepquest.com\\\/es\\\/productos\\\/tubing-10-climatelineair\\\/\",\"name\":\"TUBING-10 ClimateLineAir\u2122 - SleepQuest Online Store\",\"isPartOf\":{\"@id\":\"https:\\\/\\\/shop.sleepquest.com\\\/es\\\/#website\"},\"primaryImageOfPage\":{\"@id\":\"https:\\\/\\\/shop.sleepquest.com\\\/es\\\/productos\\\/tubing-10-climatelineair\\\/#primaryimage\"},\"image\":{\"@id\":\"https:\\\/\\\/shop.sleepquest.com\\\/es\\\/productos\\\/tubing-10-climatelineair\\\/#primaryimage\"},\"thumbnailUrl\":\"https:\\\/\\\/shop.sleepquest.com\\\/wp-content\\\/uploads\\\/2024\\\/06\\\/climatelineair-tubing-01.jpg\",\"datePublished\":\"2024-06-06T15:59:34+00:00\",\"dateModified\":\"2024-10-24T18:47:32+00:00\",\"description\":\"Tubo calefaccionado para las l\u00edneas de productos AirSense\u2122 10 y AirCurve\u2122 10 de ResMed.\",\"breadcrumb\":{\"@id\":\"https:\\\/\\\/shop.sleepquest.com\\\/es\\\/productos\\\/tubing-10-climatelineair\\\/#breadcrumb\"},\"inLanguage\":\"es\",\"potentialAction\":[{\"@type\":\"ReadAction\",\"target\":[\"https:\\\/\\\/shop.sleepquest.com\\\/es\\\/productos\\\/tubing-10-climatelineair\\\/\"]}]},{\"@type\":\"ImageObject\",\"inLanguage\":\"es\",\"@id\":\"https:\\\/\\\/shop.sleepquest.com\\\/es\\\/productos\\\/tubing-10-climatelineair\\\/#primaryimage\",\"url\":\"https:\\\/\\\/shop.sleepquest.com\\\/wp-content\\\/uploads\\\/2024\\\/06\\\/climatelineair-tubing-01.jpg\",\"contentUrl\":\"https:\\\/\\\/shop.sleepquest.com\\\/wp-content\\\/uploads\\\/2024\\\/06\\\/climatelineair-tubing-01.jpg\",\"width\":600,\"height\":600},{\"@type\":\"BreadcrumbList\",\"@id\":\"https:\\\/\\\/shop.sleepquest.com\\\/es\\\/productos\\\/tubing-10-climatelineair\\\/#breadcrumb\",\"itemListElement\":[{\"@type\":\"ListItem\",\"position\":1,\"name\":\"Home\",\"item\":\"https:\\\/\\\/shop.sleepquest.com\\\/es\\\/\"},{\"@type\":\"ListItem\",\"position\":2,\"name\":\"Todas las colecciones\",\"item\":\"https:\\\/\\\/shop.sleepquest.com\\\/collections\\\/\"},{\"@type\":\"ListItem\",\"position\":3,\"name\":\"Tubo CPAP\",\"item\":\"https:\\\/\\\/shop.sleepquest.com\\\/es\\\/colecciones\\\/tubo-cpap\\\/\"},{\"@type\":\"ListItem\",\"position\":4,\"name\":\"TUBING-10 ClimateLineAir\u2122\"}]},{\"@type\":\"WebSite\",\"@id\":\"https:\\\/\\\/shop.sleepquest.com\\\/es\\\/#website\",\"url\":\"https:\\\/\\\/shop.sleepquest.com\\\/es\\\/\",\"name\":\"SleepQuest Online Store\",\"description\":\"\",\"publisher\":{\"@id\":\"https:\\\/\\\/shop.sleepquest.com\\\/es\\\/#organization\"},\"potentialAction\":[{\"@type\":\"SearchAction\",\"target\":{\"@type\":\"EntryPoint\",\"urlTemplate\":\"https:\\\/\\\/shop.sleepquest.com\\\/es\\\/?s={search_term_string}\"},\"query-input\":{\"@type\":\"PropertyValueSpecification\",\"valueRequired\":true,\"valueName\":\"search_term_string\"}}],\"inLanguage\":\"es\"},{\"@type\":\"Organization\",\"@id\":\"https:\\\/\\\/shop.sleepquest.com\\\/es\\\/#organization\",\"name\":\"SleepQuest\",\"alternateName\":\"SleepQuest Online Store\",\"url\":\"https:\\\/\\\/shop.sleepquest.com\\\/es\\\/\",\"logo\":{\"@type\":\"ImageObject\",\"inLanguage\":\"es\",\"@id\":\"https:\\\/\\\/shop.sleepquest.com\\\/es\\\/#\\\/schema\\\/logo\\\/image\\\/\",\"url\":\"https:\\\/\\\/shop.sleepquest.com\\\/wp-content\\\/uploads\\\/2024\\\/05\\\/fav.png\",\"contentUrl\":\"https:\\\/\\\/shop.sleepquest.com\\\/wp-content\\\/uploads\\\/2024\\\/05\\\/fav.png\",\"width\":512,\"height\":512,\"caption\":\"SleepQuest\"},\"image\":{\"@id\":\"https:\\\/\\\/shop.sleepquest.com\\\/es\\\/#\\\/schema\\\/logo\\\/image\\\/\"},\"sameAs\":[\"https:\\\/\\\/www.facebook.com\\\/sleepquest\",\"https:\\\/\\\/x.com\\\/sleepquest\"]}]}<\/script>\n<!-- \/ Yoast SEO plugin. -->","yoast_head_json":{"title":"TUBING-10 ClimateLineAir\u2122 - SleepQuest Online Store","description":"Tubo calefaccionado para las l\u00edneas de productos AirSense\u2122 10 y AirCurve\u2122 10 de ResMed.","robots":{"index":"index","follow":"follow","max-snippet":"max-snippet:-1","max-image-preview":"max-image-preview:large","max-video-preview":"max-video-preview:-1"},"canonical":"https:\/\/shop.sleepquest.com\/es\/productos\/tubing-10-climatelineair\/","og_locale":"es_ES","og_type":"article","og_title":"TUBING-10 ClimateLineAir\u2122 - SleepQuest Online Store","og_description":"Tubo calefaccionado para las l\u00edneas de productos AirSense\u2122 10 y AirCurve\u2122 10 de ResMed.","og_url":"https:\/\/shop.sleepquest.com\/es\/productos\/tubing-10-climatelineair\/","og_site_name":"SleepQuest Online Store","article_publisher":"https:\/\/www.facebook.com\/sleepquest","article_modified_time":"2024-10-24T18:47:32+00:00","og_image":[{"width":600,"height":600,"url":"https:\/\/shop.sleepquest.com\/wp-content\/uploads\/2024\/06\/climatelineair-tubing-01.jpg","type":"image\/jpeg"}],"twitter_card":"summary_large_image","twitter_site":"@sleepquest","twitter_misc":{"Tiempo de lectura":"1 minuto"},"schema":{"@context":"https:\/\/schema.org","@graph":[{"@type":"WebPage","@id":"https:\/\/shop.sleepquest.com\/es\/productos\/tubing-10-climatelineair\/","url":"https:\/\/shop.sleepquest.com\/es\/productos\/tubing-10-climatelineair\/","name":"TUBING-10 ClimateLineAir\u2122 - SleepQuest Online Store","isPartOf":{"@id":"https:\/\/shop.sleepquest.com\/es\/#website"},"primaryImageOfPage":{"@id":"https:\/\/shop.sleepquest.com\/es\/productos\/tubing-10-climatelineair\/#primaryimage"},"image":{"@id":"https:\/\/shop.sleepquest.com\/es\/productos\/tubing-10-climatelineair\/#primaryimage"},"thumbnailUrl":"https:\/\/shop.sleepquest.com\/wp-content\/uploads\/2024\/06\/climatelineair-tubing-01.jpg","datePublished":"2024-06-06T15:59:34+00:00","dateModified":"2024-10-24T18:47:32+00:00","description":"Tubo calefaccionado para las l\u00edneas de productos AirSense\u2122 10 y AirCurve\u2122 10 de ResMed.","breadcrumb":{"@id":"https:\/\/shop.sleepquest.com\/es\/productos\/tubing-10-climatelineair\/#breadcrumb"},"inLanguage":"es","potentialAction":[{"@type":"ReadAction","target":["https:\/\/shop.sleepquest.com\/es\/productos\/tubing-10-climatelineair\/"]}]},{"@type":"ImageObject","inLanguage":"es","@id":"https:\/\/shop.sleepquest.com\/es\/productos\/tubing-10-climatelineair\/#primaryimage","url":"https:\/\/shop.sleepquest.com\/wp-content\/uploads\/2024\/06\/climatelineair-tubing-01.jpg","contentUrl":"https:\/\/shop.sleepquest.com\/wp-content\/uploads\/2024\/06\/climatelineair-tubing-01.jpg","width":600,"height":600},{"@type":"BreadcrumbList","@id":"https:\/\/shop.sleepquest.com\/es\/productos\/tubing-10-climatelineair\/#breadcrumb","itemListElement":[{"@type":"ListItem","position":1,"name":"Home","item":"https:\/\/shop.sleepquest.com\/es\/"},{"@type":"ListItem","position":2,"name":"Todas las colecciones","item":"https:\/\/shop.sleepquest.com\/collections\/"},{"@type":"ListItem","position":3,"name":"Tubo CPAP","item":"https:\/\/shop.sleepquest.com\/es\/colecciones\/tubo-cpap\/"},{"@type":"ListItem","position":4,"name":"TUBING-10 ClimateLineAir\u2122"}]},{"@type":"WebSite","@id":"https:\/\/shop.sleepquest.com\/es\/#website","url":"https:\/\/shop.sleepquest.com\/es\/","name":"SleepQuest Online Store","description":"","publisher":{"@id":"https:\/\/shop.sleepquest.com\/es\/#organization"},"potentialAction":[{"@type":"SearchAction","target":{"@type":"EntryPoint","urlTemplate":"https:\/\/shop.sleepquest.com\/es\/?s={search_term_string}"},"query-input":{"@type":"PropertyValueSpecification","valueRequired":true,"valueName":"search_term_string"}}],"inLanguage":"es"},{"@type":"Organization","@id":"https:\/\/shop.sleepquest.com\/es\/#organization","name":"SleepQuest","alternateName":"SleepQuest Online Store","url":"https:\/\/shop.sleepquest.com\/es\/","logo":{"@type":"ImageObject","inLanguage":"es","@id":"https:\/\/shop.sleepquest.com\/es\/#\/schema\/logo\/image\/","url":"https:\/\/shop.sleepquest.com\/wp-content\/uploads\/2024\/05\/fav.png","contentUrl":"https:\/\/shop.sleepquest.com\/wp-content\/uploads\/2024\/05\/fav.png","width":512,"height":512,"caption":"SleepQuest"},"image":{"@id":"https:\/\/shop.sleepquest.com\/es\/#\/schema\/logo\/image\/"},"sameAs":["https:\/\/www.facebook.com\/sleepquest","https:\/\/x.com\/sleepquest"]}]}},"_links":{"self":[{"href":"https:\/\/shop.sleepquest.com\/es\/wp-json\/wp\/v2\/product\/2627","targetHints":{"allow":["GET"]}}],"collection":[{"href":"https:\/\/shop.sleepquest.com\/es\/wp-json\/wp\/v2\/product"}],"about":[{"href":"https:\/\/shop.sleepquest.com\/es\/wp-json\/wp\/v2\/types\/product"}],"replies":[{"embeddable":true,"href":"https:\/\/shop.sleepquest.com\/es\/wp-json\/wp\/v2\/comments?post=2627"}],"wp:featuredmedia":[{"embeddable":true,"href":"https:\/\/shop.sleepquest.com\/es\/wp-json\/wp\/v2\/media\/1928"}],"wp:attachment":[{"href":"https:\/\/shop.sleepquest.com\/es\/wp-json\/wp\/v2\/media?parent=2627"}],"wp:term":[{"taxonomy":"product_brand","embeddable":true,"href":"https:\/\/shop.sleepquest.com\/es\/wp-json\/wp\/v2\/product_brand?post=2627"},{"taxonomy":"product_cat","embeddable":true,"href":"https:\/\/shop.sleepquest.com\/es\/wp-json\/wp\/v2\/product_cat?post=2627"},{"taxonomy":"product_tag","embeddable":true,"href":"https:\/\/shop.sleepquest.com\/es\/wp-json\/wp\/v2\/product_tag?post=2627"}],"curies":[{"name":"wp","href":"https:\/\/api.w.org\/{rel}","templated":true}]}}