{"id":2624,"date":"2024-06-06T09:46:08","date_gmt":"2024-06-06T09:46:08","guid":{"rendered":"https:\/\/shop.sleepquest.com\/products\/rf-reusable-dreamstation-filter\/"},"modified":"2024-10-04T13:18:32","modified_gmt":"2024-10-04T13:18:32","slug":"rf-reusable-dreamstation-filter","status":"publish","type":"product","link":"https:\/\/shop.sleepquest.com\/es\/productos\/rf-reusable-dreamstation-filter\/","title":{"rendered":"RF Reusable Dreamstation Filter"},"content":{"rendered":"<p>Philips Respironics anunci\u00f3 una retirada voluntaria del mercado de Ventiladores Continuos y No Continuos (algunos dispositivos CPAP, BiLevel PAP y Ventiladores) debido a dos problemas relacionados con la espuma de poliuretano en base a poli\u00e9ster (PE-PUR) usada para la reducci\u00f3n de ruido en estos dispositivos.<\/p>\n<p>Para ver informaci\u00f3n sobre el Aviso de Retirada del Mercado, una lista completa de los productos afectados, y potenciales riesgos para la salud, visite\u00a0<a title=\"https:\/\/www.usa.philips.com\/healthcare\/e\/sleep\/communications\/src-update\" href=\"https:\/\/www.usa.philips.com\/healthcare\/e\/sleep\/communications\/src-update\">philips.com\/src-update<\/a>.<\/p>\n<p>Filtro para polen, reutilizable<strong>\u00a0(1 por paquete)<\/strong><\/p>\n<p>Para usar con dispositivos PAP de la serie DreamStation de Respironics.<\/p>\n<p>El\u00a0<b>Filtro Reutilizable para M\u00e1quinas CPAP DreamStation (1 paquete)<\/b>\u00a0es el filtro lavable y reutilizable para usar con las m\u00e1quinas CPAP DreamStation de Philips Respironics. El filtro reutilizable es el de color azul m\u00e1s oscuro de los dos filtros. Se trata de un \u00fanico filtro y marco solamente y no incluye otras piezas o productos.<\/p>\n<p>El filtro se adosa de forma permanente al marco de filtro azul y no puede quitarse. Este filtro reutilizable debe lavarse al menos cada dos semanas. Por favor, consulte las instrucciones de lavado en la pesta\u00f1a Consejos Importantes de esta p\u00e1gina.<\/p>\n","protected":false},"excerpt":{"rendered":"<p>Philips Respironics anunci\u00f3 una retirada voluntaria del mercado de Ventiladores Continuos y No Continuos (algunos dispositivos CPAP, BiLevel PAP y<\/p>\n","protected":false},"featured_media":1936,"comment_status":"closed","ping_status":"closed","template":"","meta":{"_acf_changed":false},"product_brand":[],"product_cat":[177,157,178],"product_tag":[],"class_list":{"0":"post-2624","1":"product","2":"type-product","3":"status-publish","4":"has-post-thumbnail","6":"product_cat-articulos-sin-receta","7":"product_cat-filtros-cpap","8":"product_cat-productos-respironics","10":"first","11":"instock","12":"purchasable","13":"product-type-simple"},"acf":[],"yoast_head":"<!-- This site is optimized with the Yoast SEO plugin v27.5 - https:\/\/yoast.com\/product\/yoast-seo-wordpress\/ -->\n<title>RF Reusable Dreamstation Filter - SleepQuest Online Store<\/title>\n<meta name=\"description\" content=\"Philips Respironics anunci\u00f3 una retirada voluntaria del mercado de Ventiladores Continuos y No Continuos (algunos dispositivos CPAP, BiLevel PAP y Ventiladores) debido a dos problemas relacionados con la espuma de poliuretano en base a poli\u00e9ster (PE-PUR) usada para la reducci\u00f3n de ruido en estos dispositivos.\" \/>\n<meta name=\"robots\" content=\"index, follow, max-snippet:-1, max-image-preview:large, max-video-preview:-1\" \/>\n<link rel=\"canonical\" href=\"https:\/\/shop.sleepquest.com\/es\/productos\/rf-reusable-dreamstation-filter\/\" \/>\n<meta property=\"og:locale\" content=\"es_ES\" \/>\n<meta property=\"og:type\" content=\"article\" \/>\n<meta property=\"og:title\" content=\"RF Reusable Dreamstation Filter - SleepQuest Online Store\" \/>\n<meta property=\"og:description\" content=\"Philips Respironics anunci\u00f3 una retirada voluntaria del mercado de Ventiladores Continuos y No Continuos (algunos dispositivos CPAP, BiLevel PAP y Ventiladores) debido a dos problemas relacionados con la espuma de poliuretano en base a poli\u00e9ster (PE-PUR) usada para la reducci\u00f3n de ruido en estos dispositivos.\" \/>\n<meta property=\"og:url\" content=\"https:\/\/shop.sleepquest.com\/es\/productos\/rf-reusable-dreamstation-filter\/\" \/>\n<meta property=\"og:site_name\" content=\"SleepQuest Online Store\" \/>\n<meta property=\"article:publisher\" content=\"https:\/\/www.facebook.com\/sleepquest\" \/>\n<meta property=\"article:modified_time\" content=\"2024-10-04T13:18:32+00:00\" \/>\n<meta property=\"og:image\" content=\"https:\/\/shop.sleepquest.com\/wp-content\/uploads\/2024\/06\/dreamstation-reusable-filter-01.jpg\" \/>\n\t<meta property=\"og:image:width\" content=\"574\" \/>\n\t<meta property=\"og:image:height\" content=\"574\" \/>\n\t<meta property=\"og:image:type\" content=\"image\/jpeg\" \/>\n<meta name=\"twitter:card\" content=\"summary_large_image\" \/>\n<meta name=\"twitter:site\" content=\"@sleepquest\" \/>\n<meta name=\"twitter:label1\" content=\"Tiempo de lectura\" \/>\n\t<meta name=\"twitter:data1\" content=\"1 minuto\" \/>\n<script type=\"application\/ld+json\" class=\"yoast-schema-graph\">{\"@context\":\"https:\\\/\\\/schema.org\",\"@graph\":[{\"@type\":\"WebPage\",\"@id\":\"https:\\\/\\\/shop.sleepquest.com\\\/es\\\/productos\\\/rf-reusable-dreamstation-filter\\\/\",\"url\":\"https:\\\/\\\/shop.sleepquest.com\\\/es\\\/productos\\\/rf-reusable-dreamstation-filter\\\/\",\"name\":\"RF Reusable Dreamstation Filter - SleepQuest Online Store\",\"isPartOf\":{\"@id\":\"https:\\\/\\\/shop.sleepquest.com\\\/es\\\/#website\"},\"primaryImageOfPage\":{\"@id\":\"https:\\\/\\\/shop.sleepquest.com\\\/es\\\/productos\\\/rf-reusable-dreamstation-filter\\\/#primaryimage\"},\"image\":{\"@id\":\"https:\\\/\\\/shop.sleepquest.com\\\/es\\\/productos\\\/rf-reusable-dreamstation-filter\\\/#primaryimage\"},\"thumbnailUrl\":\"https:\\\/\\\/shop.sleepquest.com\\\/wp-content\\\/uploads\\\/2024\\\/06\\\/dreamstation-reusable-filter-01.jpg\",\"datePublished\":\"2024-06-06T09:46:08+00:00\",\"dateModified\":\"2024-10-04T13:18:32+00:00\",\"description\":\"Philips Respironics anunci\u00f3 una retirada voluntaria del mercado de Ventiladores Continuos y No Continuos (algunos dispositivos CPAP, BiLevel PAP y Ventiladores) debido a dos problemas relacionados con la espuma de poliuretano en base a poli\u00e9ster (PE-PUR) usada para la reducci\u00f3n de ruido en estos dispositivos.\",\"breadcrumb\":{\"@id\":\"https:\\\/\\\/shop.sleepquest.com\\\/es\\\/productos\\\/rf-reusable-dreamstation-filter\\\/#breadcrumb\"},\"inLanguage\":\"es\",\"potentialAction\":[{\"@type\":\"ReadAction\",\"target\":[\"https:\\\/\\\/shop.sleepquest.com\\\/es\\\/productos\\\/rf-reusable-dreamstation-filter\\\/\"]}]},{\"@type\":\"ImageObject\",\"inLanguage\":\"es\",\"@id\":\"https:\\\/\\\/shop.sleepquest.com\\\/es\\\/productos\\\/rf-reusable-dreamstation-filter\\\/#primaryimage\",\"url\":\"https:\\\/\\\/shop.sleepquest.com\\\/wp-content\\\/uploads\\\/2024\\\/06\\\/dreamstation-reusable-filter-01.jpg\",\"contentUrl\":\"https:\\\/\\\/shop.sleepquest.com\\\/wp-content\\\/uploads\\\/2024\\\/06\\\/dreamstation-reusable-filter-01.jpg\",\"width\":574,\"height\":574},{\"@type\":\"BreadcrumbList\",\"@id\":\"https:\\\/\\\/shop.sleepquest.com\\\/es\\\/productos\\\/rf-reusable-dreamstation-filter\\\/#breadcrumb\",\"itemListElement\":[{\"@type\":\"ListItem\",\"position\":1,\"name\":\"Home\",\"item\":\"https:\\\/\\\/shop.sleepquest.com\\\/es\\\/\"},{\"@type\":\"ListItem\",\"position\":2,\"name\":\"Todas las colecciones\",\"item\":\"https:\\\/\\\/shop.sleepquest.com\\\/collections\\\/\"},{\"@type\":\"ListItem\",\"position\":3,\"name\":\"Filtros CPAP\",\"item\":\"https:\\\/\\\/shop.sleepquest.com\\\/es\\\/colecciones\\\/filtros-cpap\\\/\"},{\"@type\":\"ListItem\",\"position\":4,\"name\":\"RF Reusable Dreamstation Filter\"}]},{\"@type\":\"WebSite\",\"@id\":\"https:\\\/\\\/shop.sleepquest.com\\\/es\\\/#website\",\"url\":\"https:\\\/\\\/shop.sleepquest.com\\\/es\\\/\",\"name\":\"SleepQuest Online Store\",\"description\":\"\",\"publisher\":{\"@id\":\"https:\\\/\\\/shop.sleepquest.com\\\/es\\\/#organization\"},\"potentialAction\":[{\"@type\":\"SearchAction\",\"target\":{\"@type\":\"EntryPoint\",\"urlTemplate\":\"https:\\\/\\\/shop.sleepquest.com\\\/es\\\/?s={search_term_string}\"},\"query-input\":{\"@type\":\"PropertyValueSpecification\",\"valueRequired\":true,\"valueName\":\"search_term_string\"}}],\"inLanguage\":\"es\"},{\"@type\":\"Organization\",\"@id\":\"https:\\\/\\\/shop.sleepquest.com\\\/es\\\/#organization\",\"name\":\"SleepQuest\",\"alternateName\":\"SleepQuest Online Store\",\"url\":\"https:\\\/\\\/shop.sleepquest.com\\\/es\\\/\",\"logo\":{\"@type\":\"ImageObject\",\"inLanguage\":\"es\",\"@id\":\"https:\\\/\\\/shop.sleepquest.com\\\/es\\\/#\\\/schema\\\/logo\\\/image\\\/\",\"url\":\"https:\\\/\\\/shop.sleepquest.com\\\/wp-content\\\/uploads\\\/2024\\\/05\\\/fav.png\",\"contentUrl\":\"https:\\\/\\\/shop.sleepquest.com\\\/wp-content\\\/uploads\\\/2024\\\/05\\\/fav.png\",\"width\":512,\"height\":512,\"caption\":\"SleepQuest\"},\"image\":{\"@id\":\"https:\\\/\\\/shop.sleepquest.com\\\/es\\\/#\\\/schema\\\/logo\\\/image\\\/\"},\"sameAs\":[\"https:\\\/\\\/www.facebook.com\\\/sleepquest\",\"https:\\\/\\\/x.com\\\/sleepquest\"]}]}<\/script>\n<!-- \/ Yoast SEO plugin. -->","yoast_head_json":{"title":"RF Reusable Dreamstation Filter - SleepQuest Online Store","description":"Philips Respironics anunci\u00f3 una retirada voluntaria del mercado de Ventiladores Continuos y No Continuos (algunos dispositivos CPAP, BiLevel PAP y Ventiladores) debido a dos problemas relacionados con la espuma de poliuretano en base a poli\u00e9ster (PE-PUR) usada para la reducci\u00f3n de ruido en estos dispositivos.","robots":{"index":"index","follow":"follow","max-snippet":"max-snippet:-1","max-image-preview":"max-image-preview:large","max-video-preview":"max-video-preview:-1"},"canonical":"https:\/\/shop.sleepquest.com\/es\/productos\/rf-reusable-dreamstation-filter\/","og_locale":"es_ES","og_type":"article","og_title":"RF Reusable Dreamstation Filter - SleepQuest Online Store","og_description":"Philips Respironics anunci\u00f3 una retirada voluntaria del mercado de Ventiladores Continuos y No Continuos (algunos dispositivos CPAP, BiLevel PAP y Ventiladores) debido a dos problemas relacionados con la espuma de poliuretano en base a poli\u00e9ster (PE-PUR) usada para la reducci\u00f3n de ruido en estos dispositivos.","og_url":"https:\/\/shop.sleepquest.com\/es\/productos\/rf-reusable-dreamstation-filter\/","og_site_name":"SleepQuest Online Store","article_publisher":"https:\/\/www.facebook.com\/sleepquest","article_modified_time":"2024-10-04T13:18:32+00:00","og_image":[{"width":574,"height":574,"url":"https:\/\/shop.sleepquest.com\/wp-content\/uploads\/2024\/06\/dreamstation-reusable-filter-01.jpg","type":"image\/jpeg"}],"twitter_card":"summary_large_image","twitter_site":"@sleepquest","twitter_misc":{"Tiempo de lectura":"1 minuto"},"schema":{"@context":"https:\/\/schema.org","@graph":[{"@type":"WebPage","@id":"https:\/\/shop.sleepquest.com\/es\/productos\/rf-reusable-dreamstation-filter\/","url":"https:\/\/shop.sleepquest.com\/es\/productos\/rf-reusable-dreamstation-filter\/","name":"RF Reusable Dreamstation Filter - SleepQuest Online Store","isPartOf":{"@id":"https:\/\/shop.sleepquest.com\/es\/#website"},"primaryImageOfPage":{"@id":"https:\/\/shop.sleepquest.com\/es\/productos\/rf-reusable-dreamstation-filter\/#primaryimage"},"image":{"@id":"https:\/\/shop.sleepquest.com\/es\/productos\/rf-reusable-dreamstation-filter\/#primaryimage"},"thumbnailUrl":"https:\/\/shop.sleepquest.com\/wp-content\/uploads\/2024\/06\/dreamstation-reusable-filter-01.jpg","datePublished":"2024-06-06T09:46:08+00:00","dateModified":"2024-10-04T13:18:32+00:00","description":"Philips Respironics anunci\u00f3 una retirada voluntaria del mercado de Ventiladores Continuos y No Continuos (algunos dispositivos CPAP, BiLevel PAP y Ventiladores) debido a dos problemas relacionados con la espuma de poliuretano en base a poli\u00e9ster (PE-PUR) usada para la reducci\u00f3n de ruido en estos dispositivos.","breadcrumb":{"@id":"https:\/\/shop.sleepquest.com\/es\/productos\/rf-reusable-dreamstation-filter\/#breadcrumb"},"inLanguage":"es","potentialAction":[{"@type":"ReadAction","target":["https:\/\/shop.sleepquest.com\/es\/productos\/rf-reusable-dreamstation-filter\/"]}]},{"@type":"ImageObject","inLanguage":"es","@id":"https:\/\/shop.sleepquest.com\/es\/productos\/rf-reusable-dreamstation-filter\/#primaryimage","url":"https:\/\/shop.sleepquest.com\/wp-content\/uploads\/2024\/06\/dreamstation-reusable-filter-01.jpg","contentUrl":"https:\/\/shop.sleepquest.com\/wp-content\/uploads\/2024\/06\/dreamstation-reusable-filter-01.jpg","width":574,"height":574},{"@type":"BreadcrumbList","@id":"https:\/\/shop.sleepquest.com\/es\/productos\/rf-reusable-dreamstation-filter\/#breadcrumb","itemListElement":[{"@type":"ListItem","position":1,"name":"Home","item":"https:\/\/shop.sleepquest.com\/es\/"},{"@type":"ListItem","position":2,"name":"Todas las colecciones","item":"https:\/\/shop.sleepquest.com\/collections\/"},{"@type":"ListItem","position":3,"name":"Filtros CPAP","item":"https:\/\/shop.sleepquest.com\/es\/colecciones\/filtros-cpap\/"},{"@type":"ListItem","position":4,"name":"RF Reusable Dreamstation Filter"}]},{"@type":"WebSite","@id":"https:\/\/shop.sleepquest.com\/es\/#website","url":"https:\/\/shop.sleepquest.com\/es\/","name":"SleepQuest Online Store","description":"","publisher":{"@id":"https:\/\/shop.sleepquest.com\/es\/#organization"},"potentialAction":[{"@type":"SearchAction","target":{"@type":"EntryPoint","urlTemplate":"https:\/\/shop.sleepquest.com\/es\/?s={search_term_string}"},"query-input":{"@type":"PropertyValueSpecification","valueRequired":true,"valueName":"search_term_string"}}],"inLanguage":"es"},{"@type":"Organization","@id":"https:\/\/shop.sleepquest.com\/es\/#organization","name":"SleepQuest","alternateName":"SleepQuest Online Store","url":"https:\/\/shop.sleepquest.com\/es\/","logo":{"@type":"ImageObject","inLanguage":"es","@id":"https:\/\/shop.sleepquest.com\/es\/#\/schema\/logo\/image\/","url":"https:\/\/shop.sleepquest.com\/wp-content\/uploads\/2024\/05\/fav.png","contentUrl":"https:\/\/shop.sleepquest.com\/wp-content\/uploads\/2024\/05\/fav.png","width":512,"height":512,"caption":"SleepQuest"},"image":{"@id":"https:\/\/shop.sleepquest.com\/es\/#\/schema\/logo\/image\/"},"sameAs":["https:\/\/www.facebook.com\/sleepquest","https:\/\/x.com\/sleepquest"]}]}},"_links":{"self":[{"href":"https:\/\/shop.sleepquest.com\/es\/wp-json\/wp\/v2\/product\/2624","targetHints":{"allow":["GET"]}}],"collection":[{"href":"https:\/\/shop.sleepquest.com\/es\/wp-json\/wp\/v2\/product"}],"about":[{"href":"https:\/\/shop.sleepquest.com\/es\/wp-json\/wp\/v2\/types\/product"}],"replies":[{"embeddable":true,"href":"https:\/\/shop.sleepquest.com\/es\/wp-json\/wp\/v2\/comments?post=2624"}],"wp:featuredmedia":[{"embeddable":true,"href":"https:\/\/shop.sleepquest.com\/es\/wp-json\/wp\/v2\/media\/1936"}],"wp:attachment":[{"href":"https:\/\/shop.sleepquest.com\/es\/wp-json\/wp\/v2\/media?parent=2624"}],"wp:term":[{"taxonomy":"product_brand","embeddable":true,"href":"https:\/\/shop.sleepquest.com\/es\/wp-json\/wp\/v2\/product_brand?post=2624"},{"taxonomy":"product_cat","embeddable":true,"href":"https:\/\/shop.sleepquest.com\/es\/wp-json\/wp\/v2\/product_cat?post=2624"},{"taxonomy":"product_tag","embeddable":true,"href":"https:\/\/shop.sleepquest.com\/es\/wp-json\/wp\/v2\/product_tag?post=2624"}],"curies":[{"name":"wp","href":"https:\/\/api.w.org\/{rel}","templated":true}]}}