{"id":2623,"date":"2024-06-06T09:50:57","date_gmt":"2024-06-06T16:50:57","guid":{"rendered":"https:\/\/shop.sleepquest.com\/products\/filtro-z2-paquete-de-2\/"},"modified":"2024-06-06T09:50:57","modified_gmt":"2024-06-06T09:50:57","slug":"filtro-z2-paquete-de-2","status":"publish","type":"product","link":"https:\/\/shop.sleepquest.com\/es\/productos\/filtro-z2-paquete-de-2\/","title":{"rendered":"Filtro Z2 (paquete de 2)"},"content":{"rendered":"<h2>Descripci\u00f3n del producto<\/h2>\n<p>Los filtros de poli\u00e9ster HDM Z1\/Z2 est\u00e1n dise\u00f1ados espec\u00edficamente para las m\u00e1quinas CPAP de viaje. La longitud, la anchura y la altura est\u00e1n dise\u00f1adas para encajar en el compartimento del filtro s\u00f3lo de estos dispositivos. Los filtros ayudan a reducir la posibilidad de que los contaminantes del aire entren en el flujo de aire de los usuarios, proporcionando al usuario la mayor calidad de presi\u00f3n de aire posible.<\/p>\n<p>Estos filtros son desechables y deben sustituirse mensualmente. Dependiendo del entorno del usuario, puede ser necesario sustituir el filtro con mayor frecuencia. El filtro de poli\u00e9ster no est\u00e1 pensado para ser limpiado con agua, as\u00ed que si se moja, sustit\u00fayalo por uno nuevo y deseche el mojado.<\/p>\n<p>Los filtros sucios pueden tener un efecto negativo en una m\u00e1quina. La m\u00e1quina tira del aire de la habitaci\u00f3n para proporcionar al usuario presi\u00f3n de aire y si el filtro est\u00e1 sucio, la m\u00e1quina tendr\u00e1 que trabajar m\u00e1s de lo normal. Un uso excesivo con un filtro sucio puede alterar la capacidad de la m\u00e1quina para funcionar correctamente.<\/p>\n<hr \/>\n<h3>Incluido en este paquete<\/h3>\n<ul>\n<li>(1) Paquete de 2 filtros de poli\u00e9ster para las m\u00e1quinas CPAP de viaje HDM Z1 o HDM Z2<\/li>\n<\/ul>\n","protected":false},"excerpt":{"rendered":"<p>Descripci\u00f3n del producto Los filtros de poli\u00e9ster HDM Z1\/Z2 est\u00e1n dise\u00f1ados espec\u00edficamente para las m\u00e1quinas CPAP de viaje. La longitud,<\/p>\n","protected":false},"featured_media":1937,"comment_status":"closed","ping_status":"closed","template":"","meta":{"_acf_changed":false},"product_brand":[],"product_cat":[225,177,183],"product_tag":[],"class_list":{"0":"post-2623","1":"product","2":"type-product","3":"status-publish","4":"has-post-thumbnail","6":"product_cat-accesorios-para-el-pap-de-viaje","7":"product_cat-articulos-sin-receta","8":"product_cat-liquidacion","10":"first","11":"instock","12":"sale","13":"purchasable","14":"product-type-simple"},"acf":[],"yoast_head":"<!-- This site is optimized with the Yoast SEO plugin v27.4 - https:\/\/yoast.com\/product\/yoast-seo-wordpress\/ -->\n<title>Filtro Z2 (paquete de 2) - SleepQuest Online Store<\/title>\n<meta name=\"description\" content=\"Los filtros de poli\u00e9ster HDM Z1\/Z2 est\u00e1n dise\u00f1ados espec\u00edficamente para las m\u00e1quinas CPAP de viaje.\" \/>\n<meta name=\"robots\" content=\"index, follow, max-snippet:-1, max-image-preview:large, max-video-preview:-1\" \/>\n<link rel=\"canonical\" href=\"https:\/\/shop.sleepquest.com\/es\/productos\/filtro-z2-paquete-de-2\/\" \/>\n<meta property=\"og:locale\" content=\"es_ES\" \/>\n<meta property=\"og:type\" content=\"article\" \/>\n<meta property=\"og:title\" content=\"Filtro Z2 (paquete de 2) - SleepQuest Online Store\" \/>\n<meta property=\"og:description\" content=\"Los filtros de poli\u00e9ster HDM Z1\/Z2 est\u00e1n dise\u00f1ados espec\u00edficamente para las m\u00e1quinas CPAP de viaje.\" \/>\n<meta property=\"og:url\" content=\"https:\/\/shop.sleepquest.com\/es\/productos\/filtro-z2-paquete-de-2\/\" \/>\n<meta property=\"og:site_name\" content=\"SleepQuest Online Store\" \/>\n<meta property=\"article:publisher\" content=\"https:\/\/www.facebook.com\/sleepquest\" \/>\n<meta property=\"og:image\" content=\"https:\/\/shop.sleepquest.com\/wp-content\/uploads\/2024\/06\/z2-filter-2-pack-01.jpg\" \/>\n\t<meta property=\"og:image:width\" content=\"600\" \/>\n\t<meta property=\"og:image:height\" content=\"600\" \/>\n\t<meta property=\"og:image:type\" content=\"image\/jpeg\" \/>\n<meta name=\"twitter:card\" content=\"summary_large_image\" \/>\n<meta name=\"twitter:site\" content=\"@sleepquest\" \/>\n<meta name=\"twitter:label1\" content=\"Tiempo de lectura\" \/>\n\t<meta name=\"twitter:data1\" content=\"1 minuto\" \/>\n<script type=\"application\/ld+json\" class=\"yoast-schema-graph\">{\"@context\":\"https:\\\/\\\/schema.org\",\"@graph\":[{\"@type\":\"WebPage\",\"@id\":\"https:\\\/\\\/shop.sleepquest.com\\\/es\\\/productos\\\/filtro-z2-paquete-de-2\\\/\",\"url\":\"https:\\\/\\\/shop.sleepquest.com\\\/es\\\/productos\\\/filtro-z2-paquete-de-2\\\/\",\"name\":\"Filtro Z2 (paquete de 2) - SleepQuest Online Store\",\"isPartOf\":{\"@id\":\"https:\\\/\\\/shop.sleepquest.com\\\/es\\\/#website\"},\"primaryImageOfPage\":{\"@id\":\"https:\\\/\\\/shop.sleepquest.com\\\/es\\\/productos\\\/filtro-z2-paquete-de-2\\\/#primaryimage\"},\"image\":{\"@id\":\"https:\\\/\\\/shop.sleepquest.com\\\/es\\\/productos\\\/filtro-z2-paquete-de-2\\\/#primaryimage\"},\"thumbnailUrl\":\"https:\\\/\\\/shop.sleepquest.com\\\/wp-content\\\/uploads\\\/2024\\\/06\\\/z2-filter-2-pack-01.jpg\",\"datePublished\":\"2024-06-06T16:50:57+00:00\",\"description\":\"Los filtros de poli\u00e9ster HDM Z1\\\/Z2 est\u00e1n dise\u00f1ados espec\u00edficamente para las m\u00e1quinas CPAP de viaje.\",\"breadcrumb\":{\"@id\":\"https:\\\/\\\/shop.sleepquest.com\\\/es\\\/productos\\\/filtro-z2-paquete-de-2\\\/#breadcrumb\"},\"inLanguage\":\"es\",\"potentialAction\":[{\"@type\":\"ReadAction\",\"target\":[\"https:\\\/\\\/shop.sleepquest.com\\\/es\\\/productos\\\/filtro-z2-paquete-de-2\\\/\"]}]},{\"@type\":\"ImageObject\",\"inLanguage\":\"es\",\"@id\":\"https:\\\/\\\/shop.sleepquest.com\\\/es\\\/productos\\\/filtro-z2-paquete-de-2\\\/#primaryimage\",\"url\":\"https:\\\/\\\/shop.sleepquest.com\\\/wp-content\\\/uploads\\\/2024\\\/06\\\/z2-filter-2-pack-01.jpg\",\"contentUrl\":\"https:\\\/\\\/shop.sleepquest.com\\\/wp-content\\\/uploads\\\/2024\\\/06\\\/z2-filter-2-pack-01.jpg\",\"width\":600,\"height\":600},{\"@type\":\"BreadcrumbList\",\"@id\":\"https:\\\/\\\/shop.sleepquest.com\\\/es\\\/productos\\\/filtro-z2-paquete-de-2\\\/#breadcrumb\",\"itemListElement\":[{\"@type\":\"ListItem\",\"position\":1,\"name\":\"Home\",\"item\":\"https:\\\/\\\/shop.sleepquest.com\\\/es\\\/\"},{\"@type\":\"ListItem\",\"position\":2,\"name\":\"Todas las colecciones\",\"item\":\"https:\\\/\\\/shop.sleepquest.com\\\/collections\\\/\"},{\"@type\":\"ListItem\",\"position\":3,\"name\":\"Filtros CPAP\",\"item\":\"https:\\\/\\\/shop.sleepquest.com\\\/es\\\/colecciones\\\/filtros-cpap\\\/\"},{\"@type\":\"ListItem\",\"position\":4,\"name\":\"Filtro Z2 (paquete de 2)\"}]},{\"@type\":\"WebSite\",\"@id\":\"https:\\\/\\\/shop.sleepquest.com\\\/es\\\/#website\",\"url\":\"https:\\\/\\\/shop.sleepquest.com\\\/es\\\/\",\"name\":\"SleepQuest Online Store\",\"description\":\"\",\"publisher\":{\"@id\":\"https:\\\/\\\/shop.sleepquest.com\\\/es\\\/#organization\"},\"potentialAction\":[{\"@type\":\"SearchAction\",\"target\":{\"@type\":\"EntryPoint\",\"urlTemplate\":\"https:\\\/\\\/shop.sleepquest.com\\\/es\\\/?s={search_term_string}\"},\"query-input\":{\"@type\":\"PropertyValueSpecification\",\"valueRequired\":true,\"valueName\":\"search_term_string\"}}],\"inLanguage\":\"es\"},{\"@type\":\"Organization\",\"@id\":\"https:\\\/\\\/shop.sleepquest.com\\\/es\\\/#organization\",\"name\":\"SleepQuest\",\"alternateName\":\"SleepQuest Online Store\",\"url\":\"https:\\\/\\\/shop.sleepquest.com\\\/es\\\/\",\"logo\":{\"@type\":\"ImageObject\",\"inLanguage\":\"es\",\"@id\":\"https:\\\/\\\/shop.sleepquest.com\\\/es\\\/#\\\/schema\\\/logo\\\/image\\\/\",\"url\":\"https:\\\/\\\/shop.sleepquest.com\\\/wp-content\\\/uploads\\\/2024\\\/05\\\/fav.png\",\"contentUrl\":\"https:\\\/\\\/shop.sleepquest.com\\\/wp-content\\\/uploads\\\/2024\\\/05\\\/fav.png\",\"width\":512,\"height\":512,\"caption\":\"SleepQuest\"},\"image\":{\"@id\":\"https:\\\/\\\/shop.sleepquest.com\\\/es\\\/#\\\/schema\\\/logo\\\/image\\\/\"},\"sameAs\":[\"https:\\\/\\\/www.facebook.com\\\/sleepquest\",\"https:\\\/\\\/x.com\\\/sleepquest\"]}]}<\/script>\n<!-- \/ Yoast SEO plugin. -->","yoast_head_json":{"title":"Filtro Z2 (paquete de 2) - SleepQuest Online Store","description":"Los filtros de poli\u00e9ster HDM Z1\/Z2 est\u00e1n dise\u00f1ados espec\u00edficamente para las m\u00e1quinas CPAP de viaje.","robots":{"index":"index","follow":"follow","max-snippet":"max-snippet:-1","max-image-preview":"max-image-preview:large","max-video-preview":"max-video-preview:-1"},"canonical":"https:\/\/shop.sleepquest.com\/es\/productos\/filtro-z2-paquete-de-2\/","og_locale":"es_ES","og_type":"article","og_title":"Filtro Z2 (paquete de 2) - SleepQuest Online Store","og_description":"Los filtros de poli\u00e9ster HDM Z1\/Z2 est\u00e1n dise\u00f1ados espec\u00edficamente para las m\u00e1quinas CPAP de viaje.","og_url":"https:\/\/shop.sleepquest.com\/es\/productos\/filtro-z2-paquete-de-2\/","og_site_name":"SleepQuest Online Store","article_publisher":"https:\/\/www.facebook.com\/sleepquest","og_image":[{"width":600,"height":600,"url":"https:\/\/shop.sleepquest.com\/wp-content\/uploads\/2024\/06\/z2-filter-2-pack-01.jpg","type":"image\/jpeg"}],"twitter_card":"summary_large_image","twitter_site":"@sleepquest","twitter_misc":{"Tiempo de lectura":"1 minuto"},"schema":{"@context":"https:\/\/schema.org","@graph":[{"@type":"WebPage","@id":"https:\/\/shop.sleepquest.com\/es\/productos\/filtro-z2-paquete-de-2\/","url":"https:\/\/shop.sleepquest.com\/es\/productos\/filtro-z2-paquete-de-2\/","name":"Filtro Z2 (paquete de 2) - SleepQuest Online Store","isPartOf":{"@id":"https:\/\/shop.sleepquest.com\/es\/#website"},"primaryImageOfPage":{"@id":"https:\/\/shop.sleepquest.com\/es\/productos\/filtro-z2-paquete-de-2\/#primaryimage"},"image":{"@id":"https:\/\/shop.sleepquest.com\/es\/productos\/filtro-z2-paquete-de-2\/#primaryimage"},"thumbnailUrl":"https:\/\/shop.sleepquest.com\/wp-content\/uploads\/2024\/06\/z2-filter-2-pack-01.jpg","datePublished":"2024-06-06T16:50:57+00:00","description":"Los filtros de poli\u00e9ster HDM Z1\/Z2 est\u00e1n dise\u00f1ados espec\u00edficamente para las m\u00e1quinas CPAP de viaje.","breadcrumb":{"@id":"https:\/\/shop.sleepquest.com\/es\/productos\/filtro-z2-paquete-de-2\/#breadcrumb"},"inLanguage":"es","potentialAction":[{"@type":"ReadAction","target":["https:\/\/shop.sleepquest.com\/es\/productos\/filtro-z2-paquete-de-2\/"]}]},{"@type":"ImageObject","inLanguage":"es","@id":"https:\/\/shop.sleepquest.com\/es\/productos\/filtro-z2-paquete-de-2\/#primaryimage","url":"https:\/\/shop.sleepquest.com\/wp-content\/uploads\/2024\/06\/z2-filter-2-pack-01.jpg","contentUrl":"https:\/\/shop.sleepquest.com\/wp-content\/uploads\/2024\/06\/z2-filter-2-pack-01.jpg","width":600,"height":600},{"@type":"BreadcrumbList","@id":"https:\/\/shop.sleepquest.com\/es\/productos\/filtro-z2-paquete-de-2\/#breadcrumb","itemListElement":[{"@type":"ListItem","position":1,"name":"Home","item":"https:\/\/shop.sleepquest.com\/es\/"},{"@type":"ListItem","position":2,"name":"Todas las colecciones","item":"https:\/\/shop.sleepquest.com\/collections\/"},{"@type":"ListItem","position":3,"name":"Filtros CPAP","item":"https:\/\/shop.sleepquest.com\/es\/colecciones\/filtros-cpap\/"},{"@type":"ListItem","position":4,"name":"Filtro Z2 (paquete de 2)"}]},{"@type":"WebSite","@id":"https:\/\/shop.sleepquest.com\/es\/#website","url":"https:\/\/shop.sleepquest.com\/es\/","name":"SleepQuest Online Store","description":"","publisher":{"@id":"https:\/\/shop.sleepquest.com\/es\/#organization"},"potentialAction":[{"@type":"SearchAction","target":{"@type":"EntryPoint","urlTemplate":"https:\/\/shop.sleepquest.com\/es\/?s={search_term_string}"},"query-input":{"@type":"PropertyValueSpecification","valueRequired":true,"valueName":"search_term_string"}}],"inLanguage":"es"},{"@type":"Organization","@id":"https:\/\/shop.sleepquest.com\/es\/#organization","name":"SleepQuest","alternateName":"SleepQuest Online Store","url":"https:\/\/shop.sleepquest.com\/es\/","logo":{"@type":"ImageObject","inLanguage":"es","@id":"https:\/\/shop.sleepquest.com\/es\/#\/schema\/logo\/image\/","url":"https:\/\/shop.sleepquest.com\/wp-content\/uploads\/2024\/05\/fav.png","contentUrl":"https:\/\/shop.sleepquest.com\/wp-content\/uploads\/2024\/05\/fav.png","width":512,"height":512,"caption":"SleepQuest"},"image":{"@id":"https:\/\/shop.sleepquest.com\/es\/#\/schema\/logo\/image\/"},"sameAs":["https:\/\/www.facebook.com\/sleepquest","https:\/\/x.com\/sleepquest"]}]}},"_links":{"self":[{"href":"https:\/\/shop.sleepquest.com\/es\/wp-json\/wp\/v2\/product\/2623","targetHints":{"allow":["GET"]}}],"collection":[{"href":"https:\/\/shop.sleepquest.com\/es\/wp-json\/wp\/v2\/product"}],"about":[{"href":"https:\/\/shop.sleepquest.com\/es\/wp-json\/wp\/v2\/types\/product"}],"replies":[{"embeddable":true,"href":"https:\/\/shop.sleepquest.com\/es\/wp-json\/wp\/v2\/comments?post=2623"}],"wp:featuredmedia":[{"embeddable":true,"href":"https:\/\/shop.sleepquest.com\/es\/wp-json\/wp\/v2\/media\/1937"}],"wp:attachment":[{"href":"https:\/\/shop.sleepquest.com\/es\/wp-json\/wp\/v2\/media?parent=2623"}],"wp:term":[{"taxonomy":"product_brand","embeddable":true,"href":"https:\/\/shop.sleepquest.com\/es\/wp-json\/wp\/v2\/product_brand?post=2623"},{"taxonomy":"product_cat","embeddable":true,"href":"https:\/\/shop.sleepquest.com\/es\/wp-json\/wp\/v2\/product_cat?post=2623"},{"taxonomy":"product_tag","embeddable":true,"href":"https:\/\/shop.sleepquest.com\/es\/wp-json\/wp\/v2\/product_tag?post=2623"}],"curies":[{"name":"wp","href":"https:\/\/api.w.org\/{rel}","templated":true}]}}