{"id":2618,"date":"2024-06-06T10:12:53","date_gmt":"2024-06-06T17:12:53","guid":{"rendered":"https:\/\/shop.sleepquest.com\/products\/df-s9-10-resmed\/"},"modified":"2024-10-04T13:18:47","modified_gmt":"2024-10-04T13:18:47","slug":"df-s9-10-resmed","status":"publish","type":"product","link":"https:\/\/shop.sleepquest.com\/es\/productos\/df-s9-10-resmed\/","title":{"rendered":"DF S9 &#038; 10 RESMED"},"content":{"rendered":"<p>Filtros de aire para que el CPAP de ResMed evite el ingreso de part\u00edculas transportadas por el aire y polvo en su dispositivo de modo que pueda disfrutar de una experiencia de terapia fresca y saludable.<\/p>\n<p>Estos filtros de aire desechables est\u00e1n dise\u00f1ados para usar con dispositivos CPAP de la serie S9 y AirSense 10 de ResMed. Los filtros son f\u00e1ciles de colocar y deben reemplazarse cada 4-6 meses (o cuando se da\u00f1en o no funcionen).<\/p>\n<p><strong>Higi\u00e9nico:<\/strong>\u00a0reemplace el filtro de aire de su CPAP cada 4-6 meses (o cuando se da\u00f1e o no funcione) para mantener limpio su dispositivo de la serie S9 o AirSense 10 y para una experiencia de terapia m\u00e1s saludable.<\/p>\n<p><strong>F\u00e1cil de usar:<\/strong>\u00a0cambiar su filtro de aire es r\u00e1pido y f\u00e1cil. Vea m\u00e1s informaci\u00f3n en la gu\u00eda del usuario de su dispositivo.<\/p>\n<p><strong>El precio es por (1) filtro<\/strong><\/p>\n","protected":false},"excerpt":{"rendered":"<p>Filtros de aire para que el CPAP de ResMed evite el ingreso de part\u00edculas transportadas por el aire y polvo<\/p>\n","protected":false},"featured_media":1944,"comment_status":"closed","ping_status":"closed","template":"","meta":{"_acf_changed":false},"product_brand":[],"product_cat":[177,157],"product_tag":[],"class_list":{"0":"post-2618","1":"product","2":"type-product","3":"status-publish","4":"has-post-thumbnail","6":"product_cat-articulos-sin-receta","7":"product_cat-filtros-cpap","9":"first","10":"instock","11":"purchasable","12":"product-type-simple"},"acf":[],"yoast_head":"<!-- This site is optimized with the Yoast SEO plugin v27.5 - https:\/\/yoast.com\/product\/yoast-seo-wordpress\/ -->\n<title>DF S9 &amp; 10 RESMED - SleepQuest Online Store<\/title>\n<meta name=\"description\" content=\"Filtros de aire para que el CPAP de ResMed evite el ingreso de part\u00edculas transportadas por el aire y polvo en su dispositivo de modo que pueda disfrutar de una experiencia de terapia fresca y saludable.\" \/>\n<meta name=\"robots\" content=\"index, follow, max-snippet:-1, max-image-preview:large, max-video-preview:-1\" \/>\n<link rel=\"canonical\" href=\"https:\/\/shop.sleepquest.com\/es\/productos\/df-s9-10-resmed\/\" \/>\n<meta property=\"og:locale\" content=\"es_ES\" \/>\n<meta property=\"og:type\" content=\"article\" \/>\n<meta property=\"og:title\" content=\"DF S9 &amp; 10 RESMED - SleepQuest Online Store\" \/>\n<meta property=\"og:description\" content=\"Filtros de aire para que el CPAP de ResMed evite el ingreso de part\u00edculas transportadas por el aire y polvo en su dispositivo de modo que pueda disfrutar de una experiencia de terapia fresca y saludable.\" \/>\n<meta property=\"og:url\" content=\"https:\/\/shop.sleepquest.com\/es\/productos\/df-s9-10-resmed\/\" \/>\n<meta property=\"og:site_name\" content=\"SleepQuest Online Store\" \/>\n<meta property=\"article:publisher\" content=\"https:\/\/www.facebook.com\/sleepquest\" \/>\n<meta property=\"article:modified_time\" content=\"2024-10-04T13:18:47+00:00\" \/>\n<meta property=\"og:image\" content=\"https:\/\/shop.sleepquest.com\/wp-content\/uploads\/2024\/06\/resmed-s9-s10-disposable-filters-01.jpg\" \/>\n\t<meta property=\"og:image:width\" content=\"600\" \/>\n\t<meta property=\"og:image:height\" content=\"600\" \/>\n\t<meta property=\"og:image:type\" content=\"image\/jpeg\" \/>\n<meta name=\"twitter:card\" content=\"summary_large_image\" \/>\n<meta name=\"twitter:site\" content=\"@sleepquest\" \/>\n<meta name=\"twitter:label1\" content=\"Tiempo de lectura\" \/>\n\t<meta name=\"twitter:data1\" content=\"1 minuto\" \/>\n<script type=\"application\/ld+json\" class=\"yoast-schema-graph\">{\"@context\":\"https:\\\/\\\/schema.org\",\"@graph\":[{\"@type\":\"WebPage\",\"@id\":\"https:\\\/\\\/shop.sleepquest.com\\\/es\\\/productos\\\/df-s9-10-resmed\\\/\",\"url\":\"https:\\\/\\\/shop.sleepquest.com\\\/es\\\/productos\\\/df-s9-10-resmed\\\/\",\"name\":\"DF S9 & 10 RESMED - SleepQuest Online Store\",\"isPartOf\":{\"@id\":\"https:\\\/\\\/shop.sleepquest.com\\\/es\\\/#website\"},\"primaryImageOfPage\":{\"@id\":\"https:\\\/\\\/shop.sleepquest.com\\\/es\\\/productos\\\/df-s9-10-resmed\\\/#primaryimage\"},\"image\":{\"@id\":\"https:\\\/\\\/shop.sleepquest.com\\\/es\\\/productos\\\/df-s9-10-resmed\\\/#primaryimage\"},\"thumbnailUrl\":\"https:\\\/\\\/shop.sleepquest.com\\\/wp-content\\\/uploads\\\/2024\\\/06\\\/resmed-s9-s10-disposable-filters-01.jpg\",\"datePublished\":\"2024-06-06T17:12:53+00:00\",\"dateModified\":\"2024-10-04T13:18:47+00:00\",\"description\":\"Filtros de aire para que el CPAP de ResMed evite el ingreso de part\u00edculas transportadas por el aire y polvo en su dispositivo de modo que pueda disfrutar de una experiencia de terapia fresca y saludable.\",\"breadcrumb\":{\"@id\":\"https:\\\/\\\/shop.sleepquest.com\\\/es\\\/productos\\\/df-s9-10-resmed\\\/#breadcrumb\"},\"inLanguage\":\"es\",\"potentialAction\":[{\"@type\":\"ReadAction\",\"target\":[\"https:\\\/\\\/shop.sleepquest.com\\\/es\\\/productos\\\/df-s9-10-resmed\\\/\"]}]},{\"@type\":\"ImageObject\",\"inLanguage\":\"es\",\"@id\":\"https:\\\/\\\/shop.sleepquest.com\\\/es\\\/productos\\\/df-s9-10-resmed\\\/#primaryimage\",\"url\":\"https:\\\/\\\/shop.sleepquest.com\\\/wp-content\\\/uploads\\\/2024\\\/06\\\/resmed-s9-s10-disposable-filters-01.jpg\",\"contentUrl\":\"https:\\\/\\\/shop.sleepquest.com\\\/wp-content\\\/uploads\\\/2024\\\/06\\\/resmed-s9-s10-disposable-filters-01.jpg\",\"width\":600,\"height\":600},{\"@type\":\"BreadcrumbList\",\"@id\":\"https:\\\/\\\/shop.sleepquest.com\\\/es\\\/productos\\\/df-s9-10-resmed\\\/#breadcrumb\",\"itemListElement\":[{\"@type\":\"ListItem\",\"position\":1,\"name\":\"Home\",\"item\":\"https:\\\/\\\/shop.sleepquest.com\\\/es\\\/\"},{\"@type\":\"ListItem\",\"position\":2,\"name\":\"Todas las colecciones\",\"item\":\"https:\\\/\\\/shop.sleepquest.com\\\/collections\\\/\"},{\"@type\":\"ListItem\",\"position\":3,\"name\":\"Filtros CPAP\",\"item\":\"https:\\\/\\\/shop.sleepquest.com\\\/es\\\/colecciones\\\/filtros-cpap\\\/\"},{\"@type\":\"ListItem\",\"position\":4,\"name\":\"DF S9 &#038; 10 RESMED\"}]},{\"@type\":\"WebSite\",\"@id\":\"https:\\\/\\\/shop.sleepquest.com\\\/es\\\/#website\",\"url\":\"https:\\\/\\\/shop.sleepquest.com\\\/es\\\/\",\"name\":\"SleepQuest Online Store\",\"description\":\"\",\"publisher\":{\"@id\":\"https:\\\/\\\/shop.sleepquest.com\\\/es\\\/#organization\"},\"potentialAction\":[{\"@type\":\"SearchAction\",\"target\":{\"@type\":\"EntryPoint\",\"urlTemplate\":\"https:\\\/\\\/shop.sleepquest.com\\\/es\\\/?s={search_term_string}\"},\"query-input\":{\"@type\":\"PropertyValueSpecification\",\"valueRequired\":true,\"valueName\":\"search_term_string\"}}],\"inLanguage\":\"es\"},{\"@type\":\"Organization\",\"@id\":\"https:\\\/\\\/shop.sleepquest.com\\\/es\\\/#organization\",\"name\":\"SleepQuest\",\"alternateName\":\"SleepQuest Online Store\",\"url\":\"https:\\\/\\\/shop.sleepquest.com\\\/es\\\/\",\"logo\":{\"@type\":\"ImageObject\",\"inLanguage\":\"es\",\"@id\":\"https:\\\/\\\/shop.sleepquest.com\\\/es\\\/#\\\/schema\\\/logo\\\/image\\\/\",\"url\":\"https:\\\/\\\/shop.sleepquest.com\\\/wp-content\\\/uploads\\\/2024\\\/05\\\/fav.png\",\"contentUrl\":\"https:\\\/\\\/shop.sleepquest.com\\\/wp-content\\\/uploads\\\/2024\\\/05\\\/fav.png\",\"width\":512,\"height\":512,\"caption\":\"SleepQuest\"},\"image\":{\"@id\":\"https:\\\/\\\/shop.sleepquest.com\\\/es\\\/#\\\/schema\\\/logo\\\/image\\\/\"},\"sameAs\":[\"https:\\\/\\\/www.facebook.com\\\/sleepquest\",\"https:\\\/\\\/x.com\\\/sleepquest\"]}]}<\/script>\n<!-- \/ Yoast SEO plugin. -->","yoast_head_json":{"title":"DF S9 & 10 RESMED - SleepQuest Online Store","description":"Filtros de aire para que el CPAP de ResMed evite el ingreso de part\u00edculas transportadas por el aire y polvo en su dispositivo de modo que pueda disfrutar de una experiencia de terapia fresca y saludable.","robots":{"index":"index","follow":"follow","max-snippet":"max-snippet:-1","max-image-preview":"max-image-preview:large","max-video-preview":"max-video-preview:-1"},"canonical":"https:\/\/shop.sleepquest.com\/es\/productos\/df-s9-10-resmed\/","og_locale":"es_ES","og_type":"article","og_title":"DF S9 & 10 RESMED - SleepQuest Online Store","og_description":"Filtros de aire para que el CPAP de ResMed evite el ingreso de part\u00edculas transportadas por el aire y polvo en su dispositivo de modo que pueda disfrutar de una experiencia de terapia fresca y saludable.","og_url":"https:\/\/shop.sleepquest.com\/es\/productos\/df-s9-10-resmed\/","og_site_name":"SleepQuest Online Store","article_publisher":"https:\/\/www.facebook.com\/sleepquest","article_modified_time":"2024-10-04T13:18:47+00:00","og_image":[{"width":600,"height":600,"url":"https:\/\/shop.sleepquest.com\/wp-content\/uploads\/2024\/06\/resmed-s9-s10-disposable-filters-01.jpg","type":"image\/jpeg"}],"twitter_card":"summary_large_image","twitter_site":"@sleepquest","twitter_misc":{"Tiempo de lectura":"1 minuto"},"schema":{"@context":"https:\/\/schema.org","@graph":[{"@type":"WebPage","@id":"https:\/\/shop.sleepquest.com\/es\/productos\/df-s9-10-resmed\/","url":"https:\/\/shop.sleepquest.com\/es\/productos\/df-s9-10-resmed\/","name":"DF S9 & 10 RESMED - SleepQuest Online Store","isPartOf":{"@id":"https:\/\/shop.sleepquest.com\/es\/#website"},"primaryImageOfPage":{"@id":"https:\/\/shop.sleepquest.com\/es\/productos\/df-s9-10-resmed\/#primaryimage"},"image":{"@id":"https:\/\/shop.sleepquest.com\/es\/productos\/df-s9-10-resmed\/#primaryimage"},"thumbnailUrl":"https:\/\/shop.sleepquest.com\/wp-content\/uploads\/2024\/06\/resmed-s9-s10-disposable-filters-01.jpg","datePublished":"2024-06-06T17:12:53+00:00","dateModified":"2024-10-04T13:18:47+00:00","description":"Filtros de aire para que el CPAP de ResMed evite el ingreso de part\u00edculas transportadas por el aire y polvo en su dispositivo de modo que pueda disfrutar de una experiencia de terapia fresca y saludable.","breadcrumb":{"@id":"https:\/\/shop.sleepquest.com\/es\/productos\/df-s9-10-resmed\/#breadcrumb"},"inLanguage":"es","potentialAction":[{"@type":"ReadAction","target":["https:\/\/shop.sleepquest.com\/es\/productos\/df-s9-10-resmed\/"]}]},{"@type":"ImageObject","inLanguage":"es","@id":"https:\/\/shop.sleepquest.com\/es\/productos\/df-s9-10-resmed\/#primaryimage","url":"https:\/\/shop.sleepquest.com\/wp-content\/uploads\/2024\/06\/resmed-s9-s10-disposable-filters-01.jpg","contentUrl":"https:\/\/shop.sleepquest.com\/wp-content\/uploads\/2024\/06\/resmed-s9-s10-disposable-filters-01.jpg","width":600,"height":600},{"@type":"BreadcrumbList","@id":"https:\/\/shop.sleepquest.com\/es\/productos\/df-s9-10-resmed\/#breadcrumb","itemListElement":[{"@type":"ListItem","position":1,"name":"Home","item":"https:\/\/shop.sleepquest.com\/es\/"},{"@type":"ListItem","position":2,"name":"Todas las colecciones","item":"https:\/\/shop.sleepquest.com\/collections\/"},{"@type":"ListItem","position":3,"name":"Filtros CPAP","item":"https:\/\/shop.sleepquest.com\/es\/colecciones\/filtros-cpap\/"},{"@type":"ListItem","position":4,"name":"DF S9 &#038; 10 RESMED"}]},{"@type":"WebSite","@id":"https:\/\/shop.sleepquest.com\/es\/#website","url":"https:\/\/shop.sleepquest.com\/es\/","name":"SleepQuest Online Store","description":"","publisher":{"@id":"https:\/\/shop.sleepquest.com\/es\/#organization"},"potentialAction":[{"@type":"SearchAction","target":{"@type":"EntryPoint","urlTemplate":"https:\/\/shop.sleepquest.com\/es\/?s={search_term_string}"},"query-input":{"@type":"PropertyValueSpecification","valueRequired":true,"valueName":"search_term_string"}}],"inLanguage":"es"},{"@type":"Organization","@id":"https:\/\/shop.sleepquest.com\/es\/#organization","name":"SleepQuest","alternateName":"SleepQuest Online Store","url":"https:\/\/shop.sleepquest.com\/es\/","logo":{"@type":"ImageObject","inLanguage":"es","@id":"https:\/\/shop.sleepquest.com\/es\/#\/schema\/logo\/image\/","url":"https:\/\/shop.sleepquest.com\/wp-content\/uploads\/2024\/05\/fav.png","contentUrl":"https:\/\/shop.sleepquest.com\/wp-content\/uploads\/2024\/05\/fav.png","width":512,"height":512,"caption":"SleepQuest"},"image":{"@id":"https:\/\/shop.sleepquest.com\/es\/#\/schema\/logo\/image\/"},"sameAs":["https:\/\/www.facebook.com\/sleepquest","https:\/\/x.com\/sleepquest"]}]}},"_links":{"self":[{"href":"https:\/\/shop.sleepquest.com\/es\/wp-json\/wp\/v2\/product\/2618","targetHints":{"allow":["GET"]}}],"collection":[{"href":"https:\/\/shop.sleepquest.com\/es\/wp-json\/wp\/v2\/product"}],"about":[{"href":"https:\/\/shop.sleepquest.com\/es\/wp-json\/wp\/v2\/types\/product"}],"replies":[{"embeddable":true,"href":"https:\/\/shop.sleepquest.com\/es\/wp-json\/wp\/v2\/comments?post=2618"}],"wp:featuredmedia":[{"embeddable":true,"href":"https:\/\/shop.sleepquest.com\/es\/wp-json\/wp\/v2\/media\/1944"}],"wp:attachment":[{"href":"https:\/\/shop.sleepquest.com\/es\/wp-json\/wp\/v2\/media?parent=2618"}],"wp:term":[{"taxonomy":"product_brand","embeddable":true,"href":"https:\/\/shop.sleepquest.com\/es\/wp-json\/wp\/v2\/product_brand?post=2618"},{"taxonomy":"product_cat","embeddable":true,"href":"https:\/\/shop.sleepquest.com\/es\/wp-json\/wp\/v2\/product_cat?post=2618"},{"taxonomy":"product_tag","embeddable":true,"href":"https:\/\/shop.sleepquest.com\/es\/wp-json\/wp\/v2\/product_tag?post=2618"}],"curies":[{"name":"wp","href":"https:\/\/api.w.org\/{rel}","templated":true}]}}