{"id":2607,"date":"2024-06-07T06:37:38","date_gmt":"2024-06-07T06:37:38","guid":{"rendered":"https:\/\/shop.sleepquest.com\/products\/upgraded-chamber-s10-humidair-cleanable\/"},"modified":"2024-06-07T06:37:38","modified_gmt":"2024-06-07T06:37:38","slug":"upgraded-chamber-s10-humidair-cleanable","status":"publish","type":"product","link":"https:\/\/shop.sleepquest.com\/es\/productos\/upgraded-chamber-s10-humidair-cleanable\/","title":{"rendered":"UPGRADED CHAMBER: S10 HumidAir\u2122 CLEANABLE"},"content":{"rendered":"<p>C\u00e1mara de agua segura lavable en lavavajilla para las l\u00edneas de productos AirSense\u2122 10 y AirCurve\u2122 10 de ResMed.<\/p>\n<p>La C\u00e1mara de Agua Lavable HumidAir\u2122 est\u00e1 dise\u00f1ada para lavarse en un lavavajilla. Esta C\u00e1mara de Agua Lavable HumidAir\u2122 se abre para un f\u00e1cil llenado y limpieza. La C\u00e1mara de Agua Lavable HumidAir\u2122 de ResMed\u00aees una c\u00e1mara humidificadora calefaccionada de repuesto para las l\u00edneas de productos AirSense\u2122 10 CPAP y AirCurve\u2122 10 BiLevel.<\/p>\n<p>Esta C\u00e1mara de Agua Lavable HumidAir\u2122 es compatible con las siguientes m\u00e1quinas de ResMed:<\/p>\n<ul>\n<li>M\u00e1quina CPAP AirSense\u2122 10 con HumidAir\u2122<\/li>\n<li>M\u00e1quina CPAP AirSense\u2122 10 Elite con HumidAir\u2122<\/li>\n<li>M\u00e1quina CPAP AirSense\u2122 10 AutoSet\u2122 con HumidAir\u2122<\/li>\n<li>M\u00e1quina CPAP AirSense\u2122 10 AutoSet\u2122 for Her con HumidAir\u2122<\/li>\n<li>AirCurve\u2122 10 S BiLevel con HumidAir\u2122<\/li>\n<li>AirCurve\u2122 10 VAuto BiLevel con HumidAir\u2122<\/li>\n<\/ul>\n<p>\u00bfEst\u00e1 buscando una c\u00e1mara est\u00e1ndar para las m\u00e1quinas CPAP AirSense\u2122 10 o AirCurve\u2122 10 BiLevel? \u00a1Vea la c\u00e1mara de agua est\u00e1ndar HumidAir\u2122 ya mismo!<\/p>\n","protected":false},"excerpt":{"rendered":"<p>C\u00e1mara de agua segura lavable en lavavajilla para las l\u00edneas de productos AirSense\u2122 10 y AirCurve\u2122 10 de ResMed. La<\/p>\n","protected":false},"featured_media":1953,"comment_status":"closed","ping_status":"closed","template":"","meta":{"_acf_changed":false},"product_brand":[],"product_cat":[177,158,167],"product_tag":[],"class_list":{"0":"post-2607","1":"product","2":"type-product","3":"status-publish","4":"has-post-thumbnail","6":"product_cat-articulos-sin-receta","7":"product_cat-humidificadores-cpap","8":"product_cat-productos-resmed-es","10":"first","11":"instock","12":"purchasable","13":"product-type-simple"},"acf":[],"yoast_head":"<!-- This site is optimized with the Yoast SEO plugin v27.3 - https:\/\/yoast.com\/product\/yoast-seo-wordpress\/ -->\n<title>UPGRADED CHAMBER: S10 HumidAir\u2122 CLEANABLE - SleepQuest Online Store<\/title>\n<meta name=\"description\" content=\"C\u00e1mara de agua segura lavable en lavavajilla para las l\u00edneas de productos AirSense\u2122 10 y AirCurve\u2122 10 de ResMed.\" \/>\n<meta name=\"robots\" content=\"index, follow, max-snippet:-1, max-image-preview:large, max-video-preview:-1\" \/>\n<link rel=\"canonical\" href=\"https:\/\/shop.sleepquest.com\/es\/productos\/upgraded-chamber-s10-humidair-cleanable\/\" \/>\n<meta property=\"og:locale\" content=\"es_ES\" \/>\n<meta property=\"og:type\" content=\"article\" \/>\n<meta property=\"og:title\" content=\"UPGRADED CHAMBER: S10 HumidAir\u2122 CLEANABLE - SleepQuest Online Store\" \/>\n<meta property=\"og:description\" content=\"C\u00e1mara de agua segura lavable en lavavajilla para las l\u00edneas de productos AirSense\u2122 10 y AirCurve\u2122 10 de ResMed.\" \/>\n<meta property=\"og:url\" content=\"https:\/\/shop.sleepquest.com\/es\/productos\/upgraded-chamber-s10-humidair-cleanable\/\" \/>\n<meta property=\"og:site_name\" content=\"SleepQuest Online Store\" \/>\n<meta property=\"article:publisher\" content=\"https:\/\/www.facebook.com\/sleepquest\" \/>\n<meta property=\"og:image\" content=\"https:\/\/shop.sleepquest.com\/wp-content\/uploads\/2024\/06\/humidair-cleanable-tub-01.jpg\" \/>\n\t<meta property=\"og:image:width\" content=\"800\" \/>\n\t<meta property=\"og:image:height\" content=\"800\" \/>\n\t<meta property=\"og:image:type\" content=\"image\/jpeg\" \/>\n<meta name=\"twitter:card\" content=\"summary_large_image\" \/>\n<meta name=\"twitter:site\" content=\"@sleepquest\" \/>\n<meta name=\"twitter:label1\" content=\"Tiempo de lectura\" \/>\n\t<meta name=\"twitter:data1\" content=\"1 minuto\" \/>\n<script type=\"application\/ld+json\" class=\"yoast-schema-graph\">{\"@context\":\"https:\\\/\\\/schema.org\",\"@graph\":[{\"@type\":\"WebPage\",\"@id\":\"https:\\\/\\\/shop.sleepquest.com\\\/es\\\/productos\\\/upgraded-chamber-s10-humidair-cleanable\\\/\",\"url\":\"https:\\\/\\\/shop.sleepquest.com\\\/es\\\/productos\\\/upgraded-chamber-s10-humidair-cleanable\\\/\",\"name\":\"UPGRADED CHAMBER: S10 HumidAir\u2122 CLEANABLE - SleepQuest Online Store\",\"isPartOf\":{\"@id\":\"https:\\\/\\\/shop.sleepquest.com\\\/es\\\/#website\"},\"primaryImageOfPage\":{\"@id\":\"https:\\\/\\\/shop.sleepquest.com\\\/es\\\/productos\\\/upgraded-chamber-s10-humidair-cleanable\\\/#primaryimage\"},\"image\":{\"@id\":\"https:\\\/\\\/shop.sleepquest.com\\\/es\\\/productos\\\/upgraded-chamber-s10-humidair-cleanable\\\/#primaryimage\"},\"thumbnailUrl\":\"https:\\\/\\\/shop.sleepquest.com\\\/wp-content\\\/uploads\\\/2024\\\/06\\\/humidair-cleanable-tub-01.jpg\",\"datePublished\":\"2024-06-07T06:37:38+00:00\",\"description\":\"C\u00e1mara de agua segura lavable en lavavajilla para las l\u00edneas de productos AirSense\u2122 10 y AirCurve\u2122 10 de ResMed.\",\"breadcrumb\":{\"@id\":\"https:\\\/\\\/shop.sleepquest.com\\\/es\\\/productos\\\/upgraded-chamber-s10-humidair-cleanable\\\/#breadcrumb\"},\"inLanguage\":\"es\",\"potentialAction\":[{\"@type\":\"ReadAction\",\"target\":[\"https:\\\/\\\/shop.sleepquest.com\\\/es\\\/productos\\\/upgraded-chamber-s10-humidair-cleanable\\\/\"]}]},{\"@type\":\"ImageObject\",\"inLanguage\":\"es\",\"@id\":\"https:\\\/\\\/shop.sleepquest.com\\\/es\\\/productos\\\/upgraded-chamber-s10-humidair-cleanable\\\/#primaryimage\",\"url\":\"https:\\\/\\\/shop.sleepquest.com\\\/wp-content\\\/uploads\\\/2024\\\/06\\\/humidair-cleanable-tub-01.jpg\",\"contentUrl\":\"https:\\\/\\\/shop.sleepquest.com\\\/wp-content\\\/uploads\\\/2024\\\/06\\\/humidair-cleanable-tub-01.jpg\",\"width\":800,\"height\":800},{\"@type\":\"BreadcrumbList\",\"@id\":\"https:\\\/\\\/shop.sleepquest.com\\\/es\\\/productos\\\/upgraded-chamber-s10-humidair-cleanable\\\/#breadcrumb\",\"itemListElement\":[{\"@type\":\"ListItem\",\"position\":1,\"name\":\"Home\",\"item\":\"https:\\\/\\\/shop.sleepquest.com\\\/es\\\/\"},{\"@type\":\"ListItem\",\"position\":2,\"name\":\"Todas las colecciones\",\"item\":\"https:\\\/\\\/shop.sleepquest.com\\\/collections\\\/\"},{\"@type\":\"ListItem\",\"position\":3,\"name\":\"Humidificadores CPAP\",\"item\":\"https:\\\/\\\/shop.sleepquest.com\\\/es\\\/colecciones\\\/humidificadores-cpap\\\/\"},{\"@type\":\"ListItem\",\"position\":4,\"name\":\"UPGRADED CHAMBER: S10 HumidAir\u2122 CLEANABLE\"}]},{\"@type\":\"WebSite\",\"@id\":\"https:\\\/\\\/shop.sleepquest.com\\\/es\\\/#website\",\"url\":\"https:\\\/\\\/shop.sleepquest.com\\\/es\\\/\",\"name\":\"SleepQuest Online Store\",\"description\":\"\",\"publisher\":{\"@id\":\"https:\\\/\\\/shop.sleepquest.com\\\/es\\\/#organization\"},\"potentialAction\":[{\"@type\":\"SearchAction\",\"target\":{\"@type\":\"EntryPoint\",\"urlTemplate\":\"https:\\\/\\\/shop.sleepquest.com\\\/es\\\/?s={search_term_string}\"},\"query-input\":{\"@type\":\"PropertyValueSpecification\",\"valueRequired\":true,\"valueName\":\"search_term_string\"}}],\"inLanguage\":\"es\"},{\"@type\":\"Organization\",\"@id\":\"https:\\\/\\\/shop.sleepquest.com\\\/es\\\/#organization\",\"name\":\"SleepQuest\",\"alternateName\":\"SleepQuest Online Store\",\"url\":\"https:\\\/\\\/shop.sleepquest.com\\\/es\\\/\",\"logo\":{\"@type\":\"ImageObject\",\"inLanguage\":\"es\",\"@id\":\"https:\\\/\\\/shop.sleepquest.com\\\/es\\\/#\\\/schema\\\/logo\\\/image\\\/\",\"url\":\"https:\\\/\\\/shop.sleepquest.com\\\/wp-content\\\/uploads\\\/2024\\\/05\\\/fav.png\",\"contentUrl\":\"https:\\\/\\\/shop.sleepquest.com\\\/wp-content\\\/uploads\\\/2024\\\/05\\\/fav.png\",\"width\":512,\"height\":512,\"caption\":\"SleepQuest\"},\"image\":{\"@id\":\"https:\\\/\\\/shop.sleepquest.com\\\/es\\\/#\\\/schema\\\/logo\\\/image\\\/\"},\"sameAs\":[\"https:\\\/\\\/www.facebook.com\\\/sleepquest\",\"https:\\\/\\\/x.com\\\/sleepquest\"]}]}<\/script>\n<!-- \/ Yoast SEO plugin. -->","yoast_head_json":{"title":"UPGRADED CHAMBER: S10 HumidAir\u2122 CLEANABLE - SleepQuest Online Store","description":"C\u00e1mara de agua segura lavable en lavavajilla para las l\u00edneas de productos AirSense\u2122 10 y AirCurve\u2122 10 de ResMed.","robots":{"index":"index","follow":"follow","max-snippet":"max-snippet:-1","max-image-preview":"max-image-preview:large","max-video-preview":"max-video-preview:-1"},"canonical":"https:\/\/shop.sleepquest.com\/es\/productos\/upgraded-chamber-s10-humidair-cleanable\/","og_locale":"es_ES","og_type":"article","og_title":"UPGRADED CHAMBER: S10 HumidAir\u2122 CLEANABLE - SleepQuest Online Store","og_description":"C\u00e1mara de agua segura lavable en lavavajilla para las l\u00edneas de productos AirSense\u2122 10 y AirCurve\u2122 10 de ResMed.","og_url":"https:\/\/shop.sleepquest.com\/es\/productos\/upgraded-chamber-s10-humidair-cleanable\/","og_site_name":"SleepQuest Online Store","article_publisher":"https:\/\/www.facebook.com\/sleepquest","og_image":[{"width":800,"height":800,"url":"https:\/\/shop.sleepquest.com\/wp-content\/uploads\/2024\/06\/humidair-cleanable-tub-01.jpg","type":"image\/jpeg"}],"twitter_card":"summary_large_image","twitter_site":"@sleepquest","twitter_misc":{"Tiempo de lectura":"1 minuto"},"schema":{"@context":"https:\/\/schema.org","@graph":[{"@type":"WebPage","@id":"https:\/\/shop.sleepquest.com\/es\/productos\/upgraded-chamber-s10-humidair-cleanable\/","url":"https:\/\/shop.sleepquest.com\/es\/productos\/upgraded-chamber-s10-humidair-cleanable\/","name":"UPGRADED CHAMBER: S10 HumidAir\u2122 CLEANABLE - SleepQuest Online Store","isPartOf":{"@id":"https:\/\/shop.sleepquest.com\/es\/#website"},"primaryImageOfPage":{"@id":"https:\/\/shop.sleepquest.com\/es\/productos\/upgraded-chamber-s10-humidair-cleanable\/#primaryimage"},"image":{"@id":"https:\/\/shop.sleepquest.com\/es\/productos\/upgraded-chamber-s10-humidair-cleanable\/#primaryimage"},"thumbnailUrl":"https:\/\/shop.sleepquest.com\/wp-content\/uploads\/2024\/06\/humidair-cleanable-tub-01.jpg","datePublished":"2024-06-07T06:37:38+00:00","description":"C\u00e1mara de agua segura lavable en lavavajilla para las l\u00edneas de productos AirSense\u2122 10 y AirCurve\u2122 10 de ResMed.","breadcrumb":{"@id":"https:\/\/shop.sleepquest.com\/es\/productos\/upgraded-chamber-s10-humidair-cleanable\/#breadcrumb"},"inLanguage":"es","potentialAction":[{"@type":"ReadAction","target":["https:\/\/shop.sleepquest.com\/es\/productos\/upgraded-chamber-s10-humidair-cleanable\/"]}]},{"@type":"ImageObject","inLanguage":"es","@id":"https:\/\/shop.sleepquest.com\/es\/productos\/upgraded-chamber-s10-humidair-cleanable\/#primaryimage","url":"https:\/\/shop.sleepquest.com\/wp-content\/uploads\/2024\/06\/humidair-cleanable-tub-01.jpg","contentUrl":"https:\/\/shop.sleepquest.com\/wp-content\/uploads\/2024\/06\/humidair-cleanable-tub-01.jpg","width":800,"height":800},{"@type":"BreadcrumbList","@id":"https:\/\/shop.sleepquest.com\/es\/productos\/upgraded-chamber-s10-humidair-cleanable\/#breadcrumb","itemListElement":[{"@type":"ListItem","position":1,"name":"Home","item":"https:\/\/shop.sleepquest.com\/es\/"},{"@type":"ListItem","position":2,"name":"Todas las colecciones","item":"https:\/\/shop.sleepquest.com\/collections\/"},{"@type":"ListItem","position":3,"name":"Humidificadores CPAP","item":"https:\/\/shop.sleepquest.com\/es\/colecciones\/humidificadores-cpap\/"},{"@type":"ListItem","position":4,"name":"UPGRADED CHAMBER: S10 HumidAir\u2122 CLEANABLE"}]},{"@type":"WebSite","@id":"https:\/\/shop.sleepquest.com\/es\/#website","url":"https:\/\/shop.sleepquest.com\/es\/","name":"SleepQuest Online Store","description":"","publisher":{"@id":"https:\/\/shop.sleepquest.com\/es\/#organization"},"potentialAction":[{"@type":"SearchAction","target":{"@type":"EntryPoint","urlTemplate":"https:\/\/shop.sleepquest.com\/es\/?s={search_term_string}"},"query-input":{"@type":"PropertyValueSpecification","valueRequired":true,"valueName":"search_term_string"}}],"inLanguage":"es"},{"@type":"Organization","@id":"https:\/\/shop.sleepquest.com\/es\/#organization","name":"SleepQuest","alternateName":"SleepQuest Online Store","url":"https:\/\/shop.sleepquest.com\/es\/","logo":{"@type":"ImageObject","inLanguage":"es","@id":"https:\/\/shop.sleepquest.com\/es\/#\/schema\/logo\/image\/","url":"https:\/\/shop.sleepquest.com\/wp-content\/uploads\/2024\/05\/fav.png","contentUrl":"https:\/\/shop.sleepquest.com\/wp-content\/uploads\/2024\/05\/fav.png","width":512,"height":512,"caption":"SleepQuest"},"image":{"@id":"https:\/\/shop.sleepquest.com\/es\/#\/schema\/logo\/image\/"},"sameAs":["https:\/\/www.facebook.com\/sleepquest","https:\/\/x.com\/sleepquest"]}]}},"_links":{"self":[{"href":"https:\/\/shop.sleepquest.com\/es\/wp-json\/wp\/v2\/product\/2607","targetHints":{"allow":["GET"]}}],"collection":[{"href":"https:\/\/shop.sleepquest.com\/es\/wp-json\/wp\/v2\/product"}],"about":[{"href":"https:\/\/shop.sleepquest.com\/es\/wp-json\/wp\/v2\/types\/product"}],"replies":[{"embeddable":true,"href":"https:\/\/shop.sleepquest.com\/es\/wp-json\/wp\/v2\/comments?post=2607"}],"wp:featuredmedia":[{"embeddable":true,"href":"https:\/\/shop.sleepquest.com\/es\/wp-json\/wp\/v2\/media\/1953"}],"wp:attachment":[{"href":"https:\/\/shop.sleepquest.com\/es\/wp-json\/wp\/v2\/media?parent=2607"}],"wp:term":[{"taxonomy":"product_brand","embeddable":true,"href":"https:\/\/shop.sleepquest.com\/es\/wp-json\/wp\/v2\/product_brand?post=2607"},{"taxonomy":"product_cat","embeddable":true,"href":"https:\/\/shop.sleepquest.com\/es\/wp-json\/wp\/v2\/product_cat?post=2607"},{"taxonomy":"product_tag","embeddable":true,"href":"https:\/\/shop.sleepquest.com\/es\/wp-json\/wp\/v2\/product_tag?post=2607"}],"curies":[{"name":"wp","href":"https:\/\/api.w.org\/{rel}","templated":true}]}}