{"id":2542,"date":"2024-06-10T09:46:30","date_gmt":"2024-06-10T09:46:30","guid":{"rendered":"https:\/\/shop.sleepquest.com\/products\/airfit-f10\/"},"modified":"2026-02-06T12:31:15","modified_gmt":"2026-02-06T20:31:15","slug":"airfit-f10","status":"publish","type":"product","link":"https:\/\/shop.sleepquest.com\/es\/productos\/airfit-f10\/","title":{"rendered":"AirFit\u2122 F10"},"content":{"rendered":"<h4><strong>Confort Superior<\/strong><\/h4>\n<p>La AirFit\u2122 F10 es peque\u00f1a y liviana, por lo que da a los pacientes un mayor nivel de confort y facilidad de uso. Incluye un coj\u00edn Spring Air\u2122 de doble pared que es confortable y eficaz, y el arco para la cabeza SoftEdge\u2122 que presenta correas de tama\u00f1o m\u00e1s reducido para m\u00e1ximo confort y menos marcas faciales.<\/p>\n<h4><strong>Facilidad de Uso<\/strong><\/h4>\n<p>Un estudio de ResMed demostr\u00f3 que la mayor\u00eda de los pacientes tardaban menos de dos minutos en armar y calzarse la m\u00e1scara AirFit\u2122 F10 gracias a su dise\u00f1o simple de cuatro piezas, que tambi\u00e9n les resulta f\u00e1cil y r\u00e1pido de volver a armar y limpiar.<\/p>\n<h4><strong>Desempe\u00f1o Comprobado<\/strong><\/h4>\n<p>El singular marco y arco para la cabeza se combinan para proporcionar una estabilidad y desempe\u00f1o superior. De hecho, un estudio revel\u00f3 una preferencia un\u00e1nime de los pacientes por sobre la m\u00e1scara de rostro completo l\u00edder del mercado en t\u00e9rminos de sello.<\/p>\n<h4><strong>Ultra Silenciosa<\/strong><\/h4>\n<p>La ventilaci\u00f3n difusa circular dirige delicadamente el aire exhalado lejos de los pacientes y sus compa\u00f1eros de habitaci\u00f3n, creando un ambiente silencioso y tranquilo propicio para el sue\u00f1o.<\/p>\n","protected":false},"excerpt":{"rendered":"<p>Confort Superior La AirFit\u2122 F10 es peque\u00f1a y liviana, por lo que da a los pacientes un mayor nivel de<\/p>\n","protected":false},"featured_media":2062,"comment_status":"closed","ping_status":"closed","template":"","meta":{"_acf_changed":false},"product_brand":[],"product_cat":[183,165,167],"product_tag":[],"class_list":{"0":"post-2542","1":"product","2":"type-product","3":"status-publish","4":"has-post-thumbnail","6":"product_cat-liquidacion","7":"product_cat-mascarillas-cpap-faciales","8":"product_cat-productos-resmed-es","10":"first","11":"instock","12":"purchasable","13":"product-type-variable","14":"has-default-attributes"},"acf":[],"yoast_head":"<!-- This site is optimized with the Yoast SEO plugin v27.4 - https:\/\/yoast.com\/product\/yoast-seo-wordpress\/ -->\n<title>AirFit\u2122 F10 - SleepQuest Online Store<\/title>\n<meta name=\"description\" content=\"La AirFit\u2122 F10 es peque\u00f1a y liviana, por lo que da a los pacientes un mayor nivel de confort y facilidad de uso.\" \/>\n<meta name=\"robots\" content=\"index, follow, max-snippet:-1, max-image-preview:large, max-video-preview:-1\" \/>\n<link rel=\"canonical\" href=\"https:\/\/shop.sleepquest.com\/es\/productos\/airfit-f10\/\" \/>\n<meta property=\"og:locale\" content=\"es_ES\" \/>\n<meta property=\"og:type\" content=\"article\" \/>\n<meta property=\"og:title\" content=\"AirFit\u2122 F10 - SleepQuest Online Store\" \/>\n<meta property=\"og:description\" content=\"La AirFit\u2122 F10 es peque\u00f1a y liviana, por lo que da a los pacientes un mayor nivel de confort y facilidad de uso.\" \/>\n<meta property=\"og:url\" content=\"https:\/\/shop.sleepquest.com\/es\/productos\/airfit-f10\/\" \/>\n<meta property=\"og:site_name\" content=\"SleepQuest Online Store\" \/>\n<meta property=\"article:publisher\" content=\"https:\/\/www.facebook.com\/sleepquest\" \/>\n<meta property=\"article:modified_time\" content=\"2026-02-06T20:31:15+00:00\" \/>\n<meta property=\"og:image\" content=\"https:\/\/shop.sleepquest.com\/wp-content\/uploads\/2024\/06\/airfit-f10-01.jpg\" \/>\n\t<meta property=\"og:image:width\" content=\"941\" \/>\n\t<meta property=\"og:image:height\" content=\"712\" \/>\n\t<meta property=\"og:image:type\" content=\"image\/jpeg\" \/>\n<meta name=\"twitter:card\" content=\"summary_large_image\" \/>\n<meta name=\"twitter:site\" content=\"@sleepquest\" \/>\n<meta name=\"twitter:label1\" content=\"Tiempo de lectura\" \/>\n\t<meta name=\"twitter:data1\" content=\"1 minuto\" \/>\n<script type=\"application\/ld+json\" class=\"yoast-schema-graph\">{\"@context\":\"https:\\\/\\\/schema.org\",\"@graph\":[{\"@type\":\"WebPage\",\"@id\":\"https:\\\/\\\/shop.sleepquest.com\\\/es\\\/productos\\\/airfit-f10\\\/\",\"url\":\"https:\\\/\\\/shop.sleepquest.com\\\/es\\\/productos\\\/airfit-f10\\\/\",\"name\":\"AirFit\u2122 F10 - SleepQuest Online Store\",\"isPartOf\":{\"@id\":\"https:\\\/\\\/shop.sleepquest.com\\\/es\\\/#website\"},\"primaryImageOfPage\":{\"@id\":\"https:\\\/\\\/shop.sleepquest.com\\\/es\\\/productos\\\/airfit-f10\\\/#primaryimage\"},\"image\":{\"@id\":\"https:\\\/\\\/shop.sleepquest.com\\\/es\\\/productos\\\/airfit-f10\\\/#primaryimage\"},\"thumbnailUrl\":\"https:\\\/\\\/shop.sleepquest.com\\\/wp-content\\\/uploads\\\/2024\\\/06\\\/airfit-f10-01.jpg\",\"datePublished\":\"2024-06-10T09:46:30+00:00\",\"dateModified\":\"2026-02-06T20:31:15+00:00\",\"description\":\"La AirFit\u2122 F10 es peque\u00f1a y liviana, por lo que da a los pacientes un mayor nivel de confort y facilidad de uso.\",\"breadcrumb\":{\"@id\":\"https:\\\/\\\/shop.sleepquest.com\\\/es\\\/productos\\\/airfit-f10\\\/#breadcrumb\"},\"inLanguage\":\"es\",\"potentialAction\":[{\"@type\":\"ReadAction\",\"target\":[\"https:\\\/\\\/shop.sleepquest.com\\\/es\\\/productos\\\/airfit-f10\\\/\"]}]},{\"@type\":\"ImageObject\",\"inLanguage\":\"es\",\"@id\":\"https:\\\/\\\/shop.sleepquest.com\\\/es\\\/productos\\\/airfit-f10\\\/#primaryimage\",\"url\":\"https:\\\/\\\/shop.sleepquest.com\\\/wp-content\\\/uploads\\\/2024\\\/06\\\/airfit-f10-01.jpg\",\"contentUrl\":\"https:\\\/\\\/shop.sleepquest.com\\\/wp-content\\\/uploads\\\/2024\\\/06\\\/airfit-f10-01.jpg\",\"width\":941,\"height\":712},{\"@type\":\"BreadcrumbList\",\"@id\":\"https:\\\/\\\/shop.sleepquest.com\\\/es\\\/productos\\\/airfit-f10\\\/#breadcrumb\",\"itemListElement\":[{\"@type\":\"ListItem\",\"position\":1,\"name\":\"Home\",\"item\":\"https:\\\/\\\/shop.sleepquest.com\\\/es\\\/\"},{\"@type\":\"ListItem\",\"position\":2,\"name\":\"Todas las colecciones\",\"item\":\"https:\\\/\\\/shop.sleepquest.com\\\/collections\\\/\"},{\"@type\":\"ListItem\",\"position\":3,\"name\":\"Liquidaci\u00f3n\",\"item\":\"https:\\\/\\\/shop.sleepquest.com\\\/es\\\/colecciones\\\/liquidacion\\\/\"},{\"@type\":\"ListItem\",\"position\":4,\"name\":\"AirFit\u2122 F10\"}]},{\"@type\":\"WebSite\",\"@id\":\"https:\\\/\\\/shop.sleepquest.com\\\/es\\\/#website\",\"url\":\"https:\\\/\\\/shop.sleepquest.com\\\/es\\\/\",\"name\":\"SleepQuest Online Store\",\"description\":\"\",\"publisher\":{\"@id\":\"https:\\\/\\\/shop.sleepquest.com\\\/es\\\/#organization\"},\"potentialAction\":[{\"@type\":\"SearchAction\",\"target\":{\"@type\":\"EntryPoint\",\"urlTemplate\":\"https:\\\/\\\/shop.sleepquest.com\\\/es\\\/?s={search_term_string}\"},\"query-input\":{\"@type\":\"PropertyValueSpecification\",\"valueRequired\":true,\"valueName\":\"search_term_string\"}}],\"inLanguage\":\"es\"},{\"@type\":\"Organization\",\"@id\":\"https:\\\/\\\/shop.sleepquest.com\\\/es\\\/#organization\",\"name\":\"SleepQuest\",\"alternateName\":\"SleepQuest Online Store\",\"url\":\"https:\\\/\\\/shop.sleepquest.com\\\/es\\\/\",\"logo\":{\"@type\":\"ImageObject\",\"inLanguage\":\"es\",\"@id\":\"https:\\\/\\\/shop.sleepquest.com\\\/es\\\/#\\\/schema\\\/logo\\\/image\\\/\",\"url\":\"https:\\\/\\\/shop.sleepquest.com\\\/wp-content\\\/uploads\\\/2024\\\/05\\\/fav.png\",\"contentUrl\":\"https:\\\/\\\/shop.sleepquest.com\\\/wp-content\\\/uploads\\\/2024\\\/05\\\/fav.png\",\"width\":512,\"height\":512,\"caption\":\"SleepQuest\"},\"image\":{\"@id\":\"https:\\\/\\\/shop.sleepquest.com\\\/es\\\/#\\\/schema\\\/logo\\\/image\\\/\"},\"sameAs\":[\"https:\\\/\\\/www.facebook.com\\\/sleepquest\",\"https:\\\/\\\/x.com\\\/sleepquest\"]}]}<\/script>\n<!-- \/ Yoast SEO plugin. -->","yoast_head_json":{"title":"AirFit\u2122 F10 - SleepQuest Online Store","description":"La AirFit\u2122 F10 es peque\u00f1a y liviana, por lo que da a los pacientes un mayor nivel de confort y facilidad de uso.","robots":{"index":"index","follow":"follow","max-snippet":"max-snippet:-1","max-image-preview":"max-image-preview:large","max-video-preview":"max-video-preview:-1"},"canonical":"https:\/\/shop.sleepquest.com\/es\/productos\/airfit-f10\/","og_locale":"es_ES","og_type":"article","og_title":"AirFit\u2122 F10 - SleepQuest Online Store","og_description":"La AirFit\u2122 F10 es peque\u00f1a y liviana, por lo que da a los pacientes un mayor nivel de confort y facilidad de uso.","og_url":"https:\/\/shop.sleepquest.com\/es\/productos\/airfit-f10\/","og_site_name":"SleepQuest Online Store","article_publisher":"https:\/\/www.facebook.com\/sleepquest","article_modified_time":"2026-02-06T20:31:15+00:00","og_image":[{"width":941,"height":712,"url":"https:\/\/shop.sleepquest.com\/wp-content\/uploads\/2024\/06\/airfit-f10-01.jpg","type":"image\/jpeg"}],"twitter_card":"summary_large_image","twitter_site":"@sleepquest","twitter_misc":{"Tiempo de lectura":"1 minuto"},"schema":{"@context":"https:\/\/schema.org","@graph":[{"@type":"WebPage","@id":"https:\/\/shop.sleepquest.com\/es\/productos\/airfit-f10\/","url":"https:\/\/shop.sleepquest.com\/es\/productos\/airfit-f10\/","name":"AirFit\u2122 F10 - SleepQuest Online Store","isPartOf":{"@id":"https:\/\/shop.sleepquest.com\/es\/#website"},"primaryImageOfPage":{"@id":"https:\/\/shop.sleepquest.com\/es\/productos\/airfit-f10\/#primaryimage"},"image":{"@id":"https:\/\/shop.sleepquest.com\/es\/productos\/airfit-f10\/#primaryimage"},"thumbnailUrl":"https:\/\/shop.sleepquest.com\/wp-content\/uploads\/2024\/06\/airfit-f10-01.jpg","datePublished":"2024-06-10T09:46:30+00:00","dateModified":"2026-02-06T20:31:15+00:00","description":"La AirFit\u2122 F10 es peque\u00f1a y liviana, por lo que da a los pacientes un mayor nivel de confort y facilidad de uso.","breadcrumb":{"@id":"https:\/\/shop.sleepquest.com\/es\/productos\/airfit-f10\/#breadcrumb"},"inLanguage":"es","potentialAction":[{"@type":"ReadAction","target":["https:\/\/shop.sleepquest.com\/es\/productos\/airfit-f10\/"]}]},{"@type":"ImageObject","inLanguage":"es","@id":"https:\/\/shop.sleepquest.com\/es\/productos\/airfit-f10\/#primaryimage","url":"https:\/\/shop.sleepquest.com\/wp-content\/uploads\/2024\/06\/airfit-f10-01.jpg","contentUrl":"https:\/\/shop.sleepquest.com\/wp-content\/uploads\/2024\/06\/airfit-f10-01.jpg","width":941,"height":712},{"@type":"BreadcrumbList","@id":"https:\/\/shop.sleepquest.com\/es\/productos\/airfit-f10\/#breadcrumb","itemListElement":[{"@type":"ListItem","position":1,"name":"Home","item":"https:\/\/shop.sleepquest.com\/es\/"},{"@type":"ListItem","position":2,"name":"Todas las colecciones","item":"https:\/\/shop.sleepquest.com\/collections\/"},{"@type":"ListItem","position":3,"name":"Liquidaci\u00f3n","item":"https:\/\/shop.sleepquest.com\/es\/colecciones\/liquidacion\/"},{"@type":"ListItem","position":4,"name":"AirFit\u2122 F10"}]},{"@type":"WebSite","@id":"https:\/\/shop.sleepquest.com\/es\/#website","url":"https:\/\/shop.sleepquest.com\/es\/","name":"SleepQuest Online Store","description":"","publisher":{"@id":"https:\/\/shop.sleepquest.com\/es\/#organization"},"potentialAction":[{"@type":"SearchAction","target":{"@type":"EntryPoint","urlTemplate":"https:\/\/shop.sleepquest.com\/es\/?s={search_term_string}"},"query-input":{"@type":"PropertyValueSpecification","valueRequired":true,"valueName":"search_term_string"}}],"inLanguage":"es"},{"@type":"Organization","@id":"https:\/\/shop.sleepquest.com\/es\/#organization","name":"SleepQuest","alternateName":"SleepQuest Online Store","url":"https:\/\/shop.sleepquest.com\/es\/","logo":{"@type":"ImageObject","inLanguage":"es","@id":"https:\/\/shop.sleepquest.com\/es\/#\/schema\/logo\/image\/","url":"https:\/\/shop.sleepquest.com\/wp-content\/uploads\/2024\/05\/fav.png","contentUrl":"https:\/\/shop.sleepquest.com\/wp-content\/uploads\/2024\/05\/fav.png","width":512,"height":512,"caption":"SleepQuest"},"image":{"@id":"https:\/\/shop.sleepquest.com\/es\/#\/schema\/logo\/image\/"},"sameAs":["https:\/\/www.facebook.com\/sleepquest","https:\/\/x.com\/sleepquest"]}]}},"_links":{"self":[{"href":"https:\/\/shop.sleepquest.com\/es\/wp-json\/wp\/v2\/product\/2542","targetHints":{"allow":["GET"]}}],"collection":[{"href":"https:\/\/shop.sleepquest.com\/es\/wp-json\/wp\/v2\/product"}],"about":[{"href":"https:\/\/shop.sleepquest.com\/es\/wp-json\/wp\/v2\/types\/product"}],"replies":[{"embeddable":true,"href":"https:\/\/shop.sleepquest.com\/es\/wp-json\/wp\/v2\/comments?post=2542"}],"wp:featuredmedia":[{"embeddable":true,"href":"https:\/\/shop.sleepquest.com\/es\/wp-json\/wp\/v2\/media\/2062"}],"wp:attachment":[{"href":"https:\/\/shop.sleepquest.com\/es\/wp-json\/wp\/v2\/media?parent=2542"}],"wp:term":[{"taxonomy":"product_brand","embeddable":true,"href":"https:\/\/shop.sleepquest.com\/es\/wp-json\/wp\/v2\/product_brand?post=2542"},{"taxonomy":"product_cat","embeddable":true,"href":"https:\/\/shop.sleepquest.com\/es\/wp-json\/wp\/v2\/product_cat?post=2542"},{"taxonomy":"product_tag","embeddable":true,"href":"https:\/\/shop.sleepquest.com\/es\/wp-json\/wp\/v2\/product_tag?post=2542"}],"curies":[{"name":"wp","href":"https:\/\/api.w.org\/{rel}","templated":true}]}}