{"id":2535,"date":"2024-06-10T09:51:35","date_gmt":"2024-06-10T09:51:35","guid":{"rendered":"https:\/\/shop.sleepquest.com\/products\/airtouch-f20\/"},"modified":"2026-04-09T02:15:19","modified_gmt":"2026-04-09T09:15:19","slug":"airtouch-f20","status":"publish","type":"product","link":"https:\/\/shop.sleepquest.com\/es\/productos\/airtouch-f20\/","title":{"rendered":"AirTouch\u2122 F20"},"content":{"rendered":"<h4><strong>Cambiando la cara del confort<\/strong><\/h4>\n<p>Esta es la mascarilla revolucionaria que usted y sus pacientes han estado esperando. La AirTouch F20 es nuestra mascarilla m\u00e1s suave hasta la fecha y la primera que utiliza espuma con memoria UltraSoft\u2122 para lograr una combinaci\u00f3n perfecta de comodidad y rendimiento. La almohadilla de espuma con memoria tambi\u00e9n se adapta a los contornos \u00fanicos de cada rostro para ayudar a proporcionar un sellado seguro en una amplia gama de presiones de terapia.<\/p>\n<ul>\n<li>Cuenta con la tecnolog\u00eda de cojines de espuma con memoria UltraSoft<\/li>\n<li>El coj\u00edn de espuma con memoria se adapta a los contornos de la cara de cada paciente<\/li>\n<li>El sello ligero y transpirable funciona en una gama de presiones de terapia<\/li>\n<\/ul>\n<h4>AirTouch F20<\/h4>\n<ul>\n<li>Categor\u00eda Ultra Soft<\/li>\n<li>Cobertura bucal y nasal<\/li>\n<li>M\u00e1scara facial completa<\/li>\n<li>Coj\u00edn de espuma con memoria<\/li>\n<\/ul>\n<p>La mascarilla m\u00e1s suave que jam\u00e1s hayamos dise\u00f1ado, con una almohadilla de espuma con memoria UltraSoft\u2122 La almohadilla ligera y transpirable est\u00e1 dise\u00f1ada para sellar en una amplia gama de presiones de terapia El dise\u00f1o modular del armaz\u00f3n permite un c\u00f3modo intercambio con la almohadilla AirFit\u2122 20 InfinitySeal\u2122.<\/p>\n<p><a class=\"js-no-transition\" href=\"https:\/\/document.resmed.com\/documents\/products\/serviceandsupport\/mask-magnet-support\/Patient_Letter_English_US.pdf\" target=\"_blank\" rel=\"noopener\"><b>Revise las contraindicaciones y advertencias sobre el uso seguro de las mascarillas ResMed con imanes.<\/b><\/a><\/p>\n","protected":false},"excerpt":{"rendered":"<p>Cambiando la cara del confort Esta es la mascarilla revolucionaria que usted y sus pacientes han estado esperando. La AirTouch<\/p>\n","protected":false},"featured_media":2065,"comment_status":"closed","ping_status":"closed","template":"","meta":{"_acf_changed":false},"product_brand":[],"product_cat":[165,167,172],"product_tag":[],"class_list":{"0":"post-2535","1":"product","2":"type-product","3":"status-publish","4":"has-post-thumbnail","6":"product_cat-mascarillas-cpap-faciales","7":"product_cat-productos-resmed-es","8":"product_cat-venta-de-mascaras","10":"first","11":"outofstock","12":"product-type-variable","13":"has-default-attributes"},"acf":[],"yoast_head":"<!-- This site is optimized with the Yoast SEO plugin v27.3 - https:\/\/yoast.com\/product\/yoast-seo-wordpress\/ -->\n<title>AirTouch\u2122 F20 - SleepQuest Online Store<\/title>\n<meta name=\"robots\" content=\"index, follow, max-snippet:-1, max-image-preview:large, max-video-preview:-1\" \/>\n<link rel=\"canonical\" href=\"https:\/\/shop.sleepquest.com\/es\/productos\/airtouch-f20\/\" \/>\n<meta property=\"og:locale\" content=\"es_ES\" \/>\n<meta property=\"og:type\" content=\"article\" \/>\n<meta property=\"og:title\" content=\"AirTouch\u2122 F20 - SleepQuest Online Store\" \/>\n<meta property=\"og:description\" content=\"Cambiando la cara del confort Esta es la mascarilla revolucionaria que usted y sus pacientes han estado esperando. La AirTouch\" \/>\n<meta property=\"og:url\" content=\"https:\/\/shop.sleepquest.com\/es\/productos\/airtouch-f20\/\" \/>\n<meta property=\"og:site_name\" content=\"SleepQuest Online Store\" \/>\n<meta property=\"article:publisher\" content=\"https:\/\/www.facebook.com\/sleepquest\" \/>\n<meta property=\"article:modified_time\" content=\"2026-04-09T09:15:19+00:00\" \/>\n<meta property=\"og:image\" content=\"https:\/\/shop.sleepquest.com\/wp-content\/uploads\/2024\/06\/airtouch-f20-01.jpg\" \/>\n\t<meta property=\"og:image:width\" content=\"500\" \/>\n\t<meta property=\"og:image:height\" content=\"500\" \/>\n\t<meta property=\"og:image:type\" content=\"image\/jpeg\" \/>\n<meta name=\"twitter:card\" content=\"summary_large_image\" \/>\n<meta name=\"twitter:site\" content=\"@sleepquest\" \/>\n<meta name=\"twitter:label1\" content=\"Tiempo de lectura\" \/>\n\t<meta name=\"twitter:data1\" content=\"1 minuto\" \/>\n<script type=\"application\/ld+json\" class=\"yoast-schema-graph\">{\"@context\":\"https:\\\/\\\/schema.org\",\"@graph\":[{\"@type\":\"WebPage\",\"@id\":\"https:\\\/\\\/shop.sleepquest.com\\\/es\\\/productos\\\/airtouch-f20\\\/\",\"url\":\"https:\\\/\\\/shop.sleepquest.com\\\/es\\\/productos\\\/airtouch-f20\\\/\",\"name\":\"AirTouch\u2122 F20 - SleepQuest Online Store\",\"isPartOf\":{\"@id\":\"https:\\\/\\\/shop.sleepquest.com\\\/es\\\/#website\"},\"primaryImageOfPage\":{\"@id\":\"https:\\\/\\\/shop.sleepquest.com\\\/es\\\/productos\\\/airtouch-f20\\\/#primaryimage\"},\"image\":{\"@id\":\"https:\\\/\\\/shop.sleepquest.com\\\/es\\\/productos\\\/airtouch-f20\\\/#primaryimage\"},\"thumbnailUrl\":\"https:\\\/\\\/shop.sleepquest.com\\\/wp-content\\\/uploads\\\/2024\\\/06\\\/airtouch-f20-01.jpg\",\"datePublished\":\"2024-06-10T09:51:35+00:00\",\"dateModified\":\"2026-04-09T09:15:19+00:00\",\"breadcrumb\":{\"@id\":\"https:\\\/\\\/shop.sleepquest.com\\\/es\\\/productos\\\/airtouch-f20\\\/#breadcrumb\"},\"inLanguage\":\"es\",\"potentialAction\":[{\"@type\":\"ReadAction\",\"target\":[\"https:\\\/\\\/shop.sleepquest.com\\\/es\\\/productos\\\/airtouch-f20\\\/\"]}]},{\"@type\":\"ImageObject\",\"inLanguage\":\"es\",\"@id\":\"https:\\\/\\\/shop.sleepquest.com\\\/es\\\/productos\\\/airtouch-f20\\\/#primaryimage\",\"url\":\"https:\\\/\\\/shop.sleepquest.com\\\/wp-content\\\/uploads\\\/2024\\\/06\\\/airtouch-f20-01.jpg\",\"contentUrl\":\"https:\\\/\\\/shop.sleepquest.com\\\/wp-content\\\/uploads\\\/2024\\\/06\\\/airtouch-f20-01.jpg\",\"width\":500,\"height\":500},{\"@type\":\"BreadcrumbList\",\"@id\":\"https:\\\/\\\/shop.sleepquest.com\\\/es\\\/productos\\\/airtouch-f20\\\/#breadcrumb\",\"itemListElement\":[{\"@type\":\"ListItem\",\"position\":1,\"name\":\"Home\",\"item\":\"https:\\\/\\\/shop.sleepquest.com\\\/es\\\/\"},{\"@type\":\"ListItem\",\"position\":2,\"name\":\"Todas las colecciones\",\"item\":\"https:\\\/\\\/shop.sleepquest.com\\\/collections\\\/\"},{\"@type\":\"ListItem\",\"position\":3,\"name\":\"Mascarillas CPAP faciales\",\"item\":\"https:\\\/\\\/shop.sleepquest.com\\\/es\\\/colecciones\\\/mascarillas-cpap-faciales\\\/\"},{\"@type\":\"ListItem\",\"position\":4,\"name\":\"AirTouch\u2122 F20\"}]},{\"@type\":\"WebSite\",\"@id\":\"https:\\\/\\\/shop.sleepquest.com\\\/es\\\/#website\",\"url\":\"https:\\\/\\\/shop.sleepquest.com\\\/es\\\/\",\"name\":\"SleepQuest Online Store\",\"description\":\"\",\"publisher\":{\"@id\":\"https:\\\/\\\/shop.sleepquest.com\\\/es\\\/#organization\"},\"potentialAction\":[{\"@type\":\"SearchAction\",\"target\":{\"@type\":\"EntryPoint\",\"urlTemplate\":\"https:\\\/\\\/shop.sleepquest.com\\\/es\\\/?s={search_term_string}\"},\"query-input\":{\"@type\":\"PropertyValueSpecification\",\"valueRequired\":true,\"valueName\":\"search_term_string\"}}],\"inLanguage\":\"es\"},{\"@type\":\"Organization\",\"@id\":\"https:\\\/\\\/shop.sleepquest.com\\\/es\\\/#organization\",\"name\":\"SleepQuest\",\"alternateName\":\"SleepQuest Online Store\",\"url\":\"https:\\\/\\\/shop.sleepquest.com\\\/es\\\/\",\"logo\":{\"@type\":\"ImageObject\",\"inLanguage\":\"es\",\"@id\":\"https:\\\/\\\/shop.sleepquest.com\\\/es\\\/#\\\/schema\\\/logo\\\/image\\\/\",\"url\":\"https:\\\/\\\/shop.sleepquest.com\\\/wp-content\\\/uploads\\\/2024\\\/05\\\/fav.png\",\"contentUrl\":\"https:\\\/\\\/shop.sleepquest.com\\\/wp-content\\\/uploads\\\/2024\\\/05\\\/fav.png\",\"width\":512,\"height\":512,\"caption\":\"SleepQuest\"},\"image\":{\"@id\":\"https:\\\/\\\/shop.sleepquest.com\\\/es\\\/#\\\/schema\\\/logo\\\/image\\\/\"},\"sameAs\":[\"https:\\\/\\\/www.facebook.com\\\/sleepquest\",\"https:\\\/\\\/x.com\\\/sleepquest\"]}]}<\/script>\n<!-- \/ Yoast SEO plugin. -->","yoast_head_json":{"title":"AirTouch\u2122 F20 - SleepQuest Online Store","robots":{"index":"index","follow":"follow","max-snippet":"max-snippet:-1","max-image-preview":"max-image-preview:large","max-video-preview":"max-video-preview:-1"},"canonical":"https:\/\/shop.sleepquest.com\/es\/productos\/airtouch-f20\/","og_locale":"es_ES","og_type":"article","og_title":"AirTouch\u2122 F20 - SleepQuest Online Store","og_description":"Cambiando la cara del confort Esta es la mascarilla revolucionaria que usted y sus pacientes han estado esperando. La AirTouch","og_url":"https:\/\/shop.sleepquest.com\/es\/productos\/airtouch-f20\/","og_site_name":"SleepQuest Online Store","article_publisher":"https:\/\/www.facebook.com\/sleepquest","article_modified_time":"2026-04-09T09:15:19+00:00","og_image":[{"width":500,"height":500,"url":"https:\/\/shop.sleepquest.com\/wp-content\/uploads\/2024\/06\/airtouch-f20-01.jpg","type":"image\/jpeg"}],"twitter_card":"summary_large_image","twitter_site":"@sleepquest","twitter_misc":{"Tiempo de lectura":"1 minuto"},"schema":{"@context":"https:\/\/schema.org","@graph":[{"@type":"WebPage","@id":"https:\/\/shop.sleepquest.com\/es\/productos\/airtouch-f20\/","url":"https:\/\/shop.sleepquest.com\/es\/productos\/airtouch-f20\/","name":"AirTouch\u2122 F20 - SleepQuest Online Store","isPartOf":{"@id":"https:\/\/shop.sleepquest.com\/es\/#website"},"primaryImageOfPage":{"@id":"https:\/\/shop.sleepquest.com\/es\/productos\/airtouch-f20\/#primaryimage"},"image":{"@id":"https:\/\/shop.sleepquest.com\/es\/productos\/airtouch-f20\/#primaryimage"},"thumbnailUrl":"https:\/\/shop.sleepquest.com\/wp-content\/uploads\/2024\/06\/airtouch-f20-01.jpg","datePublished":"2024-06-10T09:51:35+00:00","dateModified":"2026-04-09T09:15:19+00:00","breadcrumb":{"@id":"https:\/\/shop.sleepquest.com\/es\/productos\/airtouch-f20\/#breadcrumb"},"inLanguage":"es","potentialAction":[{"@type":"ReadAction","target":["https:\/\/shop.sleepquest.com\/es\/productos\/airtouch-f20\/"]}]},{"@type":"ImageObject","inLanguage":"es","@id":"https:\/\/shop.sleepquest.com\/es\/productos\/airtouch-f20\/#primaryimage","url":"https:\/\/shop.sleepquest.com\/wp-content\/uploads\/2024\/06\/airtouch-f20-01.jpg","contentUrl":"https:\/\/shop.sleepquest.com\/wp-content\/uploads\/2024\/06\/airtouch-f20-01.jpg","width":500,"height":500},{"@type":"BreadcrumbList","@id":"https:\/\/shop.sleepquest.com\/es\/productos\/airtouch-f20\/#breadcrumb","itemListElement":[{"@type":"ListItem","position":1,"name":"Home","item":"https:\/\/shop.sleepquest.com\/es\/"},{"@type":"ListItem","position":2,"name":"Todas las colecciones","item":"https:\/\/shop.sleepquest.com\/collections\/"},{"@type":"ListItem","position":3,"name":"Mascarillas CPAP faciales","item":"https:\/\/shop.sleepquest.com\/es\/colecciones\/mascarillas-cpap-faciales\/"},{"@type":"ListItem","position":4,"name":"AirTouch\u2122 F20"}]},{"@type":"WebSite","@id":"https:\/\/shop.sleepquest.com\/es\/#website","url":"https:\/\/shop.sleepquest.com\/es\/","name":"SleepQuest Online Store","description":"","publisher":{"@id":"https:\/\/shop.sleepquest.com\/es\/#organization"},"potentialAction":[{"@type":"SearchAction","target":{"@type":"EntryPoint","urlTemplate":"https:\/\/shop.sleepquest.com\/es\/?s={search_term_string}"},"query-input":{"@type":"PropertyValueSpecification","valueRequired":true,"valueName":"search_term_string"}}],"inLanguage":"es"},{"@type":"Organization","@id":"https:\/\/shop.sleepquest.com\/es\/#organization","name":"SleepQuest","alternateName":"SleepQuest Online Store","url":"https:\/\/shop.sleepquest.com\/es\/","logo":{"@type":"ImageObject","inLanguage":"es","@id":"https:\/\/shop.sleepquest.com\/es\/#\/schema\/logo\/image\/","url":"https:\/\/shop.sleepquest.com\/wp-content\/uploads\/2024\/05\/fav.png","contentUrl":"https:\/\/shop.sleepquest.com\/wp-content\/uploads\/2024\/05\/fav.png","width":512,"height":512,"caption":"SleepQuest"},"image":{"@id":"https:\/\/shop.sleepquest.com\/es\/#\/schema\/logo\/image\/"},"sameAs":["https:\/\/www.facebook.com\/sleepquest","https:\/\/x.com\/sleepquest"]}]}},"_links":{"self":[{"href":"https:\/\/shop.sleepquest.com\/es\/wp-json\/wp\/v2\/product\/2535","targetHints":{"allow":["GET"]}}],"collection":[{"href":"https:\/\/shop.sleepquest.com\/es\/wp-json\/wp\/v2\/product"}],"about":[{"href":"https:\/\/shop.sleepquest.com\/es\/wp-json\/wp\/v2\/types\/product"}],"replies":[{"embeddable":true,"href":"https:\/\/shop.sleepquest.com\/es\/wp-json\/wp\/v2\/comments?post=2535"}],"wp:featuredmedia":[{"embeddable":true,"href":"https:\/\/shop.sleepquest.com\/es\/wp-json\/wp\/v2\/media\/2065"}],"wp:attachment":[{"href":"https:\/\/shop.sleepquest.com\/es\/wp-json\/wp\/v2\/media?parent=2535"}],"wp:term":[{"taxonomy":"product_brand","embeddable":true,"href":"https:\/\/shop.sleepquest.com\/es\/wp-json\/wp\/v2\/product_brand?post=2535"},{"taxonomy":"product_cat","embeddable":true,"href":"https:\/\/shop.sleepquest.com\/es\/wp-json\/wp\/v2\/product_cat?post=2535"},{"taxonomy":"product_tag","embeddable":true,"href":"https:\/\/shop.sleepquest.com\/es\/wp-json\/wp\/v2\/product_tag?post=2535"}],"curies":[{"name":"wp","href":"https:\/\/api.w.org\/{rel}","templated":true}]}}