{"id":2499,"date":"2024-06-11T08:48:15","date_gmt":"2024-06-11T08:48:15","guid":{"rendered":"https:\/\/shop.sleepquest.com\/products\/airfit-p10-for-her\/"},"modified":"2026-04-15T02:22:47","modified_gmt":"2026-04-15T09:22:47","slug":"airfit-p10-for-her","status":"publish","type":"product","link":"https:\/\/shop.sleepquest.com\/es\/productos\/airfit-p10-for-her\/","title":{"rendered":"AirFit\u2122 P10 for Her"},"content":{"rendered":"<p>Confort de bajo peso, sensaci\u00f3n de libertad y un sue\u00f1o nocturno silencioso. Dise\u00f1ada especialmente para mujeres. Lo \u00faltimo en tecnolog\u00eda para la apnea del sue\u00f1o, pudiendo usted dormir hasta 40 minutos m\u00e1s por noche en comparaci\u00f3n con la m\u00e1scara Swift FX de ResMed.<\/p>\n<p>CON ESTA M\u00c1SCARA SE ENTREGAN LOS 3 TAMA\u00d1OS DE ALMOHADILLAS (EXTRA PEQUE\u00d1O, PEQUE\u00d1O Y MEDIANO).<\/p>\n<p>La m\u00e1scara de almohadillas nasales AirFit\u2122 P10 for Her de ResMed es una opci\u00f3n inteligente para mujeres que quieren un sue\u00f1o nocturno silencioso y confortable. Las m\u00e1scaras &#8216;For Her&#8217; de ResMed se han adaptado especialmente para las mujeres, asegurando un mejor calce para mayor confort. La AirFit P10 viene con la \u00faltima tecnolog\u00eda para la apnea del sue\u00f1o y fue merecedora del codiciado Premio RedDot 2014 por su excelente dise\u00f1o sencillo de usar.<\/p>\n","protected":false},"excerpt":{"rendered":"<p>Confort de bajo peso, sensaci\u00f3n de libertad y un sue\u00f1o nocturno silencioso. Dise\u00f1ada especialmente para mujeres. Lo \u00faltimo en tecnolog\u00eda<\/p>\n","protected":false},"featured_media":2117,"comment_status":"closed","ping_status":"closed","template":"","meta":{"_acf_changed":false},"product_brand":[],"product_cat":[175,167,172],"product_tag":[],"class_list":{"0":"post-2499","1":"product","2":"type-product","3":"status-publish","4":"has-post-thumbnail","6":"product_cat-mascaras-de-almohada-nasal","7":"product_cat-productos-resmed-es","8":"product_cat-venta-de-mascaras","10":"first","11":"instock","12":"purchasable","13":"product-type-simple"},"acf":[],"yoast_head":"<!-- This site is optimized with the Yoast SEO plugin v27.4 - https:\/\/yoast.com\/product\/yoast-seo-wordpress\/ -->\n<title>AirFit\u2122 P10 for Her - SleepQuest Online Store<\/title>\n<meta name=\"description\" content=\"Confort de bajo peso, sensaci\u00f3n de libertad y un sue\u00f1o nocturno silencioso. Dise\u00f1ada especialmente para mujeres.\" \/>\n<meta name=\"robots\" content=\"index, follow, max-snippet:-1, max-image-preview:large, max-video-preview:-1\" \/>\n<link rel=\"canonical\" href=\"https:\/\/shop.sleepquest.com\/es\/productos\/airfit-p10-for-her\/\" \/>\n<meta property=\"og:locale\" content=\"es_ES\" \/>\n<meta property=\"og:type\" content=\"article\" \/>\n<meta property=\"og:title\" content=\"AirFit\u2122 P10 for Her - SleepQuest Online Store\" \/>\n<meta property=\"og:description\" content=\"Confort de bajo peso, sensaci\u00f3n de libertad y un sue\u00f1o nocturno silencioso. Dise\u00f1ada especialmente para mujeres.\" \/>\n<meta property=\"og:url\" content=\"https:\/\/shop.sleepquest.com\/es\/productos\/airfit-p10-for-her\/\" \/>\n<meta property=\"og:site_name\" content=\"SleepQuest Online Store\" \/>\n<meta property=\"article:publisher\" content=\"https:\/\/www.facebook.com\/sleepquest\" \/>\n<meta property=\"article:modified_time\" content=\"2026-04-15T09:22:47+00:00\" \/>\n<meta property=\"og:image\" content=\"https:\/\/shop.sleepquest.com\/wp-content\/uploads\/2024\/06\/airfit-p10-for-her-01.jpg\" \/>\n\t<meta property=\"og:image:width\" content=\"1200\" \/>\n\t<meta property=\"og:image:height\" content=\"1200\" \/>\n\t<meta property=\"og:image:type\" content=\"image\/jpeg\" \/>\n<meta name=\"twitter:card\" content=\"summary_large_image\" \/>\n<meta name=\"twitter:site\" content=\"@sleepquest\" \/>\n<meta name=\"twitter:label1\" content=\"Tiempo de lectura\" \/>\n\t<meta name=\"twitter:data1\" content=\"1 minuto\" \/>\n<script type=\"application\/ld+json\" class=\"yoast-schema-graph\">{\"@context\":\"https:\\\/\\\/schema.org\",\"@graph\":[{\"@type\":\"WebPage\",\"@id\":\"https:\\\/\\\/shop.sleepquest.com\\\/es\\\/productos\\\/airfit-p10-for-her\\\/\",\"url\":\"https:\\\/\\\/shop.sleepquest.com\\\/es\\\/productos\\\/airfit-p10-for-her\\\/\",\"name\":\"AirFit\u2122 P10 for Her - SleepQuest Online Store\",\"isPartOf\":{\"@id\":\"https:\\\/\\\/shop.sleepquest.com\\\/es\\\/#website\"},\"primaryImageOfPage\":{\"@id\":\"https:\\\/\\\/shop.sleepquest.com\\\/es\\\/productos\\\/airfit-p10-for-her\\\/#primaryimage\"},\"image\":{\"@id\":\"https:\\\/\\\/shop.sleepquest.com\\\/es\\\/productos\\\/airfit-p10-for-her\\\/#primaryimage\"},\"thumbnailUrl\":\"https:\\\/\\\/shop.sleepquest.com\\\/wp-content\\\/uploads\\\/2024\\\/06\\\/airfit-p10-for-her-01.jpg\",\"datePublished\":\"2024-06-11T08:48:15+00:00\",\"dateModified\":\"2026-04-15T09:22:47+00:00\",\"description\":\"Confort de bajo peso, sensaci\u00f3n de libertad y un sue\u00f1o nocturno silencioso. Dise\u00f1ada especialmente para mujeres.\",\"breadcrumb\":{\"@id\":\"https:\\\/\\\/shop.sleepquest.com\\\/es\\\/productos\\\/airfit-p10-for-her\\\/#breadcrumb\"},\"inLanguage\":\"es\",\"potentialAction\":[{\"@type\":\"ReadAction\",\"target\":[\"https:\\\/\\\/shop.sleepquest.com\\\/es\\\/productos\\\/airfit-p10-for-her\\\/\"]}]},{\"@type\":\"ImageObject\",\"inLanguage\":\"es\",\"@id\":\"https:\\\/\\\/shop.sleepquest.com\\\/es\\\/productos\\\/airfit-p10-for-her\\\/#primaryimage\",\"url\":\"https:\\\/\\\/shop.sleepquest.com\\\/wp-content\\\/uploads\\\/2024\\\/06\\\/airfit-p10-for-her-01.jpg\",\"contentUrl\":\"https:\\\/\\\/shop.sleepquest.com\\\/wp-content\\\/uploads\\\/2024\\\/06\\\/airfit-p10-for-her-01.jpg\",\"width\":1200,\"height\":1200},{\"@type\":\"BreadcrumbList\",\"@id\":\"https:\\\/\\\/shop.sleepquest.com\\\/es\\\/productos\\\/airfit-p10-for-her\\\/#breadcrumb\",\"itemListElement\":[{\"@type\":\"ListItem\",\"position\":1,\"name\":\"Home\",\"item\":\"https:\\\/\\\/shop.sleepquest.com\\\/es\\\/\"},{\"@type\":\"ListItem\",\"position\":2,\"name\":\"Todas las colecciones\",\"item\":\"https:\\\/\\\/shop.sleepquest.com\\\/collections\\\/\"},{\"@type\":\"ListItem\",\"position\":3,\"name\":\"Productos ResMed\",\"item\":\"https:\\\/\\\/shop.sleepquest.com\\\/es\\\/colecciones\\\/productos-resmed-es\\\/\"},{\"@type\":\"ListItem\",\"position\":4,\"name\":\"AirFit\u2122 P10 for Her\"}]},{\"@type\":\"WebSite\",\"@id\":\"https:\\\/\\\/shop.sleepquest.com\\\/es\\\/#website\",\"url\":\"https:\\\/\\\/shop.sleepquest.com\\\/es\\\/\",\"name\":\"SleepQuest Online Store\",\"description\":\"\",\"publisher\":{\"@id\":\"https:\\\/\\\/shop.sleepquest.com\\\/es\\\/#organization\"},\"potentialAction\":[{\"@type\":\"SearchAction\",\"target\":{\"@type\":\"EntryPoint\",\"urlTemplate\":\"https:\\\/\\\/shop.sleepquest.com\\\/es\\\/?s={search_term_string}\"},\"query-input\":{\"@type\":\"PropertyValueSpecification\",\"valueRequired\":true,\"valueName\":\"search_term_string\"}}],\"inLanguage\":\"es\"},{\"@type\":\"Organization\",\"@id\":\"https:\\\/\\\/shop.sleepquest.com\\\/es\\\/#organization\",\"name\":\"SleepQuest\",\"alternateName\":\"SleepQuest Online Store\",\"url\":\"https:\\\/\\\/shop.sleepquest.com\\\/es\\\/\",\"logo\":{\"@type\":\"ImageObject\",\"inLanguage\":\"es\",\"@id\":\"https:\\\/\\\/shop.sleepquest.com\\\/es\\\/#\\\/schema\\\/logo\\\/image\\\/\",\"url\":\"https:\\\/\\\/shop.sleepquest.com\\\/wp-content\\\/uploads\\\/2024\\\/05\\\/fav.png\",\"contentUrl\":\"https:\\\/\\\/shop.sleepquest.com\\\/wp-content\\\/uploads\\\/2024\\\/05\\\/fav.png\",\"width\":512,\"height\":512,\"caption\":\"SleepQuest\"},\"image\":{\"@id\":\"https:\\\/\\\/shop.sleepquest.com\\\/es\\\/#\\\/schema\\\/logo\\\/image\\\/\"},\"sameAs\":[\"https:\\\/\\\/www.facebook.com\\\/sleepquest\",\"https:\\\/\\\/x.com\\\/sleepquest\"]}]}<\/script>\n<!-- \/ Yoast SEO plugin. -->","yoast_head_json":{"title":"AirFit\u2122 P10 for Her - SleepQuest Online Store","description":"Confort de bajo peso, sensaci\u00f3n de libertad y un sue\u00f1o nocturno silencioso. Dise\u00f1ada especialmente para mujeres.","robots":{"index":"index","follow":"follow","max-snippet":"max-snippet:-1","max-image-preview":"max-image-preview:large","max-video-preview":"max-video-preview:-1"},"canonical":"https:\/\/shop.sleepquest.com\/es\/productos\/airfit-p10-for-her\/","og_locale":"es_ES","og_type":"article","og_title":"AirFit\u2122 P10 for Her - SleepQuest Online Store","og_description":"Confort de bajo peso, sensaci\u00f3n de libertad y un sue\u00f1o nocturno silencioso. Dise\u00f1ada especialmente para mujeres.","og_url":"https:\/\/shop.sleepquest.com\/es\/productos\/airfit-p10-for-her\/","og_site_name":"SleepQuest Online Store","article_publisher":"https:\/\/www.facebook.com\/sleepquest","article_modified_time":"2026-04-15T09:22:47+00:00","og_image":[{"width":1200,"height":1200,"url":"https:\/\/shop.sleepquest.com\/wp-content\/uploads\/2024\/06\/airfit-p10-for-her-01.jpg","type":"image\/jpeg"}],"twitter_card":"summary_large_image","twitter_site":"@sleepquest","twitter_misc":{"Tiempo de lectura":"1 minuto"},"schema":{"@context":"https:\/\/schema.org","@graph":[{"@type":"WebPage","@id":"https:\/\/shop.sleepquest.com\/es\/productos\/airfit-p10-for-her\/","url":"https:\/\/shop.sleepquest.com\/es\/productos\/airfit-p10-for-her\/","name":"AirFit\u2122 P10 for Her - SleepQuest Online Store","isPartOf":{"@id":"https:\/\/shop.sleepquest.com\/es\/#website"},"primaryImageOfPage":{"@id":"https:\/\/shop.sleepquest.com\/es\/productos\/airfit-p10-for-her\/#primaryimage"},"image":{"@id":"https:\/\/shop.sleepquest.com\/es\/productos\/airfit-p10-for-her\/#primaryimage"},"thumbnailUrl":"https:\/\/shop.sleepquest.com\/wp-content\/uploads\/2024\/06\/airfit-p10-for-her-01.jpg","datePublished":"2024-06-11T08:48:15+00:00","dateModified":"2026-04-15T09:22:47+00:00","description":"Confort de bajo peso, sensaci\u00f3n de libertad y un sue\u00f1o nocturno silencioso. Dise\u00f1ada especialmente para mujeres.","breadcrumb":{"@id":"https:\/\/shop.sleepquest.com\/es\/productos\/airfit-p10-for-her\/#breadcrumb"},"inLanguage":"es","potentialAction":[{"@type":"ReadAction","target":["https:\/\/shop.sleepquest.com\/es\/productos\/airfit-p10-for-her\/"]}]},{"@type":"ImageObject","inLanguage":"es","@id":"https:\/\/shop.sleepquest.com\/es\/productos\/airfit-p10-for-her\/#primaryimage","url":"https:\/\/shop.sleepquest.com\/wp-content\/uploads\/2024\/06\/airfit-p10-for-her-01.jpg","contentUrl":"https:\/\/shop.sleepquest.com\/wp-content\/uploads\/2024\/06\/airfit-p10-for-her-01.jpg","width":1200,"height":1200},{"@type":"BreadcrumbList","@id":"https:\/\/shop.sleepquest.com\/es\/productos\/airfit-p10-for-her\/#breadcrumb","itemListElement":[{"@type":"ListItem","position":1,"name":"Home","item":"https:\/\/shop.sleepquest.com\/es\/"},{"@type":"ListItem","position":2,"name":"Todas las colecciones","item":"https:\/\/shop.sleepquest.com\/collections\/"},{"@type":"ListItem","position":3,"name":"Productos ResMed","item":"https:\/\/shop.sleepquest.com\/es\/colecciones\/productos-resmed-es\/"},{"@type":"ListItem","position":4,"name":"AirFit\u2122 P10 for Her"}]},{"@type":"WebSite","@id":"https:\/\/shop.sleepquest.com\/es\/#website","url":"https:\/\/shop.sleepquest.com\/es\/","name":"SleepQuest Online Store","description":"","publisher":{"@id":"https:\/\/shop.sleepquest.com\/es\/#organization"},"potentialAction":[{"@type":"SearchAction","target":{"@type":"EntryPoint","urlTemplate":"https:\/\/shop.sleepquest.com\/es\/?s={search_term_string}"},"query-input":{"@type":"PropertyValueSpecification","valueRequired":true,"valueName":"search_term_string"}}],"inLanguage":"es"},{"@type":"Organization","@id":"https:\/\/shop.sleepquest.com\/es\/#organization","name":"SleepQuest","alternateName":"SleepQuest Online Store","url":"https:\/\/shop.sleepquest.com\/es\/","logo":{"@type":"ImageObject","inLanguage":"es","@id":"https:\/\/shop.sleepquest.com\/es\/#\/schema\/logo\/image\/","url":"https:\/\/shop.sleepquest.com\/wp-content\/uploads\/2024\/05\/fav.png","contentUrl":"https:\/\/shop.sleepquest.com\/wp-content\/uploads\/2024\/05\/fav.png","width":512,"height":512,"caption":"SleepQuest"},"image":{"@id":"https:\/\/shop.sleepquest.com\/es\/#\/schema\/logo\/image\/"},"sameAs":["https:\/\/www.facebook.com\/sleepquest","https:\/\/x.com\/sleepquest"]}]}},"_links":{"self":[{"href":"https:\/\/shop.sleepquest.com\/es\/wp-json\/wp\/v2\/product\/2499","targetHints":{"allow":["GET"]}}],"collection":[{"href":"https:\/\/shop.sleepquest.com\/es\/wp-json\/wp\/v2\/product"}],"about":[{"href":"https:\/\/shop.sleepquest.com\/es\/wp-json\/wp\/v2\/types\/product"}],"replies":[{"embeddable":true,"href":"https:\/\/shop.sleepquest.com\/es\/wp-json\/wp\/v2\/comments?post=2499"}],"wp:featuredmedia":[{"embeddable":true,"href":"https:\/\/shop.sleepquest.com\/es\/wp-json\/wp\/v2\/media\/2117"}],"wp:attachment":[{"href":"https:\/\/shop.sleepquest.com\/es\/wp-json\/wp\/v2\/media?parent=2499"}],"wp:term":[{"taxonomy":"product_brand","embeddable":true,"href":"https:\/\/shop.sleepquest.com\/es\/wp-json\/wp\/v2\/product_brand?post=2499"},{"taxonomy":"product_cat","embeddable":true,"href":"https:\/\/shop.sleepquest.com\/es\/wp-json\/wp\/v2\/product_cat?post=2499"},{"taxonomy":"product_tag","embeddable":true,"href":"https:\/\/shop.sleepquest.com\/es\/wp-json\/wp\/v2\/product_tag?post=2499"}],"curies":[{"name":"wp","href":"https:\/\/api.w.org\/{rel}","templated":true}]}}