{"id":2464,"date":"2024-06-11T12:33:58","date_gmt":"2024-06-11T12:33:58","guid":{"rendered":"https:\/\/shop.sleepquest.com\/products\/cushion-airtouch-n20\/"},"modified":"2026-04-18T02:26:19","modified_gmt":"2026-04-18T09:26:19","slug":"cushion-airtouch-n20","status":"publish","type":"product","link":"https:\/\/shop.sleepquest.com\/es\/productos\/cushion-airtouch-n20\/","title":{"rendered":"Cushion &#8211; AirTouch N20"},"content":{"rendered":"<h3>Coj\u00edn para M\u00e1scara Nasal AirTouch N20 de ResMed<\/h3>\n<p>Se trata de un coj\u00edn de repuesto para la M\u00e1scara Nasal AirTouch N20 de ResMed. El coj\u00edn AirTouch N20 fue dise\u00f1ado para llevar lo m\u00e1ximo en confort a los usuarios. Duerma confortablemente con el coj\u00edn de espuma con memoria y despierte con pocas marcas rojas causadas por su m\u00e1scara de CPAP.<\/p>\n<ul>\n<li>Espuma con memoria para lo m\u00e1ximo en confort<\/li>\n<li>Pocas marcas rojas alrededor de la nariz<\/li>\n<\/ul>\n<h3>Compatibilidad y tama\u00f1os<\/h3>\n<p>Este coj\u00edn es compatible con la m\u00e1scara nasal AirTouch N20 de ResMed. El coj\u00edn AirTouch N20 es intercambiable con el coj\u00edn AirFit N20. Este coj\u00edn viene en tres tama\u00f1os: Peque\u00f1o, Mediano, Grande<\/p>\n","protected":false},"excerpt":{"rendered":"<p>Coj\u00edn para M\u00e1scara Nasal AirTouch N20 de ResMed Se trata de un coj\u00edn de repuesto para la M\u00e1scara Nasal AirTouch<\/p>\n","protected":false},"featured_media":2149,"comment_status":"closed","ping_status":"closed","template":"","meta":{"_acf_changed":false},"product_brand":[],"product_cat":[177,174,167,162],"product_tag":[],"class_list":{"0":"post-2464","1":"product","2":"type-product","3":"status-publish","4":"has-post-thumbnail","6":"product_cat-articulos-sin-receta","7":"product_cat-cojines-nasales","8":"product_cat-productos-resmed-es","9":"product_cat-venta-de-cojines","11":"first","12":"outofstock","13":"product-type-variable","14":"has-default-attributes"},"acf":[],"yoast_head":"<!-- This site is optimized with the Yoast SEO plugin v27.4 - https:\/\/yoast.com\/product\/yoast-seo-wordpress\/ -->\n<title>Cushion - AirTouch N20 - SleepQuest Online Store<\/title>\n<meta name=\"description\" content=\"Se trata de un coj\u00edn de repuesto para la M\u00e1scara Nasal AirTouch N20 de ResMed. El coj\u00edn AirTouch N20 fue dise\u00f1ado para llevar lo m\u00e1ximo en confort a los usuarios.\" \/>\n<meta name=\"robots\" content=\"index, follow, max-snippet:-1, max-image-preview:large, max-video-preview:-1\" \/>\n<link rel=\"canonical\" href=\"https:\/\/shop.sleepquest.com\/es\/productos\/cushion-airtouch-n20\/\" \/>\n<meta property=\"og:locale\" content=\"es_ES\" \/>\n<meta property=\"og:type\" content=\"article\" \/>\n<meta property=\"og:title\" content=\"Cushion - AirTouch N20 - SleepQuest Online Store\" \/>\n<meta property=\"og:description\" content=\"Se trata de un coj\u00edn de repuesto para la M\u00e1scara Nasal AirTouch N20 de ResMed. El coj\u00edn AirTouch N20 fue dise\u00f1ado para llevar lo m\u00e1ximo en confort a los usuarios.\" \/>\n<meta property=\"og:url\" content=\"https:\/\/shop.sleepquest.com\/es\/productos\/cushion-airtouch-n20\/\" \/>\n<meta property=\"og:site_name\" content=\"SleepQuest Online Store\" \/>\n<meta property=\"article:publisher\" content=\"https:\/\/www.facebook.com\/sleepquest\" \/>\n<meta property=\"article:modified_time\" content=\"2026-04-18T09:26:19+00:00\" \/>\n<meta property=\"og:image\" content=\"https:\/\/shop.sleepquest.com\/wp-content\/uploads\/2024\/06\/airtouch-n20-cushion-01.jpg\" \/>\n\t<meta property=\"og:image:width\" content=\"500\" \/>\n\t<meta property=\"og:image:height\" content=\"500\" \/>\n\t<meta property=\"og:image:type\" content=\"image\/jpeg\" \/>\n<meta name=\"twitter:card\" content=\"summary_large_image\" \/>\n<meta name=\"twitter:site\" content=\"@sleepquest\" \/>\n<meta name=\"twitter:label1\" content=\"Tiempo de lectura\" \/>\n\t<meta name=\"twitter:data1\" content=\"1 minuto\" \/>\n<script type=\"application\/ld+json\" class=\"yoast-schema-graph\">{\"@context\":\"https:\\\/\\\/schema.org\",\"@graph\":[{\"@type\":\"WebPage\",\"@id\":\"https:\\\/\\\/shop.sleepquest.com\\\/es\\\/productos\\\/cushion-airtouch-n20\\\/\",\"url\":\"https:\\\/\\\/shop.sleepquest.com\\\/es\\\/productos\\\/cushion-airtouch-n20\\\/\",\"name\":\"Cushion - AirTouch N20 - SleepQuest Online Store\",\"isPartOf\":{\"@id\":\"https:\\\/\\\/shop.sleepquest.com\\\/es\\\/#website\"},\"primaryImageOfPage\":{\"@id\":\"https:\\\/\\\/shop.sleepquest.com\\\/es\\\/productos\\\/cushion-airtouch-n20\\\/#primaryimage\"},\"image\":{\"@id\":\"https:\\\/\\\/shop.sleepquest.com\\\/es\\\/productos\\\/cushion-airtouch-n20\\\/#primaryimage\"},\"thumbnailUrl\":\"https:\\\/\\\/shop.sleepquest.com\\\/wp-content\\\/uploads\\\/2024\\\/06\\\/airtouch-n20-cushion-01.jpg\",\"datePublished\":\"2024-06-11T12:33:58+00:00\",\"dateModified\":\"2026-04-18T09:26:19+00:00\",\"description\":\"Se trata de un coj\u00edn de repuesto para la M\u00e1scara Nasal AirTouch N20 de ResMed. El coj\u00edn AirTouch N20 fue dise\u00f1ado para llevar lo m\u00e1ximo en confort a los usuarios.\",\"breadcrumb\":{\"@id\":\"https:\\\/\\\/shop.sleepquest.com\\\/es\\\/productos\\\/cushion-airtouch-n20\\\/#breadcrumb\"},\"inLanguage\":\"es\",\"potentialAction\":[{\"@type\":\"ReadAction\",\"target\":[\"https:\\\/\\\/shop.sleepquest.com\\\/es\\\/productos\\\/cushion-airtouch-n20\\\/\"]}]},{\"@type\":\"ImageObject\",\"inLanguage\":\"es\",\"@id\":\"https:\\\/\\\/shop.sleepquest.com\\\/es\\\/productos\\\/cushion-airtouch-n20\\\/#primaryimage\",\"url\":\"https:\\\/\\\/shop.sleepquest.com\\\/wp-content\\\/uploads\\\/2024\\\/06\\\/airtouch-n20-cushion-01.jpg\",\"contentUrl\":\"https:\\\/\\\/shop.sleepquest.com\\\/wp-content\\\/uploads\\\/2024\\\/06\\\/airtouch-n20-cushion-01.jpg\",\"width\":500,\"height\":500},{\"@type\":\"BreadcrumbList\",\"@id\":\"https:\\\/\\\/shop.sleepquest.com\\\/es\\\/productos\\\/cushion-airtouch-n20\\\/#breadcrumb\",\"itemListElement\":[{\"@type\":\"ListItem\",\"position\":1,\"name\":\"Home\",\"item\":\"https:\\\/\\\/shop.sleepquest.com\\\/es\\\/\"},{\"@type\":\"ListItem\",\"position\":2,\"name\":\"Todas las colecciones\",\"item\":\"https:\\\/\\\/shop.sleepquest.com\\\/collections\\\/\"},{\"@type\":\"ListItem\",\"position\":3,\"name\":\"Cojines nasales\",\"item\":\"https:\\\/\\\/shop.sleepquest.com\\\/es\\\/colecciones\\\/cojines-nasales\\\/\"},{\"@type\":\"ListItem\",\"position\":4,\"name\":\"Cushion &#8211; AirTouch N20\"}]},{\"@type\":\"WebSite\",\"@id\":\"https:\\\/\\\/shop.sleepquest.com\\\/es\\\/#website\",\"url\":\"https:\\\/\\\/shop.sleepquest.com\\\/es\\\/\",\"name\":\"SleepQuest Online Store\",\"description\":\"\",\"publisher\":{\"@id\":\"https:\\\/\\\/shop.sleepquest.com\\\/es\\\/#organization\"},\"potentialAction\":[{\"@type\":\"SearchAction\",\"target\":{\"@type\":\"EntryPoint\",\"urlTemplate\":\"https:\\\/\\\/shop.sleepquest.com\\\/es\\\/?s={search_term_string}\"},\"query-input\":{\"@type\":\"PropertyValueSpecification\",\"valueRequired\":true,\"valueName\":\"search_term_string\"}}],\"inLanguage\":\"es\"},{\"@type\":\"Organization\",\"@id\":\"https:\\\/\\\/shop.sleepquest.com\\\/es\\\/#organization\",\"name\":\"SleepQuest\",\"alternateName\":\"SleepQuest Online Store\",\"url\":\"https:\\\/\\\/shop.sleepquest.com\\\/es\\\/\",\"logo\":{\"@type\":\"ImageObject\",\"inLanguage\":\"es\",\"@id\":\"https:\\\/\\\/shop.sleepquest.com\\\/es\\\/#\\\/schema\\\/logo\\\/image\\\/\",\"url\":\"https:\\\/\\\/shop.sleepquest.com\\\/wp-content\\\/uploads\\\/2024\\\/05\\\/fav.png\",\"contentUrl\":\"https:\\\/\\\/shop.sleepquest.com\\\/wp-content\\\/uploads\\\/2024\\\/05\\\/fav.png\",\"width\":512,\"height\":512,\"caption\":\"SleepQuest\"},\"image\":{\"@id\":\"https:\\\/\\\/shop.sleepquest.com\\\/es\\\/#\\\/schema\\\/logo\\\/image\\\/\"},\"sameAs\":[\"https:\\\/\\\/www.facebook.com\\\/sleepquest\",\"https:\\\/\\\/x.com\\\/sleepquest\"]}]}<\/script>\n<!-- \/ Yoast SEO plugin. -->","yoast_head_json":{"title":"Cushion - AirTouch N20 - SleepQuest Online Store","description":"Se trata de un coj\u00edn de repuesto para la M\u00e1scara Nasal AirTouch N20 de ResMed. El coj\u00edn AirTouch N20 fue dise\u00f1ado para llevar lo m\u00e1ximo en confort a los usuarios.","robots":{"index":"index","follow":"follow","max-snippet":"max-snippet:-1","max-image-preview":"max-image-preview:large","max-video-preview":"max-video-preview:-1"},"canonical":"https:\/\/shop.sleepquest.com\/es\/productos\/cushion-airtouch-n20\/","og_locale":"es_ES","og_type":"article","og_title":"Cushion - AirTouch N20 - SleepQuest Online Store","og_description":"Se trata de un coj\u00edn de repuesto para la M\u00e1scara Nasal AirTouch N20 de ResMed. El coj\u00edn AirTouch N20 fue dise\u00f1ado para llevar lo m\u00e1ximo en confort a los usuarios.","og_url":"https:\/\/shop.sleepquest.com\/es\/productos\/cushion-airtouch-n20\/","og_site_name":"SleepQuest Online Store","article_publisher":"https:\/\/www.facebook.com\/sleepquest","article_modified_time":"2026-04-18T09:26:19+00:00","og_image":[{"width":500,"height":500,"url":"https:\/\/shop.sleepquest.com\/wp-content\/uploads\/2024\/06\/airtouch-n20-cushion-01.jpg","type":"image\/jpeg"}],"twitter_card":"summary_large_image","twitter_site":"@sleepquest","twitter_misc":{"Tiempo de lectura":"1 minuto"},"schema":{"@context":"https:\/\/schema.org","@graph":[{"@type":"WebPage","@id":"https:\/\/shop.sleepquest.com\/es\/productos\/cushion-airtouch-n20\/","url":"https:\/\/shop.sleepquest.com\/es\/productos\/cushion-airtouch-n20\/","name":"Cushion - AirTouch N20 - SleepQuest Online Store","isPartOf":{"@id":"https:\/\/shop.sleepquest.com\/es\/#website"},"primaryImageOfPage":{"@id":"https:\/\/shop.sleepquest.com\/es\/productos\/cushion-airtouch-n20\/#primaryimage"},"image":{"@id":"https:\/\/shop.sleepquest.com\/es\/productos\/cushion-airtouch-n20\/#primaryimage"},"thumbnailUrl":"https:\/\/shop.sleepquest.com\/wp-content\/uploads\/2024\/06\/airtouch-n20-cushion-01.jpg","datePublished":"2024-06-11T12:33:58+00:00","dateModified":"2026-04-18T09:26:19+00:00","description":"Se trata de un coj\u00edn de repuesto para la M\u00e1scara Nasal AirTouch N20 de ResMed. El coj\u00edn AirTouch N20 fue dise\u00f1ado para llevar lo m\u00e1ximo en confort a los usuarios.","breadcrumb":{"@id":"https:\/\/shop.sleepquest.com\/es\/productos\/cushion-airtouch-n20\/#breadcrumb"},"inLanguage":"es","potentialAction":[{"@type":"ReadAction","target":["https:\/\/shop.sleepquest.com\/es\/productos\/cushion-airtouch-n20\/"]}]},{"@type":"ImageObject","inLanguage":"es","@id":"https:\/\/shop.sleepquest.com\/es\/productos\/cushion-airtouch-n20\/#primaryimage","url":"https:\/\/shop.sleepquest.com\/wp-content\/uploads\/2024\/06\/airtouch-n20-cushion-01.jpg","contentUrl":"https:\/\/shop.sleepquest.com\/wp-content\/uploads\/2024\/06\/airtouch-n20-cushion-01.jpg","width":500,"height":500},{"@type":"BreadcrumbList","@id":"https:\/\/shop.sleepquest.com\/es\/productos\/cushion-airtouch-n20\/#breadcrumb","itemListElement":[{"@type":"ListItem","position":1,"name":"Home","item":"https:\/\/shop.sleepquest.com\/es\/"},{"@type":"ListItem","position":2,"name":"Todas las colecciones","item":"https:\/\/shop.sleepquest.com\/collections\/"},{"@type":"ListItem","position":3,"name":"Cojines nasales","item":"https:\/\/shop.sleepquest.com\/es\/colecciones\/cojines-nasales\/"},{"@type":"ListItem","position":4,"name":"Cushion &#8211; AirTouch N20"}]},{"@type":"WebSite","@id":"https:\/\/shop.sleepquest.com\/es\/#website","url":"https:\/\/shop.sleepquest.com\/es\/","name":"SleepQuest Online Store","description":"","publisher":{"@id":"https:\/\/shop.sleepquest.com\/es\/#organization"},"potentialAction":[{"@type":"SearchAction","target":{"@type":"EntryPoint","urlTemplate":"https:\/\/shop.sleepquest.com\/es\/?s={search_term_string}"},"query-input":{"@type":"PropertyValueSpecification","valueRequired":true,"valueName":"search_term_string"}}],"inLanguage":"es"},{"@type":"Organization","@id":"https:\/\/shop.sleepquest.com\/es\/#organization","name":"SleepQuest","alternateName":"SleepQuest Online Store","url":"https:\/\/shop.sleepquest.com\/es\/","logo":{"@type":"ImageObject","inLanguage":"es","@id":"https:\/\/shop.sleepquest.com\/es\/#\/schema\/logo\/image\/","url":"https:\/\/shop.sleepquest.com\/wp-content\/uploads\/2024\/05\/fav.png","contentUrl":"https:\/\/shop.sleepquest.com\/wp-content\/uploads\/2024\/05\/fav.png","width":512,"height":512,"caption":"SleepQuest"},"image":{"@id":"https:\/\/shop.sleepquest.com\/es\/#\/schema\/logo\/image\/"},"sameAs":["https:\/\/www.facebook.com\/sleepquest","https:\/\/x.com\/sleepquest"]}]}},"_links":{"self":[{"href":"https:\/\/shop.sleepquest.com\/es\/wp-json\/wp\/v2\/product\/2464","targetHints":{"allow":["GET"]}}],"collection":[{"href":"https:\/\/shop.sleepquest.com\/es\/wp-json\/wp\/v2\/product"}],"about":[{"href":"https:\/\/shop.sleepquest.com\/es\/wp-json\/wp\/v2\/types\/product"}],"replies":[{"embeddable":true,"href":"https:\/\/shop.sleepquest.com\/es\/wp-json\/wp\/v2\/comments?post=2464"}],"wp:featuredmedia":[{"embeddable":true,"href":"https:\/\/shop.sleepquest.com\/es\/wp-json\/wp\/v2\/media\/2149"}],"wp:attachment":[{"href":"https:\/\/shop.sleepquest.com\/es\/wp-json\/wp\/v2\/media?parent=2464"}],"wp:term":[{"taxonomy":"product_brand","embeddable":true,"href":"https:\/\/shop.sleepquest.com\/es\/wp-json\/wp\/v2\/product_brand?post=2464"},{"taxonomy":"product_cat","embeddable":true,"href":"https:\/\/shop.sleepquest.com\/es\/wp-json\/wp\/v2\/product_cat?post=2464"},{"taxonomy":"product_tag","embeddable":true,"href":"https:\/\/shop.sleepquest.com\/es\/wp-json\/wp\/v2\/product_tag?post=2464"}],"curies":[{"name":"wp","href":"https:\/\/api.w.org\/{rel}","templated":true}]}}