{"id":2441,"date":"2024-06-11T14:47:16","date_gmt":"2024-06-11T14:47:16","guid":{"rendered":"https:\/\/shop.sleepquest.com\/products\/np-airfit-p10\/"},"modified":"2026-04-18T02:26:20","modified_gmt":"2026-04-18T09:26:20","slug":"np-airfit-p10","status":"publish","type":"product","link":"https:\/\/shop.sleepquest.com\/es\/productos\/np-airfit-p10\/","title":{"rendered":"NP AirFit\u2122 P10"},"content":{"rendered":"<p>Almohadilla de repuesto AirFit P10: compatible con las interfaces de las m\u00e1scaras AirFit\u2122 P10 &amp; AirFit\u2122 P10 for Her.<\/p>\n<p>Las Almohadillas Nasales para la m\u00e1scara AirFit\u2122 P10 son un \u00fanico par de almohadillas nasales para la m\u00e1scara AirFit\u2122 P10 de ResMed en el tama\u00f1o seleccionado.<\/p>\n<p>Al hacer el pedido, elija el tama\u00f1o deseado de almohadillas nasales. Los tama\u00f1os disponibles para repuestos son extra peque\u00f1o, peque\u00f1o, mediano y grande. Los cuatro tama\u00f1os van con la m\u00e1scara AirFit P10 o la m\u00e1scara AirFit P10 For Her<\/p>\n","protected":false},"excerpt":{"rendered":"<p>Almohadilla de repuesto AirFit P10: compatible con las interfaces de las m\u00e1scaras AirFit\u2122 P10 &amp; AirFit\u2122 P10 for Her. Las<\/p>\n","protected":false},"featured_media":2171,"comment_status":"closed","ping_status":"closed","template":"","meta":{"_acf_changed":false},"product_brand":[],"product_cat":[176,177,167],"product_tag":[],"class_list":{"0":"post-2441","1":"product","2":"type-product","3":"status-publish","4":"has-post-thumbnail","6":"product_cat-almohadillas-nasales","7":"product_cat-articulos-sin-receta","8":"product_cat-productos-resmed-es","10":"first","11":"outofstock","12":"product-type-variable","13":"has-default-attributes"},"acf":[],"yoast_head":"<!-- This site is optimized with the Yoast SEO plugin v27.4 - https:\/\/yoast.com\/product\/yoast-seo-wordpress\/ -->\n<title>NP AirFit\u2122 P10 - SleepQuest Online Store<\/title>\n<meta name=\"description\" content=\"Almohadilla de repuesto AirFit P10: compatible con las interfaces de las m\u00e1scaras AirFit\u2122 P10 &amp; AirFit\u2122 P10 for Her.\" \/>\n<meta name=\"robots\" content=\"index, follow, max-snippet:-1, max-image-preview:large, max-video-preview:-1\" \/>\n<link rel=\"canonical\" href=\"https:\/\/shop.sleepquest.com\/es\/productos\/np-airfit-p10\/\" \/>\n<meta property=\"og:locale\" content=\"es_ES\" \/>\n<meta property=\"og:type\" content=\"article\" \/>\n<meta property=\"og:title\" content=\"NP AirFit\u2122 P10 - SleepQuest Online Store\" \/>\n<meta property=\"og:description\" content=\"Almohadilla de repuesto AirFit P10: compatible con las interfaces de las m\u00e1scaras AirFit\u2122 P10 &amp; AirFit\u2122 P10 for Her.\" \/>\n<meta property=\"og:url\" content=\"https:\/\/shop.sleepquest.com\/es\/productos\/np-airfit-p10\/\" \/>\n<meta property=\"og:site_name\" content=\"SleepQuest Online Store\" \/>\n<meta property=\"article:publisher\" content=\"https:\/\/www.facebook.com\/sleepquest\" \/>\n<meta property=\"article:modified_time\" content=\"2026-04-18T09:26:20+00:00\" \/>\n<meta property=\"og:image\" content=\"https:\/\/shop.sleepquest.com\/wp-content\/uploads\/2024\/06\/airfit-p10-replacement-pillow-01.jpg\" \/>\n\t<meta property=\"og:image:width\" content=\"700\" \/>\n\t<meta property=\"og:image:height\" content=\"700\" \/>\n\t<meta property=\"og:image:type\" content=\"image\/jpeg\" \/>\n<meta name=\"twitter:card\" content=\"summary_large_image\" \/>\n<meta name=\"twitter:site\" content=\"@sleepquest\" \/>\n<script type=\"application\/ld+json\" class=\"yoast-schema-graph\">{\"@context\":\"https:\\\/\\\/schema.org\",\"@graph\":[{\"@type\":\"WebPage\",\"@id\":\"https:\\\/\\\/shop.sleepquest.com\\\/es\\\/productos\\\/np-airfit-p10\\\/\",\"url\":\"https:\\\/\\\/shop.sleepquest.com\\\/es\\\/productos\\\/np-airfit-p10\\\/\",\"name\":\"NP AirFit\u2122 P10 - SleepQuest Online Store\",\"isPartOf\":{\"@id\":\"https:\\\/\\\/shop.sleepquest.com\\\/es\\\/#website\"},\"primaryImageOfPage\":{\"@id\":\"https:\\\/\\\/shop.sleepquest.com\\\/es\\\/productos\\\/np-airfit-p10\\\/#primaryimage\"},\"image\":{\"@id\":\"https:\\\/\\\/shop.sleepquest.com\\\/es\\\/productos\\\/np-airfit-p10\\\/#primaryimage\"},\"thumbnailUrl\":\"https:\\\/\\\/shop.sleepquest.com\\\/wp-content\\\/uploads\\\/2024\\\/06\\\/airfit-p10-replacement-pillow-01.jpg\",\"datePublished\":\"2024-06-11T14:47:16+00:00\",\"dateModified\":\"2026-04-18T09:26:20+00:00\",\"description\":\"Almohadilla de repuesto AirFit P10: compatible con las interfaces de las m\u00e1scaras AirFit\u2122 P10 & AirFit\u2122 P10 for Her.\",\"breadcrumb\":{\"@id\":\"https:\\\/\\\/shop.sleepquest.com\\\/es\\\/productos\\\/np-airfit-p10\\\/#breadcrumb\"},\"inLanguage\":\"es\",\"potentialAction\":[{\"@type\":\"ReadAction\",\"target\":[\"https:\\\/\\\/shop.sleepquest.com\\\/es\\\/productos\\\/np-airfit-p10\\\/\"]}]},{\"@type\":\"ImageObject\",\"inLanguage\":\"es\",\"@id\":\"https:\\\/\\\/shop.sleepquest.com\\\/es\\\/productos\\\/np-airfit-p10\\\/#primaryimage\",\"url\":\"https:\\\/\\\/shop.sleepquest.com\\\/wp-content\\\/uploads\\\/2024\\\/06\\\/airfit-p10-replacement-pillow-01.jpg\",\"contentUrl\":\"https:\\\/\\\/shop.sleepquest.com\\\/wp-content\\\/uploads\\\/2024\\\/06\\\/airfit-p10-replacement-pillow-01.jpg\",\"width\":700,\"height\":700},{\"@type\":\"BreadcrumbList\",\"@id\":\"https:\\\/\\\/shop.sleepquest.com\\\/es\\\/productos\\\/np-airfit-p10\\\/#breadcrumb\",\"itemListElement\":[{\"@type\":\"ListItem\",\"position\":1,\"name\":\"Home\",\"item\":\"https:\\\/\\\/shop.sleepquest.com\\\/es\\\/\"},{\"@type\":\"ListItem\",\"position\":2,\"name\":\"Todas las colecciones\",\"item\":\"https:\\\/\\\/shop.sleepquest.com\\\/collections\\\/\"},{\"@type\":\"ListItem\",\"position\":3,\"name\":\"Almohadillas nasales\",\"item\":\"https:\\\/\\\/shop.sleepquest.com\\\/es\\\/colecciones\\\/almohadillas-nasales\\\/\"},{\"@type\":\"ListItem\",\"position\":4,\"name\":\"NP AirFit\u2122 P10\"}]},{\"@type\":\"WebSite\",\"@id\":\"https:\\\/\\\/shop.sleepquest.com\\\/es\\\/#website\",\"url\":\"https:\\\/\\\/shop.sleepquest.com\\\/es\\\/\",\"name\":\"SleepQuest Online Store\",\"description\":\"\",\"publisher\":{\"@id\":\"https:\\\/\\\/shop.sleepquest.com\\\/es\\\/#organization\"},\"potentialAction\":[{\"@type\":\"SearchAction\",\"target\":{\"@type\":\"EntryPoint\",\"urlTemplate\":\"https:\\\/\\\/shop.sleepquest.com\\\/es\\\/?s={search_term_string}\"},\"query-input\":{\"@type\":\"PropertyValueSpecification\",\"valueRequired\":true,\"valueName\":\"search_term_string\"}}],\"inLanguage\":\"es\"},{\"@type\":\"Organization\",\"@id\":\"https:\\\/\\\/shop.sleepquest.com\\\/es\\\/#organization\",\"name\":\"SleepQuest\",\"alternateName\":\"SleepQuest Online Store\",\"url\":\"https:\\\/\\\/shop.sleepquest.com\\\/es\\\/\",\"logo\":{\"@type\":\"ImageObject\",\"inLanguage\":\"es\",\"@id\":\"https:\\\/\\\/shop.sleepquest.com\\\/es\\\/#\\\/schema\\\/logo\\\/image\\\/\",\"url\":\"https:\\\/\\\/shop.sleepquest.com\\\/wp-content\\\/uploads\\\/2024\\\/05\\\/fav.png\",\"contentUrl\":\"https:\\\/\\\/shop.sleepquest.com\\\/wp-content\\\/uploads\\\/2024\\\/05\\\/fav.png\",\"width\":512,\"height\":512,\"caption\":\"SleepQuest\"},\"image\":{\"@id\":\"https:\\\/\\\/shop.sleepquest.com\\\/es\\\/#\\\/schema\\\/logo\\\/image\\\/\"},\"sameAs\":[\"https:\\\/\\\/www.facebook.com\\\/sleepquest\",\"https:\\\/\\\/x.com\\\/sleepquest\"]}]}<\/script>\n<!-- \/ Yoast SEO plugin. -->","yoast_head_json":{"title":"NP AirFit\u2122 P10 - SleepQuest Online Store","description":"Almohadilla de repuesto AirFit P10: compatible con las interfaces de las m\u00e1scaras AirFit\u2122 P10 & AirFit\u2122 P10 for Her.","robots":{"index":"index","follow":"follow","max-snippet":"max-snippet:-1","max-image-preview":"max-image-preview:large","max-video-preview":"max-video-preview:-1"},"canonical":"https:\/\/shop.sleepquest.com\/es\/productos\/np-airfit-p10\/","og_locale":"es_ES","og_type":"article","og_title":"NP AirFit\u2122 P10 - SleepQuest Online Store","og_description":"Almohadilla de repuesto AirFit P10: compatible con las interfaces de las m\u00e1scaras AirFit\u2122 P10 & AirFit\u2122 P10 for Her.","og_url":"https:\/\/shop.sleepquest.com\/es\/productos\/np-airfit-p10\/","og_site_name":"SleepQuest Online Store","article_publisher":"https:\/\/www.facebook.com\/sleepquest","article_modified_time":"2026-04-18T09:26:20+00:00","og_image":[{"width":700,"height":700,"url":"https:\/\/shop.sleepquest.com\/wp-content\/uploads\/2024\/06\/airfit-p10-replacement-pillow-01.jpg","type":"image\/jpeg"}],"twitter_card":"summary_large_image","twitter_site":"@sleepquest","schema":{"@context":"https:\/\/schema.org","@graph":[{"@type":"WebPage","@id":"https:\/\/shop.sleepquest.com\/es\/productos\/np-airfit-p10\/","url":"https:\/\/shop.sleepquest.com\/es\/productos\/np-airfit-p10\/","name":"NP AirFit\u2122 P10 - SleepQuest Online Store","isPartOf":{"@id":"https:\/\/shop.sleepquest.com\/es\/#website"},"primaryImageOfPage":{"@id":"https:\/\/shop.sleepquest.com\/es\/productos\/np-airfit-p10\/#primaryimage"},"image":{"@id":"https:\/\/shop.sleepquest.com\/es\/productos\/np-airfit-p10\/#primaryimage"},"thumbnailUrl":"https:\/\/shop.sleepquest.com\/wp-content\/uploads\/2024\/06\/airfit-p10-replacement-pillow-01.jpg","datePublished":"2024-06-11T14:47:16+00:00","dateModified":"2026-04-18T09:26:20+00:00","description":"Almohadilla de repuesto AirFit P10: compatible con las interfaces de las m\u00e1scaras AirFit\u2122 P10 & AirFit\u2122 P10 for Her.","breadcrumb":{"@id":"https:\/\/shop.sleepquest.com\/es\/productos\/np-airfit-p10\/#breadcrumb"},"inLanguage":"es","potentialAction":[{"@type":"ReadAction","target":["https:\/\/shop.sleepquest.com\/es\/productos\/np-airfit-p10\/"]}]},{"@type":"ImageObject","inLanguage":"es","@id":"https:\/\/shop.sleepquest.com\/es\/productos\/np-airfit-p10\/#primaryimage","url":"https:\/\/shop.sleepquest.com\/wp-content\/uploads\/2024\/06\/airfit-p10-replacement-pillow-01.jpg","contentUrl":"https:\/\/shop.sleepquest.com\/wp-content\/uploads\/2024\/06\/airfit-p10-replacement-pillow-01.jpg","width":700,"height":700},{"@type":"BreadcrumbList","@id":"https:\/\/shop.sleepquest.com\/es\/productos\/np-airfit-p10\/#breadcrumb","itemListElement":[{"@type":"ListItem","position":1,"name":"Home","item":"https:\/\/shop.sleepquest.com\/es\/"},{"@type":"ListItem","position":2,"name":"Todas las colecciones","item":"https:\/\/shop.sleepquest.com\/collections\/"},{"@type":"ListItem","position":3,"name":"Almohadillas nasales","item":"https:\/\/shop.sleepquest.com\/es\/colecciones\/almohadillas-nasales\/"},{"@type":"ListItem","position":4,"name":"NP AirFit\u2122 P10"}]},{"@type":"WebSite","@id":"https:\/\/shop.sleepquest.com\/es\/#website","url":"https:\/\/shop.sleepquest.com\/es\/","name":"SleepQuest Online Store","description":"","publisher":{"@id":"https:\/\/shop.sleepquest.com\/es\/#organization"},"potentialAction":[{"@type":"SearchAction","target":{"@type":"EntryPoint","urlTemplate":"https:\/\/shop.sleepquest.com\/es\/?s={search_term_string}"},"query-input":{"@type":"PropertyValueSpecification","valueRequired":true,"valueName":"search_term_string"}}],"inLanguage":"es"},{"@type":"Organization","@id":"https:\/\/shop.sleepquest.com\/es\/#organization","name":"SleepQuest","alternateName":"SleepQuest Online Store","url":"https:\/\/shop.sleepquest.com\/es\/","logo":{"@type":"ImageObject","inLanguage":"es","@id":"https:\/\/shop.sleepquest.com\/es\/#\/schema\/logo\/image\/","url":"https:\/\/shop.sleepquest.com\/wp-content\/uploads\/2024\/05\/fav.png","contentUrl":"https:\/\/shop.sleepquest.com\/wp-content\/uploads\/2024\/05\/fav.png","width":512,"height":512,"caption":"SleepQuest"},"image":{"@id":"https:\/\/shop.sleepquest.com\/es\/#\/schema\/logo\/image\/"},"sameAs":["https:\/\/www.facebook.com\/sleepquest","https:\/\/x.com\/sleepquest"]}]}},"_links":{"self":[{"href":"https:\/\/shop.sleepquest.com\/es\/wp-json\/wp\/v2\/product\/2441","targetHints":{"allow":["GET"]}}],"collection":[{"href":"https:\/\/shop.sleepquest.com\/es\/wp-json\/wp\/v2\/product"}],"about":[{"href":"https:\/\/shop.sleepquest.com\/es\/wp-json\/wp\/v2\/types\/product"}],"replies":[{"embeddable":true,"href":"https:\/\/shop.sleepquest.com\/es\/wp-json\/wp\/v2\/comments?post=2441"}],"wp:featuredmedia":[{"embeddable":true,"href":"https:\/\/shop.sleepquest.com\/es\/wp-json\/wp\/v2\/media\/2171"}],"wp:attachment":[{"href":"https:\/\/shop.sleepquest.com\/es\/wp-json\/wp\/v2\/media?parent=2441"}],"wp:term":[{"taxonomy":"product_brand","embeddable":true,"href":"https:\/\/shop.sleepquest.com\/es\/wp-json\/wp\/v2\/product_brand?post=2441"},{"taxonomy":"product_cat","embeddable":true,"href":"https:\/\/shop.sleepquest.com\/es\/wp-json\/wp\/v2\/product_cat?post=2441"},{"taxonomy":"product_tag","embeddable":true,"href":"https:\/\/shop.sleepquest.com\/es\/wp-json\/wp\/v2\/product_tag?post=2441"}],"curies":[{"name":"wp","href":"https:\/\/api.w.org\/{rel}","templated":true}]}}