{"id":2414,"date":"2024-06-13T08:46:59","date_gmt":"2024-06-13T08:46:59","guid":{"rendered":"https:\/\/shop.sleepquest.com\/products\/snuggle-hose-6-ft-pink\/"},"modified":"2024-08-14T13:14:58","modified_gmt":"2024-08-14T13:14:58","slug":"snuggle-hose-6-ft-pink","status":"publish","type":"product","link":"https:\/\/shop.sleepquest.com\/es\/productos\/snuggle-hose-6-ft-pink\/","title":{"rendered":"Snuggle Hose 6 FT (Pink)"},"content":{"rendered":"<p>Las fundas hipoalerg\u00e9nicas de vell\u00f3n para tubos de CPAP Snuggle Hose ayudan a evitar que se estropeen por la lluvia y transforman su tubo m\u00e9dico de CPAP o BiPAP fr\u00edo en algo c\u00e1lido y acogedor para dormir. Para un cuidado m\u00e1s c\u00f3modo, las mangueras Snuggle tambi\u00e9n se pueden lavar a m\u00e1quina.<\/p>\n<p>Muchos usuarios de CPAP y BiPAP consideran que una de las partes m\u00e1s molestas de la terapia es la presencia constante de los tubos m\u00e9dicos, fr\u00edos y feos, que conectan el sistema del usuario con la mascarilla o la interfaz.\u00a0Adem\u00e1s, las mangueras y los tubos fr\u00edos pueden provocar condensaci\u00f3n y lluvia, lo que interrumpe el sue\u00f1o y la terapia.<\/p>\n<p>Las suaves y elegantes mangueras Snuggle ayudan a resolver estos problemas. Cada manguera Snuggle est\u00e1 cosida de vell\u00f3n suave y c\u00e1lido para ayudar a aislar la tuber\u00eda y evitar que se escape la lluvia. Las mangueras Snuggle est\u00e1n construidas de forma duradera con correas de velcro en los extremos para un ajuste seguro.<\/p>\n<p>Quiz\u00e1 la mejor parte de las mangueras Snuggle\u00a0es que los c\u00e1lidos materiales de vell\u00f3n son mucho m\u00e1s c\u00f3modos y suaves al tacto (para ti y tu pareja) durante la noche.<\/p>\n","protected":false},"excerpt":{"rendered":"<p>Las fundas hipoalerg\u00e9nicas de vell\u00f3n para tubos de CPAP Snuggle Hose ayudan a evitar que se estropeen por la lluvia<\/p>\n","protected":false},"featured_media":2214,"comment_status":"closed","ping_status":"closed","template":"","meta":{"_acf_changed":false},"product_brand":[],"product_cat":[183,179],"product_tag":[],"class_list":{"0":"post-2414","1":"product","2":"type-product","3":"status-publish","4":"has-post-thumbnail","6":"product_cat-liquidacion","7":"product_cat-productos-en-venta","9":"first","10":"instock","11":"sale","12":"taxable","13":"shipping-taxable","14":"purchasable","15":"product-type-simple"},"acf":[],"yoast_head":"<!-- This site is optimized with the Yoast SEO plugin v27.4 - https:\/\/yoast.com\/product\/yoast-seo-wordpress\/ -->\n<title>Snuggle Hose 6 FT (Pink) - SleepQuest Online Store<\/title>\n<meta name=\"description\" content=\"Las fundas hipoalerg\u00e9nicas de vell\u00f3n para tubos de CPAP Snuggle Hose ayudan a evitar que se estropeen por la lluvia y transforman su tubo m\u00e9dico de CPAP o BiPAP fr\u00edo en algo c\u00e1lido y acogedor para dormir.\" \/>\n<meta name=\"robots\" content=\"index, follow, max-snippet:-1, max-image-preview:large, max-video-preview:-1\" \/>\n<link rel=\"canonical\" href=\"https:\/\/shop.sleepquest.com\/es\/productos\/snuggle-hose-6-ft-pink\/\" \/>\n<meta property=\"og:locale\" content=\"es_ES\" \/>\n<meta property=\"og:type\" content=\"article\" \/>\n<meta property=\"og:title\" content=\"Snuggle Hose 6 FT (Pink) - SleepQuest Online Store\" \/>\n<meta property=\"og:description\" content=\"Las fundas hipoalerg\u00e9nicas de vell\u00f3n para tubos de CPAP Snuggle Hose ayudan a evitar que se estropeen por la lluvia y transforman su tubo m\u00e9dico de CPAP o BiPAP fr\u00edo en algo c\u00e1lido y acogedor para dormir.\" \/>\n<meta property=\"og:url\" content=\"https:\/\/shop.sleepquest.com\/es\/productos\/snuggle-hose-6-ft-pink\/\" \/>\n<meta property=\"og:site_name\" content=\"SleepQuest Online Store\" \/>\n<meta property=\"article:publisher\" content=\"https:\/\/www.facebook.com\/sleepquest\" \/>\n<meta property=\"article:modified_time\" content=\"2024-08-14T13:14:58+00:00\" \/>\n<meta property=\"og:image\" content=\"https:\/\/shop.sleepquest.com\/wp-content\/uploads\/2024\/06\/snuggle-hose-6-ft-pink-01.jpg\" \/>\n\t<meta property=\"og:image:width\" content=\"851\" \/>\n\t<meta property=\"og:image:height\" content=\"851\" \/>\n\t<meta property=\"og:image:type\" content=\"image\/jpeg\" \/>\n<meta name=\"twitter:card\" content=\"summary_large_image\" \/>\n<meta name=\"twitter:site\" content=\"@sleepquest\" \/>\n<meta name=\"twitter:label1\" content=\"Tiempo de lectura\" \/>\n\t<meta name=\"twitter:data1\" content=\"1 minuto\" \/>\n<script type=\"application\/ld+json\" class=\"yoast-schema-graph\">{\"@context\":\"https:\\\/\\\/schema.org\",\"@graph\":[{\"@type\":\"WebPage\",\"@id\":\"https:\\\/\\\/shop.sleepquest.com\\\/es\\\/productos\\\/snuggle-hose-6-ft-pink\\\/\",\"url\":\"https:\\\/\\\/shop.sleepquest.com\\\/es\\\/productos\\\/snuggle-hose-6-ft-pink\\\/\",\"name\":\"Snuggle Hose 6 FT (Pink) - SleepQuest Online Store\",\"isPartOf\":{\"@id\":\"https:\\\/\\\/shop.sleepquest.com\\\/es\\\/#website\"},\"primaryImageOfPage\":{\"@id\":\"https:\\\/\\\/shop.sleepquest.com\\\/es\\\/productos\\\/snuggle-hose-6-ft-pink\\\/#primaryimage\"},\"image\":{\"@id\":\"https:\\\/\\\/shop.sleepquest.com\\\/es\\\/productos\\\/snuggle-hose-6-ft-pink\\\/#primaryimage\"},\"thumbnailUrl\":\"https:\\\/\\\/shop.sleepquest.com\\\/wp-content\\\/uploads\\\/2024\\\/06\\\/snuggle-hose-6-ft-pink-01.jpg\",\"datePublished\":\"2024-06-13T08:46:59+00:00\",\"dateModified\":\"2024-08-14T13:14:58+00:00\",\"description\":\"Las fundas hipoalerg\u00e9nicas de vell\u00f3n para tubos de CPAP Snuggle Hose ayudan a evitar que se estropeen por la lluvia y transforman su tubo m\u00e9dico de CPAP o BiPAP fr\u00edo en algo c\u00e1lido y acogedor para dormir.\",\"breadcrumb\":{\"@id\":\"https:\\\/\\\/shop.sleepquest.com\\\/es\\\/productos\\\/snuggle-hose-6-ft-pink\\\/#breadcrumb\"},\"inLanguage\":\"es\",\"potentialAction\":[{\"@type\":\"ReadAction\",\"target\":[\"https:\\\/\\\/shop.sleepquest.com\\\/es\\\/productos\\\/snuggle-hose-6-ft-pink\\\/\"]}]},{\"@type\":\"ImageObject\",\"inLanguage\":\"es\",\"@id\":\"https:\\\/\\\/shop.sleepquest.com\\\/es\\\/productos\\\/snuggle-hose-6-ft-pink\\\/#primaryimage\",\"url\":\"https:\\\/\\\/shop.sleepquest.com\\\/wp-content\\\/uploads\\\/2024\\\/06\\\/snuggle-hose-6-ft-pink-01.jpg\",\"contentUrl\":\"https:\\\/\\\/shop.sleepquest.com\\\/wp-content\\\/uploads\\\/2024\\\/06\\\/snuggle-hose-6-ft-pink-01.jpg\",\"width\":851,\"height\":851},{\"@type\":\"BreadcrumbList\",\"@id\":\"https:\\\/\\\/shop.sleepquest.com\\\/es\\\/productos\\\/snuggle-hose-6-ft-pink\\\/#breadcrumb\",\"itemListElement\":[{\"@type\":\"ListItem\",\"position\":1,\"name\":\"Home\",\"item\":\"https:\\\/\\\/shop.sleepquest.com\\\/es\\\/\"},{\"@type\":\"ListItem\",\"position\":2,\"name\":\"Todas las colecciones\",\"item\":\"https:\\\/\\\/shop.sleepquest.com\\\/collections\\\/\"},{\"@type\":\"ListItem\",\"position\":3,\"name\":\"Liquidaci\u00f3n\",\"item\":\"https:\\\/\\\/shop.sleepquest.com\\\/es\\\/colecciones\\\/liquidacion\\\/\"},{\"@type\":\"ListItem\",\"position\":4,\"name\":\"Snuggle Hose 6 FT (Pink)\"}]},{\"@type\":\"WebSite\",\"@id\":\"https:\\\/\\\/shop.sleepquest.com\\\/es\\\/#website\",\"url\":\"https:\\\/\\\/shop.sleepquest.com\\\/es\\\/\",\"name\":\"SleepQuest Online Store\",\"description\":\"\",\"publisher\":{\"@id\":\"https:\\\/\\\/shop.sleepquest.com\\\/es\\\/#organization\"},\"potentialAction\":[{\"@type\":\"SearchAction\",\"target\":{\"@type\":\"EntryPoint\",\"urlTemplate\":\"https:\\\/\\\/shop.sleepquest.com\\\/es\\\/?s={search_term_string}\"},\"query-input\":{\"@type\":\"PropertyValueSpecification\",\"valueRequired\":true,\"valueName\":\"search_term_string\"}}],\"inLanguage\":\"es\"},{\"@type\":\"Organization\",\"@id\":\"https:\\\/\\\/shop.sleepquest.com\\\/es\\\/#organization\",\"name\":\"SleepQuest\",\"alternateName\":\"SleepQuest Online Store\",\"url\":\"https:\\\/\\\/shop.sleepquest.com\\\/es\\\/\",\"logo\":{\"@type\":\"ImageObject\",\"inLanguage\":\"es\",\"@id\":\"https:\\\/\\\/shop.sleepquest.com\\\/es\\\/#\\\/schema\\\/logo\\\/image\\\/\",\"url\":\"https:\\\/\\\/shop.sleepquest.com\\\/wp-content\\\/uploads\\\/2024\\\/05\\\/fav.png\",\"contentUrl\":\"https:\\\/\\\/shop.sleepquest.com\\\/wp-content\\\/uploads\\\/2024\\\/05\\\/fav.png\",\"width\":512,\"height\":512,\"caption\":\"SleepQuest\"},\"image\":{\"@id\":\"https:\\\/\\\/shop.sleepquest.com\\\/es\\\/#\\\/schema\\\/logo\\\/image\\\/\"},\"sameAs\":[\"https:\\\/\\\/www.facebook.com\\\/sleepquest\",\"https:\\\/\\\/x.com\\\/sleepquest\"]}]}<\/script>\n<!-- \/ Yoast SEO plugin. -->","yoast_head_json":{"title":"Snuggle Hose 6 FT (Pink) - SleepQuest Online Store","description":"Las fundas hipoalerg\u00e9nicas de vell\u00f3n para tubos de CPAP Snuggle Hose ayudan a evitar que se estropeen por la lluvia y transforman su tubo m\u00e9dico de CPAP o BiPAP fr\u00edo en algo c\u00e1lido y acogedor para dormir.","robots":{"index":"index","follow":"follow","max-snippet":"max-snippet:-1","max-image-preview":"max-image-preview:large","max-video-preview":"max-video-preview:-1"},"canonical":"https:\/\/shop.sleepquest.com\/es\/productos\/snuggle-hose-6-ft-pink\/","og_locale":"es_ES","og_type":"article","og_title":"Snuggle Hose 6 FT (Pink) - SleepQuest Online Store","og_description":"Las fundas hipoalerg\u00e9nicas de vell\u00f3n para tubos de CPAP Snuggle Hose ayudan a evitar que se estropeen por la lluvia y transforman su tubo m\u00e9dico de CPAP o BiPAP fr\u00edo en algo c\u00e1lido y acogedor para dormir.","og_url":"https:\/\/shop.sleepquest.com\/es\/productos\/snuggle-hose-6-ft-pink\/","og_site_name":"SleepQuest Online Store","article_publisher":"https:\/\/www.facebook.com\/sleepquest","article_modified_time":"2024-08-14T13:14:58+00:00","og_image":[{"width":851,"height":851,"url":"https:\/\/shop.sleepquest.com\/wp-content\/uploads\/2024\/06\/snuggle-hose-6-ft-pink-01.jpg","type":"image\/jpeg"}],"twitter_card":"summary_large_image","twitter_site":"@sleepquest","twitter_misc":{"Tiempo de lectura":"1 minuto"},"schema":{"@context":"https:\/\/schema.org","@graph":[{"@type":"WebPage","@id":"https:\/\/shop.sleepquest.com\/es\/productos\/snuggle-hose-6-ft-pink\/","url":"https:\/\/shop.sleepquest.com\/es\/productos\/snuggle-hose-6-ft-pink\/","name":"Snuggle Hose 6 FT (Pink) - SleepQuest Online Store","isPartOf":{"@id":"https:\/\/shop.sleepquest.com\/es\/#website"},"primaryImageOfPage":{"@id":"https:\/\/shop.sleepquest.com\/es\/productos\/snuggle-hose-6-ft-pink\/#primaryimage"},"image":{"@id":"https:\/\/shop.sleepquest.com\/es\/productos\/snuggle-hose-6-ft-pink\/#primaryimage"},"thumbnailUrl":"https:\/\/shop.sleepquest.com\/wp-content\/uploads\/2024\/06\/snuggle-hose-6-ft-pink-01.jpg","datePublished":"2024-06-13T08:46:59+00:00","dateModified":"2024-08-14T13:14:58+00:00","description":"Las fundas hipoalerg\u00e9nicas de vell\u00f3n para tubos de CPAP Snuggle Hose ayudan a evitar que se estropeen por la lluvia y transforman su tubo m\u00e9dico de CPAP o BiPAP fr\u00edo en algo c\u00e1lido y acogedor para dormir.","breadcrumb":{"@id":"https:\/\/shop.sleepquest.com\/es\/productos\/snuggle-hose-6-ft-pink\/#breadcrumb"},"inLanguage":"es","potentialAction":[{"@type":"ReadAction","target":["https:\/\/shop.sleepquest.com\/es\/productos\/snuggle-hose-6-ft-pink\/"]}]},{"@type":"ImageObject","inLanguage":"es","@id":"https:\/\/shop.sleepquest.com\/es\/productos\/snuggle-hose-6-ft-pink\/#primaryimage","url":"https:\/\/shop.sleepquest.com\/wp-content\/uploads\/2024\/06\/snuggle-hose-6-ft-pink-01.jpg","contentUrl":"https:\/\/shop.sleepquest.com\/wp-content\/uploads\/2024\/06\/snuggle-hose-6-ft-pink-01.jpg","width":851,"height":851},{"@type":"BreadcrumbList","@id":"https:\/\/shop.sleepquest.com\/es\/productos\/snuggle-hose-6-ft-pink\/#breadcrumb","itemListElement":[{"@type":"ListItem","position":1,"name":"Home","item":"https:\/\/shop.sleepquest.com\/es\/"},{"@type":"ListItem","position":2,"name":"Todas las colecciones","item":"https:\/\/shop.sleepquest.com\/collections\/"},{"@type":"ListItem","position":3,"name":"Liquidaci\u00f3n","item":"https:\/\/shop.sleepquest.com\/es\/colecciones\/liquidacion\/"},{"@type":"ListItem","position":4,"name":"Snuggle Hose 6 FT (Pink)"}]},{"@type":"WebSite","@id":"https:\/\/shop.sleepquest.com\/es\/#website","url":"https:\/\/shop.sleepquest.com\/es\/","name":"SleepQuest Online Store","description":"","publisher":{"@id":"https:\/\/shop.sleepquest.com\/es\/#organization"},"potentialAction":[{"@type":"SearchAction","target":{"@type":"EntryPoint","urlTemplate":"https:\/\/shop.sleepquest.com\/es\/?s={search_term_string}"},"query-input":{"@type":"PropertyValueSpecification","valueRequired":true,"valueName":"search_term_string"}}],"inLanguage":"es"},{"@type":"Organization","@id":"https:\/\/shop.sleepquest.com\/es\/#organization","name":"SleepQuest","alternateName":"SleepQuest Online Store","url":"https:\/\/shop.sleepquest.com\/es\/","logo":{"@type":"ImageObject","inLanguage":"es","@id":"https:\/\/shop.sleepquest.com\/es\/#\/schema\/logo\/image\/","url":"https:\/\/shop.sleepquest.com\/wp-content\/uploads\/2024\/05\/fav.png","contentUrl":"https:\/\/shop.sleepquest.com\/wp-content\/uploads\/2024\/05\/fav.png","width":512,"height":512,"caption":"SleepQuest"},"image":{"@id":"https:\/\/shop.sleepquest.com\/es\/#\/schema\/logo\/image\/"},"sameAs":["https:\/\/www.facebook.com\/sleepquest","https:\/\/x.com\/sleepquest"]}]}},"_links":{"self":[{"href":"https:\/\/shop.sleepquest.com\/es\/wp-json\/wp\/v2\/product\/2414","targetHints":{"allow":["GET"]}}],"collection":[{"href":"https:\/\/shop.sleepquest.com\/es\/wp-json\/wp\/v2\/product"}],"about":[{"href":"https:\/\/shop.sleepquest.com\/es\/wp-json\/wp\/v2\/types\/product"}],"replies":[{"embeddable":true,"href":"https:\/\/shop.sleepquest.com\/es\/wp-json\/wp\/v2\/comments?post=2414"}],"wp:featuredmedia":[{"embeddable":true,"href":"https:\/\/shop.sleepquest.com\/es\/wp-json\/wp\/v2\/media\/2214"}],"wp:attachment":[{"href":"https:\/\/shop.sleepquest.com\/es\/wp-json\/wp\/v2\/media?parent=2414"}],"wp:term":[{"taxonomy":"product_brand","embeddable":true,"href":"https:\/\/shop.sleepquest.com\/es\/wp-json\/wp\/v2\/product_brand?post=2414"},{"taxonomy":"product_cat","embeddable":true,"href":"https:\/\/shop.sleepquest.com\/es\/wp-json\/wp\/v2\/product_cat?post=2414"},{"taxonomy":"product_tag","embeddable":true,"href":"https:\/\/shop.sleepquest.com\/es\/wp-json\/wp\/v2\/product_tag?post=2414"}],"curies":[{"name":"wp","href":"https:\/\/api.w.org\/{rel}","templated":true}]}}