{"id":2413,"date":"2024-06-13T08:53:41","date_gmt":"2024-06-13T08:53:41","guid":{"rendered":"https:\/\/shop.sleepquest.com\/products\/funda-de-almohada-cpap-2-0-blanco\/"},"modified":"2024-06-13T08:53:41","modified_gmt":"2024-06-13T08:53:41","slug":"funda-de-almohada-cpap-2-0-blanco","status":"publish","type":"product","link":"https:\/\/shop.sleepquest.com\/es\/productos\/funda-de-almohada-cpap-2-0-blanco\/","title":{"rendered":"Funda de almohada CPAP 2.0 &#8211; Blanco"},"content":{"rendered":"<p>\u00a1La forma r\u00e1pida y f\u00e1cil de mantener su Almohada CPAP 2.0 fresca y limpia! Esta funda de almohada de alta calidad est\u00e1 dise\u00f1ada para adaptarse a la medida de las curvas y la forma de su Almohada CPAP 2.0. Tiene un dise\u00f1o \u00fanico que se abre en el extremo superior de la almohada para permitir un f\u00e1cil acceso a la sujeci\u00f3n de la manguera CPAP de la funda interior. Est\u00e1 confeccionada con un tejido de primera calidad de algod\u00f3n 100% de 300 hilos, suave y transpirable para mejorar las propiedades de frescor de su almohada.<\/p>\n","protected":false},"excerpt":{"rendered":"<p>\u00a1La forma r\u00e1pida y f\u00e1cil de mantener su Almohada CPAP 2.0 fresca y limpia! Esta funda de almohada de alta<\/p>\n","protected":false},"featured_media":2215,"comment_status":"closed","ping_status":"closed","template":"","meta":{"_acf_changed":false},"product_brand":[],"product_cat":[150],"product_tag":[],"class_list":{"0":"post-2413","1":"product","2":"type-product","3":"status-publish","4":"has-post-thumbnail","6":"product_cat-sin-categorizar","8":"first","9":"instock","10":"sale","11":"taxable","12":"shipping-taxable","13":"purchasable","14":"product-type-simple"},"acf":[],"yoast_head":"<!-- This site is optimized with the Yoast SEO plugin v27.4 - https:\/\/yoast.com\/product\/yoast-seo-wordpress\/ -->\n<title>Funda de almohada CPAP 2.0 - Blanco - SleepQuest Online Store<\/title>\n<meta name=\"description\" content=\"\u00a1La forma r\u00e1pida y f\u00e1cil de mantener su Almohada CPAP 2.0 fresca y limpia! Esta funda de almohada de alta calidad est\u00e1 dise\u00f1ada para adaptarse a la medida de las curvas y la forma de su Almohada CPAP 2.0.\" \/>\n<meta name=\"robots\" content=\"index, follow, max-snippet:-1, max-image-preview:large, max-video-preview:-1\" \/>\n<link rel=\"canonical\" href=\"https:\/\/shop.sleepquest.com\/es\/productos\/funda-de-almohada-cpap-2-0-blanco\/\" \/>\n<meta property=\"og:locale\" content=\"es_ES\" \/>\n<meta property=\"og:type\" content=\"article\" \/>\n<meta property=\"og:title\" content=\"Funda de almohada CPAP 2.0 - Blanco - SleepQuest Online Store\" \/>\n<meta property=\"og:description\" content=\"\u00a1La forma r\u00e1pida y f\u00e1cil de mantener su Almohada CPAP 2.0 fresca y limpia! Esta funda de almohada de alta calidad est\u00e1 dise\u00f1ada para adaptarse a la medida de las curvas y la forma de su Almohada CPAP 2.0.\" \/>\n<meta property=\"og:url\" content=\"https:\/\/shop.sleepquest.com\/es\/productos\/funda-de-almohada-cpap-2-0-blanco\/\" \/>\n<meta property=\"og:site_name\" content=\"SleepQuest Online Store\" \/>\n<meta property=\"article:publisher\" content=\"https:\/\/www.facebook.com\/sleepquest\" \/>\n<meta property=\"og:image\" content=\"https:\/\/shop.sleepquest.com\/wp-content\/uploads\/2024\/06\/cpap-pillow-2-0-case-white-02.jpg\" \/>\n\t<meta property=\"og:image:width\" content=\"2000\" \/>\n\t<meta property=\"og:image:height\" content=\"2000\" \/>\n\t<meta property=\"og:image:type\" content=\"image\/jpeg\" \/>\n<meta name=\"twitter:card\" content=\"summary_large_image\" \/>\n<meta name=\"twitter:site\" content=\"@sleepquest\" \/>\n<script type=\"application\/ld+json\" class=\"yoast-schema-graph\">{\"@context\":\"https:\\\/\\\/schema.org\",\"@graph\":[{\"@type\":\"WebPage\",\"@id\":\"https:\\\/\\\/shop.sleepquest.com\\\/es\\\/productos\\\/funda-de-almohada-cpap-2-0-blanco\\\/\",\"url\":\"https:\\\/\\\/shop.sleepquest.com\\\/es\\\/productos\\\/funda-de-almohada-cpap-2-0-blanco\\\/\",\"name\":\"Funda de almohada CPAP 2.0 - Blanco - SleepQuest Online Store\",\"isPartOf\":{\"@id\":\"https:\\\/\\\/shop.sleepquest.com\\\/es\\\/#website\"},\"primaryImageOfPage\":{\"@id\":\"https:\\\/\\\/shop.sleepquest.com\\\/es\\\/productos\\\/funda-de-almohada-cpap-2-0-blanco\\\/#primaryimage\"},\"image\":{\"@id\":\"https:\\\/\\\/shop.sleepquest.com\\\/es\\\/productos\\\/funda-de-almohada-cpap-2-0-blanco\\\/#primaryimage\"},\"thumbnailUrl\":\"https:\\\/\\\/shop.sleepquest.com\\\/wp-content\\\/uploads\\\/2024\\\/06\\\/cpap-pillow-2-0-case-white-02.jpg\",\"datePublished\":\"2024-06-13T08:53:41+00:00\",\"description\":\"\u00a1La forma r\u00e1pida y f\u00e1cil de mantener su Almohada CPAP 2.0 fresca y limpia! Esta funda de almohada de alta calidad est\u00e1 dise\u00f1ada para adaptarse a la medida de las curvas y la forma de su Almohada CPAP 2.0.\",\"breadcrumb\":{\"@id\":\"https:\\\/\\\/shop.sleepquest.com\\\/es\\\/productos\\\/funda-de-almohada-cpap-2-0-blanco\\\/#breadcrumb\"},\"inLanguage\":\"es\",\"potentialAction\":[{\"@type\":\"ReadAction\",\"target\":[\"https:\\\/\\\/shop.sleepquest.com\\\/es\\\/productos\\\/funda-de-almohada-cpap-2-0-blanco\\\/\"]}]},{\"@type\":\"ImageObject\",\"inLanguage\":\"es\",\"@id\":\"https:\\\/\\\/shop.sleepquest.com\\\/es\\\/productos\\\/funda-de-almohada-cpap-2-0-blanco\\\/#primaryimage\",\"url\":\"https:\\\/\\\/shop.sleepquest.com\\\/wp-content\\\/uploads\\\/2024\\\/06\\\/cpap-pillow-2-0-case-white-02.jpg\",\"contentUrl\":\"https:\\\/\\\/shop.sleepquest.com\\\/wp-content\\\/uploads\\\/2024\\\/06\\\/cpap-pillow-2-0-case-white-02.jpg\",\"width\":2000,\"height\":2000},{\"@type\":\"BreadcrumbList\",\"@id\":\"https:\\\/\\\/shop.sleepquest.com\\\/es\\\/productos\\\/funda-de-almohada-cpap-2-0-blanco\\\/#breadcrumb\",\"itemListElement\":[{\"@type\":\"ListItem\",\"position\":1,\"name\":\"Home\",\"item\":\"https:\\\/\\\/shop.sleepquest.com\\\/es\\\/\"},{\"@type\":\"ListItem\",\"position\":2,\"name\":\"Todas las colecciones\",\"item\":\"https:\\\/\\\/shop.sleepquest.com\\\/collections\\\/\"},{\"@type\":\"ListItem\",\"position\":3,\"name\":\"Sin categorizar\",\"item\":\"https:\\\/\\\/shop.sleepquest.com\\\/es\\\/colecciones\\\/sin-categorizar\\\/\"},{\"@type\":\"ListItem\",\"position\":4,\"name\":\"Funda de almohada CPAP 2.0 &#8211; Blanco\"}]},{\"@type\":\"WebSite\",\"@id\":\"https:\\\/\\\/shop.sleepquest.com\\\/es\\\/#website\",\"url\":\"https:\\\/\\\/shop.sleepquest.com\\\/es\\\/\",\"name\":\"SleepQuest Online Store\",\"description\":\"\",\"publisher\":{\"@id\":\"https:\\\/\\\/shop.sleepquest.com\\\/es\\\/#organization\"},\"potentialAction\":[{\"@type\":\"SearchAction\",\"target\":{\"@type\":\"EntryPoint\",\"urlTemplate\":\"https:\\\/\\\/shop.sleepquest.com\\\/es\\\/?s={search_term_string}\"},\"query-input\":{\"@type\":\"PropertyValueSpecification\",\"valueRequired\":true,\"valueName\":\"search_term_string\"}}],\"inLanguage\":\"es\"},{\"@type\":\"Organization\",\"@id\":\"https:\\\/\\\/shop.sleepquest.com\\\/es\\\/#organization\",\"name\":\"SleepQuest\",\"alternateName\":\"SleepQuest Online Store\",\"url\":\"https:\\\/\\\/shop.sleepquest.com\\\/es\\\/\",\"logo\":{\"@type\":\"ImageObject\",\"inLanguage\":\"es\",\"@id\":\"https:\\\/\\\/shop.sleepquest.com\\\/es\\\/#\\\/schema\\\/logo\\\/image\\\/\",\"url\":\"https:\\\/\\\/shop.sleepquest.com\\\/wp-content\\\/uploads\\\/2024\\\/05\\\/fav.png\",\"contentUrl\":\"https:\\\/\\\/shop.sleepquest.com\\\/wp-content\\\/uploads\\\/2024\\\/05\\\/fav.png\",\"width\":512,\"height\":512,\"caption\":\"SleepQuest\"},\"image\":{\"@id\":\"https:\\\/\\\/shop.sleepquest.com\\\/es\\\/#\\\/schema\\\/logo\\\/image\\\/\"},\"sameAs\":[\"https:\\\/\\\/www.facebook.com\\\/sleepquest\",\"https:\\\/\\\/x.com\\\/sleepquest\"]}]}<\/script>\n<!-- \/ Yoast SEO plugin. -->","yoast_head_json":{"title":"Funda de almohada CPAP 2.0 - Blanco - SleepQuest Online Store","description":"\u00a1La forma r\u00e1pida y f\u00e1cil de mantener su Almohada CPAP 2.0 fresca y limpia! Esta funda de almohada de alta calidad est\u00e1 dise\u00f1ada para adaptarse a la medida de las curvas y la forma de su Almohada CPAP 2.0.","robots":{"index":"index","follow":"follow","max-snippet":"max-snippet:-1","max-image-preview":"max-image-preview:large","max-video-preview":"max-video-preview:-1"},"canonical":"https:\/\/shop.sleepquest.com\/es\/productos\/funda-de-almohada-cpap-2-0-blanco\/","og_locale":"es_ES","og_type":"article","og_title":"Funda de almohada CPAP 2.0 - Blanco - SleepQuest Online Store","og_description":"\u00a1La forma r\u00e1pida y f\u00e1cil de mantener su Almohada CPAP 2.0 fresca y limpia! Esta funda de almohada de alta calidad est\u00e1 dise\u00f1ada para adaptarse a la medida de las curvas y la forma de su Almohada CPAP 2.0.","og_url":"https:\/\/shop.sleepquest.com\/es\/productos\/funda-de-almohada-cpap-2-0-blanco\/","og_site_name":"SleepQuest Online Store","article_publisher":"https:\/\/www.facebook.com\/sleepquest","og_image":[{"width":2000,"height":2000,"url":"https:\/\/shop.sleepquest.com\/wp-content\/uploads\/2024\/06\/cpap-pillow-2-0-case-white-02.jpg","type":"image\/jpeg"}],"twitter_card":"summary_large_image","twitter_site":"@sleepquest","schema":{"@context":"https:\/\/schema.org","@graph":[{"@type":"WebPage","@id":"https:\/\/shop.sleepquest.com\/es\/productos\/funda-de-almohada-cpap-2-0-blanco\/","url":"https:\/\/shop.sleepquest.com\/es\/productos\/funda-de-almohada-cpap-2-0-blanco\/","name":"Funda de almohada CPAP 2.0 - Blanco - SleepQuest Online Store","isPartOf":{"@id":"https:\/\/shop.sleepquest.com\/es\/#website"},"primaryImageOfPage":{"@id":"https:\/\/shop.sleepquest.com\/es\/productos\/funda-de-almohada-cpap-2-0-blanco\/#primaryimage"},"image":{"@id":"https:\/\/shop.sleepquest.com\/es\/productos\/funda-de-almohada-cpap-2-0-blanco\/#primaryimage"},"thumbnailUrl":"https:\/\/shop.sleepquest.com\/wp-content\/uploads\/2024\/06\/cpap-pillow-2-0-case-white-02.jpg","datePublished":"2024-06-13T08:53:41+00:00","description":"\u00a1La forma r\u00e1pida y f\u00e1cil de mantener su Almohada CPAP 2.0 fresca y limpia! Esta funda de almohada de alta calidad est\u00e1 dise\u00f1ada para adaptarse a la medida de las curvas y la forma de su Almohada CPAP 2.0.","breadcrumb":{"@id":"https:\/\/shop.sleepquest.com\/es\/productos\/funda-de-almohada-cpap-2-0-blanco\/#breadcrumb"},"inLanguage":"es","potentialAction":[{"@type":"ReadAction","target":["https:\/\/shop.sleepquest.com\/es\/productos\/funda-de-almohada-cpap-2-0-blanco\/"]}]},{"@type":"ImageObject","inLanguage":"es","@id":"https:\/\/shop.sleepquest.com\/es\/productos\/funda-de-almohada-cpap-2-0-blanco\/#primaryimage","url":"https:\/\/shop.sleepquest.com\/wp-content\/uploads\/2024\/06\/cpap-pillow-2-0-case-white-02.jpg","contentUrl":"https:\/\/shop.sleepquest.com\/wp-content\/uploads\/2024\/06\/cpap-pillow-2-0-case-white-02.jpg","width":2000,"height":2000},{"@type":"BreadcrumbList","@id":"https:\/\/shop.sleepquest.com\/es\/productos\/funda-de-almohada-cpap-2-0-blanco\/#breadcrumb","itemListElement":[{"@type":"ListItem","position":1,"name":"Home","item":"https:\/\/shop.sleepquest.com\/es\/"},{"@type":"ListItem","position":2,"name":"Todas las colecciones","item":"https:\/\/shop.sleepquest.com\/collections\/"},{"@type":"ListItem","position":3,"name":"Sin categorizar","item":"https:\/\/shop.sleepquest.com\/es\/colecciones\/sin-categorizar\/"},{"@type":"ListItem","position":4,"name":"Funda de almohada CPAP 2.0 &#8211; Blanco"}]},{"@type":"WebSite","@id":"https:\/\/shop.sleepquest.com\/es\/#website","url":"https:\/\/shop.sleepquest.com\/es\/","name":"SleepQuest Online Store","description":"","publisher":{"@id":"https:\/\/shop.sleepquest.com\/es\/#organization"},"potentialAction":[{"@type":"SearchAction","target":{"@type":"EntryPoint","urlTemplate":"https:\/\/shop.sleepquest.com\/es\/?s={search_term_string}"},"query-input":{"@type":"PropertyValueSpecification","valueRequired":true,"valueName":"search_term_string"}}],"inLanguage":"es"},{"@type":"Organization","@id":"https:\/\/shop.sleepquest.com\/es\/#organization","name":"SleepQuest","alternateName":"SleepQuest Online Store","url":"https:\/\/shop.sleepquest.com\/es\/","logo":{"@type":"ImageObject","inLanguage":"es","@id":"https:\/\/shop.sleepquest.com\/es\/#\/schema\/logo\/image\/","url":"https:\/\/shop.sleepquest.com\/wp-content\/uploads\/2024\/05\/fav.png","contentUrl":"https:\/\/shop.sleepquest.com\/wp-content\/uploads\/2024\/05\/fav.png","width":512,"height":512,"caption":"SleepQuest"},"image":{"@id":"https:\/\/shop.sleepquest.com\/es\/#\/schema\/logo\/image\/"},"sameAs":["https:\/\/www.facebook.com\/sleepquest","https:\/\/x.com\/sleepquest"]}]}},"_links":{"self":[{"href":"https:\/\/shop.sleepquest.com\/es\/wp-json\/wp\/v2\/product\/2413","targetHints":{"allow":["GET"]}}],"collection":[{"href":"https:\/\/shop.sleepquest.com\/es\/wp-json\/wp\/v2\/product"}],"about":[{"href":"https:\/\/shop.sleepquest.com\/es\/wp-json\/wp\/v2\/types\/product"}],"replies":[{"embeddable":true,"href":"https:\/\/shop.sleepquest.com\/es\/wp-json\/wp\/v2\/comments?post=2413"}],"wp:featuredmedia":[{"embeddable":true,"href":"https:\/\/shop.sleepquest.com\/es\/wp-json\/wp\/v2\/media\/2215"}],"wp:attachment":[{"href":"https:\/\/shop.sleepquest.com\/es\/wp-json\/wp\/v2\/media?parent=2413"}],"wp:term":[{"taxonomy":"product_brand","embeddable":true,"href":"https:\/\/shop.sleepquest.com\/es\/wp-json\/wp\/v2\/product_brand?post=2413"},{"taxonomy":"product_cat","embeddable":true,"href":"https:\/\/shop.sleepquest.com\/es\/wp-json\/wp\/v2\/product_cat?post=2413"},{"taxonomy":"product_tag","embeddable":true,"href":"https:\/\/shop.sleepquest.com\/es\/wp-json\/wp\/v2\/product_tag?post=2413"}],"curies":[{"name":"wp","href":"https:\/\/api.w.org\/{rel}","templated":true}]}}