{"id":2411,"date":"2024-06-13T09:05:49","date_gmt":"2024-06-13T09:05:49","guid":{"rendered":"https:\/\/shop.sleepquest.com\/products\/almohada-cpap-coolflex\/"},"modified":"2024-06-13T09:05:49","modified_gmt":"2024-06-13T09:05:49","slug":"almohada-cpap-coolflex","status":"publish","type":"product","link":"https:\/\/shop.sleepquest.com\/es\/productos\/almohada-cpap-coolflex\/","title":{"rendered":"Almohada CPAP CoolFlex"},"content":{"rendered":"<p><strong>*ESTE ART\u00cdCULO ES LA VENTA FINAL, NO REEMBOLSABLE y NO CAMBIABLE*.<\/strong><\/p>\n<p>Contour sube el list\u00f3n del confort CPAP con esta nueva y revolucionaria almohada. La almohada CPAP CoolFlex proporciona un sue\u00f1o m\u00e1s reparador.<\/p>\n<ul>\n<li>El suave gel fr\u00edo y la funda con infusi\u00f3n de PCM reguladora de la temperatura te mantienen fresco y c\u00f3modo durante toda la noche.<\/li>\n<li>La zona flexible para el cuello se adapta a su comodidad ideal, crea el recorte lateral de tama\u00f1o perfecto para su tipo de antifaz y le estabiliza mientras duerme.<\/li>\n<li>2 recortes laterales sin presi\u00f3n\n<ul>\n<li>Minimiza las fugas y el deslizamiento<\/li>\n<li>Reduce el ruido, la sequedad ocular y las l\u00edneas de expresi\u00f3n<\/li>\n<\/ul>\n<\/li>\n<li>Dise\u00f1o ergon\u00f3mico que facilita la respiraci\u00f3n y mejora la alineaci\u00f3n<\/li>\n<li>La correa de sujeci\u00f3n de la manguera controla la manguera del CPAP para evitar que se arrastre y facilita el movimiento durante la noche.<\/li>\n<li>Proporciona un sue\u00f1o m\u00e1s reparador<\/li>\n<li>22L x 14W x 4.5H<\/li>\n<\/ul>\n","protected":false},"excerpt":{"rendered":"<p>*ESTE ART\u00cdCULO ES LA VENTA FINAL, NO REEMBOLSABLE y NO CAMBIABLE*. Contour sube el list\u00f3n del confort CPAP con esta<\/p>\n","protected":false},"featured_media":2219,"comment_status":"closed","ping_status":"closed","template":"","meta":{"_acf_changed":false},"product_brand":[],"product_cat":[183,179],"product_tag":[],"class_list":{"0":"post-2411","1":"product","2":"type-product","3":"status-publish","4":"has-post-thumbnail","6":"product_cat-liquidacion","7":"product_cat-productos-en-venta","9":"first","10":"instock","11":"sale","12":"taxable","13":"shipping-taxable","14":"purchasable","15":"product-type-simple"},"acf":[],"yoast_head":"<!-- This site is optimized with the Yoast SEO plugin v27.3 - https:\/\/yoast.com\/product\/yoast-seo-wordpress\/ -->\n<title>Almohada CPAP CoolFlex - SleepQuest Online Store<\/title>\n<meta name=\"description\" content=\"Contour sube el list\u00f3n del confort CPAP con esta nueva y revolucionaria almohada. La almohada CPAP CoolFlex proporciona un sue\u00f1o m\u00e1s reparador.\" \/>\n<meta name=\"robots\" content=\"index, follow, max-snippet:-1, max-image-preview:large, max-video-preview:-1\" \/>\n<link rel=\"canonical\" href=\"https:\/\/shop.sleepquest.com\/es\/productos\/almohada-cpap-coolflex\/\" \/>\n<meta property=\"og:locale\" content=\"es_ES\" \/>\n<meta property=\"og:type\" content=\"article\" \/>\n<meta property=\"og:title\" content=\"Almohada CPAP CoolFlex - SleepQuest Online Store\" \/>\n<meta property=\"og:description\" content=\"Contour sube el list\u00f3n del confort CPAP con esta nueva y revolucionaria almohada. La almohada CPAP CoolFlex proporciona un sue\u00f1o m\u00e1s reparador.\" \/>\n<meta property=\"og:url\" content=\"https:\/\/shop.sleepquest.com\/es\/productos\/almohada-cpap-coolflex\/\" \/>\n<meta property=\"og:site_name\" content=\"SleepQuest Online Store\" \/>\n<meta property=\"article:publisher\" content=\"https:\/\/www.facebook.com\/sleepquest\" \/>\n<meta property=\"og:image\" content=\"https:\/\/shop.sleepquest.com\/wp-content\/uploads\/2024\/06\/cpap-coolflex-pillow-01.jpg\" \/>\n\t<meta property=\"og:image:width\" content=\"1920\" \/>\n\t<meta property=\"og:image:height\" content=\"1080\" \/>\n\t<meta property=\"og:image:type\" content=\"image\/jpeg\" \/>\n<meta name=\"twitter:card\" content=\"summary_large_image\" \/>\n<meta name=\"twitter:site\" content=\"@sleepquest\" \/>\n<meta name=\"twitter:label1\" content=\"Tiempo de lectura\" \/>\n\t<meta name=\"twitter:data1\" content=\"1 minuto\" \/>\n<script type=\"application\/ld+json\" class=\"yoast-schema-graph\">{\"@context\":\"https:\\\/\\\/schema.org\",\"@graph\":[{\"@type\":\"WebPage\",\"@id\":\"https:\\\/\\\/shop.sleepquest.com\\\/es\\\/productos\\\/almohada-cpap-coolflex\\\/\",\"url\":\"https:\\\/\\\/shop.sleepquest.com\\\/es\\\/productos\\\/almohada-cpap-coolflex\\\/\",\"name\":\"Almohada CPAP CoolFlex - SleepQuest Online Store\",\"isPartOf\":{\"@id\":\"https:\\\/\\\/shop.sleepquest.com\\\/es\\\/#website\"},\"primaryImageOfPage\":{\"@id\":\"https:\\\/\\\/shop.sleepquest.com\\\/es\\\/productos\\\/almohada-cpap-coolflex\\\/#primaryimage\"},\"image\":{\"@id\":\"https:\\\/\\\/shop.sleepquest.com\\\/es\\\/productos\\\/almohada-cpap-coolflex\\\/#primaryimage\"},\"thumbnailUrl\":\"https:\\\/\\\/shop.sleepquest.com\\\/wp-content\\\/uploads\\\/2024\\\/06\\\/cpap-coolflex-pillow-01.jpg\",\"datePublished\":\"2024-06-13T09:05:49+00:00\",\"description\":\"Contour sube el list\u00f3n del confort CPAP con esta nueva y revolucionaria almohada. La almohada CPAP CoolFlex proporciona un sue\u00f1o m\u00e1s reparador.\",\"breadcrumb\":{\"@id\":\"https:\\\/\\\/shop.sleepquest.com\\\/es\\\/productos\\\/almohada-cpap-coolflex\\\/#breadcrumb\"},\"inLanguage\":\"es\",\"potentialAction\":[{\"@type\":\"ReadAction\",\"target\":[\"https:\\\/\\\/shop.sleepquest.com\\\/es\\\/productos\\\/almohada-cpap-coolflex\\\/\"]}]},{\"@type\":\"ImageObject\",\"inLanguage\":\"es\",\"@id\":\"https:\\\/\\\/shop.sleepquest.com\\\/es\\\/productos\\\/almohada-cpap-coolflex\\\/#primaryimage\",\"url\":\"https:\\\/\\\/shop.sleepquest.com\\\/wp-content\\\/uploads\\\/2024\\\/06\\\/cpap-coolflex-pillow-01.jpg\",\"contentUrl\":\"https:\\\/\\\/shop.sleepquest.com\\\/wp-content\\\/uploads\\\/2024\\\/06\\\/cpap-coolflex-pillow-01.jpg\",\"width\":1920,\"height\":1080},{\"@type\":\"BreadcrumbList\",\"@id\":\"https:\\\/\\\/shop.sleepquest.com\\\/es\\\/productos\\\/almohada-cpap-coolflex\\\/#breadcrumb\",\"itemListElement\":[{\"@type\":\"ListItem\",\"position\":1,\"name\":\"Home\",\"item\":\"https:\\\/\\\/shop.sleepquest.com\\\/es\\\/\"},{\"@type\":\"ListItem\",\"position\":2,\"name\":\"Todas las colecciones\",\"item\":\"https:\\\/\\\/shop.sleepquest.com\\\/collections\\\/\"},{\"@type\":\"ListItem\",\"position\":3,\"name\":\"Liquidaci\u00f3n\",\"item\":\"https:\\\/\\\/shop.sleepquest.com\\\/es\\\/colecciones\\\/liquidacion\\\/\"},{\"@type\":\"ListItem\",\"position\":4,\"name\":\"Almohada CPAP CoolFlex\"}]},{\"@type\":\"WebSite\",\"@id\":\"https:\\\/\\\/shop.sleepquest.com\\\/es\\\/#website\",\"url\":\"https:\\\/\\\/shop.sleepquest.com\\\/es\\\/\",\"name\":\"SleepQuest Online Store\",\"description\":\"\",\"publisher\":{\"@id\":\"https:\\\/\\\/shop.sleepquest.com\\\/es\\\/#organization\"},\"potentialAction\":[{\"@type\":\"SearchAction\",\"target\":{\"@type\":\"EntryPoint\",\"urlTemplate\":\"https:\\\/\\\/shop.sleepquest.com\\\/es\\\/?s={search_term_string}\"},\"query-input\":{\"@type\":\"PropertyValueSpecification\",\"valueRequired\":true,\"valueName\":\"search_term_string\"}}],\"inLanguage\":\"es\"},{\"@type\":\"Organization\",\"@id\":\"https:\\\/\\\/shop.sleepquest.com\\\/es\\\/#organization\",\"name\":\"SleepQuest\",\"alternateName\":\"SleepQuest Online Store\",\"url\":\"https:\\\/\\\/shop.sleepquest.com\\\/es\\\/\",\"logo\":{\"@type\":\"ImageObject\",\"inLanguage\":\"es\",\"@id\":\"https:\\\/\\\/shop.sleepquest.com\\\/es\\\/#\\\/schema\\\/logo\\\/image\\\/\",\"url\":\"https:\\\/\\\/shop.sleepquest.com\\\/wp-content\\\/uploads\\\/2024\\\/05\\\/fav.png\",\"contentUrl\":\"https:\\\/\\\/shop.sleepquest.com\\\/wp-content\\\/uploads\\\/2024\\\/05\\\/fav.png\",\"width\":512,\"height\":512,\"caption\":\"SleepQuest\"},\"image\":{\"@id\":\"https:\\\/\\\/shop.sleepquest.com\\\/es\\\/#\\\/schema\\\/logo\\\/image\\\/\"},\"sameAs\":[\"https:\\\/\\\/www.facebook.com\\\/sleepquest\",\"https:\\\/\\\/x.com\\\/sleepquest\"]}]}<\/script>\n<!-- \/ Yoast SEO plugin. -->","yoast_head_json":{"title":"Almohada CPAP CoolFlex - SleepQuest Online Store","description":"Contour sube el list\u00f3n del confort CPAP con esta nueva y revolucionaria almohada. La almohada CPAP CoolFlex proporciona un sue\u00f1o m\u00e1s reparador.","robots":{"index":"index","follow":"follow","max-snippet":"max-snippet:-1","max-image-preview":"max-image-preview:large","max-video-preview":"max-video-preview:-1"},"canonical":"https:\/\/shop.sleepquest.com\/es\/productos\/almohada-cpap-coolflex\/","og_locale":"es_ES","og_type":"article","og_title":"Almohada CPAP CoolFlex - SleepQuest Online Store","og_description":"Contour sube el list\u00f3n del confort CPAP con esta nueva y revolucionaria almohada. La almohada CPAP CoolFlex proporciona un sue\u00f1o m\u00e1s reparador.","og_url":"https:\/\/shop.sleepquest.com\/es\/productos\/almohada-cpap-coolflex\/","og_site_name":"SleepQuest Online Store","article_publisher":"https:\/\/www.facebook.com\/sleepquest","og_image":[{"width":1920,"height":1080,"url":"https:\/\/shop.sleepquest.com\/wp-content\/uploads\/2024\/06\/cpap-coolflex-pillow-01.jpg","type":"image\/jpeg"}],"twitter_card":"summary_large_image","twitter_site":"@sleepquest","twitter_misc":{"Tiempo de lectura":"1 minuto"},"schema":{"@context":"https:\/\/schema.org","@graph":[{"@type":"WebPage","@id":"https:\/\/shop.sleepquest.com\/es\/productos\/almohada-cpap-coolflex\/","url":"https:\/\/shop.sleepquest.com\/es\/productos\/almohada-cpap-coolflex\/","name":"Almohada CPAP CoolFlex - SleepQuest Online Store","isPartOf":{"@id":"https:\/\/shop.sleepquest.com\/es\/#website"},"primaryImageOfPage":{"@id":"https:\/\/shop.sleepquest.com\/es\/productos\/almohada-cpap-coolflex\/#primaryimage"},"image":{"@id":"https:\/\/shop.sleepquest.com\/es\/productos\/almohada-cpap-coolflex\/#primaryimage"},"thumbnailUrl":"https:\/\/shop.sleepquest.com\/wp-content\/uploads\/2024\/06\/cpap-coolflex-pillow-01.jpg","datePublished":"2024-06-13T09:05:49+00:00","description":"Contour sube el list\u00f3n del confort CPAP con esta nueva y revolucionaria almohada. La almohada CPAP CoolFlex proporciona un sue\u00f1o m\u00e1s reparador.","breadcrumb":{"@id":"https:\/\/shop.sleepquest.com\/es\/productos\/almohada-cpap-coolflex\/#breadcrumb"},"inLanguage":"es","potentialAction":[{"@type":"ReadAction","target":["https:\/\/shop.sleepquest.com\/es\/productos\/almohada-cpap-coolflex\/"]}]},{"@type":"ImageObject","inLanguage":"es","@id":"https:\/\/shop.sleepquest.com\/es\/productos\/almohada-cpap-coolflex\/#primaryimage","url":"https:\/\/shop.sleepquest.com\/wp-content\/uploads\/2024\/06\/cpap-coolflex-pillow-01.jpg","contentUrl":"https:\/\/shop.sleepquest.com\/wp-content\/uploads\/2024\/06\/cpap-coolflex-pillow-01.jpg","width":1920,"height":1080},{"@type":"BreadcrumbList","@id":"https:\/\/shop.sleepquest.com\/es\/productos\/almohada-cpap-coolflex\/#breadcrumb","itemListElement":[{"@type":"ListItem","position":1,"name":"Home","item":"https:\/\/shop.sleepquest.com\/es\/"},{"@type":"ListItem","position":2,"name":"Todas las colecciones","item":"https:\/\/shop.sleepquest.com\/collections\/"},{"@type":"ListItem","position":3,"name":"Liquidaci\u00f3n","item":"https:\/\/shop.sleepquest.com\/es\/colecciones\/liquidacion\/"},{"@type":"ListItem","position":4,"name":"Almohada CPAP CoolFlex"}]},{"@type":"WebSite","@id":"https:\/\/shop.sleepquest.com\/es\/#website","url":"https:\/\/shop.sleepquest.com\/es\/","name":"SleepQuest Online Store","description":"","publisher":{"@id":"https:\/\/shop.sleepquest.com\/es\/#organization"},"potentialAction":[{"@type":"SearchAction","target":{"@type":"EntryPoint","urlTemplate":"https:\/\/shop.sleepquest.com\/es\/?s={search_term_string}"},"query-input":{"@type":"PropertyValueSpecification","valueRequired":true,"valueName":"search_term_string"}}],"inLanguage":"es"},{"@type":"Organization","@id":"https:\/\/shop.sleepquest.com\/es\/#organization","name":"SleepQuest","alternateName":"SleepQuest Online Store","url":"https:\/\/shop.sleepquest.com\/es\/","logo":{"@type":"ImageObject","inLanguage":"es","@id":"https:\/\/shop.sleepquest.com\/es\/#\/schema\/logo\/image\/","url":"https:\/\/shop.sleepquest.com\/wp-content\/uploads\/2024\/05\/fav.png","contentUrl":"https:\/\/shop.sleepquest.com\/wp-content\/uploads\/2024\/05\/fav.png","width":512,"height":512,"caption":"SleepQuest"},"image":{"@id":"https:\/\/shop.sleepquest.com\/es\/#\/schema\/logo\/image\/"},"sameAs":["https:\/\/www.facebook.com\/sleepquest","https:\/\/x.com\/sleepquest"]}]}},"_links":{"self":[{"href":"https:\/\/shop.sleepquest.com\/es\/wp-json\/wp\/v2\/product\/2411","targetHints":{"allow":["GET"]}}],"collection":[{"href":"https:\/\/shop.sleepquest.com\/es\/wp-json\/wp\/v2\/product"}],"about":[{"href":"https:\/\/shop.sleepquest.com\/es\/wp-json\/wp\/v2\/types\/product"}],"replies":[{"embeddable":true,"href":"https:\/\/shop.sleepquest.com\/es\/wp-json\/wp\/v2\/comments?post=2411"}],"wp:featuredmedia":[{"embeddable":true,"href":"https:\/\/shop.sleepquest.com\/es\/wp-json\/wp\/v2\/media\/2219"}],"wp:attachment":[{"href":"https:\/\/shop.sleepquest.com\/es\/wp-json\/wp\/v2\/media?parent=2411"}],"wp:term":[{"taxonomy":"product_brand","embeddable":true,"href":"https:\/\/shop.sleepquest.com\/es\/wp-json\/wp\/v2\/product_brand?post=2411"},{"taxonomy":"product_cat","embeddable":true,"href":"https:\/\/shop.sleepquest.com\/es\/wp-json\/wp\/v2\/product_cat?post=2411"},{"taxonomy":"product_tag","embeddable":true,"href":"https:\/\/shop.sleepquest.com\/es\/wp-json\/wp\/v2\/product_tag?post=2411"}],"curies":[{"name":"wp","href":"https:\/\/api.w.org\/{rel}","templated":true}]}}