{"id":2397,"date":"2024-06-17T09:27:15","date_gmt":"2024-06-17T09:27:15","guid":{"rendered":"https:\/\/shop.sleepquest.com\/products\/df-bacterial-filter\/"},"modified":"2024-10-15T07:54:04","modified_gmt":"2024-10-15T14:54:04","slug":"df-bacterial-filter","status":"publish","type":"product","link":"https:\/\/shop.sleepquest.com\/es\/productos\/df-bacterial-filter\/","title":{"rendered":"Df bacterial filter"},"content":{"rendered":"<p>Los filtros en l\u00ednea para bacterias ayudan a detener las bacterias y los virus que a menudo asolan a los usuarios de CPAP\/BiPAP creando un ambiente limpio y est\u00e9ril para la circulaci\u00f3n de aire. Son f\u00e1ciles de instalar y en la mayor\u00eda de las m\u00e1quinas CPAP no deber\u00edan requerir una re-calibraci\u00f3n. Simplemente ad\u00f3selo a su m\u00e1quina entre la salida de aire y el tubo de su CPAP est\u00e1ndar. Luego, encienda su m\u00e1quina y experimente un flujo constante de aire limpio y puro.<\/p>\n<p><strong>Este filtro en l\u00ednea se adapta a todas las m\u00e1quinas est\u00e1ndar de:<\/strong><\/p>\n<ul>\n<li>Fisher &amp; Paykel<\/li>\n<li>Respironics<\/li>\n<li>ResMed<\/li>\n<li>y \u00a1muchas m\u00e1s!<\/li>\n<\/ul>\n<p><strong>Restricciones:<\/strong><br \/>\nPor favor, tenga en cuenta las siguientes restricciones sobre el uso de este elemento<\/p>\n<ul>\n<li>Los filtros bacterianos\/virales en l\u00ednea no deben usarse con unidades CPAP y BiPAP humidificadas.<\/li>\n<li>El uso de filtros bacterianos\/virales en l\u00ednea puede afectar adversamente la detecci\u00f3n autom\u00e1tica en sistemas Auto-CPAP especialmente a presiones bajas (menos de 7 cm).<\/li>\n<\/ul>\n","protected":false},"excerpt":{"rendered":"<p>Los filtros en l\u00ednea para bacterias ayudan a detener las bacterias y los virus que a menudo asolan a los<\/p>\n","protected":false},"featured_media":2247,"comment_status":"closed","ping_status":"closed","template":"","meta":{"_acf_changed":false},"product_brand":[],"product_cat":[157,183],"product_tag":[],"class_list":{"0":"post-2397","1":"product","2":"type-product","3":"status-publish","4":"has-post-thumbnail","6":"product_cat-filtros-cpap","7":"product_cat-liquidacion","9":"first","10":"instock","11":"sale","12":"purchasable","13":"product-type-simple"},"acf":[],"yoast_head":"<!-- This site is optimized with the Yoast SEO plugin v27.5 - https:\/\/yoast.com\/product\/yoast-seo-wordpress\/ -->\n<title>Df bacterial filter - SleepQuest Online Store<\/title>\n<meta name=\"description\" content=\"Los filtros en l\u00ednea para bacterias ayudan a detener las bacterias y los virus que a menudo asolan a los usuarios de CPAP\/BiPAP creando un ambiente limpio y est\u00e9ril para la circulaci\u00f3n de aire.\" \/>\n<meta name=\"robots\" content=\"index, follow, max-snippet:-1, max-image-preview:large, max-video-preview:-1\" \/>\n<link rel=\"canonical\" href=\"https:\/\/shop.sleepquest.com\/es\/productos\/df-bacterial-filter\/\" \/>\n<meta property=\"og:locale\" content=\"es_ES\" \/>\n<meta property=\"og:type\" content=\"article\" \/>\n<meta property=\"og:title\" content=\"Df bacterial filter - SleepQuest Online Store\" \/>\n<meta property=\"og:description\" content=\"Los filtros en l\u00ednea para bacterias ayudan a detener las bacterias y los virus que a menudo asolan a los usuarios de CPAP\/BiPAP creando un ambiente limpio y est\u00e9ril para la circulaci\u00f3n de aire.\" \/>\n<meta property=\"og:url\" content=\"https:\/\/shop.sleepquest.com\/es\/productos\/df-bacterial-filter\/\" \/>\n<meta property=\"og:site_name\" content=\"SleepQuest Online Store\" \/>\n<meta property=\"article:publisher\" content=\"https:\/\/www.facebook.com\/sleepquest\" \/>\n<meta property=\"article:modified_time\" content=\"2024-10-15T14:54:04+00:00\" \/>\n<meta property=\"og:image\" content=\"https:\/\/shop.sleepquest.com\/wp-content\/uploads\/2024\/06\/bacteria-viral-in-line-filter-01.jpg\" \/>\n\t<meta property=\"og:image:width\" content=\"400\" \/>\n\t<meta property=\"og:image:height\" content=\"400\" \/>\n\t<meta property=\"og:image:type\" content=\"image\/jpeg\" \/>\n<meta name=\"twitter:card\" content=\"summary_large_image\" \/>\n<meta name=\"twitter:site\" content=\"@sleepquest\" \/>\n<meta name=\"twitter:label1\" content=\"Tiempo de lectura\" \/>\n\t<meta name=\"twitter:data1\" content=\"1 minuto\" \/>\n<script type=\"application\/ld+json\" class=\"yoast-schema-graph\">{\"@context\":\"https:\\\/\\\/schema.org\",\"@graph\":[{\"@type\":\"WebPage\",\"@id\":\"https:\\\/\\\/shop.sleepquest.com\\\/es\\\/productos\\\/df-bacterial-filter\\\/\",\"url\":\"https:\\\/\\\/shop.sleepquest.com\\\/es\\\/productos\\\/df-bacterial-filter\\\/\",\"name\":\"Df bacterial filter - SleepQuest Online Store\",\"isPartOf\":{\"@id\":\"https:\\\/\\\/shop.sleepquest.com\\\/es\\\/#website\"},\"primaryImageOfPage\":{\"@id\":\"https:\\\/\\\/shop.sleepquest.com\\\/es\\\/productos\\\/df-bacterial-filter\\\/#primaryimage\"},\"image\":{\"@id\":\"https:\\\/\\\/shop.sleepquest.com\\\/es\\\/productos\\\/df-bacterial-filter\\\/#primaryimage\"},\"thumbnailUrl\":\"https:\\\/\\\/shop.sleepquest.com\\\/wp-content\\\/uploads\\\/2024\\\/06\\\/bacteria-viral-in-line-filter-01.jpg\",\"datePublished\":\"2024-06-17T09:27:15+00:00\",\"dateModified\":\"2024-10-15T14:54:04+00:00\",\"description\":\"Los filtros en l\u00ednea para bacterias ayudan a detener las bacterias y los virus que a menudo asolan a los usuarios de CPAP\\\/BiPAP creando un ambiente limpio y est\u00e9ril para la circulaci\u00f3n de aire.\",\"breadcrumb\":{\"@id\":\"https:\\\/\\\/shop.sleepquest.com\\\/es\\\/productos\\\/df-bacterial-filter\\\/#breadcrumb\"},\"inLanguage\":\"es\",\"potentialAction\":[{\"@type\":\"ReadAction\",\"target\":[\"https:\\\/\\\/shop.sleepquest.com\\\/es\\\/productos\\\/df-bacterial-filter\\\/\"]}]},{\"@type\":\"ImageObject\",\"inLanguage\":\"es\",\"@id\":\"https:\\\/\\\/shop.sleepquest.com\\\/es\\\/productos\\\/df-bacterial-filter\\\/#primaryimage\",\"url\":\"https:\\\/\\\/shop.sleepquest.com\\\/wp-content\\\/uploads\\\/2024\\\/06\\\/bacteria-viral-in-line-filter-01.jpg\",\"contentUrl\":\"https:\\\/\\\/shop.sleepquest.com\\\/wp-content\\\/uploads\\\/2024\\\/06\\\/bacteria-viral-in-line-filter-01.jpg\",\"width\":400,\"height\":400},{\"@type\":\"BreadcrumbList\",\"@id\":\"https:\\\/\\\/shop.sleepquest.com\\\/es\\\/productos\\\/df-bacterial-filter\\\/#breadcrumb\",\"itemListElement\":[{\"@type\":\"ListItem\",\"position\":1,\"name\":\"Home\",\"item\":\"https:\\\/\\\/shop.sleepquest.com\\\/es\\\/\"},{\"@type\":\"ListItem\",\"position\":2,\"name\":\"Todas las colecciones\",\"item\":\"https:\\\/\\\/shop.sleepquest.com\\\/collections\\\/\"},{\"@type\":\"ListItem\",\"position\":3,\"name\":\"Liquidaci\u00f3n\",\"item\":\"https:\\\/\\\/shop.sleepquest.com\\\/es\\\/colecciones\\\/liquidacion\\\/\"},{\"@type\":\"ListItem\",\"position\":4,\"name\":\"Df bacterial filter\"}]},{\"@type\":\"WebSite\",\"@id\":\"https:\\\/\\\/shop.sleepquest.com\\\/es\\\/#website\",\"url\":\"https:\\\/\\\/shop.sleepquest.com\\\/es\\\/\",\"name\":\"SleepQuest Online Store\",\"description\":\"\",\"publisher\":{\"@id\":\"https:\\\/\\\/shop.sleepquest.com\\\/es\\\/#organization\"},\"potentialAction\":[{\"@type\":\"SearchAction\",\"target\":{\"@type\":\"EntryPoint\",\"urlTemplate\":\"https:\\\/\\\/shop.sleepquest.com\\\/es\\\/?s={search_term_string}\"},\"query-input\":{\"@type\":\"PropertyValueSpecification\",\"valueRequired\":true,\"valueName\":\"search_term_string\"}}],\"inLanguage\":\"es\"},{\"@type\":\"Organization\",\"@id\":\"https:\\\/\\\/shop.sleepquest.com\\\/es\\\/#organization\",\"name\":\"SleepQuest\",\"alternateName\":\"SleepQuest Online Store\",\"url\":\"https:\\\/\\\/shop.sleepquest.com\\\/es\\\/\",\"logo\":{\"@type\":\"ImageObject\",\"inLanguage\":\"es\",\"@id\":\"https:\\\/\\\/shop.sleepquest.com\\\/es\\\/#\\\/schema\\\/logo\\\/image\\\/\",\"url\":\"https:\\\/\\\/shop.sleepquest.com\\\/wp-content\\\/uploads\\\/2024\\\/05\\\/fav.png\",\"contentUrl\":\"https:\\\/\\\/shop.sleepquest.com\\\/wp-content\\\/uploads\\\/2024\\\/05\\\/fav.png\",\"width\":512,\"height\":512,\"caption\":\"SleepQuest\"},\"image\":{\"@id\":\"https:\\\/\\\/shop.sleepquest.com\\\/es\\\/#\\\/schema\\\/logo\\\/image\\\/\"},\"sameAs\":[\"https:\\\/\\\/www.facebook.com\\\/sleepquest\",\"https:\\\/\\\/x.com\\\/sleepquest\"]}]}<\/script>\n<!-- \/ Yoast SEO plugin. -->","yoast_head_json":{"title":"Df bacterial filter - SleepQuest Online Store","description":"Los filtros en l\u00ednea para bacterias ayudan a detener las bacterias y los virus que a menudo asolan a los usuarios de CPAP\/BiPAP creando un ambiente limpio y est\u00e9ril para la circulaci\u00f3n de aire.","robots":{"index":"index","follow":"follow","max-snippet":"max-snippet:-1","max-image-preview":"max-image-preview:large","max-video-preview":"max-video-preview:-1"},"canonical":"https:\/\/shop.sleepquest.com\/es\/productos\/df-bacterial-filter\/","og_locale":"es_ES","og_type":"article","og_title":"Df bacterial filter - SleepQuest Online Store","og_description":"Los filtros en l\u00ednea para bacterias ayudan a detener las bacterias y los virus que a menudo asolan a los usuarios de CPAP\/BiPAP creando un ambiente limpio y est\u00e9ril para la circulaci\u00f3n de aire.","og_url":"https:\/\/shop.sleepquest.com\/es\/productos\/df-bacterial-filter\/","og_site_name":"SleepQuest Online Store","article_publisher":"https:\/\/www.facebook.com\/sleepquest","article_modified_time":"2024-10-15T14:54:04+00:00","og_image":[{"width":400,"height":400,"url":"https:\/\/shop.sleepquest.com\/wp-content\/uploads\/2024\/06\/bacteria-viral-in-line-filter-01.jpg","type":"image\/jpeg"}],"twitter_card":"summary_large_image","twitter_site":"@sleepquest","twitter_misc":{"Tiempo de lectura":"1 minuto"},"schema":{"@context":"https:\/\/schema.org","@graph":[{"@type":"WebPage","@id":"https:\/\/shop.sleepquest.com\/es\/productos\/df-bacterial-filter\/","url":"https:\/\/shop.sleepquest.com\/es\/productos\/df-bacterial-filter\/","name":"Df bacterial filter - SleepQuest Online Store","isPartOf":{"@id":"https:\/\/shop.sleepquest.com\/es\/#website"},"primaryImageOfPage":{"@id":"https:\/\/shop.sleepquest.com\/es\/productos\/df-bacterial-filter\/#primaryimage"},"image":{"@id":"https:\/\/shop.sleepquest.com\/es\/productos\/df-bacterial-filter\/#primaryimage"},"thumbnailUrl":"https:\/\/shop.sleepquest.com\/wp-content\/uploads\/2024\/06\/bacteria-viral-in-line-filter-01.jpg","datePublished":"2024-06-17T09:27:15+00:00","dateModified":"2024-10-15T14:54:04+00:00","description":"Los filtros en l\u00ednea para bacterias ayudan a detener las bacterias y los virus que a menudo asolan a los usuarios de CPAP\/BiPAP creando un ambiente limpio y est\u00e9ril para la circulaci\u00f3n de aire.","breadcrumb":{"@id":"https:\/\/shop.sleepquest.com\/es\/productos\/df-bacterial-filter\/#breadcrumb"},"inLanguage":"es","potentialAction":[{"@type":"ReadAction","target":["https:\/\/shop.sleepquest.com\/es\/productos\/df-bacterial-filter\/"]}]},{"@type":"ImageObject","inLanguage":"es","@id":"https:\/\/shop.sleepquest.com\/es\/productos\/df-bacterial-filter\/#primaryimage","url":"https:\/\/shop.sleepquest.com\/wp-content\/uploads\/2024\/06\/bacteria-viral-in-line-filter-01.jpg","contentUrl":"https:\/\/shop.sleepquest.com\/wp-content\/uploads\/2024\/06\/bacteria-viral-in-line-filter-01.jpg","width":400,"height":400},{"@type":"BreadcrumbList","@id":"https:\/\/shop.sleepquest.com\/es\/productos\/df-bacterial-filter\/#breadcrumb","itemListElement":[{"@type":"ListItem","position":1,"name":"Home","item":"https:\/\/shop.sleepquest.com\/es\/"},{"@type":"ListItem","position":2,"name":"Todas las colecciones","item":"https:\/\/shop.sleepquest.com\/collections\/"},{"@type":"ListItem","position":3,"name":"Liquidaci\u00f3n","item":"https:\/\/shop.sleepquest.com\/es\/colecciones\/liquidacion\/"},{"@type":"ListItem","position":4,"name":"Df bacterial filter"}]},{"@type":"WebSite","@id":"https:\/\/shop.sleepquest.com\/es\/#website","url":"https:\/\/shop.sleepquest.com\/es\/","name":"SleepQuest Online Store","description":"","publisher":{"@id":"https:\/\/shop.sleepquest.com\/es\/#organization"},"potentialAction":[{"@type":"SearchAction","target":{"@type":"EntryPoint","urlTemplate":"https:\/\/shop.sleepquest.com\/es\/?s={search_term_string}"},"query-input":{"@type":"PropertyValueSpecification","valueRequired":true,"valueName":"search_term_string"}}],"inLanguage":"es"},{"@type":"Organization","@id":"https:\/\/shop.sleepquest.com\/es\/#organization","name":"SleepQuest","alternateName":"SleepQuest Online Store","url":"https:\/\/shop.sleepquest.com\/es\/","logo":{"@type":"ImageObject","inLanguage":"es","@id":"https:\/\/shop.sleepquest.com\/es\/#\/schema\/logo\/image\/","url":"https:\/\/shop.sleepquest.com\/wp-content\/uploads\/2024\/05\/fav.png","contentUrl":"https:\/\/shop.sleepquest.com\/wp-content\/uploads\/2024\/05\/fav.png","width":512,"height":512,"caption":"SleepQuest"},"image":{"@id":"https:\/\/shop.sleepquest.com\/es\/#\/schema\/logo\/image\/"},"sameAs":["https:\/\/www.facebook.com\/sleepquest","https:\/\/x.com\/sleepquest"]}]}},"_links":{"self":[{"href":"https:\/\/shop.sleepquest.com\/es\/wp-json\/wp\/v2\/product\/2397","targetHints":{"allow":["GET"]}}],"collection":[{"href":"https:\/\/shop.sleepquest.com\/es\/wp-json\/wp\/v2\/product"}],"about":[{"href":"https:\/\/shop.sleepquest.com\/es\/wp-json\/wp\/v2\/types\/product"}],"replies":[{"embeddable":true,"href":"https:\/\/shop.sleepquest.com\/es\/wp-json\/wp\/v2\/comments?post=2397"}],"wp:featuredmedia":[{"embeddable":true,"href":"https:\/\/shop.sleepquest.com\/es\/wp-json\/wp\/v2\/media\/2247"}],"wp:attachment":[{"href":"https:\/\/shop.sleepquest.com\/es\/wp-json\/wp\/v2\/media?parent=2397"}],"wp:term":[{"taxonomy":"product_brand","embeddable":true,"href":"https:\/\/shop.sleepquest.com\/es\/wp-json\/wp\/v2\/product_brand?post=2397"},{"taxonomy":"product_cat","embeddable":true,"href":"https:\/\/shop.sleepquest.com\/es\/wp-json\/wp\/v2\/product_cat?post=2397"},{"taxonomy":"product_tag","embeddable":true,"href":"https:\/\/shop.sleepquest.com\/es\/wp-json\/wp\/v2\/product_tag?post=2397"}],"curies":[{"name":"wp","href":"https:\/\/api.w.org\/{rel}","templated":true}]}}