{"id":2395,"date":"2024-10-01T11:24:39","date_gmt":"2024-10-01T18:24:39","guid":{"rendered":"https:\/\/shop.sleepquest.com\/products\/resmed-aircurve-10-asv-vpap-machine-co-pack\/"},"modified":"2024-07-25T07:55:39","modified_gmt":"2024-07-25T07:55:39","slug":"resmed-aircurve-10-asv-vpap-machine-co-pack","status":"publish","type":"product","link":"https:\/\/shop.sleepquest.com\/es\/productos\/resmed-aircurve-10-asv-vpap-machine-co-pack\/","title":{"rendered":"ResMed AirCurve 10 ASV VPAP Machine Co-pack"},"content":{"rendered":"<p>Aprovechando la servoventilaci\u00f3n adaptativa (ASV) para centrarse en la ventilaci\u00f3n minuto reciente del paciente, la AirCurve\u2122 10 ASV ofrece una terapia verdaderamente personalizada para la apnea obstructiva del sue\u00f1o (AOS), las apneas centrales y\/o mixtas y la respiraci\u00f3n peri\u00f3dica. La presi\u00f3n de soporte autoajustable est\u00e1 dise\u00f1ada para tratar los trastornos respiratorios centrales, mientras que la EPAP autoajustable es adecuada para la obstrucci\u00f3n de las v\u00edas respiratorias superiores.<\/p>\n<p><strong>Estabilizaci\u00f3n de la respiraci\u00f3n para la apnea central del sue\u00f1o<\/strong><\/p>\n<p>El algoritmo de ASV AirCurve 10\u2122 de ResMed aprende la ventilaci\u00f3n minuto (VM) reciente del paciente mediante el mapeo de 13 puntos en el ciclo respiratorio del paciente. Cuando se necesita presi\u00f3n de soporte o EPAP para estabilizar la ventilaci\u00f3n, el algoritmo responde r\u00e1pidamente mapeando estos puntos en el ciclo respiratorio del paciente.<\/p>\n<p>La ASV AirCurve 10 aprende, predice, responde y optimiza las presiones para adaptarse al patr\u00f3n respiratorio \u00fanico de cada paciente.<\/p>\n","protected":false},"excerpt":{"rendered":"<p>Aprovechando la servoventilaci\u00f3n adaptativa (ASV) para centrarse en la ventilaci\u00f3n minuto reciente del paciente, la AirCurve\u2122 10 ASV ofrece una<\/p>\n","protected":false},"featured_media":1856,"comment_status":"closed","ping_status":"closed","template":"","meta":{"_acf_changed":false},"product_brand":[],"product_cat":[168],"product_tag":[],"class_list":{"0":"post-2395","1":"product","2":"type-product","3":"status-publish","4":"has-post-thumbnail","6":"product_cat-solo-para-pacientes-de-kaiser","7":"product_shipping_class-pesado","9":"first","10":"instock","11":"sale","12":"purchasable","13":"product-type-simple"},"acf":[],"yoast_head":"<!-- This site is optimized with the Yoast SEO plugin v27.5 - https:\/\/yoast.com\/product\/yoast-seo-wordpress\/ -->\n<title>ResMed AirCurve 10 ASV VPAP Machine Co-pack - SleepQuest Online Store<\/title>\n<meta name=\"robots\" content=\"index, follow, max-snippet:-1, max-image-preview:large, max-video-preview:-1\" \/>\n<link rel=\"canonical\" href=\"https:\/\/shop.sleepquest.com\/es\/productos\/resmed-aircurve-10-asv-vpap-machine-co-pack\/\" \/>\n<meta property=\"og:locale\" content=\"es_ES\" \/>\n<meta property=\"og:type\" content=\"article\" \/>\n<meta property=\"og:title\" content=\"ResMed AirCurve 10 ASV VPAP Machine Co-pack - SleepQuest Online Store\" \/>\n<meta property=\"og:description\" content=\"Aprovechando la servoventilaci\u00f3n adaptativa (ASV) para centrarse en la ventilaci\u00f3n minuto reciente del paciente, la AirCurve\u2122 10 ASV ofrece una\" \/>\n<meta property=\"og:url\" content=\"https:\/\/shop.sleepquest.com\/es\/productos\/resmed-aircurve-10-asv-vpap-machine-co-pack\/\" \/>\n<meta property=\"og:site_name\" content=\"SleepQuest Online Store\" \/>\n<meta property=\"article:publisher\" content=\"https:\/\/www.facebook.com\/sleepquest\" \/>\n<meta property=\"og:image\" content=\"https:\/\/shop.sleepquest.com\/wp-content\/uploads\/2024\/05\/resmed-aircurve-10-vauto-with-humidair-01.jpg\" \/>\n\t<meta property=\"og:image:width\" content=\"800\" \/>\n\t<meta property=\"og:image:height\" content=\"800\" \/>\n\t<meta property=\"og:image:type\" content=\"image\/jpeg\" \/>\n<meta name=\"twitter:card\" content=\"summary_large_image\" \/>\n<meta name=\"twitter:site\" content=\"@sleepquest\" \/>\n<meta name=\"twitter:label1\" content=\"Tiempo de lectura\" \/>\n\t<meta name=\"twitter:data1\" content=\"1 minuto\" \/>\n<script type=\"application\/ld+json\" class=\"yoast-schema-graph\">{\"@context\":\"https:\\\/\\\/schema.org\",\"@graph\":[{\"@type\":\"WebPage\",\"@id\":\"https:\\\/\\\/shop.sleepquest.com\\\/es\\\/productos\\\/resmed-aircurve-10-asv-vpap-machine-co-pack\\\/\",\"url\":\"https:\\\/\\\/shop.sleepquest.com\\\/es\\\/productos\\\/resmed-aircurve-10-asv-vpap-machine-co-pack\\\/\",\"name\":\"ResMed AirCurve 10 ASV VPAP Machine Co-pack - SleepQuest Online Store\",\"isPartOf\":{\"@id\":\"https:\\\/\\\/shop.sleepquest.com\\\/es\\\/#website\"},\"primaryImageOfPage\":{\"@id\":\"https:\\\/\\\/shop.sleepquest.com\\\/es\\\/productos\\\/resmed-aircurve-10-asv-vpap-machine-co-pack\\\/#primaryimage\"},\"image\":{\"@id\":\"https:\\\/\\\/shop.sleepquest.com\\\/es\\\/productos\\\/resmed-aircurve-10-asv-vpap-machine-co-pack\\\/#primaryimage\"},\"thumbnailUrl\":\"https:\\\/\\\/shop.sleepquest.com\\\/wp-content\\\/uploads\\\/2024\\\/05\\\/resmed-aircurve-10-vauto-with-humidair-01.jpg\",\"datePublished\":\"2024-10-01T18:24:39+00:00\",\"breadcrumb\":{\"@id\":\"https:\\\/\\\/shop.sleepquest.com\\\/es\\\/productos\\\/resmed-aircurve-10-asv-vpap-machine-co-pack\\\/#breadcrumb\"},\"inLanguage\":\"es\",\"potentialAction\":[{\"@type\":\"ReadAction\",\"target\":[\"https:\\\/\\\/shop.sleepquest.com\\\/es\\\/productos\\\/resmed-aircurve-10-asv-vpap-machine-co-pack\\\/\"]}]},{\"@type\":\"ImageObject\",\"inLanguage\":\"es\",\"@id\":\"https:\\\/\\\/shop.sleepquest.com\\\/es\\\/productos\\\/resmed-aircurve-10-asv-vpap-machine-co-pack\\\/#primaryimage\",\"url\":\"https:\\\/\\\/shop.sleepquest.com\\\/wp-content\\\/uploads\\\/2024\\\/05\\\/resmed-aircurve-10-vauto-with-humidair-01.jpg\",\"contentUrl\":\"https:\\\/\\\/shop.sleepquest.com\\\/wp-content\\\/uploads\\\/2024\\\/05\\\/resmed-aircurve-10-vauto-with-humidair-01.jpg\",\"width\":800,\"height\":800},{\"@type\":\"BreadcrumbList\",\"@id\":\"https:\\\/\\\/shop.sleepquest.com\\\/es\\\/productos\\\/resmed-aircurve-10-asv-vpap-machine-co-pack\\\/#breadcrumb\",\"itemListElement\":[{\"@type\":\"ListItem\",\"position\":1,\"name\":\"Home\",\"item\":\"https:\\\/\\\/shop.sleepquest.com\\\/es\\\/\"},{\"@type\":\"ListItem\",\"position\":2,\"name\":\"Todas las colecciones\",\"item\":\"https:\\\/\\\/shop.sleepquest.com\\\/collections\\\/\"},{\"@type\":\"ListItem\",\"position\":3,\"name\":\"S\u00f3lo para pacientes de Kaiser\",\"item\":\"https:\\\/\\\/shop.sleepquest.com\\\/es\\\/colecciones\\\/solo-para-pacientes-de-kaiser\\\/\"},{\"@type\":\"ListItem\",\"position\":4,\"name\":\"ResMed AirCurve 10 ASV VPAP Machine Co-pack\"}]},{\"@type\":\"WebSite\",\"@id\":\"https:\\\/\\\/shop.sleepquest.com\\\/es\\\/#website\",\"url\":\"https:\\\/\\\/shop.sleepquest.com\\\/es\\\/\",\"name\":\"SleepQuest Online Store\",\"description\":\"\",\"publisher\":{\"@id\":\"https:\\\/\\\/shop.sleepquest.com\\\/es\\\/#organization\"},\"potentialAction\":[{\"@type\":\"SearchAction\",\"target\":{\"@type\":\"EntryPoint\",\"urlTemplate\":\"https:\\\/\\\/shop.sleepquest.com\\\/es\\\/?s={search_term_string}\"},\"query-input\":{\"@type\":\"PropertyValueSpecification\",\"valueRequired\":true,\"valueName\":\"search_term_string\"}}],\"inLanguage\":\"es\"},{\"@type\":\"Organization\",\"@id\":\"https:\\\/\\\/shop.sleepquest.com\\\/es\\\/#organization\",\"name\":\"SleepQuest\",\"alternateName\":\"SleepQuest Online Store\",\"url\":\"https:\\\/\\\/shop.sleepquest.com\\\/es\\\/\",\"logo\":{\"@type\":\"ImageObject\",\"inLanguage\":\"es\",\"@id\":\"https:\\\/\\\/shop.sleepquest.com\\\/es\\\/#\\\/schema\\\/logo\\\/image\\\/\",\"url\":\"https:\\\/\\\/shop.sleepquest.com\\\/wp-content\\\/uploads\\\/2024\\\/05\\\/fav.png\",\"contentUrl\":\"https:\\\/\\\/shop.sleepquest.com\\\/wp-content\\\/uploads\\\/2024\\\/05\\\/fav.png\",\"width\":512,\"height\":512,\"caption\":\"SleepQuest\"},\"image\":{\"@id\":\"https:\\\/\\\/shop.sleepquest.com\\\/es\\\/#\\\/schema\\\/logo\\\/image\\\/\"},\"sameAs\":[\"https:\\\/\\\/www.facebook.com\\\/sleepquest\",\"https:\\\/\\\/x.com\\\/sleepquest\"]}]}<\/script>\n<!-- \/ Yoast SEO plugin. -->","yoast_head_json":{"title":"ResMed AirCurve 10 ASV VPAP Machine Co-pack - SleepQuest Online Store","robots":{"index":"index","follow":"follow","max-snippet":"max-snippet:-1","max-image-preview":"max-image-preview:large","max-video-preview":"max-video-preview:-1"},"canonical":"https:\/\/shop.sleepquest.com\/es\/productos\/resmed-aircurve-10-asv-vpap-machine-co-pack\/","og_locale":"es_ES","og_type":"article","og_title":"ResMed AirCurve 10 ASV VPAP Machine Co-pack - SleepQuest Online Store","og_description":"Aprovechando la servoventilaci\u00f3n adaptativa (ASV) para centrarse en la ventilaci\u00f3n minuto reciente del paciente, la AirCurve\u2122 10 ASV ofrece una","og_url":"https:\/\/shop.sleepquest.com\/es\/productos\/resmed-aircurve-10-asv-vpap-machine-co-pack\/","og_site_name":"SleepQuest Online Store","article_publisher":"https:\/\/www.facebook.com\/sleepquest","og_image":[{"width":800,"height":800,"url":"https:\/\/shop.sleepquest.com\/wp-content\/uploads\/2024\/05\/resmed-aircurve-10-vauto-with-humidair-01.jpg","type":"image\/jpeg"}],"twitter_card":"summary_large_image","twitter_site":"@sleepquest","twitter_misc":{"Tiempo de lectura":"1 minuto"},"schema":{"@context":"https:\/\/schema.org","@graph":[{"@type":"WebPage","@id":"https:\/\/shop.sleepquest.com\/es\/productos\/resmed-aircurve-10-asv-vpap-machine-co-pack\/","url":"https:\/\/shop.sleepquest.com\/es\/productos\/resmed-aircurve-10-asv-vpap-machine-co-pack\/","name":"ResMed AirCurve 10 ASV VPAP Machine Co-pack - SleepQuest Online Store","isPartOf":{"@id":"https:\/\/shop.sleepquest.com\/es\/#website"},"primaryImageOfPage":{"@id":"https:\/\/shop.sleepquest.com\/es\/productos\/resmed-aircurve-10-asv-vpap-machine-co-pack\/#primaryimage"},"image":{"@id":"https:\/\/shop.sleepquest.com\/es\/productos\/resmed-aircurve-10-asv-vpap-machine-co-pack\/#primaryimage"},"thumbnailUrl":"https:\/\/shop.sleepquest.com\/wp-content\/uploads\/2024\/05\/resmed-aircurve-10-vauto-with-humidair-01.jpg","datePublished":"2024-10-01T18:24:39+00:00","breadcrumb":{"@id":"https:\/\/shop.sleepquest.com\/es\/productos\/resmed-aircurve-10-asv-vpap-machine-co-pack\/#breadcrumb"},"inLanguage":"es","potentialAction":[{"@type":"ReadAction","target":["https:\/\/shop.sleepquest.com\/es\/productos\/resmed-aircurve-10-asv-vpap-machine-co-pack\/"]}]},{"@type":"ImageObject","inLanguage":"es","@id":"https:\/\/shop.sleepquest.com\/es\/productos\/resmed-aircurve-10-asv-vpap-machine-co-pack\/#primaryimage","url":"https:\/\/shop.sleepquest.com\/wp-content\/uploads\/2024\/05\/resmed-aircurve-10-vauto-with-humidair-01.jpg","contentUrl":"https:\/\/shop.sleepquest.com\/wp-content\/uploads\/2024\/05\/resmed-aircurve-10-vauto-with-humidair-01.jpg","width":800,"height":800},{"@type":"BreadcrumbList","@id":"https:\/\/shop.sleepquest.com\/es\/productos\/resmed-aircurve-10-asv-vpap-machine-co-pack\/#breadcrumb","itemListElement":[{"@type":"ListItem","position":1,"name":"Home","item":"https:\/\/shop.sleepquest.com\/es\/"},{"@type":"ListItem","position":2,"name":"Todas las colecciones","item":"https:\/\/shop.sleepquest.com\/collections\/"},{"@type":"ListItem","position":3,"name":"S\u00f3lo para pacientes de Kaiser","item":"https:\/\/shop.sleepquest.com\/es\/colecciones\/solo-para-pacientes-de-kaiser\/"},{"@type":"ListItem","position":4,"name":"ResMed AirCurve 10 ASV VPAP Machine Co-pack"}]},{"@type":"WebSite","@id":"https:\/\/shop.sleepquest.com\/es\/#website","url":"https:\/\/shop.sleepquest.com\/es\/","name":"SleepQuest Online Store","description":"","publisher":{"@id":"https:\/\/shop.sleepquest.com\/es\/#organization"},"potentialAction":[{"@type":"SearchAction","target":{"@type":"EntryPoint","urlTemplate":"https:\/\/shop.sleepquest.com\/es\/?s={search_term_string}"},"query-input":{"@type":"PropertyValueSpecification","valueRequired":true,"valueName":"search_term_string"}}],"inLanguage":"es"},{"@type":"Organization","@id":"https:\/\/shop.sleepquest.com\/es\/#organization","name":"SleepQuest","alternateName":"SleepQuest Online Store","url":"https:\/\/shop.sleepquest.com\/es\/","logo":{"@type":"ImageObject","inLanguage":"es","@id":"https:\/\/shop.sleepquest.com\/es\/#\/schema\/logo\/image\/","url":"https:\/\/shop.sleepquest.com\/wp-content\/uploads\/2024\/05\/fav.png","contentUrl":"https:\/\/shop.sleepquest.com\/wp-content\/uploads\/2024\/05\/fav.png","width":512,"height":512,"caption":"SleepQuest"},"image":{"@id":"https:\/\/shop.sleepquest.com\/es\/#\/schema\/logo\/image\/"},"sameAs":["https:\/\/www.facebook.com\/sleepquest","https:\/\/x.com\/sleepquest"]}]}},"_links":{"self":[{"href":"https:\/\/shop.sleepquest.com\/es\/wp-json\/wp\/v2\/product\/2395","targetHints":{"allow":["GET"]}}],"collection":[{"href":"https:\/\/shop.sleepquest.com\/es\/wp-json\/wp\/v2\/product"}],"about":[{"href":"https:\/\/shop.sleepquest.com\/es\/wp-json\/wp\/v2\/types\/product"}],"replies":[{"embeddable":true,"href":"https:\/\/shop.sleepquest.com\/es\/wp-json\/wp\/v2\/comments?post=2395"}],"wp:featuredmedia":[{"embeddable":true,"href":"https:\/\/shop.sleepquest.com\/es\/wp-json\/wp\/v2\/media\/1856"}],"wp:attachment":[{"href":"https:\/\/shop.sleepquest.com\/es\/wp-json\/wp\/v2\/media?parent=2395"}],"wp:term":[{"taxonomy":"product_brand","embeddable":true,"href":"https:\/\/shop.sleepquest.com\/es\/wp-json\/wp\/v2\/product_brand?post=2395"},{"taxonomy":"product_cat","embeddable":true,"href":"https:\/\/shop.sleepquest.com\/es\/wp-json\/wp\/v2\/product_cat?post=2395"},{"taxonomy":"product_tag","embeddable":true,"href":"https:\/\/shop.sleepquest.com\/es\/wp-json\/wp\/v2\/product_tag?post=2395"}],"curies":[{"name":"wp","href":"https:\/\/api.w.org\/{rel}","templated":true}]}}