{"id":18878,"date":"2025-05-23T15:52:09","date_gmt":"2025-05-23T22:52:09","guid":{"rendered":"https:\/\/shop.sleepquest.com\/?post_type=product&#038;p=18878"},"modified":"2026-01-29T10:50:35","modified_gmt":"2026-01-29T18:50:35","slug":"paptizer-uvc-led-smart-sanitizer-copy-2","status":"publish","type":"product","link":"https:\/\/shop.sleepquest.com\/es\/productos\/paptizer-uvc-led-smart-sanitizer-copy-2\/","title":{"rendered":"Paptizer UVC LED Smart Sanitizer (Copy)"},"content":{"rendered":"<ul>\n<li>La mayor capacidad interna del mercado 11.89\u2033 x 10.59\u2033 x 6.06\u2033<\/li>\n<li>40 LEDs UV-C con desinfecci\u00f3n multidireccional por 5 lados<\/li>\n<li>Elimina m\u00e1s del 99% de las bacterias en tan s\u00f3lo 3 minutos<\/li>\n<\/ul>\n<h3>Limpiadores UVC LED vs Ozono<\/h3>\n<ul>\n<li>No hay retraso en el uso de sus productos. (Los productos de ozono tienen un tiempo de inactividad del producto superior a 1 hora antes de poder volver a utilizarlo).<\/li>\n<li>No hay filtros que reemplazar ni mantenimiento. (Los productos desinfectantes de ozono tienen un cambio de filtro recomendado de 2 veces al a\u00f1o, costando a los consumidores m\u00e1s de 60 d\u00f3lares al a\u00f1o m\u00e1s gastos de env\u00edo).<\/li>\n<li>El fabricante es amigable y no afecta a ninguna garant\u00eda como ocurre con algunos productos relacionados con el ozono en el mercado.<\/li>\n<\/ul>\n<h3>En la caja<\/h3>\n<ul>\n<li>Papelera<\/li>\n<li>Rack<\/li>\n<li>Fuente de alimentaci\u00f3n<\/li>\n<li>Manual de instrucciones<\/li>\n<li>Papel de prueba UV (para comprobar que la unidad funciona)<\/li>\n<\/ul>\n","protected":false},"excerpt":{"rendered":"<p>La mayor capacidad interna del mercado 11.89\u2033 x 10.59\u2033 x 6.06\u2033 40 LEDs UV-C con desinfecci\u00f3n multidireccional por 5 lados<\/p>\n","protected":false},"featured_media":2184,"comment_status":"closed","ping_status":"closed","template":"","meta":{"_acf_changed":false},"product_brand":[],"product_cat":[177,183],"product_tag":[],"class_list":{"0":"post-18878","1":"product","2":"type-product","3":"status-publish","4":"has-post-thumbnail","6":"product_cat-articulos-sin-receta","7":"product_cat-liquidacion","9":"first","10":"outofstock","11":"sale","12":"featured","13":"taxable","14":"shipping-taxable","15":"purchasable","16":"product-type-simple"},"acf":[],"yoast_head":"<!-- This site is optimized with the Yoast SEO plugin v27.4 - https:\/\/yoast.com\/product\/yoast-seo-wordpress\/ -->\n<title>Paptizer UVC LED Smart Sanitizer (Copy) - SleepQuest Online Store<\/title>\n<meta name=\"description\" content=\"La mayor capacidad interna del mercado 11.89\u2033 x 10.59\u2033 x 6.06\u2033\" \/>\n<meta name=\"robots\" content=\"index, follow, max-snippet:-1, max-image-preview:large, max-video-preview:-1\" \/>\n<link rel=\"canonical\" href=\"https:\/\/shop.sleepquest.com\/es\/productos\/paptizer-uvc-led-smart-sanitizer-copy-2\/\" \/>\n<meta property=\"og:locale\" content=\"es_ES\" \/>\n<meta property=\"og:type\" content=\"article\" \/>\n<meta property=\"og:title\" content=\"Paptizer UVC LED Smart Sanitizer (Copy) - SleepQuest Online Store\" \/>\n<meta property=\"og:description\" content=\"La mayor capacidad interna del mercado 11.89\u2033 x 10.59\u2033 x 6.06\u2033\" \/>\n<meta property=\"og:url\" content=\"https:\/\/shop.sleepquest.com\/es\/productos\/paptizer-uvc-led-smart-sanitizer-copy-2\/\" \/>\n<meta property=\"og:site_name\" content=\"SleepQuest Online Store\" \/>\n<meta property=\"article:publisher\" content=\"https:\/\/www.facebook.com\/sleepquest\" \/>\n<meta property=\"article:modified_time\" content=\"2026-01-29T18:50:35+00:00\" \/>\n<meta property=\"og:image\" content=\"https:\/\/shop.sleepquest.com\/wp-content\/uploads\/2024\/06\/paptizer-uvc-led-smart-sanitizer-01.jpg\" \/>\n\t<meta property=\"og:image:width\" content=\"1024\" \/>\n\t<meta property=\"og:image:height\" content=\"1024\" \/>\n\t<meta property=\"og:image:type\" content=\"image\/jpeg\" \/>\n<meta name=\"twitter:card\" content=\"summary_large_image\" \/>\n<meta name=\"twitter:site\" content=\"@sleepquest\" \/>\n<meta name=\"twitter:label1\" content=\"Tiempo de lectura\" \/>\n\t<meta name=\"twitter:data1\" content=\"1 minuto\" \/>\n<script type=\"application\/ld+json\" class=\"yoast-schema-graph\">{\"@context\":\"https:\\\/\\\/schema.org\",\"@graph\":[{\"@type\":\"WebPage\",\"@id\":\"https:\\\/\\\/shop.sleepquest.com\\\/es\\\/productos\\\/paptizer-uvc-led-smart-sanitizer-copy-2\\\/\",\"url\":\"https:\\\/\\\/shop.sleepquest.com\\\/es\\\/productos\\\/paptizer-uvc-led-smart-sanitizer-copy-2\\\/\",\"name\":\"Paptizer UVC LED Smart Sanitizer (Copy) - SleepQuest Online Store\",\"isPartOf\":{\"@id\":\"https:\\\/\\\/shop.sleepquest.com\\\/es\\\/#website\"},\"primaryImageOfPage\":{\"@id\":\"https:\\\/\\\/shop.sleepquest.com\\\/es\\\/productos\\\/paptizer-uvc-led-smart-sanitizer-copy-2\\\/#primaryimage\"},\"image\":{\"@id\":\"https:\\\/\\\/shop.sleepquest.com\\\/es\\\/productos\\\/paptizer-uvc-led-smart-sanitizer-copy-2\\\/#primaryimage\"},\"thumbnailUrl\":\"https:\\\/\\\/shop.sleepquest.com\\\/wp-content\\\/uploads\\\/2024\\\/06\\\/paptizer-uvc-led-smart-sanitizer-01.jpg\",\"datePublished\":\"2025-05-23T22:52:09+00:00\",\"dateModified\":\"2026-01-29T18:50:35+00:00\",\"description\":\"La mayor capacidad interna del mercado 11.89\u2033 x 10.59\u2033 x 6.06\u2033\",\"breadcrumb\":{\"@id\":\"https:\\\/\\\/shop.sleepquest.com\\\/es\\\/productos\\\/paptizer-uvc-led-smart-sanitizer-copy-2\\\/#breadcrumb\"},\"inLanguage\":\"es\",\"potentialAction\":[{\"@type\":\"ReadAction\",\"target\":[\"https:\\\/\\\/shop.sleepquest.com\\\/es\\\/productos\\\/paptizer-uvc-led-smart-sanitizer-copy-2\\\/\"]}]},{\"@type\":\"ImageObject\",\"inLanguage\":\"es\",\"@id\":\"https:\\\/\\\/shop.sleepquest.com\\\/es\\\/productos\\\/paptizer-uvc-led-smart-sanitizer-copy-2\\\/#primaryimage\",\"url\":\"https:\\\/\\\/shop.sleepquest.com\\\/wp-content\\\/uploads\\\/2024\\\/06\\\/paptizer-uvc-led-smart-sanitizer-01.jpg\",\"contentUrl\":\"https:\\\/\\\/shop.sleepquest.com\\\/wp-content\\\/uploads\\\/2024\\\/06\\\/paptizer-uvc-led-smart-sanitizer-01.jpg\",\"width\":1024,\"height\":1024},{\"@type\":\"BreadcrumbList\",\"@id\":\"https:\\\/\\\/shop.sleepquest.com\\\/es\\\/productos\\\/paptizer-uvc-led-smart-sanitizer-copy-2\\\/#breadcrumb\",\"itemListElement\":[{\"@type\":\"ListItem\",\"position\":1,\"name\":\"Home\",\"item\":\"https:\\\/\\\/shop.sleepquest.com\\\/es\\\/\"},{\"@type\":\"ListItem\",\"position\":2,\"name\":\"Todas las colecciones\",\"item\":\"https:\\\/\\\/shop.sleepquest.com\\\/collections\\\/\"},{\"@type\":\"ListItem\",\"position\":3,\"name\":\"Art\u00edculos sin receta\",\"item\":\"https:\\\/\\\/shop.sleepquest.com\\\/es\\\/colecciones\\\/articulos-sin-receta\\\/\"},{\"@type\":\"ListItem\",\"position\":4,\"name\":\"Paptizer UVC LED Smart Sanitizer (Copy)\"}]},{\"@type\":\"WebSite\",\"@id\":\"https:\\\/\\\/shop.sleepquest.com\\\/es\\\/#website\",\"url\":\"https:\\\/\\\/shop.sleepquest.com\\\/es\\\/\",\"name\":\"SleepQuest Online Store\",\"description\":\"\",\"publisher\":{\"@id\":\"https:\\\/\\\/shop.sleepquest.com\\\/es\\\/#organization\"},\"potentialAction\":[{\"@type\":\"SearchAction\",\"target\":{\"@type\":\"EntryPoint\",\"urlTemplate\":\"https:\\\/\\\/shop.sleepquest.com\\\/es\\\/?s={search_term_string}\"},\"query-input\":{\"@type\":\"PropertyValueSpecification\",\"valueRequired\":true,\"valueName\":\"search_term_string\"}}],\"inLanguage\":\"es\"},{\"@type\":\"Organization\",\"@id\":\"https:\\\/\\\/shop.sleepquest.com\\\/es\\\/#organization\",\"name\":\"SleepQuest\",\"alternateName\":\"SleepQuest Online Store\",\"url\":\"https:\\\/\\\/shop.sleepquest.com\\\/es\\\/\",\"logo\":{\"@type\":\"ImageObject\",\"inLanguage\":\"es\",\"@id\":\"https:\\\/\\\/shop.sleepquest.com\\\/es\\\/#\\\/schema\\\/logo\\\/image\\\/\",\"url\":\"https:\\\/\\\/shop.sleepquest.com\\\/wp-content\\\/uploads\\\/2024\\\/05\\\/fav.png\",\"contentUrl\":\"https:\\\/\\\/shop.sleepquest.com\\\/wp-content\\\/uploads\\\/2024\\\/05\\\/fav.png\",\"width\":512,\"height\":512,\"caption\":\"SleepQuest\"},\"image\":{\"@id\":\"https:\\\/\\\/shop.sleepquest.com\\\/es\\\/#\\\/schema\\\/logo\\\/image\\\/\"},\"sameAs\":[\"https:\\\/\\\/www.facebook.com\\\/sleepquest\",\"https:\\\/\\\/x.com\\\/sleepquest\"]}]}<\/script>\n<!-- \/ Yoast SEO plugin. -->","yoast_head_json":{"title":"Paptizer UVC LED Smart Sanitizer (Copy) - SleepQuest Online Store","description":"La mayor capacidad interna del mercado 11.89\u2033 x 10.59\u2033 x 6.06\u2033","robots":{"index":"index","follow":"follow","max-snippet":"max-snippet:-1","max-image-preview":"max-image-preview:large","max-video-preview":"max-video-preview:-1"},"canonical":"https:\/\/shop.sleepquest.com\/es\/productos\/paptizer-uvc-led-smart-sanitizer-copy-2\/","og_locale":"es_ES","og_type":"article","og_title":"Paptizer UVC LED Smart Sanitizer (Copy) - SleepQuest Online Store","og_description":"La mayor capacidad interna del mercado 11.89\u2033 x 10.59\u2033 x 6.06\u2033","og_url":"https:\/\/shop.sleepquest.com\/es\/productos\/paptizer-uvc-led-smart-sanitizer-copy-2\/","og_site_name":"SleepQuest Online Store","article_publisher":"https:\/\/www.facebook.com\/sleepquest","article_modified_time":"2026-01-29T18:50:35+00:00","og_image":[{"width":1024,"height":1024,"url":"https:\/\/shop.sleepquest.com\/wp-content\/uploads\/2024\/06\/paptizer-uvc-led-smart-sanitizer-01.jpg","type":"image\/jpeg"}],"twitter_card":"summary_large_image","twitter_site":"@sleepquest","twitter_misc":{"Tiempo de lectura":"1 minuto"},"schema":{"@context":"https:\/\/schema.org","@graph":[{"@type":"WebPage","@id":"https:\/\/shop.sleepquest.com\/es\/productos\/paptizer-uvc-led-smart-sanitizer-copy-2\/","url":"https:\/\/shop.sleepquest.com\/es\/productos\/paptizer-uvc-led-smart-sanitizer-copy-2\/","name":"Paptizer UVC LED Smart Sanitizer (Copy) - SleepQuest Online Store","isPartOf":{"@id":"https:\/\/shop.sleepquest.com\/es\/#website"},"primaryImageOfPage":{"@id":"https:\/\/shop.sleepquest.com\/es\/productos\/paptizer-uvc-led-smart-sanitizer-copy-2\/#primaryimage"},"image":{"@id":"https:\/\/shop.sleepquest.com\/es\/productos\/paptizer-uvc-led-smart-sanitizer-copy-2\/#primaryimage"},"thumbnailUrl":"https:\/\/shop.sleepquest.com\/wp-content\/uploads\/2024\/06\/paptizer-uvc-led-smart-sanitizer-01.jpg","datePublished":"2025-05-23T22:52:09+00:00","dateModified":"2026-01-29T18:50:35+00:00","description":"La mayor capacidad interna del mercado 11.89\u2033 x 10.59\u2033 x 6.06\u2033","breadcrumb":{"@id":"https:\/\/shop.sleepquest.com\/es\/productos\/paptizer-uvc-led-smart-sanitizer-copy-2\/#breadcrumb"},"inLanguage":"es","potentialAction":[{"@type":"ReadAction","target":["https:\/\/shop.sleepquest.com\/es\/productos\/paptizer-uvc-led-smart-sanitizer-copy-2\/"]}]},{"@type":"ImageObject","inLanguage":"es","@id":"https:\/\/shop.sleepquest.com\/es\/productos\/paptizer-uvc-led-smart-sanitizer-copy-2\/#primaryimage","url":"https:\/\/shop.sleepquest.com\/wp-content\/uploads\/2024\/06\/paptizer-uvc-led-smart-sanitizer-01.jpg","contentUrl":"https:\/\/shop.sleepquest.com\/wp-content\/uploads\/2024\/06\/paptizer-uvc-led-smart-sanitizer-01.jpg","width":1024,"height":1024},{"@type":"BreadcrumbList","@id":"https:\/\/shop.sleepquest.com\/es\/productos\/paptizer-uvc-led-smart-sanitizer-copy-2\/#breadcrumb","itemListElement":[{"@type":"ListItem","position":1,"name":"Home","item":"https:\/\/shop.sleepquest.com\/es\/"},{"@type":"ListItem","position":2,"name":"Todas las colecciones","item":"https:\/\/shop.sleepquest.com\/collections\/"},{"@type":"ListItem","position":3,"name":"Art\u00edculos sin receta","item":"https:\/\/shop.sleepquest.com\/es\/colecciones\/articulos-sin-receta\/"},{"@type":"ListItem","position":4,"name":"Paptizer UVC LED Smart Sanitizer (Copy)"}]},{"@type":"WebSite","@id":"https:\/\/shop.sleepquest.com\/es\/#website","url":"https:\/\/shop.sleepquest.com\/es\/","name":"SleepQuest Online Store","description":"","publisher":{"@id":"https:\/\/shop.sleepquest.com\/es\/#organization"},"potentialAction":[{"@type":"SearchAction","target":{"@type":"EntryPoint","urlTemplate":"https:\/\/shop.sleepquest.com\/es\/?s={search_term_string}"},"query-input":{"@type":"PropertyValueSpecification","valueRequired":true,"valueName":"search_term_string"}}],"inLanguage":"es"},{"@type":"Organization","@id":"https:\/\/shop.sleepquest.com\/es\/#organization","name":"SleepQuest","alternateName":"SleepQuest Online Store","url":"https:\/\/shop.sleepquest.com\/es\/","logo":{"@type":"ImageObject","inLanguage":"es","@id":"https:\/\/shop.sleepquest.com\/es\/#\/schema\/logo\/image\/","url":"https:\/\/shop.sleepquest.com\/wp-content\/uploads\/2024\/05\/fav.png","contentUrl":"https:\/\/shop.sleepquest.com\/wp-content\/uploads\/2024\/05\/fav.png","width":512,"height":512,"caption":"SleepQuest"},"image":{"@id":"https:\/\/shop.sleepquest.com\/es\/#\/schema\/logo\/image\/"},"sameAs":["https:\/\/www.facebook.com\/sleepquest","https:\/\/x.com\/sleepquest"]}]}},"_links":{"self":[{"href":"https:\/\/shop.sleepquest.com\/es\/wp-json\/wp\/v2\/product\/18878","targetHints":{"allow":["GET"]}}],"collection":[{"href":"https:\/\/shop.sleepquest.com\/es\/wp-json\/wp\/v2\/product"}],"about":[{"href":"https:\/\/shop.sleepquest.com\/es\/wp-json\/wp\/v2\/types\/product"}],"replies":[{"embeddable":true,"href":"https:\/\/shop.sleepquest.com\/es\/wp-json\/wp\/v2\/comments?post=18878"}],"wp:featuredmedia":[{"embeddable":true,"href":"https:\/\/shop.sleepquest.com\/es\/wp-json\/wp\/v2\/media\/2184"}],"wp:attachment":[{"href":"https:\/\/shop.sleepquest.com\/es\/wp-json\/wp\/v2\/media?parent=18878"}],"wp:term":[{"taxonomy":"product_brand","embeddable":true,"href":"https:\/\/shop.sleepquest.com\/es\/wp-json\/wp\/v2\/product_brand?post=18878"},{"taxonomy":"product_cat","embeddable":true,"href":"https:\/\/shop.sleepquest.com\/es\/wp-json\/wp\/v2\/product_cat?post=18878"},{"taxonomy":"product_tag","embeddable":true,"href":"https:\/\/shop.sleepquest.com\/es\/wp-json\/wp\/v2\/product_tag?post=18878"}],"curies":[{"name":"wp","href":"https:\/\/api.w.org\/{rel}","templated":true}]}}