{"id":14586,"date":"2024-10-01T12:57:48","date_gmt":"2024-10-01T19:57:48","guid":{"rendered":"https:\/\/shop.sleepquest.com\/?post_type=product&#038;p=14586"},"modified":"2024-10-01T12:59:03","modified_gmt":"2024-10-01T12:59:03","slug":"airfit-f20-copy-copy","status":"publish","type":"product","link":"https:\/\/shop.sleepquest.com\/es\/productos\/airfit-f20-copy-copy\/","title":{"rendered":"AirFit\u2122 F20 (Copy) (Copy)"},"content":{"rendered":"<p><strong>La AirFit F20<\/strong>\u00a0presenta un coj\u00edn InfinitySeal\u2122 &#8211; el m\u00e1s flexible que hayamos dise\u00f1ado jam\u00e1s &#8211; junto con un marco blando y flexible que incluye una almohadilla integrada. El resultado es una m\u00e1scara que se mueve c\u00f3modamente con usted y proporciona un sello confiable durante toda la noche, cualquiera sea la posici\u00f3n en que duerma.<\/p>\n<ul class=\"product-details-list\">\n<li>Se mueve c\u00f3modamente con usted durante toda la noche, cualquiera sea la posici\u00f3n en que duerma<\/li>\n<li>Presenta un arco para la cabeza de felpa y un marco blando y flexible para m\u00e1ximo confort<\/li>\n<li>Dise\u00f1ada para colocarla y sacarla f\u00e1cil y r\u00e1pidamente<\/li>\n<\/ul>\n<h4><strong>La Indicada para usted<\/strong><\/h4>\n<ul class=\"product-details-list\">\n<li>Encontrar una m\u00e1scara que calce bien es clave para el \u00e9xito de su terapia con CPAP. Es por eso que escuchamos la opini\u00f3n de cientos de usuarios de CPAP con una gran variedad de rasgos faciales para dise\u00f1ar la AirFit F20. El resultado es una m\u00e1scara para CPAP que calza en casi todos y una de las m\u00e1s utilizadas del mundo.<\/li>\n<\/ul>\n<p><a class=\"js-no-transition\" href=\"https:\/\/document.resmed.com\/documents\/products\/serviceandsupport\/mask-magnet-support\/Patient_Letter_English_US.pdf\" target=\"_blank\" rel=\"noopener noreferrer\"><b>Please review Contraindications and Warnings on the safe use of ResMed masks with magnets.<\/b><\/a><\/p>\n","protected":false},"excerpt":{"rendered":"<p>La AirFit F20\u00a0presenta un coj\u00edn InfinitySeal\u2122 &#8211; el m\u00e1s flexible que hayamos dise\u00f1ado jam\u00e1s &#8211; junto con un marco blando<\/p>\n","protected":false},"featured_media":2081,"comment_status":"closed","ping_status":"closed","template":"","meta":{"_acf_changed":false},"product_brand":[],"product_cat":[265],"product_tag":[],"class_list":{"0":"post-14586","1":"product","2":"type-product","3":"status-publish","4":"has-post-thumbnail","6":"product_cat-socorristas","8":"first","9":"instock","10":"sale","11":"purchasable","12":"product-type-variable","13":"has-default-attributes"},"acf":[],"yoast_head":"<!-- This site is optimized with the Yoast SEO plugin v27.3 - https:\/\/yoast.com\/product\/yoast-seo-wordpress\/ -->\n<title>AirFit\u2122 F20 (Copy) (Copy) - SleepQuest Online Store<\/title>\n<meta name=\"description\" content=\"La AirFit F20 presenta un coj\u00edn InfinitySeal\u2122 - el m\u00e1s flexible que hayamos dise\u00f1ado jam\u00e1s - junto con un marco blando y flexible que incluye una almohadilla integrada.\" \/>\n<meta name=\"robots\" content=\"noindex, nofollow\" \/>\n<meta property=\"og:locale\" content=\"es_ES\" \/>\n<meta property=\"og:type\" content=\"article\" \/>\n<meta property=\"og:title\" content=\"AirFit\u2122 F20 (Copy) (Copy) - SleepQuest Online Store\" \/>\n<meta property=\"og:description\" content=\"La AirFit F20 presenta un coj\u00edn InfinitySeal\u2122 - el m\u00e1s flexible que hayamos dise\u00f1ado jam\u00e1s - junto con un marco blando y flexible que incluye una almohadilla integrada.\" \/>\n<meta property=\"og:url\" content=\"https:\/\/shop.sleepquest.com\/es\/productos\/airfit-f20-copy-copy\/\" \/>\n<meta property=\"og:site_name\" content=\"SleepQuest Online Store\" \/>\n<meta property=\"article:publisher\" content=\"https:\/\/www.facebook.com\/sleepquest\" \/>\n<meta property=\"og:image\" content=\"https:\/\/shop.sleepquest.com\/wp-content\/uploads\/2024\/06\/airfit-f20-01.jpg\" \/>\n\t<meta property=\"og:image:width\" content=\"1000\" \/>\n\t<meta property=\"og:image:height\" content=\"1000\" \/>\n\t<meta property=\"og:image:type\" content=\"image\/jpeg\" \/>\n<meta name=\"twitter:card\" content=\"summary_large_image\" \/>\n<meta name=\"twitter:site\" content=\"@sleepquest\" \/>\n<meta name=\"twitter:label1\" content=\"Tiempo de lectura\" \/>\n\t<meta name=\"twitter:data1\" content=\"1 minuto\" \/>\n<script type=\"application\/ld+json\" class=\"yoast-schema-graph\">{\"@context\":\"https:\\\/\\\/schema.org\",\"@graph\":[{\"@type\":\"WebPage\",\"@id\":\"https:\\\/\\\/shop.sleepquest.com\\\/es\\\/productos\\\/airfit-f20-copy-copy\\\/\",\"url\":\"https:\\\/\\\/shop.sleepquest.com\\\/es\\\/productos\\\/airfit-f20-copy-copy\\\/\",\"name\":\"AirFit\u2122 F20 (Copy) (Copy) - SleepQuest Online Store\",\"isPartOf\":{\"@id\":\"https:\\\/\\\/shop.sleepquest.com\\\/es\\\/#website\"},\"primaryImageOfPage\":{\"@id\":\"https:\\\/\\\/shop.sleepquest.com\\\/es\\\/productos\\\/airfit-f20-copy-copy\\\/#primaryimage\"},\"image\":{\"@id\":\"https:\\\/\\\/shop.sleepquest.com\\\/es\\\/productos\\\/airfit-f20-copy-copy\\\/#primaryimage\"},\"thumbnailUrl\":\"https:\\\/\\\/shop.sleepquest.com\\\/wp-content\\\/uploads\\\/2024\\\/06\\\/airfit-f20-01.jpg\",\"datePublished\":\"2024-10-01T19:57:48+00:00\",\"description\":\"La AirFit F20 presenta un coj\u00edn InfinitySeal\u2122 - el m\u00e1s flexible que hayamos dise\u00f1ado jam\u00e1s - junto con un marco blando y flexible que incluye una almohadilla integrada.\",\"breadcrumb\":{\"@id\":\"https:\\\/\\\/shop.sleepquest.com\\\/es\\\/productos\\\/airfit-f20-copy-copy\\\/#breadcrumb\"},\"inLanguage\":\"es\",\"potentialAction\":[{\"@type\":\"ReadAction\",\"target\":[\"https:\\\/\\\/shop.sleepquest.com\\\/es\\\/productos\\\/airfit-f20-copy-copy\\\/\"]}]},{\"@type\":\"ImageObject\",\"inLanguage\":\"es\",\"@id\":\"https:\\\/\\\/shop.sleepquest.com\\\/es\\\/productos\\\/airfit-f20-copy-copy\\\/#primaryimage\",\"url\":\"https:\\\/\\\/shop.sleepquest.com\\\/wp-content\\\/uploads\\\/2024\\\/06\\\/airfit-f20-01.jpg\",\"contentUrl\":\"https:\\\/\\\/shop.sleepquest.com\\\/wp-content\\\/uploads\\\/2024\\\/06\\\/airfit-f20-01.jpg\",\"width\":1000,\"height\":1000},{\"@type\":\"BreadcrumbList\",\"@id\":\"https:\\\/\\\/shop.sleepquest.com\\\/es\\\/productos\\\/airfit-f20-copy-copy\\\/#breadcrumb\",\"itemListElement\":[{\"@type\":\"ListItem\",\"position\":1,\"name\":\"Home\",\"item\":\"https:\\\/\\\/shop.sleepquest.com\\\/es\\\/\"},{\"@type\":\"ListItem\",\"position\":2,\"name\":\"Todas las colecciones\",\"item\":\"https:\\\/\\\/shop.sleepquest.com\\\/collections\\\/\"},{\"@type\":\"ListItem\",\"position\":3,\"name\":\"Socorristas\",\"item\":\"https:\\\/\\\/shop.sleepquest.com\\\/es\\\/colecciones\\\/socorristas\\\/\"},{\"@type\":\"ListItem\",\"position\":4,\"name\":\"AirFit\u2122 F20 (Copy) (Copy)\"}]},{\"@type\":\"WebSite\",\"@id\":\"https:\\\/\\\/shop.sleepquest.com\\\/es\\\/#website\",\"url\":\"https:\\\/\\\/shop.sleepquest.com\\\/es\\\/\",\"name\":\"SleepQuest Online Store\",\"description\":\"\",\"publisher\":{\"@id\":\"https:\\\/\\\/shop.sleepquest.com\\\/es\\\/#organization\"},\"potentialAction\":[{\"@type\":\"SearchAction\",\"target\":{\"@type\":\"EntryPoint\",\"urlTemplate\":\"https:\\\/\\\/shop.sleepquest.com\\\/es\\\/?s={search_term_string}\"},\"query-input\":{\"@type\":\"PropertyValueSpecification\",\"valueRequired\":true,\"valueName\":\"search_term_string\"}}],\"inLanguage\":\"es\"},{\"@type\":\"Organization\",\"@id\":\"https:\\\/\\\/shop.sleepquest.com\\\/es\\\/#organization\",\"name\":\"SleepQuest\",\"alternateName\":\"SleepQuest Online Store\",\"url\":\"https:\\\/\\\/shop.sleepquest.com\\\/es\\\/\",\"logo\":{\"@type\":\"ImageObject\",\"inLanguage\":\"es\",\"@id\":\"https:\\\/\\\/shop.sleepquest.com\\\/es\\\/#\\\/schema\\\/logo\\\/image\\\/\",\"url\":\"https:\\\/\\\/shop.sleepquest.com\\\/wp-content\\\/uploads\\\/2024\\\/05\\\/fav.png\",\"contentUrl\":\"https:\\\/\\\/shop.sleepquest.com\\\/wp-content\\\/uploads\\\/2024\\\/05\\\/fav.png\",\"width\":512,\"height\":512,\"caption\":\"SleepQuest\"},\"image\":{\"@id\":\"https:\\\/\\\/shop.sleepquest.com\\\/es\\\/#\\\/schema\\\/logo\\\/image\\\/\"},\"sameAs\":[\"https:\\\/\\\/www.facebook.com\\\/sleepquest\",\"https:\\\/\\\/x.com\\\/sleepquest\"]}]}<\/script>\n<!-- \/ Yoast SEO plugin. -->","yoast_head_json":{"title":"AirFit\u2122 F20 (Copy) (Copy) - SleepQuest Online Store","description":"La AirFit F20 presenta un coj\u00edn InfinitySeal\u2122 - el m\u00e1s flexible que hayamos dise\u00f1ado jam\u00e1s - junto con un marco blando y flexible que incluye una almohadilla integrada.","robots":{"index":"noindex","follow":"nofollow"},"og_locale":"es_ES","og_type":"article","og_title":"AirFit\u2122 F20 (Copy) (Copy) - SleepQuest Online Store","og_description":"La AirFit F20 presenta un coj\u00edn InfinitySeal\u2122 - el m\u00e1s flexible que hayamos dise\u00f1ado jam\u00e1s - junto con un marco blando y flexible que incluye una almohadilla integrada.","og_url":"https:\/\/shop.sleepquest.com\/es\/productos\/airfit-f20-copy-copy\/","og_site_name":"SleepQuest Online Store","article_publisher":"https:\/\/www.facebook.com\/sleepquest","og_image":[{"width":1000,"height":1000,"url":"https:\/\/shop.sleepquest.com\/wp-content\/uploads\/2024\/06\/airfit-f20-01.jpg","type":"image\/jpeg"}],"twitter_card":"summary_large_image","twitter_site":"@sleepquest","twitter_misc":{"Tiempo de lectura":"1 minuto"},"schema":{"@context":"https:\/\/schema.org","@graph":[{"@type":"WebPage","@id":"https:\/\/shop.sleepquest.com\/es\/productos\/airfit-f20-copy-copy\/","url":"https:\/\/shop.sleepquest.com\/es\/productos\/airfit-f20-copy-copy\/","name":"AirFit\u2122 F20 (Copy) (Copy) - SleepQuest Online Store","isPartOf":{"@id":"https:\/\/shop.sleepquest.com\/es\/#website"},"primaryImageOfPage":{"@id":"https:\/\/shop.sleepquest.com\/es\/productos\/airfit-f20-copy-copy\/#primaryimage"},"image":{"@id":"https:\/\/shop.sleepquest.com\/es\/productos\/airfit-f20-copy-copy\/#primaryimage"},"thumbnailUrl":"https:\/\/shop.sleepquest.com\/wp-content\/uploads\/2024\/06\/airfit-f20-01.jpg","datePublished":"2024-10-01T19:57:48+00:00","description":"La AirFit F20 presenta un coj\u00edn InfinitySeal\u2122 - el m\u00e1s flexible que hayamos dise\u00f1ado jam\u00e1s - junto con un marco blando y flexible que incluye una almohadilla integrada.","breadcrumb":{"@id":"https:\/\/shop.sleepquest.com\/es\/productos\/airfit-f20-copy-copy\/#breadcrumb"},"inLanguage":"es","potentialAction":[{"@type":"ReadAction","target":["https:\/\/shop.sleepquest.com\/es\/productos\/airfit-f20-copy-copy\/"]}]},{"@type":"ImageObject","inLanguage":"es","@id":"https:\/\/shop.sleepquest.com\/es\/productos\/airfit-f20-copy-copy\/#primaryimage","url":"https:\/\/shop.sleepquest.com\/wp-content\/uploads\/2024\/06\/airfit-f20-01.jpg","contentUrl":"https:\/\/shop.sleepquest.com\/wp-content\/uploads\/2024\/06\/airfit-f20-01.jpg","width":1000,"height":1000},{"@type":"BreadcrumbList","@id":"https:\/\/shop.sleepquest.com\/es\/productos\/airfit-f20-copy-copy\/#breadcrumb","itemListElement":[{"@type":"ListItem","position":1,"name":"Home","item":"https:\/\/shop.sleepquest.com\/es\/"},{"@type":"ListItem","position":2,"name":"Todas las colecciones","item":"https:\/\/shop.sleepquest.com\/collections\/"},{"@type":"ListItem","position":3,"name":"Socorristas","item":"https:\/\/shop.sleepquest.com\/es\/colecciones\/socorristas\/"},{"@type":"ListItem","position":4,"name":"AirFit\u2122 F20 (Copy) (Copy)"}]},{"@type":"WebSite","@id":"https:\/\/shop.sleepquest.com\/es\/#website","url":"https:\/\/shop.sleepquest.com\/es\/","name":"SleepQuest Online Store","description":"","publisher":{"@id":"https:\/\/shop.sleepquest.com\/es\/#organization"},"potentialAction":[{"@type":"SearchAction","target":{"@type":"EntryPoint","urlTemplate":"https:\/\/shop.sleepquest.com\/es\/?s={search_term_string}"},"query-input":{"@type":"PropertyValueSpecification","valueRequired":true,"valueName":"search_term_string"}}],"inLanguage":"es"},{"@type":"Organization","@id":"https:\/\/shop.sleepquest.com\/es\/#organization","name":"SleepQuest","alternateName":"SleepQuest Online Store","url":"https:\/\/shop.sleepquest.com\/es\/","logo":{"@type":"ImageObject","inLanguage":"es","@id":"https:\/\/shop.sleepquest.com\/es\/#\/schema\/logo\/image\/","url":"https:\/\/shop.sleepquest.com\/wp-content\/uploads\/2024\/05\/fav.png","contentUrl":"https:\/\/shop.sleepquest.com\/wp-content\/uploads\/2024\/05\/fav.png","width":512,"height":512,"caption":"SleepQuest"},"image":{"@id":"https:\/\/shop.sleepquest.com\/es\/#\/schema\/logo\/image\/"},"sameAs":["https:\/\/www.facebook.com\/sleepquest","https:\/\/x.com\/sleepquest"]}]}},"_links":{"self":[{"href":"https:\/\/shop.sleepquest.com\/es\/wp-json\/wp\/v2\/product\/14586","targetHints":{"allow":["GET"]}}],"collection":[{"href":"https:\/\/shop.sleepquest.com\/es\/wp-json\/wp\/v2\/product"}],"about":[{"href":"https:\/\/shop.sleepquest.com\/es\/wp-json\/wp\/v2\/types\/product"}],"replies":[{"embeddable":true,"href":"https:\/\/shop.sleepquest.com\/es\/wp-json\/wp\/v2\/comments?post=14586"}],"wp:featuredmedia":[{"embeddable":true,"href":"https:\/\/shop.sleepquest.com\/es\/wp-json\/wp\/v2\/media\/2081"}],"wp:attachment":[{"href":"https:\/\/shop.sleepquest.com\/es\/wp-json\/wp\/v2\/media?parent=14586"}],"wp:term":[{"taxonomy":"product_brand","embeddable":true,"href":"https:\/\/shop.sleepquest.com\/es\/wp-json\/wp\/v2\/product_brand?post=14586"},{"taxonomy":"product_cat","embeddable":true,"href":"https:\/\/shop.sleepquest.com\/es\/wp-json\/wp\/v2\/product_cat?post=14586"},{"taxonomy":"product_tag","embeddable":true,"href":"https:\/\/shop.sleepquest.com\/es\/wp-json\/wp\/v2\/product_tag?post=14586"}],"curies":[{"name":"wp","href":"https:\/\/api.w.org\/{rel}","templated":true}]}}