{"id":14501,"date":"2024-10-01T11:38:13","date_gmt":"2024-10-01T11:38:13","guid":{"rendered":"https:\/\/shop.sleepquest.com\/?post_type=product&#038;p=14501"},"modified":"2024-10-01T11:46:10","modified_gmt":"2024-10-01T11:46:10","slug":"airmini-travel-autoset-copy","status":"publish","type":"product","link":"https:\/\/shop.sleepquest.com\/es\/productos\/airmini-travel-autoset-copy\/","title":{"rendered":"AirMini\u2122 Travel AutoSet (Copy)"},"content":{"rendered":"<p><strong>The AirMini\u2122 Travel AutoSet\u00a0is compatible\u00a0with ResMed&#8217;s:<\/strong><\/p>\n<p><strong><a href=\"https:\/\/shop.sleepquest.com\/collections\/travel-pap-accessories\/products\/airfit-p10-for-airmini?variant=27922547048550\" target=\"_blank\" rel=\"noopener\">AirFit\u2122 P10 for AirMini\u2122<\/a>\u00a0(Fitpack)<\/strong><\/p>\n<p><strong><a href=\"https:\/\/shop.sleepquest.com\/collections\/travel-pap-accessories\/products\/airmini-n30-mask-pack?variant=39500405211312\" target=\"_blank\" rel=\"noopener\">AirFit\u2122\u00a0N30\u00a0for AirMini\u2122<\/a>\u00a0(Fitpack)<\/strong><\/p>\n<p><strong><a href=\"https:\/\/shop.sleepquest.com\/collections\/nasal-masks\/products\/airfit-n20\" target=\"_blank\" rel=\"noopener\">AirFit N20<\/a>*\u00a0or\u00a0<a href=\"https:\/\/shop.sleepquest.com\/collections\/nasal-masks\/products\/airtouch-n20-nasal-mask\" target=\"_blank\" rel=\"noopener\">AirTouch N20<\/a>*\u00a0with\u00a0<a href=\"https:\/\/shop.sleepquest.com\/collections\/travel-pap-accessories\/products\/airmini-n20-setup-pack\" target=\"_blank\" rel=\"noopener\">AirMini\u2122\u00a0N20 Setup Pack<\/a>\u00a0<\/strong><\/p>\n<p><strong><a href=\"https:\/\/shop.sleepquest.com\/collections\/full-face-masks-1\/products\/airfit-f20\" target=\"_blank\" rel=\"noopener\">AirFit F20<\/a>*\u00a0or\u00a0<a href=\"https:\/\/shop.sleepquest.com\/collections\/full-face-masks-1\/products\/airtouch-f20?variant=2519254237216\" target=\"_blank\" rel=\"noopener\">AirTouch F20<\/a>*\u00a0with\u00a0<a href=\"https:\/\/shop.sleepquest.com\/collections\/travel-pap-accessories\/products\/airmini-f20-setup-pack-w-humidx?variant=39500277022896\" target=\"_blank\" rel=\"noopener\">AirMini\u2122\u00a0F20 Setup Pack<\/a><\/strong><\/p>\n<p><strong><a href=\"https:\/\/shop.sleepquest.com\/collections\/full-face-masks-1\/products\/airfit-f30-full-face-mask?variant=29526314352742\" target=\"_blank\" rel=\"noopener\">AirFit F30<\/a>*\u00a0with\u00a0<a href=\"https:\/\/shop.sleepquest.com\/collections\/travel-pap-accessories\/products\/airmini-f30-setup-pack\" target=\"_blank\" rel=\"noopener\">AirMini\u2122\u00a0F30 Setup Pack\u00a0<\/a><\/strong><\/p>\n<p><strong>*PLEASE SUBMIT YOUR MASK SIZE IN THE NOTES SECTION OF THE ORDER FORM BEFORE PLACING YOUR ORDER<\/strong><\/p>\n<p>&nbsp;<\/p>\n<p>AirMini hace m\u00e1s f\u00e1cil que nunca llevar la terapia CPAP de alta calidad con usted, cualquiera sea su destino. Ya sea que su CPAP se acostumbr\u00f3 a quedarse en casa o simplemente se cans\u00f3 de empacarlo, ahora hay una mejor manera.<\/p>\n<p><strong>Duerma bien en cualquier parte<\/strong><br \/>\nAirMini tiene comprobadas tecnolog\u00edas y funciones de ResMed como humidificaci\u00f3n sin agua, por lo que nunca m\u00e1s tendr\u00e1 que elegir entre calidad y practicidad.<\/p>\n<p><strong>Aproveche la vida al m\u00e1ximo<\/strong><br \/>\nYa sea que est\u00e9 viajando por trabajo o diversi\u00f3n, AirMini le ayudar\u00e1 a tener el descanso que necesita para estar siempre al m\u00e1ximo de sus posibilidades.<\/p>\n<p><strong>Rec\u00f3jalo y salga<\/strong><br \/>\nEn ocasiones los mejores planes son los espont\u00e1neos. Debido a que es el CPAP m\u00e1s peque\u00f1o del mundo, AirMini es el compa\u00f1ero de viaje perfecto que nunca lo demorar\u00e1 ni complicar\u00e1.<\/p>\n<ul>\n<li>Presenta los mismos algoritmos comprobados de dispositivos de ResMed<\/li>\n<li>La tecnolog\u00eda ActiveAir\u2122 le permite ser peque\u00f1o, silencioso y confortable<\/li>\n<li>Eficaz humidificaci\u00f3n sin agua para practicidad portable*<\/li>\n<li>Control conveniente con la aplicaci\u00f3n AirMini<\/li>\n<li>Bolsa de viaje de primera calidad y accesorios de terapia siempre al alcance de la mano<\/li>\n<\/ul>\n","protected":false},"excerpt":{"rendered":"<p>The AirMini\u2122 Travel AutoSet\u00a0is compatible\u00a0with ResMed&#8217;s: AirFit\u2122 P10 for AirMini\u2122\u00a0(Fitpack) AirFit\u2122\u00a0N30\u00a0for AirMini\u2122\u00a0(Fitpack) AirFit N20*\u00a0or\u00a0AirTouch N20*\u00a0with\u00a0AirMini\u2122\u00a0N20 Setup Pack\u00a0 AirFit F20*\u00a0or\u00a0AirTouch F20*\u00a0with\u00a0AirMini\u2122\u00a0F20<\/p>\n","protected":false},"featured_media":1763,"comment_status":"closed","ping_status":"closed","template":"","meta":{"_acf_changed":false},"product_brand":[],"product_cat":[168],"product_tag":[],"class_list":{"0":"post-14501","1":"product","2":"type-product","3":"status-publish","4":"has-post-thumbnail","6":"product_cat-solo-para-pacientes-de-kaiser","7":"product_shipping_class-pesado","9":"first","10":"instock","11":"sale","12":"purchasable","13":"product-type-variable","14":"has-default-attributes"},"acf":[],"yoast_head":"<!-- This site is optimized with the Yoast SEO plugin v27.3 - https:\/\/yoast.com\/product\/yoast-seo-wordpress\/ -->\n<title>AirMini\u2122 Travel AutoSet (Copy) - SleepQuest Online Store<\/title>\n<meta name=\"robots\" content=\"noindex, nofollow\" \/>\n<meta property=\"og:locale\" content=\"es_ES\" \/>\n<meta property=\"og:type\" content=\"article\" \/>\n<meta property=\"og:title\" content=\"AirMini\u2122 Travel AutoSet (Copy) - SleepQuest Online Store\" \/>\n<meta property=\"og:description\" content=\"The AirMini\u2122 Travel AutoSet\u00a0is compatible\u00a0with ResMed&#8217;s: AirFit\u2122 P10 for AirMini\u2122\u00a0(Fitpack) AirFit\u2122\u00a0N30\u00a0for AirMini\u2122\u00a0(Fitpack) AirFit N20*\u00a0or\u00a0AirTouch N20*\u00a0with\u00a0AirMini\u2122\u00a0N20 Setup Pack\u00a0 AirFit F20*\u00a0or\u00a0AirTouch F20*\u00a0with\u00a0AirMini\u2122\u00a0F20\" \/>\n<meta property=\"og:url\" content=\"https:\/\/shop.sleepquest.com\/es\/productos\/airmini-travel-autoset-copy\/\" \/>\n<meta property=\"og:site_name\" content=\"SleepQuest Online Store\" \/>\n<meta property=\"article:publisher\" content=\"https:\/\/www.facebook.com\/sleepquest\" \/>\n<meta property=\"article:modified_time\" content=\"2024-10-01T11:46:10+00:00\" \/>\n<meta property=\"og:image\" content=\"https:\/\/shop.sleepquest.com\/wp-content\/uploads\/2024\/05\/airmini_2048x20481.jpg\" \/>\n\t<meta property=\"og:image:width\" content=\"628\" \/>\n\t<meta property=\"og:image:height\" content=\"628\" \/>\n\t<meta property=\"og:image:type\" content=\"image\/jpeg\" \/>\n<meta name=\"twitter:card\" content=\"summary_large_image\" \/>\n<meta name=\"twitter:site\" content=\"@sleepquest\" \/>\n<meta name=\"twitter:label1\" content=\"Tiempo de lectura\" \/>\n\t<meta name=\"twitter:data1\" content=\"1 minuto\" \/>\n<script type=\"application\/ld+json\" class=\"yoast-schema-graph\">{\"@context\":\"https:\\\/\\\/schema.org\",\"@graph\":[{\"@type\":\"WebPage\",\"@id\":\"https:\\\/\\\/shop.sleepquest.com\\\/es\\\/productos\\\/airmini-travel-autoset-copy\\\/\",\"url\":\"https:\\\/\\\/shop.sleepquest.com\\\/es\\\/productos\\\/airmini-travel-autoset-copy\\\/\",\"name\":\"AirMini\u2122 Travel AutoSet (Copy) - SleepQuest Online Store\",\"isPartOf\":{\"@id\":\"https:\\\/\\\/shop.sleepquest.com\\\/es\\\/#website\"},\"primaryImageOfPage\":{\"@id\":\"https:\\\/\\\/shop.sleepquest.com\\\/es\\\/productos\\\/airmini-travel-autoset-copy\\\/#primaryimage\"},\"image\":{\"@id\":\"https:\\\/\\\/shop.sleepquest.com\\\/es\\\/productos\\\/airmini-travel-autoset-copy\\\/#primaryimage\"},\"thumbnailUrl\":\"https:\\\/\\\/shop.sleepquest.com\\\/wp-content\\\/uploads\\\/2024\\\/05\\\/airmini_2048x20481.jpg\",\"datePublished\":\"2024-10-01T11:38:13+00:00\",\"dateModified\":\"2024-10-01T11:46:10+00:00\",\"breadcrumb\":{\"@id\":\"https:\\\/\\\/shop.sleepquest.com\\\/es\\\/productos\\\/airmini-travel-autoset-copy\\\/#breadcrumb\"},\"inLanguage\":\"es\",\"potentialAction\":[{\"@type\":\"ReadAction\",\"target\":[\"https:\\\/\\\/shop.sleepquest.com\\\/es\\\/productos\\\/airmini-travel-autoset-copy\\\/\"]}]},{\"@type\":\"ImageObject\",\"inLanguage\":\"es\",\"@id\":\"https:\\\/\\\/shop.sleepquest.com\\\/es\\\/productos\\\/airmini-travel-autoset-copy\\\/#primaryimage\",\"url\":\"https:\\\/\\\/shop.sleepquest.com\\\/wp-content\\\/uploads\\\/2024\\\/05\\\/airmini_2048x20481.jpg\",\"contentUrl\":\"https:\\\/\\\/shop.sleepquest.com\\\/wp-content\\\/uploads\\\/2024\\\/05\\\/airmini_2048x20481.jpg\",\"width\":628,\"height\":628},{\"@type\":\"BreadcrumbList\",\"@id\":\"https:\\\/\\\/shop.sleepquest.com\\\/es\\\/productos\\\/airmini-travel-autoset-copy\\\/#breadcrumb\",\"itemListElement\":[{\"@type\":\"ListItem\",\"position\":1,\"name\":\"Home\",\"item\":\"https:\\\/\\\/shop.sleepquest.com\\\/es\\\/\"},{\"@type\":\"ListItem\",\"position\":2,\"name\":\"Todas las colecciones\",\"item\":\"https:\\\/\\\/shop.sleepquest.com\\\/collections\\\/\"},{\"@type\":\"ListItem\",\"position\":3,\"name\":\"S\u00f3lo para pacientes de Kaiser\",\"item\":\"https:\\\/\\\/shop.sleepquest.com\\\/es\\\/colecciones\\\/solo-para-pacientes-de-kaiser\\\/\"},{\"@type\":\"ListItem\",\"position\":4,\"name\":\"AirMini\u2122 Travel AutoSet (Copy)\"}]},{\"@type\":\"WebSite\",\"@id\":\"https:\\\/\\\/shop.sleepquest.com\\\/es\\\/#website\",\"url\":\"https:\\\/\\\/shop.sleepquest.com\\\/es\\\/\",\"name\":\"SleepQuest Online Store\",\"description\":\"\",\"publisher\":{\"@id\":\"https:\\\/\\\/shop.sleepquest.com\\\/es\\\/#organization\"},\"potentialAction\":[{\"@type\":\"SearchAction\",\"target\":{\"@type\":\"EntryPoint\",\"urlTemplate\":\"https:\\\/\\\/shop.sleepquest.com\\\/es\\\/?s={search_term_string}\"},\"query-input\":{\"@type\":\"PropertyValueSpecification\",\"valueRequired\":true,\"valueName\":\"search_term_string\"}}],\"inLanguage\":\"es\"},{\"@type\":\"Organization\",\"@id\":\"https:\\\/\\\/shop.sleepquest.com\\\/es\\\/#organization\",\"name\":\"SleepQuest\",\"alternateName\":\"SleepQuest Online Store\",\"url\":\"https:\\\/\\\/shop.sleepquest.com\\\/es\\\/\",\"logo\":{\"@type\":\"ImageObject\",\"inLanguage\":\"es\",\"@id\":\"https:\\\/\\\/shop.sleepquest.com\\\/es\\\/#\\\/schema\\\/logo\\\/image\\\/\",\"url\":\"https:\\\/\\\/shop.sleepquest.com\\\/wp-content\\\/uploads\\\/2024\\\/05\\\/fav.png\",\"contentUrl\":\"https:\\\/\\\/shop.sleepquest.com\\\/wp-content\\\/uploads\\\/2024\\\/05\\\/fav.png\",\"width\":512,\"height\":512,\"caption\":\"SleepQuest\"},\"image\":{\"@id\":\"https:\\\/\\\/shop.sleepquest.com\\\/es\\\/#\\\/schema\\\/logo\\\/image\\\/\"},\"sameAs\":[\"https:\\\/\\\/www.facebook.com\\\/sleepquest\",\"https:\\\/\\\/x.com\\\/sleepquest\"]}]}<\/script>\n<!-- \/ Yoast SEO plugin. -->","yoast_head_json":{"title":"AirMini\u2122 Travel AutoSet (Copy) - SleepQuest Online Store","robots":{"index":"noindex","follow":"nofollow"},"og_locale":"es_ES","og_type":"article","og_title":"AirMini\u2122 Travel AutoSet (Copy) - SleepQuest Online Store","og_description":"The AirMini\u2122 Travel AutoSet\u00a0is compatible\u00a0with ResMed&#8217;s: AirFit\u2122 P10 for AirMini\u2122\u00a0(Fitpack) AirFit\u2122\u00a0N30\u00a0for AirMini\u2122\u00a0(Fitpack) AirFit N20*\u00a0or\u00a0AirTouch N20*\u00a0with\u00a0AirMini\u2122\u00a0N20 Setup Pack\u00a0 AirFit F20*\u00a0or\u00a0AirTouch F20*\u00a0with\u00a0AirMini\u2122\u00a0F20","og_url":"https:\/\/shop.sleepquest.com\/es\/productos\/airmini-travel-autoset-copy\/","og_site_name":"SleepQuest Online Store","article_publisher":"https:\/\/www.facebook.com\/sleepquest","article_modified_time":"2024-10-01T11:46:10+00:00","og_image":[{"width":628,"height":628,"url":"https:\/\/shop.sleepquest.com\/wp-content\/uploads\/2024\/05\/airmini_2048x20481.jpg","type":"image\/jpeg"}],"twitter_card":"summary_large_image","twitter_site":"@sleepquest","twitter_misc":{"Tiempo de lectura":"1 minuto"},"schema":{"@context":"https:\/\/schema.org","@graph":[{"@type":"WebPage","@id":"https:\/\/shop.sleepquest.com\/es\/productos\/airmini-travel-autoset-copy\/","url":"https:\/\/shop.sleepquest.com\/es\/productos\/airmini-travel-autoset-copy\/","name":"AirMini\u2122 Travel AutoSet (Copy) - SleepQuest Online Store","isPartOf":{"@id":"https:\/\/shop.sleepquest.com\/es\/#website"},"primaryImageOfPage":{"@id":"https:\/\/shop.sleepquest.com\/es\/productos\/airmini-travel-autoset-copy\/#primaryimage"},"image":{"@id":"https:\/\/shop.sleepquest.com\/es\/productos\/airmini-travel-autoset-copy\/#primaryimage"},"thumbnailUrl":"https:\/\/shop.sleepquest.com\/wp-content\/uploads\/2024\/05\/airmini_2048x20481.jpg","datePublished":"2024-10-01T11:38:13+00:00","dateModified":"2024-10-01T11:46:10+00:00","breadcrumb":{"@id":"https:\/\/shop.sleepquest.com\/es\/productos\/airmini-travel-autoset-copy\/#breadcrumb"},"inLanguage":"es","potentialAction":[{"@type":"ReadAction","target":["https:\/\/shop.sleepquest.com\/es\/productos\/airmini-travel-autoset-copy\/"]}]},{"@type":"ImageObject","inLanguage":"es","@id":"https:\/\/shop.sleepquest.com\/es\/productos\/airmini-travel-autoset-copy\/#primaryimage","url":"https:\/\/shop.sleepquest.com\/wp-content\/uploads\/2024\/05\/airmini_2048x20481.jpg","contentUrl":"https:\/\/shop.sleepquest.com\/wp-content\/uploads\/2024\/05\/airmini_2048x20481.jpg","width":628,"height":628},{"@type":"BreadcrumbList","@id":"https:\/\/shop.sleepquest.com\/es\/productos\/airmini-travel-autoset-copy\/#breadcrumb","itemListElement":[{"@type":"ListItem","position":1,"name":"Home","item":"https:\/\/shop.sleepquest.com\/es\/"},{"@type":"ListItem","position":2,"name":"Todas las colecciones","item":"https:\/\/shop.sleepquest.com\/collections\/"},{"@type":"ListItem","position":3,"name":"S\u00f3lo para pacientes de Kaiser","item":"https:\/\/shop.sleepquest.com\/es\/colecciones\/solo-para-pacientes-de-kaiser\/"},{"@type":"ListItem","position":4,"name":"AirMini\u2122 Travel AutoSet (Copy)"}]},{"@type":"WebSite","@id":"https:\/\/shop.sleepquest.com\/es\/#website","url":"https:\/\/shop.sleepquest.com\/es\/","name":"SleepQuest Online Store","description":"","publisher":{"@id":"https:\/\/shop.sleepquest.com\/es\/#organization"},"potentialAction":[{"@type":"SearchAction","target":{"@type":"EntryPoint","urlTemplate":"https:\/\/shop.sleepquest.com\/es\/?s={search_term_string}"},"query-input":{"@type":"PropertyValueSpecification","valueRequired":true,"valueName":"search_term_string"}}],"inLanguage":"es"},{"@type":"Organization","@id":"https:\/\/shop.sleepquest.com\/es\/#organization","name":"SleepQuest","alternateName":"SleepQuest Online Store","url":"https:\/\/shop.sleepquest.com\/es\/","logo":{"@type":"ImageObject","inLanguage":"es","@id":"https:\/\/shop.sleepquest.com\/es\/#\/schema\/logo\/image\/","url":"https:\/\/shop.sleepquest.com\/wp-content\/uploads\/2024\/05\/fav.png","contentUrl":"https:\/\/shop.sleepquest.com\/wp-content\/uploads\/2024\/05\/fav.png","width":512,"height":512,"caption":"SleepQuest"},"image":{"@id":"https:\/\/shop.sleepquest.com\/es\/#\/schema\/logo\/image\/"},"sameAs":["https:\/\/www.facebook.com\/sleepquest","https:\/\/x.com\/sleepquest"]}]}},"_links":{"self":[{"href":"https:\/\/shop.sleepquest.com\/es\/wp-json\/wp\/v2\/product\/14501","targetHints":{"allow":["GET"]}}],"collection":[{"href":"https:\/\/shop.sleepquest.com\/es\/wp-json\/wp\/v2\/product"}],"about":[{"href":"https:\/\/shop.sleepquest.com\/es\/wp-json\/wp\/v2\/types\/product"}],"replies":[{"embeddable":true,"href":"https:\/\/shop.sleepquest.com\/es\/wp-json\/wp\/v2\/comments?post=14501"}],"wp:featuredmedia":[{"embeddable":true,"href":"https:\/\/shop.sleepquest.com\/es\/wp-json\/wp\/v2\/media\/1763"}],"wp:attachment":[{"href":"https:\/\/shop.sleepquest.com\/es\/wp-json\/wp\/v2\/media?parent=14501"}],"wp:term":[{"taxonomy":"product_brand","embeddable":true,"href":"https:\/\/shop.sleepquest.com\/es\/wp-json\/wp\/v2\/product_brand?post=14501"},{"taxonomy":"product_cat","embeddable":true,"href":"https:\/\/shop.sleepquest.com\/es\/wp-json\/wp\/v2\/product_cat?post=14501"},{"taxonomy":"product_tag","embeddable":true,"href":"https:\/\/shop.sleepquest.com\/es\/wp-json\/wp\/v2\/product_tag?post=14501"}],"curies":[{"name":"wp","href":"https:\/\/api.w.org\/{rel}","templated":true}]}}