{"id":14474,"date":"2024-09-30T14:23:13","date_gmt":"2024-09-30T14:23:13","guid":{"rendered":"https:\/\/shop.sleepquest.com\/?post_type=product&#038;p=14474"},"modified":"2024-09-30T14:24:23","modified_gmt":"2024-09-30T14:24:23","slug":"toallitas-para-mascarillas-cpap-con-pomelo-y-limon-perfumadas-copy","status":"publish","type":"product","link":"https:\/\/shop.sleepquest.com\/es\/productos\/toallitas-para-mascarillas-cpap-con-pomelo-y-limon-perfumadas-copy\/","title":{"rendered":"Toallitas para mascarillas CPAP con pomelo y lim\u00f3n (perfumadas) (Copy)"},"content":{"rendered":"<p>70 toallitas de algod\u00f3n puro 100% de alta calidad y gran capacidad de absorci\u00f3n<\/p>\n<p>Las toallitas Purdoux\u2122 CPAP Mask Wipes se fabrican sin utilizar productos qu\u00edmicos nocivos y est\u00e1n dise\u00f1adas para la limpieza diaria de su mascarilla CPAP. Nuestras toallitas perfumadas est\u00e1n elaboradas con pomelo y lim\u00f3n, dejando un agradable aroma.<\/p>\n","protected":false},"excerpt":{"rendered":"<p>70 toallitas de algod\u00f3n puro 100% de alta calidad y gran capacidad de absorci\u00f3n Las toallitas Purdoux\u2122 CPAP Mask Wipes<\/p>\n","protected":false},"featured_media":2174,"comment_status":"closed","ping_status":"closed","template":"","meta":{"_acf_changed":false},"product_brand":[],"product_cat":[168],"product_tag":[],"class_list":{"0":"post-14474","1":"product","2":"type-product","3":"status-publish","4":"has-post-thumbnail","6":"product_cat-solo-para-pacientes-de-kaiser","8":"first","9":"instock","10":"sale","11":"taxable","12":"shipping-taxable","13":"purchasable","14":"product-type-simple"},"acf":[],"yoast_head":"<!-- This site is optimized with the Yoast SEO plugin v27.5 - https:\/\/yoast.com\/product\/yoast-seo-wordpress\/ -->\n<title>Toallitas para mascarillas CPAP con pomelo y lim\u00f3n (perfumadas) (Copy) - SleepQuest Online Store<\/title>\n<meta name=\"description\" content=\"70 toallitas de algod\u00f3n puro 100% de alta calidad y gran capacidad de absorci\u00f3n\" \/>\n<meta name=\"robots\" content=\"noindex, nofollow\" \/>\n<meta property=\"og:locale\" content=\"es_ES\" \/>\n<meta property=\"og:type\" content=\"article\" \/>\n<meta property=\"og:title\" content=\"Toallitas para mascarillas CPAP con pomelo y lim\u00f3n (perfumadas) (Copy) - SleepQuest Online Store\" \/>\n<meta property=\"og:description\" content=\"70 toallitas de algod\u00f3n puro 100% de alta calidad y gran capacidad de absorci\u00f3n\" \/>\n<meta property=\"og:url\" content=\"https:\/\/shop.sleepquest.com\/es\/productos\/toallitas-para-mascarillas-cpap-con-pomelo-y-limon-perfumadas-copy\/\" \/>\n<meta property=\"og:site_name\" content=\"SleepQuest Online Store\" \/>\n<meta property=\"article:publisher\" content=\"https:\/\/www.facebook.com\/sleepquest\" \/>\n<meta property=\"article:modified_time\" content=\"2024-09-30T14:24:23+00:00\" \/>\n<meta property=\"og:image\" content=\"https:\/\/shop.sleepquest.com\/wp-content\/uploads\/2024\/06\/cpap-mask-wipes-with-grapefruit-lemon-scented-01.jpg\" \/>\n\t<meta property=\"og:image:width\" content=\"800\" \/>\n\t<meta property=\"og:image:height\" content=\"800\" \/>\n\t<meta property=\"og:image:type\" content=\"image\/jpeg\" \/>\n<meta name=\"twitter:card\" content=\"summary_large_image\" \/>\n<meta name=\"twitter:site\" content=\"@sleepquest\" \/>\n<script type=\"application\/ld+json\" class=\"yoast-schema-graph\">{\"@context\":\"https:\\\/\\\/schema.org\",\"@graph\":[{\"@type\":\"WebPage\",\"@id\":\"https:\\\/\\\/shop.sleepquest.com\\\/es\\\/productos\\\/toallitas-para-mascarillas-cpap-con-pomelo-y-limon-perfumadas-copy\\\/\",\"url\":\"https:\\\/\\\/shop.sleepquest.com\\\/es\\\/productos\\\/toallitas-para-mascarillas-cpap-con-pomelo-y-limon-perfumadas-copy\\\/\",\"name\":\"Toallitas para mascarillas CPAP con pomelo y lim\u00f3n (perfumadas) (Copy) - SleepQuest Online Store\",\"isPartOf\":{\"@id\":\"https:\\\/\\\/shop.sleepquest.com\\\/es\\\/#website\"},\"primaryImageOfPage\":{\"@id\":\"https:\\\/\\\/shop.sleepquest.com\\\/es\\\/productos\\\/toallitas-para-mascarillas-cpap-con-pomelo-y-limon-perfumadas-copy\\\/#primaryimage\"},\"image\":{\"@id\":\"https:\\\/\\\/shop.sleepquest.com\\\/es\\\/productos\\\/toallitas-para-mascarillas-cpap-con-pomelo-y-limon-perfumadas-copy\\\/#primaryimage\"},\"thumbnailUrl\":\"https:\\\/\\\/shop.sleepquest.com\\\/wp-content\\\/uploads\\\/2024\\\/06\\\/cpap-mask-wipes-with-grapefruit-lemon-scented-01.jpg\",\"datePublished\":\"2024-09-30T14:23:13+00:00\",\"dateModified\":\"2024-09-30T14:24:23+00:00\",\"description\":\"70 toallitas de algod\u00f3n puro 100% de alta calidad y gran capacidad de absorci\u00f3n\",\"breadcrumb\":{\"@id\":\"https:\\\/\\\/shop.sleepquest.com\\\/es\\\/productos\\\/toallitas-para-mascarillas-cpap-con-pomelo-y-limon-perfumadas-copy\\\/#breadcrumb\"},\"inLanguage\":\"es\",\"potentialAction\":[{\"@type\":\"ReadAction\",\"target\":[\"https:\\\/\\\/shop.sleepquest.com\\\/es\\\/productos\\\/toallitas-para-mascarillas-cpap-con-pomelo-y-limon-perfumadas-copy\\\/\"]}]},{\"@type\":\"ImageObject\",\"inLanguage\":\"es\",\"@id\":\"https:\\\/\\\/shop.sleepquest.com\\\/es\\\/productos\\\/toallitas-para-mascarillas-cpap-con-pomelo-y-limon-perfumadas-copy\\\/#primaryimage\",\"url\":\"https:\\\/\\\/shop.sleepquest.com\\\/wp-content\\\/uploads\\\/2024\\\/06\\\/cpap-mask-wipes-with-grapefruit-lemon-scented-01.jpg\",\"contentUrl\":\"https:\\\/\\\/shop.sleepquest.com\\\/wp-content\\\/uploads\\\/2024\\\/06\\\/cpap-mask-wipes-with-grapefruit-lemon-scented-01.jpg\",\"width\":800,\"height\":800},{\"@type\":\"BreadcrumbList\",\"@id\":\"https:\\\/\\\/shop.sleepquest.com\\\/es\\\/productos\\\/toallitas-para-mascarillas-cpap-con-pomelo-y-limon-perfumadas-copy\\\/#breadcrumb\",\"itemListElement\":[{\"@type\":\"ListItem\",\"position\":1,\"name\":\"Home\",\"item\":\"https:\\\/\\\/shop.sleepquest.com\\\/es\\\/\"},{\"@type\":\"ListItem\",\"position\":2,\"name\":\"Todas las colecciones\",\"item\":\"https:\\\/\\\/shop.sleepquest.com\\\/collections\\\/\"},{\"@type\":\"ListItem\",\"position\":3,\"name\":\"S\u00f3lo para pacientes de Kaiser\",\"item\":\"https:\\\/\\\/shop.sleepquest.com\\\/es\\\/colecciones\\\/solo-para-pacientes-de-kaiser\\\/\"},{\"@type\":\"ListItem\",\"position\":4,\"name\":\"Toallitas para mascarillas CPAP con pomelo y lim\u00f3n (perfumadas) (Copy)\"}]},{\"@type\":\"WebSite\",\"@id\":\"https:\\\/\\\/shop.sleepquest.com\\\/es\\\/#website\",\"url\":\"https:\\\/\\\/shop.sleepquest.com\\\/es\\\/\",\"name\":\"SleepQuest Online Store\",\"description\":\"\",\"publisher\":{\"@id\":\"https:\\\/\\\/shop.sleepquest.com\\\/es\\\/#organization\"},\"potentialAction\":[{\"@type\":\"SearchAction\",\"target\":{\"@type\":\"EntryPoint\",\"urlTemplate\":\"https:\\\/\\\/shop.sleepquest.com\\\/es\\\/?s={search_term_string}\"},\"query-input\":{\"@type\":\"PropertyValueSpecification\",\"valueRequired\":true,\"valueName\":\"search_term_string\"}}],\"inLanguage\":\"es\"},{\"@type\":\"Organization\",\"@id\":\"https:\\\/\\\/shop.sleepquest.com\\\/es\\\/#organization\",\"name\":\"SleepQuest\",\"alternateName\":\"SleepQuest Online Store\",\"url\":\"https:\\\/\\\/shop.sleepquest.com\\\/es\\\/\",\"logo\":{\"@type\":\"ImageObject\",\"inLanguage\":\"es\",\"@id\":\"https:\\\/\\\/shop.sleepquest.com\\\/es\\\/#\\\/schema\\\/logo\\\/image\\\/\",\"url\":\"https:\\\/\\\/shop.sleepquest.com\\\/wp-content\\\/uploads\\\/2024\\\/05\\\/fav.png\",\"contentUrl\":\"https:\\\/\\\/shop.sleepquest.com\\\/wp-content\\\/uploads\\\/2024\\\/05\\\/fav.png\",\"width\":512,\"height\":512,\"caption\":\"SleepQuest\"},\"image\":{\"@id\":\"https:\\\/\\\/shop.sleepquest.com\\\/es\\\/#\\\/schema\\\/logo\\\/image\\\/\"},\"sameAs\":[\"https:\\\/\\\/www.facebook.com\\\/sleepquest\",\"https:\\\/\\\/x.com\\\/sleepquest\"]}]}<\/script>\n<!-- \/ Yoast SEO plugin. -->","yoast_head_json":{"title":"Toallitas para mascarillas CPAP con pomelo y lim\u00f3n (perfumadas) (Copy) - SleepQuest Online Store","description":"70 toallitas de algod\u00f3n puro 100% de alta calidad y gran capacidad de absorci\u00f3n","robots":{"index":"noindex","follow":"nofollow"},"og_locale":"es_ES","og_type":"article","og_title":"Toallitas para mascarillas CPAP con pomelo y lim\u00f3n (perfumadas) (Copy) - SleepQuest Online Store","og_description":"70 toallitas de algod\u00f3n puro 100% de alta calidad y gran capacidad de absorci\u00f3n","og_url":"https:\/\/shop.sleepquest.com\/es\/productos\/toallitas-para-mascarillas-cpap-con-pomelo-y-limon-perfumadas-copy\/","og_site_name":"SleepQuest Online Store","article_publisher":"https:\/\/www.facebook.com\/sleepquest","article_modified_time":"2024-09-30T14:24:23+00:00","og_image":[{"width":800,"height":800,"url":"https:\/\/shop.sleepquest.com\/wp-content\/uploads\/2024\/06\/cpap-mask-wipes-with-grapefruit-lemon-scented-01.jpg","type":"image\/jpeg"}],"twitter_card":"summary_large_image","twitter_site":"@sleepquest","schema":{"@context":"https:\/\/schema.org","@graph":[{"@type":"WebPage","@id":"https:\/\/shop.sleepquest.com\/es\/productos\/toallitas-para-mascarillas-cpap-con-pomelo-y-limon-perfumadas-copy\/","url":"https:\/\/shop.sleepquest.com\/es\/productos\/toallitas-para-mascarillas-cpap-con-pomelo-y-limon-perfumadas-copy\/","name":"Toallitas para mascarillas CPAP con pomelo y lim\u00f3n (perfumadas) (Copy) - SleepQuest Online Store","isPartOf":{"@id":"https:\/\/shop.sleepquest.com\/es\/#website"},"primaryImageOfPage":{"@id":"https:\/\/shop.sleepquest.com\/es\/productos\/toallitas-para-mascarillas-cpap-con-pomelo-y-limon-perfumadas-copy\/#primaryimage"},"image":{"@id":"https:\/\/shop.sleepquest.com\/es\/productos\/toallitas-para-mascarillas-cpap-con-pomelo-y-limon-perfumadas-copy\/#primaryimage"},"thumbnailUrl":"https:\/\/shop.sleepquest.com\/wp-content\/uploads\/2024\/06\/cpap-mask-wipes-with-grapefruit-lemon-scented-01.jpg","datePublished":"2024-09-30T14:23:13+00:00","dateModified":"2024-09-30T14:24:23+00:00","description":"70 toallitas de algod\u00f3n puro 100% de alta calidad y gran capacidad de absorci\u00f3n","breadcrumb":{"@id":"https:\/\/shop.sleepquest.com\/es\/productos\/toallitas-para-mascarillas-cpap-con-pomelo-y-limon-perfumadas-copy\/#breadcrumb"},"inLanguage":"es","potentialAction":[{"@type":"ReadAction","target":["https:\/\/shop.sleepquest.com\/es\/productos\/toallitas-para-mascarillas-cpap-con-pomelo-y-limon-perfumadas-copy\/"]}]},{"@type":"ImageObject","inLanguage":"es","@id":"https:\/\/shop.sleepquest.com\/es\/productos\/toallitas-para-mascarillas-cpap-con-pomelo-y-limon-perfumadas-copy\/#primaryimage","url":"https:\/\/shop.sleepquest.com\/wp-content\/uploads\/2024\/06\/cpap-mask-wipes-with-grapefruit-lemon-scented-01.jpg","contentUrl":"https:\/\/shop.sleepquest.com\/wp-content\/uploads\/2024\/06\/cpap-mask-wipes-with-grapefruit-lemon-scented-01.jpg","width":800,"height":800},{"@type":"BreadcrumbList","@id":"https:\/\/shop.sleepquest.com\/es\/productos\/toallitas-para-mascarillas-cpap-con-pomelo-y-limon-perfumadas-copy\/#breadcrumb","itemListElement":[{"@type":"ListItem","position":1,"name":"Home","item":"https:\/\/shop.sleepquest.com\/es\/"},{"@type":"ListItem","position":2,"name":"Todas las colecciones","item":"https:\/\/shop.sleepquest.com\/collections\/"},{"@type":"ListItem","position":3,"name":"S\u00f3lo para pacientes de Kaiser","item":"https:\/\/shop.sleepquest.com\/es\/colecciones\/solo-para-pacientes-de-kaiser\/"},{"@type":"ListItem","position":4,"name":"Toallitas para mascarillas CPAP con pomelo y lim\u00f3n (perfumadas) (Copy)"}]},{"@type":"WebSite","@id":"https:\/\/shop.sleepquest.com\/es\/#website","url":"https:\/\/shop.sleepquest.com\/es\/","name":"SleepQuest Online Store","description":"","publisher":{"@id":"https:\/\/shop.sleepquest.com\/es\/#organization"},"potentialAction":[{"@type":"SearchAction","target":{"@type":"EntryPoint","urlTemplate":"https:\/\/shop.sleepquest.com\/es\/?s={search_term_string}"},"query-input":{"@type":"PropertyValueSpecification","valueRequired":true,"valueName":"search_term_string"}}],"inLanguage":"es"},{"@type":"Organization","@id":"https:\/\/shop.sleepquest.com\/es\/#organization","name":"SleepQuest","alternateName":"SleepQuest Online Store","url":"https:\/\/shop.sleepquest.com\/es\/","logo":{"@type":"ImageObject","inLanguage":"es","@id":"https:\/\/shop.sleepquest.com\/es\/#\/schema\/logo\/image\/","url":"https:\/\/shop.sleepquest.com\/wp-content\/uploads\/2024\/05\/fav.png","contentUrl":"https:\/\/shop.sleepquest.com\/wp-content\/uploads\/2024\/05\/fav.png","width":512,"height":512,"caption":"SleepQuest"},"image":{"@id":"https:\/\/shop.sleepquest.com\/es\/#\/schema\/logo\/image\/"},"sameAs":["https:\/\/www.facebook.com\/sleepquest","https:\/\/x.com\/sleepquest"]}]}},"_links":{"self":[{"href":"https:\/\/shop.sleepquest.com\/es\/wp-json\/wp\/v2\/product\/14474","targetHints":{"allow":["GET"]}}],"collection":[{"href":"https:\/\/shop.sleepquest.com\/es\/wp-json\/wp\/v2\/product"}],"about":[{"href":"https:\/\/shop.sleepquest.com\/es\/wp-json\/wp\/v2\/types\/product"}],"replies":[{"embeddable":true,"href":"https:\/\/shop.sleepquest.com\/es\/wp-json\/wp\/v2\/comments?post=14474"}],"wp:featuredmedia":[{"embeddable":true,"href":"https:\/\/shop.sleepquest.com\/es\/wp-json\/wp\/v2\/media\/2174"}],"wp:attachment":[{"href":"https:\/\/shop.sleepquest.com\/es\/wp-json\/wp\/v2\/media?parent=14474"}],"wp:term":[{"taxonomy":"product_brand","embeddable":true,"href":"https:\/\/shop.sleepquest.com\/es\/wp-json\/wp\/v2\/product_brand?post=14474"},{"taxonomy":"product_cat","embeddable":true,"href":"https:\/\/shop.sleepquest.com\/es\/wp-json\/wp\/v2\/product_cat?post=14474"},{"taxonomy":"product_tag","embeddable":true,"href":"https:\/\/shop.sleepquest.com\/es\/wp-json\/wp\/v2\/product_tag?post=14474"}],"curies":[{"name":"wp","href":"https:\/\/api.w.org\/{rel}","templated":true}]}}