{"id":14435,"date":"2024-09-30T14:00:41","date_gmt":"2024-09-30T21:00:41","guid":{"rendered":"https:\/\/shop.sleepquest.com\/?post_type=product&#038;p=14435"},"modified":"2024-09-30T14:03:56","modified_gmt":"2024-09-30T14:03:56","slug":"airfit-p10-copy","status":"publish","type":"product","link":"https:\/\/shop.sleepquest.com\/es\/productos\/airfit-p10-copy\/","title":{"rendered":"AirFit\u2122 P10 (Copy)"},"content":{"rendered":"<h4>La Indicada para usted<\/h4>\n<p>La m\u00e1scara de almohadillas nasales AirFit\u2122 P10 de ResMed es nuestra m\u00e1scara m\u00e1s silenciosa. Con la \u00faltima tecnolog\u00eda para el tratamiento de la apnea del sue\u00f1o, la AirFit P10 mantiene el comprobado desempe\u00f1o y confiabilidad de la popular serie de m\u00e1scaras Swift\u2122 FX, pero es aproximadamente un 50% m\u00e1s silenciosa y un 50% m\u00e1s liviana. En un reciente estudio cl\u00ednico se demostr\u00f3 que los pacientes que usaban la AirFit P10 dorm\u00edan m\u00e1s de 40 minutos m\u00e1s por noche.<\/p>\n<p>Adem\u00e1s de brindar un sello estable y un alto nivel de confort, la AirFit P10 tambi\u00e9n es f\u00e1cil de usar, con solo tres piezas que se arman y limpian r\u00e1pidamente. El innovador arco para la cabeza QuickFit\u2122 de la m\u00e1scara es discreto pero a\u00fan as\u00ed ce\u00f1ido, d\u00e1ndole una sensaci\u00f3n real de libertad facial mientras lo tiene puesto. Eso significa que puede cambiarse a su posici\u00f3n favorita sin interrumpir su terapia nocturna para la apnea del sue\u00f1o.<\/p>\n","protected":false},"excerpt":{"rendered":"<p>La Indicada para usted La m\u00e1scara de almohadillas nasales AirFit\u2122 P10 de ResMed es nuestra m\u00e1scara m\u00e1s silenciosa. Con la<\/p>\n","protected":false},"featured_media":2119,"comment_status":"closed","ping_status":"closed","template":"","meta":{"_acf_changed":false},"product_brand":[],"product_cat":[168],"product_tag":[],"class_list":{"0":"post-14435","1":"product","2":"type-product","3":"status-publish","4":"has-post-thumbnail","6":"product_cat-solo-para-pacientes-de-kaiser","8":"first","9":"instock","10":"sale","11":"purchasable","12":"product-type-simple"},"acf":[],"yoast_head":"<!-- This site is optimized with the Yoast SEO plugin v27.3 - https:\/\/yoast.com\/product\/yoast-seo-wordpress\/ -->\n<title>AirFit\u2122 P10 (Copy) - SleepQuest Online Store<\/title>\n<meta name=\"description\" content=\"La m\u00e1scara de almohadillas nasales AirFit\u2122 P10 de ResMed es nuestra m\u00e1scara m\u00e1s silenciosa.\" \/>\n<meta name=\"robots\" content=\"noindex, nofollow\" \/>\n<meta property=\"og:locale\" content=\"es_ES\" \/>\n<meta property=\"og:type\" content=\"article\" \/>\n<meta property=\"og:title\" content=\"AirFit\u2122 P10 (Copy) - SleepQuest Online Store\" \/>\n<meta property=\"og:description\" content=\"La m\u00e1scara de almohadillas nasales AirFit\u2122 P10 de ResMed es nuestra m\u00e1scara m\u00e1s silenciosa.\" \/>\n<meta property=\"og:url\" content=\"https:\/\/shop.sleepquest.com\/es\/productos\/airfit-p10-copy\/\" \/>\n<meta property=\"og:site_name\" content=\"SleepQuest Online Store\" \/>\n<meta property=\"article:publisher\" content=\"https:\/\/www.facebook.com\/sleepquest\" \/>\n<meta property=\"og:image\" content=\"https:\/\/shop.sleepquest.com\/wp-content\/uploads\/2024\/06\/airfit-p10-01.jpg\" \/>\n\t<meta property=\"og:image:width\" content=\"1024\" \/>\n\t<meta property=\"og:image:height\" content=\"741\" \/>\n\t<meta property=\"og:image:type\" content=\"image\/jpeg\" \/>\n<meta name=\"twitter:card\" content=\"summary_large_image\" \/>\n<meta name=\"twitter:site\" content=\"@sleepquest\" \/>\n<meta name=\"twitter:label1\" content=\"Tiempo de lectura\" \/>\n\t<meta name=\"twitter:data1\" content=\"1 minuto\" \/>\n<script type=\"application\/ld+json\" class=\"yoast-schema-graph\">{\"@context\":\"https:\\\/\\\/schema.org\",\"@graph\":[{\"@type\":\"WebPage\",\"@id\":\"https:\\\/\\\/shop.sleepquest.com\\\/es\\\/productos\\\/airfit-p10-copy\\\/\",\"url\":\"https:\\\/\\\/shop.sleepquest.com\\\/es\\\/productos\\\/airfit-p10-copy\\\/\",\"name\":\"AirFit\u2122 P10 (Copy) - SleepQuest Online Store\",\"isPartOf\":{\"@id\":\"https:\\\/\\\/shop.sleepquest.com\\\/es\\\/#website\"},\"primaryImageOfPage\":{\"@id\":\"https:\\\/\\\/shop.sleepquest.com\\\/es\\\/productos\\\/airfit-p10-copy\\\/#primaryimage\"},\"image\":{\"@id\":\"https:\\\/\\\/shop.sleepquest.com\\\/es\\\/productos\\\/airfit-p10-copy\\\/#primaryimage\"},\"thumbnailUrl\":\"https:\\\/\\\/shop.sleepquest.com\\\/wp-content\\\/uploads\\\/2024\\\/06\\\/airfit-p10-01.jpg\",\"datePublished\":\"2024-09-30T21:00:41+00:00\",\"description\":\"La m\u00e1scara de almohadillas nasales AirFit\u2122 P10 de ResMed es nuestra m\u00e1scara m\u00e1s silenciosa.\",\"breadcrumb\":{\"@id\":\"https:\\\/\\\/shop.sleepquest.com\\\/es\\\/productos\\\/airfit-p10-copy\\\/#breadcrumb\"},\"inLanguage\":\"es\",\"potentialAction\":[{\"@type\":\"ReadAction\",\"target\":[\"https:\\\/\\\/shop.sleepquest.com\\\/es\\\/productos\\\/airfit-p10-copy\\\/\"]}]},{\"@type\":\"ImageObject\",\"inLanguage\":\"es\",\"@id\":\"https:\\\/\\\/shop.sleepquest.com\\\/es\\\/productos\\\/airfit-p10-copy\\\/#primaryimage\",\"url\":\"https:\\\/\\\/shop.sleepquest.com\\\/wp-content\\\/uploads\\\/2024\\\/06\\\/airfit-p10-01.jpg\",\"contentUrl\":\"https:\\\/\\\/shop.sleepquest.com\\\/wp-content\\\/uploads\\\/2024\\\/06\\\/airfit-p10-01.jpg\",\"width\":1024,\"height\":741},{\"@type\":\"BreadcrumbList\",\"@id\":\"https:\\\/\\\/shop.sleepquest.com\\\/es\\\/productos\\\/airfit-p10-copy\\\/#breadcrumb\",\"itemListElement\":[{\"@type\":\"ListItem\",\"position\":1,\"name\":\"Home\",\"item\":\"https:\\\/\\\/shop.sleepquest.com\\\/es\\\/\"},{\"@type\":\"ListItem\",\"position\":2,\"name\":\"Todas las colecciones\",\"item\":\"https:\\\/\\\/shop.sleepquest.com\\\/collections\\\/\"},{\"@type\":\"ListItem\",\"position\":3,\"name\":\"S\u00f3lo para pacientes de Kaiser\",\"item\":\"https:\\\/\\\/shop.sleepquest.com\\\/es\\\/colecciones\\\/solo-para-pacientes-de-kaiser\\\/\"},{\"@type\":\"ListItem\",\"position\":4,\"name\":\"AirFit\u2122 P10 (Copy)\"}]},{\"@type\":\"WebSite\",\"@id\":\"https:\\\/\\\/shop.sleepquest.com\\\/es\\\/#website\",\"url\":\"https:\\\/\\\/shop.sleepquest.com\\\/es\\\/\",\"name\":\"SleepQuest Online Store\",\"description\":\"\",\"publisher\":{\"@id\":\"https:\\\/\\\/shop.sleepquest.com\\\/es\\\/#organization\"},\"potentialAction\":[{\"@type\":\"SearchAction\",\"target\":{\"@type\":\"EntryPoint\",\"urlTemplate\":\"https:\\\/\\\/shop.sleepquest.com\\\/es\\\/?s={search_term_string}\"},\"query-input\":{\"@type\":\"PropertyValueSpecification\",\"valueRequired\":true,\"valueName\":\"search_term_string\"}}],\"inLanguage\":\"es\"},{\"@type\":\"Organization\",\"@id\":\"https:\\\/\\\/shop.sleepquest.com\\\/es\\\/#organization\",\"name\":\"SleepQuest\",\"alternateName\":\"SleepQuest Online Store\",\"url\":\"https:\\\/\\\/shop.sleepquest.com\\\/es\\\/\",\"logo\":{\"@type\":\"ImageObject\",\"inLanguage\":\"es\",\"@id\":\"https:\\\/\\\/shop.sleepquest.com\\\/es\\\/#\\\/schema\\\/logo\\\/image\\\/\",\"url\":\"https:\\\/\\\/shop.sleepquest.com\\\/wp-content\\\/uploads\\\/2024\\\/05\\\/fav.png\",\"contentUrl\":\"https:\\\/\\\/shop.sleepquest.com\\\/wp-content\\\/uploads\\\/2024\\\/05\\\/fav.png\",\"width\":512,\"height\":512,\"caption\":\"SleepQuest\"},\"image\":{\"@id\":\"https:\\\/\\\/shop.sleepquest.com\\\/es\\\/#\\\/schema\\\/logo\\\/image\\\/\"},\"sameAs\":[\"https:\\\/\\\/www.facebook.com\\\/sleepquest\",\"https:\\\/\\\/x.com\\\/sleepquest\"]}]}<\/script>\n<!-- \/ Yoast SEO plugin. -->","yoast_head_json":{"title":"AirFit\u2122 P10 (Copy) - SleepQuest Online Store","description":"La m\u00e1scara de almohadillas nasales AirFit\u2122 P10 de ResMed es nuestra m\u00e1scara m\u00e1s silenciosa.","robots":{"index":"noindex","follow":"nofollow"},"og_locale":"es_ES","og_type":"article","og_title":"AirFit\u2122 P10 (Copy) - SleepQuest Online Store","og_description":"La m\u00e1scara de almohadillas nasales AirFit\u2122 P10 de ResMed es nuestra m\u00e1scara m\u00e1s silenciosa.","og_url":"https:\/\/shop.sleepquest.com\/es\/productos\/airfit-p10-copy\/","og_site_name":"SleepQuest Online Store","article_publisher":"https:\/\/www.facebook.com\/sleepquest","og_image":[{"width":1024,"height":741,"url":"https:\/\/shop.sleepquest.com\/wp-content\/uploads\/2024\/06\/airfit-p10-01.jpg","type":"image\/jpeg"}],"twitter_card":"summary_large_image","twitter_site":"@sleepquest","twitter_misc":{"Tiempo de lectura":"1 minuto"},"schema":{"@context":"https:\/\/schema.org","@graph":[{"@type":"WebPage","@id":"https:\/\/shop.sleepquest.com\/es\/productos\/airfit-p10-copy\/","url":"https:\/\/shop.sleepquest.com\/es\/productos\/airfit-p10-copy\/","name":"AirFit\u2122 P10 (Copy) - SleepQuest Online Store","isPartOf":{"@id":"https:\/\/shop.sleepquest.com\/es\/#website"},"primaryImageOfPage":{"@id":"https:\/\/shop.sleepquest.com\/es\/productos\/airfit-p10-copy\/#primaryimage"},"image":{"@id":"https:\/\/shop.sleepquest.com\/es\/productos\/airfit-p10-copy\/#primaryimage"},"thumbnailUrl":"https:\/\/shop.sleepquest.com\/wp-content\/uploads\/2024\/06\/airfit-p10-01.jpg","datePublished":"2024-09-30T21:00:41+00:00","description":"La m\u00e1scara de almohadillas nasales AirFit\u2122 P10 de ResMed es nuestra m\u00e1scara m\u00e1s silenciosa.","breadcrumb":{"@id":"https:\/\/shop.sleepquest.com\/es\/productos\/airfit-p10-copy\/#breadcrumb"},"inLanguage":"es","potentialAction":[{"@type":"ReadAction","target":["https:\/\/shop.sleepquest.com\/es\/productos\/airfit-p10-copy\/"]}]},{"@type":"ImageObject","inLanguage":"es","@id":"https:\/\/shop.sleepquest.com\/es\/productos\/airfit-p10-copy\/#primaryimage","url":"https:\/\/shop.sleepquest.com\/wp-content\/uploads\/2024\/06\/airfit-p10-01.jpg","contentUrl":"https:\/\/shop.sleepquest.com\/wp-content\/uploads\/2024\/06\/airfit-p10-01.jpg","width":1024,"height":741},{"@type":"BreadcrumbList","@id":"https:\/\/shop.sleepquest.com\/es\/productos\/airfit-p10-copy\/#breadcrumb","itemListElement":[{"@type":"ListItem","position":1,"name":"Home","item":"https:\/\/shop.sleepquest.com\/es\/"},{"@type":"ListItem","position":2,"name":"Todas las colecciones","item":"https:\/\/shop.sleepquest.com\/collections\/"},{"@type":"ListItem","position":3,"name":"S\u00f3lo para pacientes de Kaiser","item":"https:\/\/shop.sleepquest.com\/es\/colecciones\/solo-para-pacientes-de-kaiser\/"},{"@type":"ListItem","position":4,"name":"AirFit\u2122 P10 (Copy)"}]},{"@type":"WebSite","@id":"https:\/\/shop.sleepquest.com\/es\/#website","url":"https:\/\/shop.sleepquest.com\/es\/","name":"SleepQuest Online Store","description":"","publisher":{"@id":"https:\/\/shop.sleepquest.com\/es\/#organization"},"potentialAction":[{"@type":"SearchAction","target":{"@type":"EntryPoint","urlTemplate":"https:\/\/shop.sleepquest.com\/es\/?s={search_term_string}"},"query-input":{"@type":"PropertyValueSpecification","valueRequired":true,"valueName":"search_term_string"}}],"inLanguage":"es"},{"@type":"Organization","@id":"https:\/\/shop.sleepquest.com\/es\/#organization","name":"SleepQuest","alternateName":"SleepQuest Online Store","url":"https:\/\/shop.sleepquest.com\/es\/","logo":{"@type":"ImageObject","inLanguage":"es","@id":"https:\/\/shop.sleepquest.com\/es\/#\/schema\/logo\/image\/","url":"https:\/\/shop.sleepquest.com\/wp-content\/uploads\/2024\/05\/fav.png","contentUrl":"https:\/\/shop.sleepquest.com\/wp-content\/uploads\/2024\/05\/fav.png","width":512,"height":512,"caption":"SleepQuest"},"image":{"@id":"https:\/\/shop.sleepquest.com\/es\/#\/schema\/logo\/image\/"},"sameAs":["https:\/\/www.facebook.com\/sleepquest","https:\/\/x.com\/sleepquest"]}]}},"_links":{"self":[{"href":"https:\/\/shop.sleepquest.com\/es\/wp-json\/wp\/v2\/product\/14435","targetHints":{"allow":["GET"]}}],"collection":[{"href":"https:\/\/shop.sleepquest.com\/es\/wp-json\/wp\/v2\/product"}],"about":[{"href":"https:\/\/shop.sleepquest.com\/es\/wp-json\/wp\/v2\/types\/product"}],"replies":[{"embeddable":true,"href":"https:\/\/shop.sleepquest.com\/es\/wp-json\/wp\/v2\/comments?post=14435"}],"wp:featuredmedia":[{"embeddable":true,"href":"https:\/\/shop.sleepquest.com\/es\/wp-json\/wp\/v2\/media\/2119"}],"wp:attachment":[{"href":"https:\/\/shop.sleepquest.com\/es\/wp-json\/wp\/v2\/media?parent=14435"}],"wp:term":[{"taxonomy":"product_brand","embeddable":true,"href":"https:\/\/shop.sleepquest.com\/es\/wp-json\/wp\/v2\/product_brand?post=14435"},{"taxonomy":"product_cat","embeddable":true,"href":"https:\/\/shop.sleepquest.com\/es\/wp-json\/wp\/v2\/product_cat?post=14435"},{"taxonomy":"product_tag","embeddable":true,"href":"https:\/\/shop.sleepquest.com\/es\/wp-json\/wp\/v2\/product_tag?post=14435"}],"curies":[{"name":"wp","href":"https:\/\/api.w.org\/{rel}","templated":true}]}}