{"id":14324,"date":"2024-09-27T13:09:31","date_gmt":"2024-09-27T13:09:31","guid":{"rendered":"https:\/\/shop.sleepquest.com\/?post_type=product&#038;p=14324"},"modified":"2024-09-27T13:11:20","modified_gmt":"2024-09-27T13:11:20","slug":"cushion-airfit-n30-copy","status":"publish","type":"product","link":"https:\/\/shop.sleepquest.com\/es\/productos\/cushion-airfit-n30-copy\/","title":{"rendered":"Cushion &#8211; AirFit N30 (Copy)"},"content":{"rendered":"<p><strong>El Coj\u00edn de Repuesto N30 para la M\u00e1scara de CPAP Nasal AirFit N30<\/strong>\u00a0est\u00e1 disponible en 3 tama\u00f1os: peque\u00f1o (rojo), mediano (azul) y peque\u00f1o ancho (p\u00farpura).<\/p>\n<p>Cada tama\u00f1o tiene un c\u00f3digo de color para que pueda diferenciar f\u00e1cilmente los diferentes tama\u00f1os. El Coj\u00edn Nasal solo es compatible con la AirFit N30 y no con ninguna otra m\u00e1scara.<\/p>\n","protected":false},"excerpt":{"rendered":"<p>El Coj\u00edn de Repuesto N30 para la M\u00e1scara de CPAP Nasal AirFit N30\u00a0est\u00e1 disponible en 3 tama\u00f1os: peque\u00f1o (rojo), mediano<\/p>\n","protected":false},"featured_media":2153,"comment_status":"closed","ping_status":"closed","template":"","meta":{"_acf_changed":false},"product_brand":[],"product_cat":[168],"product_tag":[],"class_list":{"0":"post-14324","1":"product","2":"type-product","3":"status-publish","4":"has-post-thumbnail","6":"product_cat-solo-para-pacientes-de-kaiser","8":"first","9":"instock","10":"sale","11":"purchasable","12":"product-type-variable","13":"has-default-attributes"},"acf":[],"yoast_head":"<!-- This site is optimized with the Yoast SEO plugin v27.3 - https:\/\/yoast.com\/product\/yoast-seo-wordpress\/ -->\n<title>Cushion - AirFit N30 (Copy) - SleepQuest Online Store<\/title>\n<meta name=\"description\" content=\"El Coj\u00edn de Repuesto N30 para la M\u00e1scara de CPAP Nasal AirFit N30 est\u00e1 disponible en 3 tama\u00f1os: peque\u00f1o (rojo), mediano (azul) y peque\u00f1o ancho (p\u00farpura).\" \/>\n<meta name=\"robots\" content=\"index, follow, max-snippet:-1, max-image-preview:large, max-video-preview:-1\" \/>\n<link rel=\"canonical\" href=\"https:\/\/shop.sleepquest.com\/es\/productos\/cushion-airfit-n30-copy\/\" \/>\n<meta property=\"og:locale\" content=\"es_ES\" \/>\n<meta property=\"og:type\" content=\"article\" \/>\n<meta property=\"og:title\" content=\"Cushion - AirFit N30 (Copy) - SleepQuest Online Store\" \/>\n<meta property=\"og:description\" content=\"El Coj\u00edn de Repuesto N30 para la M\u00e1scara de CPAP Nasal AirFit N30 est\u00e1 disponible en 3 tama\u00f1os: peque\u00f1o (rojo), mediano (azul) y peque\u00f1o ancho (p\u00farpura).\" \/>\n<meta property=\"og:url\" content=\"https:\/\/shop.sleepquest.com\/es\/productos\/cushion-airfit-n30-copy\/\" \/>\n<meta property=\"og:site_name\" content=\"SleepQuest Online Store\" \/>\n<meta property=\"article:publisher\" content=\"https:\/\/www.facebook.com\/sleepquest\" \/>\n<meta property=\"article:modified_time\" content=\"2024-09-27T13:11:20+00:00\" \/>\n<meta property=\"og:image\" content=\"https:\/\/shop.sleepquest.com\/wp-content\/uploads\/2024\/06\/n30-replacement-cushion-01.jpg\" \/>\n\t<meta property=\"og:image:width\" content=\"600\" \/>\n\t<meta property=\"og:image:height\" content=\"600\" \/>\n\t<meta property=\"og:image:type\" content=\"image\/jpeg\" \/>\n<meta name=\"twitter:card\" content=\"summary_large_image\" \/>\n<meta name=\"twitter:site\" content=\"@sleepquest\" \/>\n<script type=\"application\/ld+json\" class=\"yoast-schema-graph\">{\"@context\":\"https:\\\/\\\/schema.org\",\"@graph\":[{\"@type\":\"WebPage\",\"@id\":\"https:\\\/\\\/shop.sleepquest.com\\\/es\\\/productos\\\/cushion-airfit-n30-copy\\\/\",\"url\":\"https:\\\/\\\/shop.sleepquest.com\\\/es\\\/productos\\\/cushion-airfit-n30-copy\\\/\",\"name\":\"Cushion - AirFit N30 (Copy) - SleepQuest Online Store\",\"isPartOf\":{\"@id\":\"https:\\\/\\\/shop.sleepquest.com\\\/es\\\/#website\"},\"primaryImageOfPage\":{\"@id\":\"https:\\\/\\\/shop.sleepquest.com\\\/es\\\/productos\\\/cushion-airfit-n30-copy\\\/#primaryimage\"},\"image\":{\"@id\":\"https:\\\/\\\/shop.sleepquest.com\\\/es\\\/productos\\\/cushion-airfit-n30-copy\\\/#primaryimage\"},\"thumbnailUrl\":\"https:\\\/\\\/shop.sleepquest.com\\\/wp-content\\\/uploads\\\/2024\\\/06\\\/n30-replacement-cushion-01.jpg\",\"datePublished\":\"2024-09-27T13:09:31+00:00\",\"dateModified\":\"2024-09-27T13:11:20+00:00\",\"description\":\"El Coj\u00edn de Repuesto N30 para la M\u00e1scara de CPAP Nasal AirFit N30 est\u00e1 disponible en 3 tama\u00f1os: peque\u00f1o (rojo), mediano (azul) y peque\u00f1o ancho (p\u00farpura).\",\"breadcrumb\":{\"@id\":\"https:\\\/\\\/shop.sleepquest.com\\\/es\\\/productos\\\/cushion-airfit-n30-copy\\\/#breadcrumb\"},\"inLanguage\":\"es\",\"potentialAction\":[{\"@type\":\"ReadAction\",\"target\":[\"https:\\\/\\\/shop.sleepquest.com\\\/es\\\/productos\\\/cushion-airfit-n30-copy\\\/\"]}]},{\"@type\":\"ImageObject\",\"inLanguage\":\"es\",\"@id\":\"https:\\\/\\\/shop.sleepquest.com\\\/es\\\/productos\\\/cushion-airfit-n30-copy\\\/#primaryimage\",\"url\":\"https:\\\/\\\/shop.sleepquest.com\\\/wp-content\\\/uploads\\\/2024\\\/06\\\/n30-replacement-cushion-01.jpg\",\"contentUrl\":\"https:\\\/\\\/shop.sleepquest.com\\\/wp-content\\\/uploads\\\/2024\\\/06\\\/n30-replacement-cushion-01.jpg\",\"width\":600,\"height\":600},{\"@type\":\"BreadcrumbList\",\"@id\":\"https:\\\/\\\/shop.sleepquest.com\\\/es\\\/productos\\\/cushion-airfit-n30-copy\\\/#breadcrumb\",\"itemListElement\":[{\"@type\":\"ListItem\",\"position\":1,\"name\":\"Home\",\"item\":\"https:\\\/\\\/shop.sleepquest.com\\\/es\\\/\"},{\"@type\":\"ListItem\",\"position\":2,\"name\":\"Todas las colecciones\",\"item\":\"https:\\\/\\\/shop.sleepquest.com\\\/collections\\\/\"},{\"@type\":\"ListItem\",\"position\":3,\"name\":\"Cojines nasales\",\"item\":\"https:\\\/\\\/shop.sleepquest.com\\\/es\\\/colecciones\\\/cojines-nasales\\\/\"},{\"@type\":\"ListItem\",\"position\":4,\"name\":\"Cushion &#8211; AirFit N30 (Copy)\"}]},{\"@type\":\"WebSite\",\"@id\":\"https:\\\/\\\/shop.sleepquest.com\\\/es\\\/#website\",\"url\":\"https:\\\/\\\/shop.sleepquest.com\\\/es\\\/\",\"name\":\"SleepQuest Online Store\",\"description\":\"\",\"publisher\":{\"@id\":\"https:\\\/\\\/shop.sleepquest.com\\\/es\\\/#organization\"},\"potentialAction\":[{\"@type\":\"SearchAction\",\"target\":{\"@type\":\"EntryPoint\",\"urlTemplate\":\"https:\\\/\\\/shop.sleepquest.com\\\/es\\\/?s={search_term_string}\"},\"query-input\":{\"@type\":\"PropertyValueSpecification\",\"valueRequired\":true,\"valueName\":\"search_term_string\"}}],\"inLanguage\":\"es\"},{\"@type\":\"Organization\",\"@id\":\"https:\\\/\\\/shop.sleepquest.com\\\/es\\\/#organization\",\"name\":\"SleepQuest\",\"alternateName\":\"SleepQuest Online Store\",\"url\":\"https:\\\/\\\/shop.sleepquest.com\\\/es\\\/\",\"logo\":{\"@type\":\"ImageObject\",\"inLanguage\":\"es\",\"@id\":\"https:\\\/\\\/shop.sleepquest.com\\\/es\\\/#\\\/schema\\\/logo\\\/image\\\/\",\"url\":\"https:\\\/\\\/shop.sleepquest.com\\\/wp-content\\\/uploads\\\/2024\\\/05\\\/fav.png\",\"contentUrl\":\"https:\\\/\\\/shop.sleepquest.com\\\/wp-content\\\/uploads\\\/2024\\\/05\\\/fav.png\",\"width\":512,\"height\":512,\"caption\":\"SleepQuest\"},\"image\":{\"@id\":\"https:\\\/\\\/shop.sleepquest.com\\\/es\\\/#\\\/schema\\\/logo\\\/image\\\/\"},\"sameAs\":[\"https:\\\/\\\/www.facebook.com\\\/sleepquest\",\"https:\\\/\\\/x.com\\\/sleepquest\"]}]}<\/script>\n<!-- \/ Yoast SEO plugin. -->","yoast_head_json":{"title":"Cushion - AirFit N30 (Copy) - SleepQuest Online Store","description":"El Coj\u00edn de Repuesto N30 para la M\u00e1scara de CPAP Nasal AirFit N30 est\u00e1 disponible en 3 tama\u00f1os: peque\u00f1o (rojo), mediano (azul) y peque\u00f1o ancho (p\u00farpura).","robots":{"index":"index","follow":"follow","max-snippet":"max-snippet:-1","max-image-preview":"max-image-preview:large","max-video-preview":"max-video-preview:-1"},"canonical":"https:\/\/shop.sleepquest.com\/es\/productos\/cushion-airfit-n30-copy\/","og_locale":"es_ES","og_type":"article","og_title":"Cushion - AirFit N30 (Copy) - SleepQuest Online Store","og_description":"El Coj\u00edn de Repuesto N30 para la M\u00e1scara de CPAP Nasal AirFit N30 est\u00e1 disponible en 3 tama\u00f1os: peque\u00f1o (rojo), mediano (azul) y peque\u00f1o ancho (p\u00farpura).","og_url":"https:\/\/shop.sleepquest.com\/es\/productos\/cushion-airfit-n30-copy\/","og_site_name":"SleepQuest Online Store","article_publisher":"https:\/\/www.facebook.com\/sleepquest","article_modified_time":"2024-09-27T13:11:20+00:00","og_image":[{"width":600,"height":600,"url":"https:\/\/shop.sleepquest.com\/wp-content\/uploads\/2024\/06\/n30-replacement-cushion-01.jpg","type":"image\/jpeg"}],"twitter_card":"summary_large_image","twitter_site":"@sleepquest","schema":{"@context":"https:\/\/schema.org","@graph":[{"@type":"WebPage","@id":"https:\/\/shop.sleepquest.com\/es\/productos\/cushion-airfit-n30-copy\/","url":"https:\/\/shop.sleepquest.com\/es\/productos\/cushion-airfit-n30-copy\/","name":"Cushion - AirFit N30 (Copy) - SleepQuest Online Store","isPartOf":{"@id":"https:\/\/shop.sleepquest.com\/es\/#website"},"primaryImageOfPage":{"@id":"https:\/\/shop.sleepquest.com\/es\/productos\/cushion-airfit-n30-copy\/#primaryimage"},"image":{"@id":"https:\/\/shop.sleepquest.com\/es\/productos\/cushion-airfit-n30-copy\/#primaryimage"},"thumbnailUrl":"https:\/\/shop.sleepquest.com\/wp-content\/uploads\/2024\/06\/n30-replacement-cushion-01.jpg","datePublished":"2024-09-27T13:09:31+00:00","dateModified":"2024-09-27T13:11:20+00:00","description":"El Coj\u00edn de Repuesto N30 para la M\u00e1scara de CPAP Nasal AirFit N30 est\u00e1 disponible en 3 tama\u00f1os: peque\u00f1o (rojo), mediano (azul) y peque\u00f1o ancho (p\u00farpura).","breadcrumb":{"@id":"https:\/\/shop.sleepquest.com\/es\/productos\/cushion-airfit-n30-copy\/#breadcrumb"},"inLanguage":"es","potentialAction":[{"@type":"ReadAction","target":["https:\/\/shop.sleepquest.com\/es\/productos\/cushion-airfit-n30-copy\/"]}]},{"@type":"ImageObject","inLanguage":"es","@id":"https:\/\/shop.sleepquest.com\/es\/productos\/cushion-airfit-n30-copy\/#primaryimage","url":"https:\/\/shop.sleepquest.com\/wp-content\/uploads\/2024\/06\/n30-replacement-cushion-01.jpg","contentUrl":"https:\/\/shop.sleepquest.com\/wp-content\/uploads\/2024\/06\/n30-replacement-cushion-01.jpg","width":600,"height":600},{"@type":"BreadcrumbList","@id":"https:\/\/shop.sleepquest.com\/es\/productos\/cushion-airfit-n30-copy\/#breadcrumb","itemListElement":[{"@type":"ListItem","position":1,"name":"Home","item":"https:\/\/shop.sleepquest.com\/es\/"},{"@type":"ListItem","position":2,"name":"Todas las colecciones","item":"https:\/\/shop.sleepquest.com\/collections\/"},{"@type":"ListItem","position":3,"name":"Cojines nasales","item":"https:\/\/shop.sleepquest.com\/es\/colecciones\/cojines-nasales\/"},{"@type":"ListItem","position":4,"name":"Cushion &#8211; AirFit N30 (Copy)"}]},{"@type":"WebSite","@id":"https:\/\/shop.sleepquest.com\/es\/#website","url":"https:\/\/shop.sleepquest.com\/es\/","name":"SleepQuest Online Store","description":"","publisher":{"@id":"https:\/\/shop.sleepquest.com\/es\/#organization"},"potentialAction":[{"@type":"SearchAction","target":{"@type":"EntryPoint","urlTemplate":"https:\/\/shop.sleepquest.com\/es\/?s={search_term_string}"},"query-input":{"@type":"PropertyValueSpecification","valueRequired":true,"valueName":"search_term_string"}}],"inLanguage":"es"},{"@type":"Organization","@id":"https:\/\/shop.sleepquest.com\/es\/#organization","name":"SleepQuest","alternateName":"SleepQuest Online Store","url":"https:\/\/shop.sleepquest.com\/es\/","logo":{"@type":"ImageObject","inLanguage":"es","@id":"https:\/\/shop.sleepquest.com\/es\/#\/schema\/logo\/image\/","url":"https:\/\/shop.sleepquest.com\/wp-content\/uploads\/2024\/05\/fav.png","contentUrl":"https:\/\/shop.sleepquest.com\/wp-content\/uploads\/2024\/05\/fav.png","width":512,"height":512,"caption":"SleepQuest"},"image":{"@id":"https:\/\/shop.sleepquest.com\/es\/#\/schema\/logo\/image\/"},"sameAs":["https:\/\/www.facebook.com\/sleepquest","https:\/\/x.com\/sleepquest"]}]}},"_links":{"self":[{"href":"https:\/\/shop.sleepquest.com\/es\/wp-json\/wp\/v2\/product\/14324","targetHints":{"allow":["GET"]}}],"collection":[{"href":"https:\/\/shop.sleepquest.com\/es\/wp-json\/wp\/v2\/product"}],"about":[{"href":"https:\/\/shop.sleepquest.com\/es\/wp-json\/wp\/v2\/types\/product"}],"replies":[{"embeddable":true,"href":"https:\/\/shop.sleepquest.com\/es\/wp-json\/wp\/v2\/comments?post=14324"}],"wp:featuredmedia":[{"embeddable":true,"href":"https:\/\/shop.sleepquest.com\/es\/wp-json\/wp\/v2\/media\/2153"}],"wp:attachment":[{"href":"https:\/\/shop.sleepquest.com\/es\/wp-json\/wp\/v2\/media?parent=14324"}],"wp:term":[{"taxonomy":"product_brand","embeddable":true,"href":"https:\/\/shop.sleepquest.com\/es\/wp-json\/wp\/v2\/product_brand?post=14324"},{"taxonomy":"product_cat","embeddable":true,"href":"https:\/\/shop.sleepquest.com\/es\/wp-json\/wp\/v2\/product_cat?post=14324"},{"taxonomy":"product_tag","embeddable":true,"href":"https:\/\/shop.sleepquest.com\/es\/wp-json\/wp\/v2\/product_tag?post=14324"}],"curies":[{"name":"wp","href":"https:\/\/api.w.org\/{rel}","templated":true}]}}