{"id":14230,"date":"2024-09-27T08:48:53","date_gmt":"2024-09-27T08:48:53","guid":{"rendered":"https:\/\/shop.sleepquest.com\/?post_type=product&#038;p=14230"},"modified":"2024-09-27T08:49:54","modified_gmt":"2024-09-27T08:49:54","slug":"tubo-calentado-climatelineair-11-para-maquinas-airsense-11-copy","status":"publish","type":"product","link":"https:\/\/shop.sleepquest.com\/es\/productos\/tubo-calentado-climatelineair-11-para-maquinas-airsense-11-copy\/","title":{"rendered":"Tubo calentado ClimateLineAir\u2122 11 para m\u00e1quinas AirSense\u2122 11 (Copy)"},"content":{"rendered":"<p>El<strong>\u00a0ClimateLineAir 11<\/strong>\u00a0ayuda a mejorar su comodidad y cumplimiento noche tras noche. Compatible con el AirSense 11 de ResMed, este producto ofrece calor integrado que evita la condensaci\u00f3n en el interior del tubo y est\u00e1 equipado con una conexi\u00f3n giratoria que permite mejorar la libertad de movimiento.<\/p>\n","protected":false},"excerpt":{"rendered":"<p>El\u00a0ClimateLineAir 11\u00a0ayuda a mejorar su comodidad y cumplimiento noche tras noche. Compatible con el AirSense 11 de ResMed, este producto<\/p>\n","protected":false},"featured_media":1927,"comment_status":"closed","ping_status":"closed","template":"","meta":{"_acf_changed":false},"product_brand":[],"product_cat":[168],"product_tag":[],"class_list":{"0":"post-14230","1":"product","2":"type-product","3":"status-publish","4":"has-post-thumbnail","6":"product_cat-solo-para-pacientes-de-kaiser","8":"first","9":"instock","10":"sale","11":"purchasable","12":"product-type-simple"},"acf":[],"yoast_head":"<!-- This site is optimized with the Yoast SEO plugin v27.3 - https:\/\/yoast.com\/product\/yoast-seo-wordpress\/ -->\n<title>Tubo calentado ClimateLineAir\u2122 11 para m\u00e1quinas AirSense\u2122 11 (Copy) - SleepQuest Online Store<\/title>\n<meta name=\"description\" content=\"El ClimateLineAir 11 ayuda a mejorar su comodidad y cumplimiento noche tras noche. Compatible con el AirSense 11 de ResMed, este producto ofrece calor integrado que evita la condensaci\u00f3n en el interior del tubo y est\u00e1 equipado con una conexi\u00f3n giratoria que permite mejorar la libertad de movimiento.\" \/>\n<meta name=\"robots\" content=\"noindex, nofollow\" \/>\n<meta property=\"og:locale\" content=\"es_ES\" \/>\n<meta property=\"og:type\" content=\"article\" \/>\n<meta property=\"og:title\" content=\"Tubo calentado ClimateLineAir\u2122 11 para m\u00e1quinas AirSense\u2122 11 (Copy) - SleepQuest Online Store\" \/>\n<meta property=\"og:description\" content=\"El ClimateLineAir 11 ayuda a mejorar su comodidad y cumplimiento noche tras noche. Compatible con el AirSense 11 de ResMed, este producto ofrece calor integrado que evita la condensaci\u00f3n en el interior del tubo y est\u00e1 equipado con una conexi\u00f3n giratoria que permite mejorar la libertad de movimiento.\" \/>\n<meta property=\"og:url\" content=\"https:\/\/shop.sleepquest.com\/es\/productos\/tubo-calentado-climatelineair-11-para-maquinas-airsense-11-copy\/\" \/>\n<meta property=\"og:site_name\" content=\"SleepQuest Online Store\" \/>\n<meta property=\"article:publisher\" content=\"https:\/\/www.facebook.com\/sleepquest\" \/>\n<meta property=\"article:modified_time\" content=\"2024-09-27T08:49:54+00:00\" \/>\n<meta property=\"og:image\" content=\"https:\/\/shop.sleepquest.com\/wp-content\/uploads\/2024\/06\/climatelineair-11-heated-tube-for-airsense-11-machines-01.jpg\" \/>\n\t<meta property=\"og:image:width\" content=\"941\" \/>\n\t<meta property=\"og:image:height\" content=\"712\" \/>\n\t<meta property=\"og:image:type\" content=\"image\/jpeg\" \/>\n<meta name=\"twitter:card\" content=\"summary_large_image\" \/>\n<meta name=\"twitter:site\" content=\"@sleepquest\" \/>\n<script type=\"application\/ld+json\" class=\"yoast-schema-graph\">{\"@context\":\"https:\\\/\\\/schema.org\",\"@graph\":[{\"@type\":\"WebPage\",\"@id\":\"https:\\\/\\\/shop.sleepquest.com\\\/es\\\/productos\\\/tubo-calentado-climatelineair-11-para-maquinas-airsense-11-copy\\\/\",\"url\":\"https:\\\/\\\/shop.sleepquest.com\\\/es\\\/productos\\\/tubo-calentado-climatelineair-11-para-maquinas-airsense-11-copy\\\/\",\"name\":\"Tubo calentado ClimateLineAir\u2122 11 para m\u00e1quinas AirSense\u2122 11 (Copy) - SleepQuest Online Store\",\"isPartOf\":{\"@id\":\"https:\\\/\\\/shop.sleepquest.com\\\/es\\\/#website\"},\"primaryImageOfPage\":{\"@id\":\"https:\\\/\\\/shop.sleepquest.com\\\/es\\\/productos\\\/tubo-calentado-climatelineair-11-para-maquinas-airsense-11-copy\\\/#primaryimage\"},\"image\":{\"@id\":\"https:\\\/\\\/shop.sleepquest.com\\\/es\\\/productos\\\/tubo-calentado-climatelineair-11-para-maquinas-airsense-11-copy\\\/#primaryimage\"},\"thumbnailUrl\":\"https:\\\/\\\/shop.sleepquest.com\\\/wp-content\\\/uploads\\\/2024\\\/06\\\/climatelineair-11-heated-tube-for-airsense-11-machines-01.jpg\",\"datePublished\":\"2024-09-27T08:48:53+00:00\",\"dateModified\":\"2024-09-27T08:49:54+00:00\",\"description\":\"El ClimateLineAir 11 ayuda a mejorar su comodidad y cumplimiento noche tras noche. Compatible con el AirSense 11 de ResMed, este producto ofrece calor integrado que evita la condensaci\u00f3n en el interior del tubo y est\u00e1 equipado con una conexi\u00f3n giratoria que permite mejorar la libertad de movimiento.\",\"breadcrumb\":{\"@id\":\"https:\\\/\\\/shop.sleepquest.com\\\/es\\\/productos\\\/tubo-calentado-climatelineair-11-para-maquinas-airsense-11-copy\\\/#breadcrumb\"},\"inLanguage\":\"es\",\"potentialAction\":[{\"@type\":\"ReadAction\",\"target\":[\"https:\\\/\\\/shop.sleepquest.com\\\/es\\\/productos\\\/tubo-calentado-climatelineair-11-para-maquinas-airsense-11-copy\\\/\"]}]},{\"@type\":\"ImageObject\",\"inLanguage\":\"es\",\"@id\":\"https:\\\/\\\/shop.sleepquest.com\\\/es\\\/productos\\\/tubo-calentado-climatelineair-11-para-maquinas-airsense-11-copy\\\/#primaryimage\",\"url\":\"https:\\\/\\\/shop.sleepquest.com\\\/wp-content\\\/uploads\\\/2024\\\/06\\\/climatelineair-11-heated-tube-for-airsense-11-machines-01.jpg\",\"contentUrl\":\"https:\\\/\\\/shop.sleepquest.com\\\/wp-content\\\/uploads\\\/2024\\\/06\\\/climatelineair-11-heated-tube-for-airsense-11-machines-01.jpg\",\"width\":941,\"height\":712},{\"@type\":\"BreadcrumbList\",\"@id\":\"https:\\\/\\\/shop.sleepquest.com\\\/es\\\/productos\\\/tubo-calentado-climatelineair-11-para-maquinas-airsense-11-copy\\\/#breadcrumb\",\"itemListElement\":[{\"@type\":\"ListItem\",\"position\":1,\"name\":\"Home\",\"item\":\"https:\\\/\\\/shop.sleepquest.com\\\/es\\\/\"},{\"@type\":\"ListItem\",\"position\":2,\"name\":\"Todas las colecciones\",\"item\":\"https:\\\/\\\/shop.sleepquest.com\\\/collections\\\/\"},{\"@type\":\"ListItem\",\"position\":3,\"name\":\"S\u00f3lo para pacientes de Kaiser\",\"item\":\"https:\\\/\\\/shop.sleepquest.com\\\/es\\\/colecciones\\\/solo-para-pacientes-de-kaiser\\\/\"},{\"@type\":\"ListItem\",\"position\":4,\"name\":\"Tubo calentado ClimateLineAir\u2122 11 para m\u00e1quinas AirSense\u2122 11 (Copy)\"}]},{\"@type\":\"WebSite\",\"@id\":\"https:\\\/\\\/shop.sleepquest.com\\\/es\\\/#website\",\"url\":\"https:\\\/\\\/shop.sleepquest.com\\\/es\\\/\",\"name\":\"SleepQuest Online Store\",\"description\":\"\",\"publisher\":{\"@id\":\"https:\\\/\\\/shop.sleepquest.com\\\/es\\\/#organization\"},\"potentialAction\":[{\"@type\":\"SearchAction\",\"target\":{\"@type\":\"EntryPoint\",\"urlTemplate\":\"https:\\\/\\\/shop.sleepquest.com\\\/es\\\/?s={search_term_string}\"},\"query-input\":{\"@type\":\"PropertyValueSpecification\",\"valueRequired\":true,\"valueName\":\"search_term_string\"}}],\"inLanguage\":\"es\"},{\"@type\":\"Organization\",\"@id\":\"https:\\\/\\\/shop.sleepquest.com\\\/es\\\/#organization\",\"name\":\"SleepQuest\",\"alternateName\":\"SleepQuest Online Store\",\"url\":\"https:\\\/\\\/shop.sleepquest.com\\\/es\\\/\",\"logo\":{\"@type\":\"ImageObject\",\"inLanguage\":\"es\",\"@id\":\"https:\\\/\\\/shop.sleepquest.com\\\/es\\\/#\\\/schema\\\/logo\\\/image\\\/\",\"url\":\"https:\\\/\\\/shop.sleepquest.com\\\/wp-content\\\/uploads\\\/2024\\\/05\\\/fav.png\",\"contentUrl\":\"https:\\\/\\\/shop.sleepquest.com\\\/wp-content\\\/uploads\\\/2024\\\/05\\\/fav.png\",\"width\":512,\"height\":512,\"caption\":\"SleepQuest\"},\"image\":{\"@id\":\"https:\\\/\\\/shop.sleepquest.com\\\/es\\\/#\\\/schema\\\/logo\\\/image\\\/\"},\"sameAs\":[\"https:\\\/\\\/www.facebook.com\\\/sleepquest\",\"https:\\\/\\\/x.com\\\/sleepquest\"]}]}<\/script>\n<!-- \/ Yoast SEO plugin. -->","yoast_head_json":{"title":"Tubo calentado ClimateLineAir\u2122 11 para m\u00e1quinas AirSense\u2122 11 (Copy) - SleepQuest Online Store","description":"El ClimateLineAir 11 ayuda a mejorar su comodidad y cumplimiento noche tras noche. Compatible con el AirSense 11 de ResMed, este producto ofrece calor integrado que evita la condensaci\u00f3n en el interior del tubo y est\u00e1 equipado con una conexi\u00f3n giratoria que permite mejorar la libertad de movimiento.","robots":{"index":"noindex","follow":"nofollow"},"og_locale":"es_ES","og_type":"article","og_title":"Tubo calentado ClimateLineAir\u2122 11 para m\u00e1quinas AirSense\u2122 11 (Copy) - SleepQuest Online Store","og_description":"El ClimateLineAir 11 ayuda a mejorar su comodidad y cumplimiento noche tras noche. Compatible con el AirSense 11 de ResMed, este producto ofrece calor integrado que evita la condensaci\u00f3n en el interior del tubo y est\u00e1 equipado con una conexi\u00f3n giratoria que permite mejorar la libertad de movimiento.","og_url":"https:\/\/shop.sleepquest.com\/es\/productos\/tubo-calentado-climatelineair-11-para-maquinas-airsense-11-copy\/","og_site_name":"SleepQuest Online Store","article_publisher":"https:\/\/www.facebook.com\/sleepquest","article_modified_time":"2024-09-27T08:49:54+00:00","og_image":[{"width":941,"height":712,"url":"https:\/\/shop.sleepquest.com\/wp-content\/uploads\/2024\/06\/climatelineair-11-heated-tube-for-airsense-11-machines-01.jpg","type":"image\/jpeg"}],"twitter_card":"summary_large_image","twitter_site":"@sleepquest","schema":{"@context":"https:\/\/schema.org","@graph":[{"@type":"WebPage","@id":"https:\/\/shop.sleepquest.com\/es\/productos\/tubo-calentado-climatelineair-11-para-maquinas-airsense-11-copy\/","url":"https:\/\/shop.sleepquest.com\/es\/productos\/tubo-calentado-climatelineair-11-para-maquinas-airsense-11-copy\/","name":"Tubo calentado ClimateLineAir\u2122 11 para m\u00e1quinas AirSense\u2122 11 (Copy) - SleepQuest Online Store","isPartOf":{"@id":"https:\/\/shop.sleepquest.com\/es\/#website"},"primaryImageOfPage":{"@id":"https:\/\/shop.sleepquest.com\/es\/productos\/tubo-calentado-climatelineair-11-para-maquinas-airsense-11-copy\/#primaryimage"},"image":{"@id":"https:\/\/shop.sleepquest.com\/es\/productos\/tubo-calentado-climatelineair-11-para-maquinas-airsense-11-copy\/#primaryimage"},"thumbnailUrl":"https:\/\/shop.sleepquest.com\/wp-content\/uploads\/2024\/06\/climatelineair-11-heated-tube-for-airsense-11-machines-01.jpg","datePublished":"2024-09-27T08:48:53+00:00","dateModified":"2024-09-27T08:49:54+00:00","description":"El ClimateLineAir 11 ayuda a mejorar su comodidad y cumplimiento noche tras noche. Compatible con el AirSense 11 de ResMed, este producto ofrece calor integrado que evita la condensaci\u00f3n en el interior del tubo y est\u00e1 equipado con una conexi\u00f3n giratoria que permite mejorar la libertad de movimiento.","breadcrumb":{"@id":"https:\/\/shop.sleepquest.com\/es\/productos\/tubo-calentado-climatelineair-11-para-maquinas-airsense-11-copy\/#breadcrumb"},"inLanguage":"es","potentialAction":[{"@type":"ReadAction","target":["https:\/\/shop.sleepquest.com\/es\/productos\/tubo-calentado-climatelineair-11-para-maquinas-airsense-11-copy\/"]}]},{"@type":"ImageObject","inLanguage":"es","@id":"https:\/\/shop.sleepquest.com\/es\/productos\/tubo-calentado-climatelineair-11-para-maquinas-airsense-11-copy\/#primaryimage","url":"https:\/\/shop.sleepquest.com\/wp-content\/uploads\/2024\/06\/climatelineair-11-heated-tube-for-airsense-11-machines-01.jpg","contentUrl":"https:\/\/shop.sleepquest.com\/wp-content\/uploads\/2024\/06\/climatelineair-11-heated-tube-for-airsense-11-machines-01.jpg","width":941,"height":712},{"@type":"BreadcrumbList","@id":"https:\/\/shop.sleepquest.com\/es\/productos\/tubo-calentado-climatelineair-11-para-maquinas-airsense-11-copy\/#breadcrumb","itemListElement":[{"@type":"ListItem","position":1,"name":"Home","item":"https:\/\/shop.sleepquest.com\/es\/"},{"@type":"ListItem","position":2,"name":"Todas las colecciones","item":"https:\/\/shop.sleepquest.com\/collections\/"},{"@type":"ListItem","position":3,"name":"S\u00f3lo para pacientes de Kaiser","item":"https:\/\/shop.sleepquest.com\/es\/colecciones\/solo-para-pacientes-de-kaiser\/"},{"@type":"ListItem","position":4,"name":"Tubo calentado ClimateLineAir\u2122 11 para m\u00e1quinas AirSense\u2122 11 (Copy)"}]},{"@type":"WebSite","@id":"https:\/\/shop.sleepquest.com\/es\/#website","url":"https:\/\/shop.sleepquest.com\/es\/","name":"SleepQuest Online Store","description":"","publisher":{"@id":"https:\/\/shop.sleepquest.com\/es\/#organization"},"potentialAction":[{"@type":"SearchAction","target":{"@type":"EntryPoint","urlTemplate":"https:\/\/shop.sleepquest.com\/es\/?s={search_term_string}"},"query-input":{"@type":"PropertyValueSpecification","valueRequired":true,"valueName":"search_term_string"}}],"inLanguage":"es"},{"@type":"Organization","@id":"https:\/\/shop.sleepquest.com\/es\/#organization","name":"SleepQuest","alternateName":"SleepQuest Online Store","url":"https:\/\/shop.sleepquest.com\/es\/","logo":{"@type":"ImageObject","inLanguage":"es","@id":"https:\/\/shop.sleepquest.com\/es\/#\/schema\/logo\/image\/","url":"https:\/\/shop.sleepquest.com\/wp-content\/uploads\/2024\/05\/fav.png","contentUrl":"https:\/\/shop.sleepquest.com\/wp-content\/uploads\/2024\/05\/fav.png","width":512,"height":512,"caption":"SleepQuest"},"image":{"@id":"https:\/\/shop.sleepquest.com\/es\/#\/schema\/logo\/image\/"},"sameAs":["https:\/\/www.facebook.com\/sleepquest","https:\/\/x.com\/sleepquest"]}]}},"_links":{"self":[{"href":"https:\/\/shop.sleepquest.com\/es\/wp-json\/wp\/v2\/product\/14230","targetHints":{"allow":["GET"]}}],"collection":[{"href":"https:\/\/shop.sleepquest.com\/es\/wp-json\/wp\/v2\/product"}],"about":[{"href":"https:\/\/shop.sleepquest.com\/es\/wp-json\/wp\/v2\/types\/product"}],"replies":[{"embeddable":true,"href":"https:\/\/shop.sleepquest.com\/es\/wp-json\/wp\/v2\/comments?post=14230"}],"wp:featuredmedia":[{"embeddable":true,"href":"https:\/\/shop.sleepquest.com\/es\/wp-json\/wp\/v2\/media\/1927"}],"wp:attachment":[{"href":"https:\/\/shop.sleepquest.com\/es\/wp-json\/wp\/v2\/media?parent=14230"}],"wp:term":[{"taxonomy":"product_brand","embeddable":true,"href":"https:\/\/shop.sleepquest.com\/es\/wp-json\/wp\/v2\/product_brand?post=14230"},{"taxonomy":"product_cat","embeddable":true,"href":"https:\/\/shop.sleepquest.com\/es\/wp-json\/wp\/v2\/product_cat?post=14230"},{"taxonomy":"product_tag","embeddable":true,"href":"https:\/\/shop.sleepquest.com\/es\/wp-json\/wp\/v2\/product_tag?post=14230"}],"curies":[{"name":"wp","href":"https:\/\/api.w.org\/{rel}","templated":true}]}}