{"id":2369,"date":"2024-06-18T09:14:36","date_gmt":"2024-06-18T09:14:36","guid":{"rendered":"https:\/\/shop.sleepquest.com\/servicio-de-suscripcion\/"},"modified":"2024-08-14T12:08:44","modified_gmt":"2024-08-14T12:08:44","slug":"suservicio-de-suscripcion","status":"publish","type":"page","link":"https:\/\/shop.sleepquest.com\/es\/suservicio-de-suscripcion\/","title":{"rendered":"SuServicio de suscripci\u00f3n"},"content":{"rendered":"<section id=\"page-header\" class=\"content-section py-2 py-md-3\" style=\"background-image:url(https:\/\/shop.sleepquest.com\/wp-content\/uploads\/2024\/05\/about-us-ph.jpg);\">\n<div class=\"container gx-lg-2\">\n    <div class=\"row justify-content-start gx-lg-2 justify-content-start\">\n\t\t\n<div class=\"col-12 col-lg-5 col-md-7\">\n\t<div class=\"fw-heading fw-heading-h1 \" >\n        <h1 class='fw-special-title text-primary'><span>Servicio de suscripci\u00f3n<\/span><\/h1>    <\/div><div class=\"text-block\" >\n    <p>Es muy f\u00e1cil. Pida hoy mismo mascarillas CPAP, suministros y accesorios como suscripci\u00f3n.<\/p><p>Elija el horario para su env\u00edo regular.<\/p><\/div><\/div>\n\n    <\/div>\n<\/div>\n<\/section>\n<section class=\"content-section pt-3 pt-md-4 pb-2 pb-md-3\" >\n<div class=\"container gx-lg-4\">\n    <div class=\"row gx-lg-4\">\n\t\t\n<div class=\"col-12 col-lg-3 col-md-4 text-center mb-lg-0 mb-2\">\n\t<div class=\"img-box mb-2\"><img loading=\"lazy\" decoding=\"async\" width=\"101\" height=\"101\" src=\"https:\/\/shop.sleepquest.com\/wp-content\/uploads\/2024\/06\/subscription-01_200x.png\" class=\"img-fluid\" alt=\"\" \/><\/div><div class=\"text-block mx-auto\" >\n    <h3>TIENDA<\/h3><p>Compre suministros de CPAP, mascarillas, tubos, filtros y otros art\u00edculos de repuesto.<\/p><\/div><\/div><div class=\"col-12 col-lg-3 col-md-4 text-center mb-lg-0 mb-2\">\n\t<div class=\"img-box mb-2\"><img loading=\"lazy\" decoding=\"async\" width=\"98\" height=\"101\" src=\"https:\/\/shop.sleepquest.com\/wp-content\/uploads\/2024\/06\/subscription-02_200x.png\" class=\"img-fluid\" alt=\"\" \/><\/div><div class=\"text-block mx-auto\" >\n    <h3>HORARIO<\/h3><p>Establezca su propio horario para recibir reabastecimientos.<\/p><\/div><\/div><div class=\"col-12 col-lg-3 col-md-4 text-center mb-lg-0 mb-2\">\n\t<div class=\"img-box mb-2\"><img loading=\"lazy\" decoding=\"async\" width=\"123\" height=\"101\" src=\"https:\/\/shop.sleepquest.com\/wp-content\/uploads\/2024\/06\/subscription-03_200x.png\" class=\"img-fluid\" alt=\"\" \/><\/div><div class=\"text-block mx-auto\" >\n    <h3>RECIBA<\/h3><p>Su env\u00edo ser\u00e1 entregado a tiempo, de acuerdo con su propio horario.<\/p><\/div><\/div>\n\n    <\/div>\n<\/div>\n<\/section>\n<section id=\"benefits-of-subscriptions\" class=\"content-section bg-primary py-2 py-md-3\" >\n<div class=\"container gx-lg-2\">\n    <div class=\"row gx-lg-2\">\n\t\t\n<div class=\"col-12\">\n\t<div class=\"fw-heading fw-heading-h2 text-center\" >\n        <h2 class='fw-special-title text-secondary mb-2 mb-md-3'><span>Beneficios de la suscripci\u00f3n a SleepQuest...<\/span><\/h2>    <\/div><\/div>\n\n\n<div class=\"col-12 col-lg-4 col-sm-6 text-center mb-1\">\n\t<div class=\"fw-heading fw-heading-h4 \" >\n        <h4 class='fw-special-title'><span>1<\/span><\/h4>    <\/div><div class=\"text-block\" >\n    <h3 class=\"h4\">Env\u00edo gratuito<\/h3><p>Nunca pagar\u00e1s por el env\u00edo de productos suscritos.<\/p><\/div><\/div><div class=\"col-12 col-lg-4 col-sm-6 text-center mb-1\">\n\t<div class=\"fw-heading fw-heading-h4 \" >\n        <h4 class='fw-special-title'><span>2<\/span><\/h4>    <\/div><div class=\"text-block\" >\n    <h3 class=\"h4\">Ahorre hasta un 15<\/h3><p>Ahorre al instante en todos los productos suscritos.<\/p><\/div><\/div><div class=\"col-12 col-lg-4 col-sm-6 text-center mb-1\">\n\t<div class=\"fw-heading fw-heading-h4 \" >\n        <h4 class='fw-special-title'><span>3<\/span><\/h4>    <\/div><div class=\"text-block\" >\n    <h3 class=\"h4\">Sin preocupaciones<\/h3><p>Los horarios de sustituci\u00f3n \"recomendados\" de SleepQuest le mantienen en el buen camino.<\/p><\/div><\/div>\n\n\n<div class=\"col-12 col-lg-4 col-sm-6 text-center mb-1\">\n\t<div class=\"fw-heading fw-heading-h4 \" >\n        <h4 class='fw-special-title'><span>4<\/span><\/h4>    <\/div><div class=\"text-block\" >\n    <h3 class=\"h4\">\u00bfNecesita hacer una pausa?<\/h3><p>Simplemente pulsa el bot\u00f3n de pausa en tu cuenta. Vuelve a empezar cuando est\u00e9s listo.<\/p><\/div><\/div><div class=\"col-12 col-lg-4 col-sm-6 text-center mb-1\">\n\t<div class=\"fw-heading fw-heading-h4 \" >\n        <h4 class='fw-special-title'><span>5<\/span><\/h4>    <\/div><div class=\"text-block\" >\n    <h3 class=\"h4\">T\u00fa tienes el control<\/h3><p>Adapte su calendario de entregas a sus necesidades.<\/p><\/div><\/div>\n\n    <\/div>\n<\/div>\n<\/section>\n<section class=\"content-section bg-gray py-2 py-md-3\" >\n<div class=\"container gx-lg-2\">\n    <div class=\"row flex-md-row-reverse gx-lg-2\">\n\t\t\n<div class=\"col-12 col-lg-6 col-md-6 mb-md-0 mb-1\">\n\t<div class=\"img-box \"><img loading=\"lazy\" decoding=\"async\" width=\"742\" height=\"455\" src=\"https:\/\/shop.sleepquest.com\/wp-content\/uploads\/2024\/06\/subscription-content_1080x.jpg\" class=\"img-fluid\" alt=\"\" srcset=\"https:\/\/shop.sleepquest.com\/wp-content\/uploads\/2024\/06\/subscription-content_1080x.jpg 742w, https:\/\/shop.sleepquest.com\/wp-content\/uploads\/2024\/06\/subscription-content_1080x-405x248.jpg 405w, https:\/\/shop.sleepquest.com\/wp-content\/uploads\/2024\/06\/subscription-content_1080x-695x426.jpg 695w\" sizes=\"auto, (max-width: 742px) 100vw, 742px\" \/><\/div><\/div><div class=\"col-12 col-lg-6 col-md-6 align-self-center\">\n\t<div class=\"fw-heading fw-heading-h2 \" >\n        <h2 class='fw-special-title'><span>Servicios de suscripci\u00f3n...<\/span><\/h2>    <\/div><div class=\"text-block\" >\n    <p><strong>\u00bfYa est\u00e1 abonado?<\/strong><br \/><strong>Utilice estos enlaces para gestionar su configuraci\u00f3n.<\/strong><\/p><\/div>\n<div class=\"btn-wrp\">\n    <a href=\"https:\/\/shop.sleepquest.com\/es\/mi-cuenta\/\" target=\"_self\" class=\"btn btn-secondary\">\n\t<span>Suscripciones de acceso<\/span>\n    <\/a>\n<\/div>\n<div class=\"btn-wrp\">\n    <a href=\"https:\/\/shop.sleepquest.com\/es\/mi-cuenta\/\" target=\"_self\" class=\"btn btn-primary\">\n\t<span>Gestione sus suscripciones<\/span>\n    <\/a>\n<\/div><\/div>\n\n    <\/div>\n<\/div>\n<\/section>\n<section class=\"content-section py-2 py-md-3\" >\n<div class=\"container gx-lg-2\">\n    <div class=\"row gx-lg-2\">\n\t\t\n<div class=\"col-12 col-lg-8\">\n\t<div class=\"fw-heading fw-heading-h2 text-center\" >\n        <h2 class='fw-special-title mb-1 mb-md-2'><span>Preguntas m\u00e1s frecuentes<\/span><\/h2>    <\/div><div class=\"faq\">\n    <div class=\"accordion\" id=\"accordionFaq\">\n                    <div class=\"accordion-item\">\n                <h5 class=\"accordion-header\" id=\"flush-heading-0\">\n                    <button class=\"accordion-button\" type=\"button\" data-bs-toggle=\"collapse\" data-bs-target=\"#flush-collapse-0\" aria-expanded=\"false\" aria-controls=\"flush-collapse-0\">\n                        \u00bfPuedo a\u00f1adir productos \u00fanicos con productos de suscripci\u00f3n?                    <\/button>\n                <\/h5>\n                <div id=\"flush-collapse-0\" class=\"accordion-collapse collapse show\" aria-labelledby=\"flush-heading-0\" data-bs-parent=\"#accordionFaq\">\n                    <div class=\"accordion-body\"><p>S\u00ed, puede a\u00f1adir f\u00e1cilmente productos puntuales a sus pedidos de suscripci\u00f3n.<\/p><\/div>\n                <\/div>\n            <\/div>\n                    <div class=\"accordion-item\">\n                <h5 class=\"accordion-header\" id=\"flush-heading-1\">\n                    <button class=\"accordion-button collapsed\" type=\"button\" data-bs-toggle=\"collapse\" data-bs-target=\"#flush-collapse-1\" aria-expanded=\"false\" aria-controls=\"flush-collapse-1\">\n                        \u00bfPuedo suscribirme a varios productos?                    <\/button>\n                <\/h5>\n                <div id=\"flush-collapse-1\" class=\"accordion-collapse collapse\" aria-labelledby=\"flush-heading-1\" data-bs-parent=\"#accordionFaq\">\n                    <div class=\"accordion-body\"><p>S\u00ed, puede a\u00f1adir varios productos a su suscripci\u00f3n. Cada producto puede tener su propio calendario de entrega.<\/p><\/div>\n                <\/div>\n            <\/div>\n                    <div class=\"accordion-item\">\n                <h5 class=\"accordion-header\" id=\"flush-heading-2\">\n                    <button class=\"accordion-button collapsed\" type=\"button\" data-bs-toggle=\"collapse\" data-bs-target=\"#flush-collapse-2\" aria-expanded=\"false\" aria-controls=\"flush-collapse-2\">\n                        \u00bfPuedo cambiar mi orden de suscripci\u00f3n?                    <\/button>\n                <\/h5>\n                <div id=\"flush-collapse-2\" class=\"accordion-collapse collapse\" aria-labelledby=\"flush-heading-2\" data-bs-parent=\"#accordionFaq\">\n                    <div class=\"accordion-body\"><p>S\u00ed, puede cambiar f\u00e1cilmente sus productos de suscripci\u00f3n en el portal de suscripciones.<\/p><\/div>\n                <\/div>\n            <\/div>\n                    <div class=\"accordion-item\">\n                <h5 class=\"accordion-header\" id=\"flush-heading-3\">\n                    <button class=\"accordion-button collapsed\" type=\"button\" data-bs-toggle=\"collapse\" data-bs-target=\"#flush-collapse-3\" aria-expanded=\"false\" aria-controls=\"flush-collapse-3\">\n                        \u00bfC\u00f3mo puedo omitir un pedido de suscripci\u00f3n?                    <\/button>\n                <\/h5>\n                <div id=\"flush-collapse-3\" class=\"accordion-collapse collapse\" aria-labelledby=\"flush-heading-3\" data-bs-parent=\"#accordionFaq\">\n                    <div class=\"accordion-body\"><p>S\u00f3lo tiene que acceder a su cuenta para gestionar sus suscripciones: Gestionar suscripciones<\/p><\/div>\n                <\/div>\n            <\/div>\n                    <div class=\"accordion-item\">\n                <h5 class=\"accordion-header\" id=\"flush-heading-4\">\n                    <button class=\"accordion-button collapsed\" type=\"button\" data-bs-toggle=\"collapse\" data-bs-target=\"#flush-collapse-4\" aria-expanded=\"false\" aria-controls=\"flush-collapse-4\">\n                        \u00bfC\u00f3mo puedo actualizar mis datos de pago?                    <\/button>\n                <\/h5>\n                <div id=\"flush-collapse-4\" class=\"accordion-collapse collapse\" aria-labelledby=\"flush-heading-4\" data-bs-parent=\"#accordionFaq\">\n                    <div class=\"accordion-body\"><p>Acceda a su cuenta para gestionar sus suscripciones: Gestionar suscripciones<\/p><\/div>\n                <\/div>\n            <\/div>\n                    <div class=\"accordion-item\">\n                <h5 class=\"accordion-header\" id=\"flush-heading-5\">\n                    <button class=\"accordion-button collapsed\" type=\"button\" data-bs-toggle=\"collapse\" data-bs-target=\"#flush-collapse-5\" aria-expanded=\"false\" aria-controls=\"flush-collapse-5\">\n                        \u00bfC\u00f3mo puedo cancelar mi suscripci\u00f3n?                    <\/button>\n                <\/h5>\n                <div id=\"flush-collapse-5\" class=\"accordion-collapse collapse\" aria-labelledby=\"flush-heading-5\" data-bs-parent=\"#accordionFaq\">\n                    <div class=\"accordion-body\"><p>Acceda a su cuenta para gestionar sus suscripciones: Gestionar suscripciones<\/p><\/div>\n                <\/div>\n            <\/div>\n            <\/div>\n<\/div><\/div>\n\n    <\/div>\n<\/div>\n<\/section>\n\n","protected":false},"excerpt":{"rendered":"<p>Servicio de suscripci\u00f3n Es muy f\u00e1cil. Pida hoy mismo mascarillas CPAP, suministros y accesorios como suscripci\u00f3n.Elija el horario para su<\/p>\n","protected":false},"author":1,"featured_media":0,"parent":0,"menu_order":0,"comment_status":"closed","ping_status":"closed","template":"","meta":{"_acf_changed":false,"footnotes":""},"class_list":["post-2369","page","type-page","status-publish","hentry"],"acf":[],"yoast_head":"<!-- This site is optimized with the Yoast SEO plugin v27.4 - https:\/\/yoast.com\/product\/yoast-seo-wordpress\/ -->\n<title>SuServicio de suscripci\u00f3n - SleepQuest Online Store<\/title>\n<meta name=\"robots\" content=\"index, follow, max-snippet:-1, max-image-preview:large, max-video-preview:-1\" \/>\n<link rel=\"canonical\" href=\"https:\/\/shop.sleepquest.com\/es\/suservicio-de-suscripcion\/\" \/>\n<meta property=\"og:locale\" content=\"es_ES\" \/>\n<meta property=\"og:type\" content=\"article\" \/>\n<meta property=\"og:title\" content=\"SuServicio de suscripci\u00f3n - SleepQuest Online Store\" \/>\n<meta property=\"og:description\" content=\"Servicio de suscripci\u00f3n Es muy f\u00e1cil. Pida hoy mismo mascarillas CPAP, suministros y accesorios como suscripci\u00f3n.Elija el horario para su\" \/>\n<meta property=\"og:url\" content=\"https:\/\/shop.sleepquest.com\/es\/suservicio-de-suscripcion\/\" \/>\n<meta property=\"og:site_name\" content=\"SleepQuest Online Store\" \/>\n<meta property=\"article:publisher\" content=\"https:\/\/www.facebook.com\/sleepquest\" \/>\n<meta property=\"article:modified_time\" content=\"2024-08-14T12:08:44+00:00\" \/>\n<meta property=\"og:image\" content=\"https:\/\/shop.sleepquest.com\/wp-content\/uploads\/2024\/06\/subscription-01_200x.png\" \/>\n<meta name=\"twitter:card\" content=\"summary_large_image\" \/>\n<meta name=\"twitter:site\" content=\"@sleepquest\" \/>\n<meta name=\"twitter:label1\" content=\"Tiempo de lectura\" \/>\n\t<meta name=\"twitter:data1\" content=\"2 minutos\" \/>\n<script type=\"application\/ld+json\" class=\"yoast-schema-graph\">{\"@context\":\"https:\\\/\\\/schema.org\",\"@graph\":[{\"@type\":\"WebPage\",\"@id\":\"https:\\\/\\\/shop.sleepquest.com\\\/es\\\/suservicio-de-suscripcion\\\/\",\"url\":\"https:\\\/\\\/shop.sleepquest.com\\\/es\\\/suservicio-de-suscripcion\\\/\",\"name\":\"SuServicio de suscripci\u00f3n - SleepQuest Online Store\",\"isPartOf\":{\"@id\":\"https:\\\/\\\/shop.sleepquest.com\\\/es\\\/#website\"},\"primaryImageOfPage\":{\"@id\":\"https:\\\/\\\/shop.sleepquest.com\\\/es\\\/suservicio-de-suscripcion\\\/#primaryimage\"},\"image\":{\"@id\":\"https:\\\/\\\/shop.sleepquest.com\\\/es\\\/suservicio-de-suscripcion\\\/#primaryimage\"},\"thumbnailUrl\":\"https:\\\/\\\/shop.sleepquest.com\\\/wp-content\\\/uploads\\\/2024\\\/06\\\/subscription-01_200x.png\",\"datePublished\":\"2024-06-18T09:14:36+00:00\",\"dateModified\":\"2024-08-14T12:08:44+00:00\",\"breadcrumb\":{\"@id\":\"https:\\\/\\\/shop.sleepquest.com\\\/es\\\/suservicio-de-suscripcion\\\/#breadcrumb\"},\"inLanguage\":\"es\",\"potentialAction\":[{\"@type\":\"ReadAction\",\"target\":[\"https:\\\/\\\/shop.sleepquest.com\\\/es\\\/suservicio-de-suscripcion\\\/\"]}]},{\"@type\":\"ImageObject\",\"inLanguage\":\"es\",\"@id\":\"https:\\\/\\\/shop.sleepquest.com\\\/es\\\/suservicio-de-suscripcion\\\/#primaryimage\",\"url\":\"https:\\\/\\\/shop.sleepquest.com\\\/wp-content\\\/uploads\\\/2024\\\/06\\\/subscription-01_200x.png\",\"contentUrl\":\"https:\\\/\\\/shop.sleepquest.com\\\/wp-content\\\/uploads\\\/2024\\\/06\\\/subscription-01_200x.png\"},{\"@type\":\"BreadcrumbList\",\"@id\":\"https:\\\/\\\/shop.sleepquest.com\\\/es\\\/suservicio-de-suscripcion\\\/#breadcrumb\",\"itemListElement\":[{\"@type\":\"ListItem\",\"position\":1,\"name\":\"Home\",\"item\":\"https:\\\/\\\/shop.sleepquest.com\\\/es\\\/\"},{\"@type\":\"ListItem\",\"position\":2,\"name\":\"SuServicio de suscripci\u00f3n\"}]},{\"@type\":\"WebSite\",\"@id\":\"https:\\\/\\\/shop.sleepquest.com\\\/es\\\/#website\",\"url\":\"https:\\\/\\\/shop.sleepquest.com\\\/es\\\/\",\"name\":\"SleepQuest Online Store\",\"description\":\"\",\"publisher\":{\"@id\":\"https:\\\/\\\/shop.sleepquest.com\\\/es\\\/#organization\"},\"potentialAction\":[{\"@type\":\"SearchAction\",\"target\":{\"@type\":\"EntryPoint\",\"urlTemplate\":\"https:\\\/\\\/shop.sleepquest.com\\\/es\\\/?s={search_term_string}\"},\"query-input\":{\"@type\":\"PropertyValueSpecification\",\"valueRequired\":true,\"valueName\":\"search_term_string\"}}],\"inLanguage\":\"es\"},{\"@type\":\"Organization\",\"@id\":\"https:\\\/\\\/shop.sleepquest.com\\\/es\\\/#organization\",\"name\":\"SleepQuest\",\"alternateName\":\"SleepQuest Online Store\",\"url\":\"https:\\\/\\\/shop.sleepquest.com\\\/es\\\/\",\"logo\":{\"@type\":\"ImageObject\",\"inLanguage\":\"es\",\"@id\":\"https:\\\/\\\/shop.sleepquest.com\\\/es\\\/#\\\/schema\\\/logo\\\/image\\\/\",\"url\":\"https:\\\/\\\/shop.sleepquest.com\\\/wp-content\\\/uploads\\\/2024\\\/05\\\/fav.png\",\"contentUrl\":\"https:\\\/\\\/shop.sleepquest.com\\\/wp-content\\\/uploads\\\/2024\\\/05\\\/fav.png\",\"width\":512,\"height\":512,\"caption\":\"SleepQuest\"},\"image\":{\"@id\":\"https:\\\/\\\/shop.sleepquest.com\\\/es\\\/#\\\/schema\\\/logo\\\/image\\\/\"},\"sameAs\":[\"https:\\\/\\\/www.facebook.com\\\/sleepquest\",\"https:\\\/\\\/x.com\\\/sleepquest\"]}]}<\/script>\n<!-- \/ Yoast SEO plugin. -->","yoast_head_json":{"title":"SuServicio de suscripci\u00f3n - SleepQuest Online Store","robots":{"index":"index","follow":"follow","max-snippet":"max-snippet:-1","max-image-preview":"max-image-preview:large","max-video-preview":"max-video-preview:-1"},"canonical":"https:\/\/shop.sleepquest.com\/es\/suservicio-de-suscripcion\/","og_locale":"es_ES","og_type":"article","og_title":"SuServicio de suscripci\u00f3n - SleepQuest Online Store","og_description":"Servicio de suscripci\u00f3n Es muy f\u00e1cil. Pida hoy mismo mascarillas CPAP, suministros y accesorios como suscripci\u00f3n.Elija el horario para su","og_url":"https:\/\/shop.sleepquest.com\/es\/suservicio-de-suscripcion\/","og_site_name":"SleepQuest Online Store","article_publisher":"https:\/\/www.facebook.com\/sleepquest","article_modified_time":"2024-08-14T12:08:44+00:00","og_image":[{"url":"https:\/\/shop.sleepquest.com\/wp-content\/uploads\/2024\/06\/subscription-01_200x.png","type":"","width":"","height":""}],"twitter_card":"summary_large_image","twitter_site":"@sleepquest","twitter_misc":{"Tiempo de lectura":"2 minutos"},"schema":{"@context":"https:\/\/schema.org","@graph":[{"@type":"WebPage","@id":"https:\/\/shop.sleepquest.com\/es\/suservicio-de-suscripcion\/","url":"https:\/\/shop.sleepquest.com\/es\/suservicio-de-suscripcion\/","name":"SuServicio de suscripci\u00f3n - SleepQuest Online Store","isPartOf":{"@id":"https:\/\/shop.sleepquest.com\/es\/#website"},"primaryImageOfPage":{"@id":"https:\/\/shop.sleepquest.com\/es\/suservicio-de-suscripcion\/#primaryimage"},"image":{"@id":"https:\/\/shop.sleepquest.com\/es\/suservicio-de-suscripcion\/#primaryimage"},"thumbnailUrl":"https:\/\/shop.sleepquest.com\/wp-content\/uploads\/2024\/06\/subscription-01_200x.png","datePublished":"2024-06-18T09:14:36+00:00","dateModified":"2024-08-14T12:08:44+00:00","breadcrumb":{"@id":"https:\/\/shop.sleepquest.com\/es\/suservicio-de-suscripcion\/#breadcrumb"},"inLanguage":"es","potentialAction":[{"@type":"ReadAction","target":["https:\/\/shop.sleepquest.com\/es\/suservicio-de-suscripcion\/"]}]},{"@type":"ImageObject","inLanguage":"es","@id":"https:\/\/shop.sleepquest.com\/es\/suservicio-de-suscripcion\/#primaryimage","url":"https:\/\/shop.sleepquest.com\/wp-content\/uploads\/2024\/06\/subscription-01_200x.png","contentUrl":"https:\/\/shop.sleepquest.com\/wp-content\/uploads\/2024\/06\/subscription-01_200x.png"},{"@type":"BreadcrumbList","@id":"https:\/\/shop.sleepquest.com\/es\/suservicio-de-suscripcion\/#breadcrumb","itemListElement":[{"@type":"ListItem","position":1,"name":"Home","item":"https:\/\/shop.sleepquest.com\/es\/"},{"@type":"ListItem","position":2,"name":"SuServicio de suscripci\u00f3n"}]},{"@type":"WebSite","@id":"https:\/\/shop.sleepquest.com\/es\/#website","url":"https:\/\/shop.sleepquest.com\/es\/","name":"SleepQuest Online Store","description":"","publisher":{"@id":"https:\/\/shop.sleepquest.com\/es\/#organization"},"potentialAction":[{"@type":"SearchAction","target":{"@type":"EntryPoint","urlTemplate":"https:\/\/shop.sleepquest.com\/es\/?s={search_term_string}"},"query-input":{"@type":"PropertyValueSpecification","valueRequired":true,"valueName":"search_term_string"}}],"inLanguage":"es"},{"@type":"Organization","@id":"https:\/\/shop.sleepquest.com\/es\/#organization","name":"SleepQuest","alternateName":"SleepQuest Online Store","url":"https:\/\/shop.sleepquest.com\/es\/","logo":{"@type":"ImageObject","inLanguage":"es","@id":"https:\/\/shop.sleepquest.com\/es\/#\/schema\/logo\/image\/","url":"https:\/\/shop.sleepquest.com\/wp-content\/uploads\/2024\/05\/fav.png","contentUrl":"https:\/\/shop.sleepquest.com\/wp-content\/uploads\/2024\/05\/fav.png","width":512,"height":512,"caption":"SleepQuest"},"image":{"@id":"https:\/\/shop.sleepquest.com\/es\/#\/schema\/logo\/image\/"},"sameAs":["https:\/\/www.facebook.com\/sleepquest","https:\/\/x.com\/sleepquest"]}]}},"_links":{"self":[{"href":"https:\/\/shop.sleepquest.com\/es\/wp-json\/wp\/v2\/pages\/2369","targetHints":{"allow":["GET"]}}],"collection":[{"href":"https:\/\/shop.sleepquest.com\/es\/wp-json\/wp\/v2\/pages"}],"about":[{"href":"https:\/\/shop.sleepquest.com\/es\/wp-json\/wp\/v2\/types\/page"}],"author":[{"embeddable":true,"href":"https:\/\/shop.sleepquest.com\/es\/wp-json\/wp\/v2\/users\/1"}],"replies":[{"embeddable":true,"href":"https:\/\/shop.sleepquest.com\/es\/wp-json\/wp\/v2\/comments?post=2369"}],"version-history":[{"count":0,"href":"https:\/\/shop.sleepquest.com\/es\/wp-json\/wp\/v2\/pages\/2369\/revisions"}],"wp:attachment":[{"href":"https:\/\/shop.sleepquest.com\/es\/wp-json\/wp\/v2\/media?parent=2369"}],"curies":[{"name":"wp","href":"https:\/\/api.w.org\/{rel}","templated":true}]}}