{"id":2367,"date":"2024-05-07T08:07:15","date_gmt":"2024-05-07T08:07:15","guid":{"rendered":"https:\/\/shop.sleepquest.com\/preguntas-frecuentes\/"},"modified":"2024-08-14T09:55:12","modified_gmt":"2024-08-14T09:55:12","slug":"faq","status":"publish","type":"page","link":"https:\/\/shop.sleepquest.com\/es\/faq\/","title":{"rendered":"FAQs"},"content":{"rendered":"<section id=\"page-header\" class=\"content-section py-2 py-md-3\" style=\"background-image:url(https:\/\/shop.sleepquest.com\/wp-content\/uploads\/2024\/05\/faqs-ph.jpg);\">\n<div class=\"container gx-lg-2\">\n    <div class=\"row justify-content-start gx-lg-2 justify-content-start\">\n\t\t\n<div class=\"col-12 col-lg-5 col-md-7\">\n\t<div class=\"fw-heading fw-heading-h1 \" >\n        <h1 class='fw-special-title text-primary'><span>C\u00d3MO ELEGIR UNA M\u00c1SCARA DE CPAP<\/span><\/h1>    <\/div><div class=\"text-block\" >\n    <p>Para muchas personas que sufren de apnea obstructiva del sue\u00f1o, el CPAP es la mejor opci\u00f3n de tratamiento. Es la terapia aut\u00e9ntica y probada, bien investigada y comprobada en el tiempo para ayudar a los pacientes a superar la apnea del sue\u00f1o.<\/p><p>Para poder recibir flujo de aire continuo de la terapia CPAP, necesitar\u00e1 una m\u00e1scara. Con la m\u00e1scara correcta, podr\u00e1 dormir confortablemente, noche tras noche.<\/p><\/div><\/div>\n\n    <\/div>\n<\/div>\n<\/section>\n<section class=\"content-section py-3 py-md-4\" >\n<div class=\"container gx-lg-2\">\n    <div class=\"row gx-lg-2\">\n\t\t\n<div class=\"col-12 text-center mb-2\">\n\t<div class=\"fw-heading fw-heading-h2 \" >\n        <h2 class='fw-special-title'><span>FAQs<\/span><\/h2>    <\/div><div class=\"text-block mx-auto\" style=\"max-width: 51.1111111111rem\">\n    <p>La tecnolog\u00eda de hoy en d\u00eda nos ha dado m\u00faltiples opciones en tipos de m\u00e1scaras. Estas Preguntas Frecuentes le ayudar\u00e1n a acotar las opciones, para que encuentre la mejor m\u00e1scara para usted:<\/p><\/div><\/div>\n\n\n<div class=\"col-12\">\n\t<div class=\"faq\">\n    <div class=\"accordion\" id=\"accordionFaq\">\n                    <div class=\"accordion-item\">\n                <h5 class=\"accordion-header\" id=\"flush-heading-0\">\n                    <button class=\"accordion-button\" type=\"button\" data-bs-toggle=\"collapse\" data-bs-target=\"#flush-collapse-0\" aria-expanded=\"false\" aria-controls=\"flush-collapse-0\">\n                        \u00bfPUEDO USAR EL SEGURO?                    <\/button>\n                <\/h5>\n                <div id=\"flush-collapse-0\" class=\"accordion-collapse collapse show\" aria-labelledby=\"flush-heading-0\" data-bs-parent=\"#accordionFaq\">\n                    <div class=\"accordion-body\"><p>La tienda en l\u00ednea de SleepQuest es para clientes que prefieran pagar por sus CPAP e insumos sin usar el seguro de salud.<\/p><p>Si est\u00e1 interesado en usar el seguro de salud para pagar por sus insumos,\u00a0<a title=\"click here\" href=\"https:\/\/www.sleepquest.com\/services\/order-services-with-insurance\/\">haga clic aqu\u00ed<\/a>\u00a0para comenzar el proceso o bien visite\u00a0<a title=\"www.sleepquest.com\" href=\"https:\/\/www.sleepquest.com\/\">www.sleepquest.com\u00a0<\/a>para obtener m\u00e1s informaci\u00f3n.<\/p><\/div>\n                <\/div>\n            <\/div>\n                    <div class=\"accordion-item\">\n                <h5 class=\"accordion-header\" id=\"flush-heading-1\">\n                    <button class=\"accordion-button collapsed\" type=\"button\" data-bs-toggle=\"collapse\" data-bs-target=\"#flush-collapse-1\" aria-expanded=\"false\" aria-controls=\"flush-collapse-1\">\n                        \u00bfYA ES USTED UN PACIENTE DE SLEEPQUEST QUE PAGA POR SUS INSUMOS DE USANDO EL SEGURO?                    <\/button>\n                <\/h5>\n                <div id=\"flush-collapse-1\" class=\"accordion-collapse collapse\" aria-labelledby=\"flush-heading-1\" data-bs-parent=\"#accordionFaq\">\n                    <div class=\"accordion-body\"><p>Si ya es un paciente de SleepQuest que paga por sus insumos usando el seguro y quisiera volver a pedir insumos,\u00a0<a title=\"click here\" href=\"https:\/\/www.myresupply.com\/sleepquest\">haga clic aqu\u00ed<\/a>\u00a0para ir a nuestro portal de insumos.<\/p><p>Si no se ha registrado para el portal de insumos,\u00a0<a class=\"js-no-transition\" href=\"mailto:ongoingcare@sleepquest.com\" target=\"_blank\" rel=\"noopener noreferrer\">haga clic aqu\u00ed<\/a>\u00a0para solicitar una invitaci\u00f3n.<\/p><p><em>Nota: esto es solo para pacientes actuales de SleepQuest. Si todav\u00eda no fuese un paciente de SleepQuest, puede comenzar el proceso\u00a0<a title=\"https:\/\/www.sleepquest.com\/services\/order-services-with-insurance\/\" href=\"https:\/\/www.sleepquest.com\/services\/order-services-with-insurance\/\">haciendo clic aqu\u00ed<\/a>.<\/em><\/p><\/div>\n                <\/div>\n            <\/div>\n                    <div class=\"accordion-item\">\n                <h5 class=\"accordion-header\" id=\"flush-heading-2\">\n                    <button class=\"accordion-button collapsed\" type=\"button\" data-bs-toggle=\"collapse\" data-bs-target=\"#flush-collapse-2\" aria-expanded=\"false\" aria-controls=\"flush-collapse-2\">\n                        \u00bfCu\u00e1l m\u00e1scara es la m\u00e1s nueva\/la mejor?                    <\/button>\n                <\/h5>\n                <div id=\"flush-collapse-2\" class=\"accordion-collapse collapse\" aria-labelledby=\"flush-heading-2\" data-bs-parent=\"#accordionFaq\">\n                    <div class=\"accordion-body\"><p>El tipo de m\u00e1scara es en funci\u00f3n de la estructura facial, las necesidades fisiol\u00f3gicas y el confort. No hay una m\u00e1scara que sea la mejor para todos. Para saber cu\u00e1l es la mejor m\u00e1scara para usted, le recomendamos una prueba con uno de nuestros informados Especialistas en el Cuidado del Sue\u00f1o.<\/p><\/div>\n                <\/div>\n            <\/div>\n                    <div class=\"accordion-item\">\n                <h5 class=\"accordion-header\" id=\"flush-heading-3\">\n                    <button class=\"accordion-button collapsed\" type=\"button\" data-bs-toggle=\"collapse\" data-bs-target=\"#flush-collapse-3\" aria-expanded=\"false\" aria-controls=\"flush-collapse-3\">\n                        \u00bfQu\u00e9 m\u00e1scaras son compatibles con su m\u00e1quina actual?                    <\/button>\n                <\/h5>\n                <div id=\"flush-collapse-3\" class=\"accordion-collapse collapse\" aria-labelledby=\"flush-heading-3\" data-bs-parent=\"#accordionFaq\">\n                    <div class=\"accordion-body\"><p>Todas las marcas de m\u00e1scaras calzan en cualquier m\u00e1quina CPAP; simplemente elija la m\u00e1scara que m\u00e1s se adapte a usted. La \u00fanica excepci\u00f3n es el AirMini de ResMed, que requiere una m\u00e1scara ResMed<\/p><\/div>\n                <\/div>\n            <\/div>\n                    <div class=\"accordion-item\">\n                <h5 class=\"accordion-header\" id=\"flush-heading-4\">\n                    <button class=\"accordion-button collapsed\" type=\"button\" data-bs-toggle=\"collapse\" data-bs-target=\"#flush-collapse-4\" aria-expanded=\"false\" aria-controls=\"flush-collapse-4\">\n                        \u00bfC\u00f3mo respira usted?                    <\/button>\n                <\/h5>\n                <div id=\"flush-collapse-4\" class=\"accordion-collapse collapse\" aria-labelledby=\"flush-heading-4\" data-bs-parent=\"#accordionFaq\">\n                    <div class=\"accordion-body\"><p>Si respira por la nariz, le aconsejamos una m\u00e1scara Nasal \u2013 pero tenga una m\u00e1scara de rostro completo de reserva para cuando tenga tapada la nariz. Si no puede respirar libremente por la nariz, una M\u00e1scara de Rostro Completo es la mejor opci\u00f3n.<\/p><\/div>\n                <\/div>\n            <\/div>\n                    <div class=\"accordion-item\">\n                <h5 class=\"accordion-header\" id=\"flush-heading-5\">\n                    <button class=\"accordion-button collapsed\" type=\"button\" data-bs-toggle=\"collapse\" data-bs-target=\"#flush-collapse-5\" aria-expanded=\"false\" aria-controls=\"flush-collapse-5\">\n                        \u00bfQu\u00e9 tipo de material buscar?                    <\/button>\n                <\/h5>\n                <div id=\"flush-collapse-5\" class=\"accordion-collapse collapse\" aria-labelledby=\"flush-heading-5\" data-bs-parent=\"#accordionFaq\">\n                    <div class=\"accordion-body\"><p>Las m\u00e1scaras de CPAP habitualmente tienen un coj\u00edn de gel o silicona, y hay una marca que usa g\u00e9nero. Ese es el beneficio de probar diversas m\u00e1scaras para ver cu\u00e1l con cu\u00e1l se siente m\u00e1s confortable. (Incluir m\u00e1scaras de espuma - AirTouch)<\/p><\/div>\n                <\/div>\n            <\/div>\n                    <div class=\"accordion-item\">\n                <h5 class=\"accordion-header\" id=\"flush-heading-6\">\n                    <button class=\"accordion-button collapsed\" type=\"button\" data-bs-toggle=\"collapse\" data-bs-target=\"#flush-collapse-6\" aria-expanded=\"false\" aria-controls=\"flush-collapse-6\">\n                        \u00bfCu\u00e1l es la Mejor m\u00e1scara de CPAP para el vello facial?                    <\/button>\n                <\/h5>\n                <div id=\"flush-collapse-6\" class=\"accordion-collapse collapse\" aria-labelledby=\"flush-heading-6\" data-bs-parent=\"#accordionFaq\">\n                    <div class=\"accordion-body\"><p>Tenga o no vello facial, encontrar la m\u00e1scara de CPAP m\u00e1s confortable puede resultar dif\u00edcil. Recomendamos un material liviano de silicona que tenga un dise\u00f1o para debajo de la nariz que minimiza el contacto facial para que los barbas y los bigotes no sean un problema.<\/p><\/div>\n                <\/div>\n            <\/div>\n                    <div class=\"accordion-item\">\n                <h5 class=\"accordion-header\" id=\"flush-heading-7\">\n                    <button class=\"accordion-button collapsed\" type=\"button\" data-bs-toggle=\"collapse\" data-bs-target=\"#flush-collapse-7\" aria-expanded=\"false\" aria-controls=\"flush-collapse-7\">\n                        \u00bfTiene alguna otra pregunta? Por favor, use el chatbot para enviar su consulta                    <\/button>\n                <\/h5>\n                <div id=\"flush-collapse-7\" class=\"accordion-collapse collapse\" aria-labelledby=\"flush-heading-7\" data-bs-parent=\"#accordionFaq\">\n                    <div class=\"accordion-body\"><p>Nuestros amables especialistas en sue\u00f1o estar\u00e1n complacidos de acotar las opciones para usted. Simplemente programe una cita.<\/p><\/div>\n                <\/div>\n            <\/div>\n            <\/div>\n<\/div><\/div>\n\n    <\/div>\n<\/div>\n<\/section>\n<section id=\"talk-expert\" class=\"content-section py-1 py-md-2\" >\n<div class=\"container gx-lg-4\">\n    <div class=\"row gx-lg-4\">\n\t\t\n<div class=\"col-12 text-center\">\n\t<div class=\"fw-heading fw-heading-h2 \" >\n        <h2 class='fw-special-title'><span>Si tiene alguna pregunta, p\u00f3ngase en contacto con nuestro atento personal de atenci\u00f3n al cliente <\/span><\/h2>    <\/div><\/div>\n\n\n<div class=\"col-12 col-lg-6\">\n\t\n<a href=\"tel:6505179495\"><svg class=\"icon\"><use xlink:href=\"#phone\"><\/use><\/svg> 650-517-9495<\/a><\/div><div class=\"col-12 col-lg-6\">\n\t\n<a href=\"mailto:informacion@sleepquest.com\"><svg class=\"icon\"><use xlink:href=\"#mail\"><\/use><\/svg> informacion@sleepquest.com<\/a><\/div>\n\n    <\/div>\n<\/div>\n<\/section>\n\n","protected":false},"excerpt":{"rendered":"<p>C\u00d3MO ELEGIR UNA M\u00c1SCARA DE CPAP Para muchas personas que sufren de apnea obstructiva del sue\u00f1o, el CPAP es la<\/p>\n","protected":false},"author":1,"featured_media":0,"parent":0,"menu_order":0,"comment_status":"closed","ping_status":"closed","template":"","meta":{"_acf_changed":false,"footnotes":""},"class_list":["post-2367","page","type-page","status-publish","hentry"],"acf":[],"yoast_head":"<!-- This site is optimized with the Yoast SEO plugin v27.4 - https:\/\/yoast.com\/product\/yoast-seo-wordpress\/ -->\n<title>FAQs - SleepQuest Online Store<\/title>\n<meta name=\"robots\" content=\"index, follow, max-snippet:-1, max-image-preview:large, max-video-preview:-1\" \/>\n<link rel=\"canonical\" href=\"https:\/\/shop.sleepquest.com\/es\/faq\/\" \/>\n<meta property=\"og:locale\" content=\"es_ES\" \/>\n<meta property=\"og:type\" content=\"article\" \/>\n<meta property=\"og:title\" content=\"FAQs - SleepQuest Online Store\" \/>\n<meta property=\"og:description\" content=\"C\u00d3MO ELEGIR UNA M\u00c1SCARA DE CPAP Para muchas personas que sufren de apnea obstructiva del sue\u00f1o, el CPAP es la\" \/>\n<meta property=\"og:url\" content=\"https:\/\/shop.sleepquest.com\/es\/faq\/\" \/>\n<meta property=\"og:site_name\" content=\"SleepQuest Online Store\" \/>\n<meta property=\"article:publisher\" content=\"https:\/\/www.facebook.com\/sleepquest\" \/>\n<meta property=\"article:modified_time\" content=\"2024-08-14T09:55:12+00:00\" \/>\n<meta property=\"og:image\" content=\"https:\/\/shop.sleepquest.com\/wp-content\/uploads\/2024\/05\/fav.png\" \/>\n\t<meta property=\"og:image:width\" content=\"512\" \/>\n\t<meta property=\"og:image:height\" content=\"512\" \/>\n\t<meta property=\"og:image:type\" content=\"image\/png\" \/>\n<meta name=\"twitter:card\" content=\"summary_large_image\" \/>\n<meta name=\"twitter:site\" content=\"@sleepquest\" \/>\n<meta name=\"twitter:label1\" content=\"Tiempo de lectura\" \/>\n\t<meta name=\"twitter:data1\" content=\"3 minutos\" \/>\n<script type=\"application\/ld+json\" class=\"yoast-schema-graph\">{\"@context\":\"https:\\\/\\\/schema.org\",\"@graph\":[{\"@type\":\"WebPage\",\"@id\":\"https:\\\/\\\/shop.sleepquest.com\\\/es\\\/faq\\\/\",\"url\":\"https:\\\/\\\/shop.sleepquest.com\\\/es\\\/faq\\\/\",\"name\":\"FAQs - SleepQuest Online Store\",\"isPartOf\":{\"@id\":\"https:\\\/\\\/shop.sleepquest.com\\\/es\\\/#website\"},\"datePublished\":\"2024-05-07T08:07:15+00:00\",\"dateModified\":\"2024-08-14T09:55:12+00:00\",\"breadcrumb\":{\"@id\":\"https:\\\/\\\/shop.sleepquest.com\\\/es\\\/faq\\\/#breadcrumb\"},\"inLanguage\":\"es\",\"potentialAction\":[{\"@type\":\"ReadAction\",\"target\":[\"https:\\\/\\\/shop.sleepquest.com\\\/es\\\/faq\\\/\"]}]},{\"@type\":\"BreadcrumbList\",\"@id\":\"https:\\\/\\\/shop.sleepquest.com\\\/es\\\/faq\\\/#breadcrumb\",\"itemListElement\":[{\"@type\":\"ListItem\",\"position\":1,\"name\":\"Home\",\"item\":\"https:\\\/\\\/shop.sleepquest.com\\\/es\\\/\"},{\"@type\":\"ListItem\",\"position\":2,\"name\":\"FAQs\"}]},{\"@type\":\"WebSite\",\"@id\":\"https:\\\/\\\/shop.sleepquest.com\\\/es\\\/#website\",\"url\":\"https:\\\/\\\/shop.sleepquest.com\\\/es\\\/\",\"name\":\"SleepQuest Online Store\",\"description\":\"\",\"publisher\":{\"@id\":\"https:\\\/\\\/shop.sleepquest.com\\\/es\\\/#organization\"},\"potentialAction\":[{\"@type\":\"SearchAction\",\"target\":{\"@type\":\"EntryPoint\",\"urlTemplate\":\"https:\\\/\\\/shop.sleepquest.com\\\/es\\\/?s={search_term_string}\"},\"query-input\":{\"@type\":\"PropertyValueSpecification\",\"valueRequired\":true,\"valueName\":\"search_term_string\"}}],\"inLanguage\":\"es\"},{\"@type\":\"Organization\",\"@id\":\"https:\\\/\\\/shop.sleepquest.com\\\/es\\\/#organization\",\"name\":\"SleepQuest\",\"alternateName\":\"SleepQuest Online Store\",\"url\":\"https:\\\/\\\/shop.sleepquest.com\\\/es\\\/\",\"logo\":{\"@type\":\"ImageObject\",\"inLanguage\":\"es\",\"@id\":\"https:\\\/\\\/shop.sleepquest.com\\\/es\\\/#\\\/schema\\\/logo\\\/image\\\/\",\"url\":\"https:\\\/\\\/shop.sleepquest.com\\\/wp-content\\\/uploads\\\/2024\\\/05\\\/fav.png\",\"contentUrl\":\"https:\\\/\\\/shop.sleepquest.com\\\/wp-content\\\/uploads\\\/2024\\\/05\\\/fav.png\",\"width\":512,\"height\":512,\"caption\":\"SleepQuest\"},\"image\":{\"@id\":\"https:\\\/\\\/shop.sleepquest.com\\\/es\\\/#\\\/schema\\\/logo\\\/image\\\/\"},\"sameAs\":[\"https:\\\/\\\/www.facebook.com\\\/sleepquest\",\"https:\\\/\\\/x.com\\\/sleepquest\"]}]}<\/script>\n<!-- \/ Yoast SEO plugin. -->","yoast_head_json":{"title":"FAQs - SleepQuest Online Store","robots":{"index":"index","follow":"follow","max-snippet":"max-snippet:-1","max-image-preview":"max-image-preview:large","max-video-preview":"max-video-preview:-1"},"canonical":"https:\/\/shop.sleepquest.com\/es\/faq\/","og_locale":"es_ES","og_type":"article","og_title":"FAQs - SleepQuest Online Store","og_description":"C\u00d3MO ELEGIR UNA M\u00c1SCARA DE CPAP Para muchas personas que sufren de apnea obstructiva del sue\u00f1o, el CPAP es la","og_url":"https:\/\/shop.sleepquest.com\/es\/faq\/","og_site_name":"SleepQuest Online Store","article_publisher":"https:\/\/www.facebook.com\/sleepquest","article_modified_time":"2024-08-14T09:55:12+00:00","og_image":[{"width":512,"height":512,"url":"https:\/\/shop.sleepquest.com\/wp-content\/uploads\/2024\/05\/fav.png","type":"image\/png"}],"twitter_card":"summary_large_image","twitter_site":"@sleepquest","twitter_misc":{"Tiempo de lectura":"3 minutos"},"schema":{"@context":"https:\/\/schema.org","@graph":[{"@type":"WebPage","@id":"https:\/\/shop.sleepquest.com\/es\/faq\/","url":"https:\/\/shop.sleepquest.com\/es\/faq\/","name":"FAQs - SleepQuest Online Store","isPartOf":{"@id":"https:\/\/shop.sleepquest.com\/es\/#website"},"datePublished":"2024-05-07T08:07:15+00:00","dateModified":"2024-08-14T09:55:12+00:00","breadcrumb":{"@id":"https:\/\/shop.sleepquest.com\/es\/faq\/#breadcrumb"},"inLanguage":"es","potentialAction":[{"@type":"ReadAction","target":["https:\/\/shop.sleepquest.com\/es\/faq\/"]}]},{"@type":"BreadcrumbList","@id":"https:\/\/shop.sleepquest.com\/es\/faq\/#breadcrumb","itemListElement":[{"@type":"ListItem","position":1,"name":"Home","item":"https:\/\/shop.sleepquest.com\/es\/"},{"@type":"ListItem","position":2,"name":"FAQs"}]},{"@type":"WebSite","@id":"https:\/\/shop.sleepquest.com\/es\/#website","url":"https:\/\/shop.sleepquest.com\/es\/","name":"SleepQuest Online Store","description":"","publisher":{"@id":"https:\/\/shop.sleepquest.com\/es\/#organization"},"potentialAction":[{"@type":"SearchAction","target":{"@type":"EntryPoint","urlTemplate":"https:\/\/shop.sleepquest.com\/es\/?s={search_term_string}"},"query-input":{"@type":"PropertyValueSpecification","valueRequired":true,"valueName":"search_term_string"}}],"inLanguage":"es"},{"@type":"Organization","@id":"https:\/\/shop.sleepquest.com\/es\/#organization","name":"SleepQuest","alternateName":"SleepQuest Online Store","url":"https:\/\/shop.sleepquest.com\/es\/","logo":{"@type":"ImageObject","inLanguage":"es","@id":"https:\/\/shop.sleepquest.com\/es\/#\/schema\/logo\/image\/","url":"https:\/\/shop.sleepquest.com\/wp-content\/uploads\/2024\/05\/fav.png","contentUrl":"https:\/\/shop.sleepquest.com\/wp-content\/uploads\/2024\/05\/fav.png","width":512,"height":512,"caption":"SleepQuest"},"image":{"@id":"https:\/\/shop.sleepquest.com\/es\/#\/schema\/logo\/image\/"},"sameAs":["https:\/\/www.facebook.com\/sleepquest","https:\/\/x.com\/sleepquest"]}]}},"_links":{"self":[{"href":"https:\/\/shop.sleepquest.com\/es\/wp-json\/wp\/v2\/pages\/2367","targetHints":{"allow":["GET"]}}],"collection":[{"href":"https:\/\/shop.sleepquest.com\/es\/wp-json\/wp\/v2\/pages"}],"about":[{"href":"https:\/\/shop.sleepquest.com\/es\/wp-json\/wp\/v2\/types\/page"}],"author":[{"embeddable":true,"href":"https:\/\/shop.sleepquest.com\/es\/wp-json\/wp\/v2\/users\/1"}],"replies":[{"embeddable":true,"href":"https:\/\/shop.sleepquest.com\/es\/wp-json\/wp\/v2\/comments?post=2367"}],"version-history":[{"count":0,"href":"https:\/\/shop.sleepquest.com\/es\/wp-json\/wp\/v2\/pages\/2367\/revisions"}],"wp:attachment":[{"href":"https:\/\/shop.sleepquest.com\/es\/wp-json\/wp\/v2\/media?parent=2367"}],"curies":[{"name":"wp","href":"https:\/\/api.w.org\/{rel}","templated":true}]}}