{"id":2366,"date":"2024-05-30T13:09:00","date_gmt":"2024-05-30T13:09:00","guid":{"rendered":"https:\/\/shop.sleepquest.com\/aviso-de-privacidad-de-la-hipaa\/"},"modified":"2024-08-14T10:01:24","modified_gmt":"2024-08-14T10:01:24","slug":"aviso-de-privacidad-de-hipaa","status":"publish","type":"page","link":"https:\/\/shop.sleepquest.com\/es\/aviso-de-privacidad-de-hipaa\/","title":{"rendered":"Aviso de Privacidad de HIPAA"},"content":{"rendered":"<h2>Aviso de Pr\u00e1cticas de Privacidad (HIPAA)<\/h2>\n<p>ESTE AVISO DESCRIBE C\u00d3MO PODR\u00cdA USARSE Y DIVULGARSE LA INFORMACI\u00d3N SOBRE SUTED Y C\u00d3MO PUEDE USTED ACCEDER A ESTA INFORMACI\u00d3N. POR FAVOR, LEA ESTA AVISO DETENIDAMENTE.<\/p>\n<h3>Compromiso con la Privacidad:<\/h3>\n<p>SleepQuest tiene el compromiso de preservar la privacidad de su informaci\u00f3n m\u00e9dica y por ley tenemos la obligaci\u00f3n de proteger la confidencialidad de la informaci\u00f3n que lo identifique. Cualquier uso de informaci\u00f3n m\u00e9dica por fuera de los usos aqu\u00ed descriptos requiere su autorizaci\u00f3n individual por escrito. La ley de Portabilidad y Responsabilidad de los Seguros de Salud (HIPAA) obliga a SleepQuest a enviarle una copia de nuestro Aviso de Privacidad donde se describen nuestras pr\u00e1cticas de privacidad y se explica c\u00f3mo salvaguardamos su informaci\u00f3n m\u00e9dica. SleepQuest cumple con los t\u00e9rminos del Aviso de Privacidad que rige actualmente y se reserva el derecho de revisar o enmendar el aviso, cuando resulte necesario.<\/p>\n<h3>Sus Derechos a Informaci\u00f3n M\u00e9dica:<\/h3>\n<p>Si bien su historial m\u00e9dico es propiedad f\u00edsica del centro de salud que lo compil\u00f3, la informaci\u00f3n le pertenece a usted.<br \/>\nUsted tiene derecho a:<br \/>\n\u00bb Solicitar que se aplique una restricci\u00f3n sobre ciertos usos y divulgaciones de su informaci\u00f3n;<br \/>\n\u00bb Obtener una copia impresa del aviso de pr\u00e1cticas de privacidad;<br \/>\n\u00bb Inspeccionar y copiar su historial m\u00e9dico;<br \/>\n\u00bb Obtener un resumen de las divulgaciones de su informaci\u00f3n m\u00e9dica;<br \/>\n\u00bb Solicitar comunicaciones confidenciales;<br \/>\n\u00bb Enmendar su historial m\u00e9dico;<br \/>\n\u00bb Revocar su autorizaci\u00f3n para que se use o se divulgue informaci\u00f3n m\u00e9dica excepto en la medida en que ya se haya actuado.<\/p>\n<h3>Nuestras Responsabilidades: SleepQuest debe:<\/h3>\n<p>\u00bb Preservar la privacidad de su informaci\u00f3n m\u00e9dica;<br \/>\n\u00bb Enviarle un aviso acerca de nuestros deberes legales y pr\u00e1cticas de privacidad respecto de la informaci\u00f3n que recabamos y mantenemos sobre usted;<br \/>\n\u00bb Cumplir con los t\u00e9rminos de este aviso;<br \/>\n\u00bb Notificarle si no pudi\u00e9semos aceptar alguna restricci\u00f3n solicitada;<br \/>\n\u00bb Acceder a solicitudes razonables que pudiese tener de que la informaci\u00f3n m\u00e9dica se comunique por medios alternativos.<\/p>\n<p>SleepQuest se reserva el derecho de cambiar nuestras pr\u00e1cticas y de tomar nuevas precauciones para toda la informaci\u00f3n m\u00e9dica que mantenemos. En caso de que cambien nuestras pr\u00e1cticas referidas a informaci\u00f3n, le enviaremos por correo un aviso revisado a la direcci\u00f3n que tengamos archivada. No usaremos ni divulgaremos su informaci\u00f3n m\u00e9dica sin su autorizaci\u00f3n, excepto para fines de tratamiento, pago y atenci\u00f3n m\u00e9dica<\/p>\n<h3>Ejemplos de Divulgaciones para fines de Tratamiento, Pago y Atenci\u00f3n M\u00e9dica:<\/h3>\n<p>Usaremos su informaci\u00f3n m\u00e9dica para fines de tratamiento:<br \/>\nLa informaci\u00f3n que obtenga nuestra compa\u00f1\u00eda se documentar\u00e1 en su historial m\u00e9dico y se usar\u00e1 para brindarle equipos m\u00e9dicos durables y\/o insumos. Las indicaciones de su m\u00e9dico formar\u00e1n parte del historial m\u00e9dico y determinar\u00e1n el equipo e insumos que usted reciba.<\/p>\n<p>Usaremos su informaci\u00f3n m\u00e9dica para fines de pago:<br \/>\nPara poder determinar su elegibilidad para equipos y\/o insumos, SleepQuest podr\u00e1 contactarse con su compa\u00f1\u00eda de seguro y divulgar informaci\u00f3n relacionada con atenci\u00f3n m\u00e9dica. Adem\u00e1s, SleepQuest le facturar\u00e1 a usted o a un tercero pagador los servicios que usted reciba de nuestra compa\u00f1\u00eda. En esta factura se podr\u00e1 incluir informaci\u00f3n m\u00e9dica que lo identifique, su diagn\u00f3stico, equipos e insumos.<\/p>\n<p>Usaremos su informaci\u00f3n m\u00e9dica para fines de atenci\u00f3n m\u00e9dica:<br \/>\nSleepQuest podr\u00e1 usar su informaci\u00f3n m\u00e9dica para evaluar la calidad de la atenci\u00f3n que usted recibe de nosotros, para realizar evaluaciones de gesti\u00f3n de costos, y para planificar actividades comerciales. Esta informaci\u00f3n se usa para mejorar continuamente la calidad y la efectividad de los servicios de salud que proporcionamos.<\/p>\n<h3>Otros Usos o Divulgaciones:<\/h3>\n<p>Asociados Comerciales:<br \/>\nHay muchas personas que est\u00e1n bajo contrato con SleepQuest y que, de vez en cuando, se involucran para mejorar los resultados financieros de nuestra empresa. Entonces, para que su informaci\u00f3n m\u00e9dica est\u00e9 protegida, igualmente as\u00ed requerimos que los asociados comerciales salvaguarden apropiadamente su informaci\u00f3n.<\/p>\n<p>Salud P\u00fablica:<br \/>\nComo lo exige la ley, podremos divulgar su informaci\u00f3n m\u00e9dica a autoridades de salud p\u00fablica o entidades encargadas de prevenir o controlar enfermedades, lesiones o discapacidades.<\/p>\n<p>Orden P\u00fablico:<br \/>\nPodremos divulgar informaci\u00f3n m\u00e9dica para fines de orden p\u00fablico como lo exige la ley, o en respuesta a una citaci\u00f3n v\u00e1lida.<\/p>\n<p>Actividades de Vigilancia Sanitaria:<br \/>\nPodremos divulgar informaci\u00f3n m\u00e9dica a agencias de vigilancia sanitaria para actividades autorizadas por ley, incluidos relevamientos, auditor\u00edas e inspecciones de cumplimiento.<\/p>\n<p>Prestaciones Sociales:<br \/>\nPodremos divulgar su informaci\u00f3n m\u00e9dica en la medida de lo necesario para cumplir con leyes relativas a prestaciones sociales o programas similares establecidos por ley.<\/p>\n<h3>Para m\u00e1s informaci\u00f3n:<\/h3>\n<p>Por favor, cont\u00e1ctese con el Funcionario de Privacidad de SleepQuest llamando al (800) 813-8358, si necesita m\u00e1s informaci\u00f3n o desea hacer valer sus derechos, tales como:<\/p>\n<p>\u00bb Solicitar restricciones;<br \/>\n\u00bb Inspeccionar y copiar su historial m\u00e9dico;<br \/>\n\u00bb Obtener un resumen de divulgaciones;<br \/>\n\u00bb Solicitar divulgaciones adicionales;<br \/>\n\u00bb Revocar autorizaciones en cualquier momento;<br \/>\n\u00bb Presentar una queja<\/p>\n<p>Si considera que sus derechos de privacidad han sido violados, puede contactarse con el Funcionario de Privacidad de nuestra compa\u00f1\u00eda. Tambi\u00e9n puede presentar una queja ante la Secretar\u00eda de Salud y Servicios Humanos (Oficina de Derechos Civiles).<br \/>\nNo se aplicar\u00e1n represalias por presentar una queja.<\/p>\n","protected":false},"excerpt":{"rendered":"<p>Aviso de Pr\u00e1cticas de Privacidad (HIPAA) ESTE AVISO DESCRIBE C\u00d3MO PODR\u00cdA USARSE Y DIVULGARSE LA INFORMACI\u00d3N SOBRE SUTED Y C\u00d3MO<\/p>\n","protected":false},"author":1,"featured_media":0,"parent":0,"menu_order":0,"comment_status":"closed","ping_status":"closed","template":"","meta":{"_acf_changed":false,"footnotes":""},"class_list":["post-2366","page","type-page","status-publish","hentry"],"acf":[],"yoast_head":"<!-- This site is optimized with the Yoast SEO plugin v27.4 - https:\/\/yoast.com\/product\/yoast-seo-wordpress\/ -->\n<title>Aviso de Privacidad de HIPAA - SleepQuest Online Store<\/title>\n<meta name=\"robots\" content=\"index, follow, max-snippet:-1, max-image-preview:large, max-video-preview:-1\" \/>\n<link rel=\"canonical\" href=\"https:\/\/shop.sleepquest.com\/es\/aviso-de-privacidad-de-hipaa\/\" \/>\n<meta property=\"og:locale\" content=\"es_ES\" \/>\n<meta property=\"og:type\" content=\"article\" \/>\n<meta property=\"og:title\" content=\"Aviso de Privacidad de HIPAA - SleepQuest Online Store\" \/>\n<meta property=\"og:description\" content=\"Aviso de Pr\u00e1cticas de Privacidad (HIPAA) ESTE AVISO DESCRIBE C\u00d3MO PODR\u00cdA USARSE Y DIVULGARSE LA INFORMACI\u00d3N SOBRE SUTED Y C\u00d3MO\" \/>\n<meta property=\"og:url\" content=\"https:\/\/shop.sleepquest.com\/es\/aviso-de-privacidad-de-hipaa\/\" \/>\n<meta property=\"og:site_name\" content=\"SleepQuest Online Store\" \/>\n<meta property=\"article:publisher\" content=\"https:\/\/www.facebook.com\/sleepquest\" \/>\n<meta property=\"article:modified_time\" content=\"2024-08-14T10:01:24+00:00\" \/>\n<meta property=\"og:image\" content=\"https:\/\/shop.sleepquest.com\/wp-content\/uploads\/2024\/05\/fav.png\" \/>\n\t<meta property=\"og:image:width\" content=\"512\" \/>\n\t<meta property=\"og:image:height\" content=\"512\" \/>\n\t<meta property=\"og:image:type\" content=\"image\/png\" \/>\n<meta name=\"twitter:card\" content=\"summary_large_image\" \/>\n<meta name=\"twitter:site\" content=\"@sleepquest\" \/>\n<meta name=\"twitter:label1\" content=\"Tiempo de lectura\" \/>\n\t<meta name=\"twitter:data1\" content=\"4 minutos\" \/>\n<script type=\"application\/ld+json\" class=\"yoast-schema-graph\">{\"@context\":\"https:\\\/\\\/schema.org\",\"@graph\":[{\"@type\":\"WebPage\",\"@id\":\"https:\\\/\\\/shop.sleepquest.com\\\/es\\\/aviso-de-privacidad-de-hipaa\\\/\",\"url\":\"https:\\\/\\\/shop.sleepquest.com\\\/es\\\/aviso-de-privacidad-de-hipaa\\\/\",\"name\":\"Aviso de Privacidad de HIPAA - SleepQuest Online Store\",\"isPartOf\":{\"@id\":\"https:\\\/\\\/shop.sleepquest.com\\\/es\\\/#website\"},\"datePublished\":\"2024-05-30T13:09:00+00:00\",\"dateModified\":\"2024-08-14T10:01:24+00:00\",\"breadcrumb\":{\"@id\":\"https:\\\/\\\/shop.sleepquest.com\\\/es\\\/aviso-de-privacidad-de-hipaa\\\/#breadcrumb\"},\"inLanguage\":\"es\",\"potentialAction\":[{\"@type\":\"ReadAction\",\"target\":[\"https:\\\/\\\/shop.sleepquest.com\\\/es\\\/aviso-de-privacidad-de-hipaa\\\/\"]}]},{\"@type\":\"BreadcrumbList\",\"@id\":\"https:\\\/\\\/shop.sleepquest.com\\\/es\\\/aviso-de-privacidad-de-hipaa\\\/#breadcrumb\",\"itemListElement\":[{\"@type\":\"ListItem\",\"position\":1,\"name\":\"Home\",\"item\":\"https:\\\/\\\/shop.sleepquest.com\\\/es\\\/\"},{\"@type\":\"ListItem\",\"position\":2,\"name\":\"Aviso de Privacidad de HIPAA\"}]},{\"@type\":\"WebSite\",\"@id\":\"https:\\\/\\\/shop.sleepquest.com\\\/es\\\/#website\",\"url\":\"https:\\\/\\\/shop.sleepquest.com\\\/es\\\/\",\"name\":\"SleepQuest Online Store\",\"description\":\"\",\"publisher\":{\"@id\":\"https:\\\/\\\/shop.sleepquest.com\\\/es\\\/#organization\"},\"potentialAction\":[{\"@type\":\"SearchAction\",\"target\":{\"@type\":\"EntryPoint\",\"urlTemplate\":\"https:\\\/\\\/shop.sleepquest.com\\\/es\\\/?s={search_term_string}\"},\"query-input\":{\"@type\":\"PropertyValueSpecification\",\"valueRequired\":true,\"valueName\":\"search_term_string\"}}],\"inLanguage\":\"es\"},{\"@type\":\"Organization\",\"@id\":\"https:\\\/\\\/shop.sleepquest.com\\\/es\\\/#organization\",\"name\":\"SleepQuest\",\"alternateName\":\"SleepQuest Online Store\",\"url\":\"https:\\\/\\\/shop.sleepquest.com\\\/es\\\/\",\"logo\":{\"@type\":\"ImageObject\",\"inLanguage\":\"es\",\"@id\":\"https:\\\/\\\/shop.sleepquest.com\\\/es\\\/#\\\/schema\\\/logo\\\/image\\\/\",\"url\":\"https:\\\/\\\/shop.sleepquest.com\\\/wp-content\\\/uploads\\\/2024\\\/05\\\/fav.png\",\"contentUrl\":\"https:\\\/\\\/shop.sleepquest.com\\\/wp-content\\\/uploads\\\/2024\\\/05\\\/fav.png\",\"width\":512,\"height\":512,\"caption\":\"SleepQuest\"},\"image\":{\"@id\":\"https:\\\/\\\/shop.sleepquest.com\\\/es\\\/#\\\/schema\\\/logo\\\/image\\\/\"},\"sameAs\":[\"https:\\\/\\\/www.facebook.com\\\/sleepquest\",\"https:\\\/\\\/x.com\\\/sleepquest\"]}]}<\/script>\n<!-- \/ Yoast SEO plugin. -->","yoast_head_json":{"title":"Aviso de Privacidad de HIPAA - SleepQuest Online Store","robots":{"index":"index","follow":"follow","max-snippet":"max-snippet:-1","max-image-preview":"max-image-preview:large","max-video-preview":"max-video-preview:-1"},"canonical":"https:\/\/shop.sleepquest.com\/es\/aviso-de-privacidad-de-hipaa\/","og_locale":"es_ES","og_type":"article","og_title":"Aviso de Privacidad de HIPAA - SleepQuest Online Store","og_description":"Aviso de Pr\u00e1cticas de Privacidad (HIPAA) ESTE AVISO DESCRIBE C\u00d3MO PODR\u00cdA USARSE Y DIVULGARSE LA INFORMACI\u00d3N SOBRE SUTED Y C\u00d3MO","og_url":"https:\/\/shop.sleepquest.com\/es\/aviso-de-privacidad-de-hipaa\/","og_site_name":"SleepQuest Online Store","article_publisher":"https:\/\/www.facebook.com\/sleepquest","article_modified_time":"2024-08-14T10:01:24+00:00","og_image":[{"width":512,"height":512,"url":"https:\/\/shop.sleepquest.com\/wp-content\/uploads\/2024\/05\/fav.png","type":"image\/png"}],"twitter_card":"summary_large_image","twitter_site":"@sleepquest","twitter_misc":{"Tiempo de lectura":"4 minutos"},"schema":{"@context":"https:\/\/schema.org","@graph":[{"@type":"WebPage","@id":"https:\/\/shop.sleepquest.com\/es\/aviso-de-privacidad-de-hipaa\/","url":"https:\/\/shop.sleepquest.com\/es\/aviso-de-privacidad-de-hipaa\/","name":"Aviso de Privacidad de HIPAA - SleepQuest Online Store","isPartOf":{"@id":"https:\/\/shop.sleepquest.com\/es\/#website"},"datePublished":"2024-05-30T13:09:00+00:00","dateModified":"2024-08-14T10:01:24+00:00","breadcrumb":{"@id":"https:\/\/shop.sleepquest.com\/es\/aviso-de-privacidad-de-hipaa\/#breadcrumb"},"inLanguage":"es","potentialAction":[{"@type":"ReadAction","target":["https:\/\/shop.sleepquest.com\/es\/aviso-de-privacidad-de-hipaa\/"]}]},{"@type":"BreadcrumbList","@id":"https:\/\/shop.sleepquest.com\/es\/aviso-de-privacidad-de-hipaa\/#breadcrumb","itemListElement":[{"@type":"ListItem","position":1,"name":"Home","item":"https:\/\/shop.sleepquest.com\/es\/"},{"@type":"ListItem","position":2,"name":"Aviso de Privacidad de HIPAA"}]},{"@type":"WebSite","@id":"https:\/\/shop.sleepquest.com\/es\/#website","url":"https:\/\/shop.sleepquest.com\/es\/","name":"SleepQuest Online Store","description":"","publisher":{"@id":"https:\/\/shop.sleepquest.com\/es\/#organization"},"potentialAction":[{"@type":"SearchAction","target":{"@type":"EntryPoint","urlTemplate":"https:\/\/shop.sleepquest.com\/es\/?s={search_term_string}"},"query-input":{"@type":"PropertyValueSpecification","valueRequired":true,"valueName":"search_term_string"}}],"inLanguage":"es"},{"@type":"Organization","@id":"https:\/\/shop.sleepquest.com\/es\/#organization","name":"SleepQuest","alternateName":"SleepQuest Online Store","url":"https:\/\/shop.sleepquest.com\/es\/","logo":{"@type":"ImageObject","inLanguage":"es","@id":"https:\/\/shop.sleepquest.com\/es\/#\/schema\/logo\/image\/","url":"https:\/\/shop.sleepquest.com\/wp-content\/uploads\/2024\/05\/fav.png","contentUrl":"https:\/\/shop.sleepquest.com\/wp-content\/uploads\/2024\/05\/fav.png","width":512,"height":512,"caption":"SleepQuest"},"image":{"@id":"https:\/\/shop.sleepquest.com\/es\/#\/schema\/logo\/image\/"},"sameAs":["https:\/\/www.facebook.com\/sleepquest","https:\/\/x.com\/sleepquest"]}]}},"_links":{"self":[{"href":"https:\/\/shop.sleepquest.com\/es\/wp-json\/wp\/v2\/pages\/2366","targetHints":{"allow":["GET"]}}],"collection":[{"href":"https:\/\/shop.sleepquest.com\/es\/wp-json\/wp\/v2\/pages"}],"about":[{"href":"https:\/\/shop.sleepquest.com\/es\/wp-json\/wp\/v2\/types\/page"}],"author":[{"embeddable":true,"href":"https:\/\/shop.sleepquest.com\/es\/wp-json\/wp\/v2\/users\/1"}],"replies":[{"embeddable":true,"href":"https:\/\/shop.sleepquest.com\/es\/wp-json\/wp\/v2\/comments?post=2366"}],"version-history":[{"count":0,"href":"https:\/\/shop.sleepquest.com\/es\/wp-json\/wp\/v2\/pages\/2366\/revisions"}],"wp:attachment":[{"href":"https:\/\/shop.sleepquest.com\/es\/wp-json\/wp\/v2\/media?parent=2366"}],"curies":[{"name":"wp","href":"https:\/\/api.w.org\/{rel}","templated":true}]}}