{"id":2365,"date":"2024-05-07T08:07:00","date_gmt":"2024-05-07T15:07:00","guid":{"rendered":"https:\/\/shop.sleepquest.com\/sobre-nosotros\/"},"modified":"2024-08-14T09:24:13","modified_gmt":"2024-08-14T09:24:13","slug":"sobre-nosotros","status":"publish","type":"page","link":"https:\/\/shop.sleepquest.com\/es\/sobre-nosotros\/","title":{"rendered":"Sobre nosotros"},"content":{"rendered":"<section id=\"page-header\" class=\"content-section py-2 py-md-3\" style=\"background-image:url(https:\/\/shop.sleepquest.com\/wp-content\/uploads\/2024\/05\/about-us-ph.jpg);\">\n<div class=\"container gx-lg-2\">\n    <div class=\"row justify-content-start gx-lg-2 justify-content-start\">\n\t\t\n<div class=\"col-12 col-lg-5 col-md-7\">\n\t<div class=\"fw-heading fw-heading-h1 \" >\n        <h1 class='fw-special-title text-primary'><span>Compre en l\u00ednea con SleepQuest \u00a1Un pionero en el cuidado del sue\u00f1o!<\/span><\/h1>    <\/div><div class=\"text-block\" >\n    <p>SleepQuest es l\u00edder en el tratamiento de la apnea del sue\u00f1o, con 25 a\u00f1os de experiencia. Trabajamos todos los d\u00edas para garantizar que los millones de estadounidenses que padecen trastornos del sue\u00f1o tengan acceso a la atenci\u00f3n del sue\u00f1o. Trabajamos para cumplir la misi\u00f3n del Dr. William Dement, el padre de la medicina del sue\u00f1o, quien cre\u00eda que existe un imperativo moral para tratar a los millones de personas que sufren en silencio. Hicimos campa\u00f1a por un sistema m\u00e1s inteligente y luego creamos uno nosotros mismos.<\/p><\/div>\n<div class=\"btn-wrp\">\n    <a href=\"https:\/\/shop.sleepquest.com\/es\/colecciones\/\" target=\"_self\" class=\"btn btn-secondary\">\n\t<span>M\u00c1S INFORMACI\u00d3N SOBRE SLEEPQUEST<\/span>\n    <\/a>\n<\/div><\/div>\n\n    <\/div>\n<\/div>\n<\/section>\n<section id=\"about-us\" class=\"content-section pt-3 pt-md-4 pb-2 pb-md-3\" >\n<div class=\"container gx-lg-4\">\n    <div class=\"row gx-lg-4\">\n\t\t\n<div class=\"col-12 text-center\">\n\t<div class=\"fw-heading fw-heading-h2 \" >\n        <h2 class='fw-special-title text-uppercase mb-1 mb-md-2'><span>ACERCA DE NUESTRA EMPRESA<\/span><\/h2>    <\/div><\/div>\n\n\n<div class=\"col-12 col-lg-6 text-center mb-lg-0 mb-2\">\n\t<div class=\"img-box mb-2\"><img loading=\"lazy\" decoding=\"async\" width=\"320\" height=\"320\" src=\"https:\/\/shop.sleepquest.com\/wp-content\/uploads\/2024\/05\/Robert-Koenigsberg.jpg\" class=\"img-fluid rounded\" alt=\"Robert Koenigsberg\" srcset=\"https:\/\/shop.sleepquest.com\/wp-content\/uploads\/2024\/05\/Robert-Koenigsberg.jpg 320w, https:\/\/shop.sleepquest.com\/wp-content\/uploads\/2024\/05\/Robert-Koenigsberg-280x280.jpg 280w, https:\/\/shop.sleepquest.com\/wp-content\/uploads\/2024\/05\/Robert-Koenigsberg-300x300.jpg 300w\" sizes=\"auto, (max-width: 320px) 100vw, 320px\" \/><\/div><div class=\"text-block mx-auto\" style=\"max-width: 34rem\">\n    <p>Cuando <strong>Robert Koenigsberg<\/strong> fund\u00f3 SleepQuest dos d\u00e9cadas atr\u00e1s, el diagn\u00f3stico y el tratamiento de la apnea del sue\u00f1o estaban desarticulados, no existiendo ninguna opci\u00f3n de bajo costo que ayudara a los pacientes a cumplir con sus tratamiento.<\/p><p>Robert Koenigsberg \u2013 v\u00edctima de la apnea del sue\u00f1o en carne propia \u2013 quer\u00eda crear un proceso de diagn\u00f3stico y tratamiento en el hogar m\u00e1s integrado y personalizado que se enfocara en el bienestar y confort del paciente.<\/p><\/div><\/div><div class=\"col-12 col-lg-6 text-center\">\n\t<div class=\"img-box mb-2\"><img loading=\"lazy\" decoding=\"async\" width=\"320\" height=\"320\" src=\"https:\/\/shop.sleepquest.com\/wp-content\/uploads\/2024\/05\/Dr-William-Dement.jpg\" class=\"img-fluid rounded\" alt=\"Dr. William Dement\" srcset=\"https:\/\/shop.sleepquest.com\/wp-content\/uploads\/2024\/05\/Dr-William-Dement.jpg 320w, https:\/\/shop.sleepquest.com\/wp-content\/uploads\/2024\/05\/Dr-William-Dement-280x280.jpg 280w, https:\/\/shop.sleepquest.com\/wp-content\/uploads\/2024\/05\/Dr-William-Dement-300x300.jpg 300w\" sizes=\"auto, (max-width: 320px) 100vw, 320px\" \/><\/div><div class=\"text-block mx-auto\" style=\"max-width: 34rem\">\n    <p>Trabajando con respetados expertos, SleepQuest fue pionera de un sistema singular que utiliza pruebas y tratamientos en el hogar \u2013 y que empodera a los m\u00e9dicos cl\u00ednicos a controlar m\u00e9dicamente a sus pacientes con apnea del sue\u00f1o.<\/p><p>Junto con el <strong>Dr. William Dement<\/strong>, Robert fund\u00f3 SleepQuest como complemento de los laboratorios del sue\u00f1o ya existentes para llevar tratamiento y alivio a m\u00e1s gente.<\/p><\/div><\/div>\n\n    <\/div>\n<\/div>\n<\/section>\n<section class=\"content-section bg-img-left py-1 py-md-2\" style=\"background-image:url(https:\/\/shop.sleepquest.com\/wp-content\/uploads\/2024\/05\/Consultative-Approach.jpg);\">\n<div class=\"container gx-lg-2\">\n    <div class=\"row justify-content-end gx-lg-2 justify-content-end\">\n\t\t\n<div class=\"col-12 col-lg-7 col-md-6\">\n\t<div class=\"fw-heading fw-heading-h2 \" >\n        <h2 class='fw-special-title'><span>Enfoque Consultivo<\/span><\/h2>    <\/div><div class=\"text-block\" >\n    <p>En SleepQuest, adoptamos un enfoque consultivo y hol\u00edstico que produce un mejor acceso, un mejor tratamiento y mejores resultados. Nuestro equipo de expertos en el sue\u00f1o monitorea los datos y el cumplimiento e interact\u00faa con los pacientes durante todo el proceso de cuidado y tratamiento.<\/p><\/div><\/div>\n\n    <\/div>\n<\/div>\n<\/section>\n<section class=\"content-section bg-img-right py-1 py-md-2\" style=\"background-image:url(https:\/\/shop.sleepquest.com\/wp-content\/uploads\/2024\/05\/The-Sleep-Health-Experts.jpg);\">\n<div class=\"container gx-lg-2\">\n    <div class=\"row justify-content-start gx-lg-2 justify-content-start\">\n\t\t\n<div class=\"col-12 col-lg-7 col-md-6\">\n\t<div class=\"fw-heading fw-heading-h2 \" >\n        <h2 class='fw-special-title'><span>Los Expertos En Salud Del Sue\u00f1o<\/span><\/h2>    <\/div><div class=\"text-block\" >\n    <p>En las \u00faltimas dos d\u00e9cadas, los profesionales de SleepQuest se han ganado una reputaci\u00f3n como expertos en salud del sue\u00f1o. Nuestro equipo de doctores en sue\u00f1o certificados por la junta m\u00e9dica y nuestros especialistas en el proceso de cuidados aplican un enfoque eficiente y altamente efectivo del diagn\u00f3stico y tratamiento de la apnea del sue\u00f1o.<\/p><\/div><\/div>\n\n    <\/div>\n<\/div>\n<\/section>\n<section class=\"content-section bg-img-left py-1\" style=\"background-image:url(https:\/\/shop.sleepquest.com\/wp-content\/uploads\/2024\/05\/complete-privacy.jpg);\">\n<div class=\"container gx-lg-2\">\n    <div class=\"row justify-content-end gx-lg-2 justify-content-end\">\n\t\t\n<div class=\"col-12 col-lg-7 col-md-6\">\n\t<div class=\"text-block mb-1\" >\n    <p>Y lo que es m\u00e1s importante de todo, proporcionamos un diagn\u00f3stico y tratamiento accesible y efectivo as\u00ed como tambi\u00e9n aconsejamos a los que sufren de apnea del sue\u00f1o, para que puedan recuperar su salud y felicidad. SleepQuest es un Proveedor Autorizado de Internet de ResMed, Philips Respironics, y Fisher & Paykel Healthcare. \u00bfNo quiere usar su seguro para comprar un CPAP?<\/p><\/div>\n<div class=\"btn-wrp\">\n    <a href=\"https:\/\/shop.sleepquest.com\/es\/colecciones\/\" target=\"_self\" class=\"btn btn-outline-primary\">\n\t<span>Haga sus compras aqu\u00ed para tener total privacidad.<\/span>\n    <\/a>\n<\/div><\/div>\n\n    <\/div>\n<\/div>\n<\/section>\n<section class=\"content-section bg-img-right py-1 py-md-2\" style=\"background-image:url(https:\/\/shop.sleepquest.com\/wp-content\/uploads\/2024\/05\/In-Home-Sleep-Test.jpg);\">\n<div class=\"container gx-lg-2\">\n    <div class=\"row justify-content-start gx-lg-2 justify-content-start\">\n\t\t\n<div class=\"col-12 col-lg-7 col-md-6\">\n\t<div class=\"text-block\" >\n    <p>En nuestra tienda en l\u00ednea, encontrar\u00e1 una l\u00ednea completa de insumos a la medida de sus necesidades, la Prueba del Sue\u00f1o en el Hogar, el Tratamiento con CPAP (forros para m\u00e1scaras, humidificadores y m\u00e1s) y suministros de repuesto.<\/p><\/div><\/div>\n\n    <\/div>\n<\/div>\n<\/section>\n<section id=\"authorized-provider\" class=\"content-section py-2 py-md-3\" >\n<div class=\"container gx-lg-2\">\n    <div class=\"row gx-lg-2\">\n\t\t\n<div class=\"col-12 text-center\">\n\t<div class=\"fw-heading fw-heading-h2 \" >\n        <h2 class='fw-special-title h1'><span>\u00a1Bienvenido a nuestra Tienda OnLine!<\/span><\/h2>    <\/div><div class=\"text-block mb-2\" >\n    <p>SleepQuest es un proveedor autorizado de Internet para ResMed, Philips Respironics y Fisher & Paykel Healthcare.<\/p><\/div><div class=\"img-box \"><img loading=\"lazy\" decoding=\"async\" width=\"680\" height=\"66\" src=\"https:\/\/shop.sleepquest.com\/wp-content\/uploads\/2024\/05\/authorized-provider.png\" class=\"img-fluid\" alt=\"Authorized Internet Provider\" srcset=\"https:\/\/shop.sleepquest.com\/wp-content\/uploads\/2024\/05\/authorized-provider.png 680w, https:\/\/shop.sleepquest.com\/wp-content\/uploads\/2024\/05\/authorized-provider-337x33.png 337w, https:\/\/shop.sleepquest.com\/wp-content\/uploads\/2024\/05\/authorized-provider-600x58.png 600w\" sizes=\"auto, (max-width: 680px) 100vw, 680px\" \/><\/div><\/div>\n\n    <\/div>\n<\/div>\n<\/section>\n<section class=\"content-section pb-2 pb-md-3\" >\n<div class=\"container gx-lg-2\">\n    <div class=\"row gx-lg-2\">\n\t\t\n<div class=\"col-12\">\n\t<div class=\"payments-accepted\">\n    <div class=\"row\">\n        <div class=\"col-md-6 col-lg-4 offset-lg-4\">\n            <p>Para todos los servicios se requiere una prescripci\u00f3n de un m\u00e9dico autorizado.<\/p>\n            <p class=\"mb-0\">Nuestra tienda en l\u00ednea es para los clientes que prefieren no utilizar el seguro para pagar los dispositivos y suministros de CPAP.<\/p>\n        <\/div>\n        <div class=\"col-md-6 col-lg-4 hsa\">\n            <svg id=\"payments-accepted\" xmlns=\"http:\/\/www.w3.org\/2000\/svg\" viewBox=\"0 0 480.72 488\" fill=\"#fff\">\n                <path d=\"m23.4,488c-6.46-1.76-12.71-3.85-17.23-9.29C1.31,472.87,0,466.09,0,458.69c.08-69.66.04-139.32.04-208.98,0-23.5-.02-47,0-70.49.03-18.78,10.27-28.99,29.09-28.99,71.5-.01,143,0,214.5,0h4.25c5.28,10.79,10.29,21.02,15.5,31.67H32.53v58.92h416.13c0-8.08-.12-16.02.09-23.95.05-1.76.72-4.16,1.98-5.12,11.5-8.81,20.91-19.47,29.7-32.88,0,3.1,0,4.8,0,6.51,0,91.33,0,182.65,0,273.98,0,15.42-6.8,24.11-21.72,27.91-.45.12-.84.5-1.26.76H23.4Zm9.13-32.34h415.78v-149.39H32.53v149.39Z\" stroke-width=\"0\"><\/path>\n                <path d=\"m377.44,0c7.65,1.42,15.42,2.35,22.92,4.32,48.37,12.76,82.15,58.62,80.3,108.64-1.98,53.25-40.5,96.56-93.2,104.78-56.91,8.88-112.67-30.81-123.04-87.58-11.35-62.12,30.31-120.01,92.77-128.91,2.75-.39,5.5-.84,8.25-1.25,4,0,8,0,12,0Zm-20.72,123.88c-8.66-8.75-17.03-17.32-25.52-25.77-6.44-6.41-15.33-6.89-20.92-1.3-5.66,5.65-5.21,14.38,1.24,20.89,10.19,10.29,20.43,20.53,30.71,30.73,8.28,8.21,19.94,8.63,28.81,1.03,2.9-2.49,5.57-5.25,8.31-7.92,17.37-17,34.7-34.03,52.09-51.01,3.62-3.54,6.09-7.56,5.61-12.76-.53-5.75-3.36-10.15-8.93-12.14-5.83-2.09-11.08-.85-15.57,3.57-18.41,18.07-36.85,36.11-55.81,54.68Z\" stroke-width=\"0\"><\/path>\n                <path d=\"m140.42,343.08c7.29-5.56,15.06-9.38,24.13-10.25,20.33-1.94,36.34,5.52,46.85,22.9,10.53,17.42,9.71,35.35-1.69,52.11-14.82,21.78-43.68,26.95-65.67,12.21-2.87-1.92-4.61-1.77-7.35.1-16.32,11.16-37.94,10.91-53.82-.38-16.4-11.66-23.92-31.7-19.14-50.95,4.74-19.1,20.9-33.31,40.24-35.95,13.53-1.85,25.24,2.15,36.45,10.22Z\" stroke-width=\"0\"><\/path>\n            <\/svg>\n            <h2>Se aceptan pagos<br> HSA y FSA<\/h2>\n        <\/div>\n    <\/div>\n<\/div>\n<\/div>\n\n    <\/div>\n<\/div>\n<\/section>\n<section id=\"talk-expert\" class=\"content-section py-1 py-md-2\" >\n<div class=\"container gx-lg-4\">\n    <div class=\"row gx-lg-4\">\n\t\t\n<div class=\"col-12 text-center\">\n\t<div class=\"fw-heading fw-heading-h2 \" >\n        <h2 class='fw-special-title'><span>Si tiene alguna pregunta, p\u00f3ngase en contacto con nuestro atento personal de atenci\u00f3n al cliente <\/span><\/h2>    <\/div><\/div>\n\n\n<div class=\"col-12 col-lg-6\">\n\t\n<a href=\"tel:6505179495\"><svg class=\"icon\"><use xlink:href=\"#phone\"><\/use><\/svg> 650-517-9495<\/a><\/div><div class=\"col-12 col-lg-6\">\n\t\n<a href=\"mailto:informacion@sleepquest.com\"><svg class=\"icon\"><use xlink:href=\"#mail\"><\/use><\/svg> informacion@sleepquest.com<\/a><\/div>\n\n    <\/div>\n<\/div>\n<\/section>\n\n","protected":false},"excerpt":{"rendered":"<p>Compre en l\u00ednea con SleepQuest \u00a1Un pionero en el cuidado del sue\u00f1o! SleepQuest es l\u00edder en el tratamiento de la<\/p>\n","protected":false},"author":1,"featured_media":0,"parent":0,"menu_order":0,"comment_status":"closed","ping_status":"closed","template":"","meta":{"_acf_changed":false,"footnotes":""},"class_list":["post-2365","page","type-page","status-publish","hentry"],"acf":[],"yoast_head":"<!-- This site is optimized with the Yoast SEO plugin v27.3 - https:\/\/yoast.com\/product\/yoast-seo-wordpress\/ -->\n<title>Sobre nosotros - SleepQuest Online Store<\/title>\n<meta name=\"description\" content=\"La tienda online SleepQuest vende m\u00e1quinas CPAP, humidificadores, interfaces, mascarillas y suministros utilizados en el tratamiento de la apnea del sue\u00f1o. Disponemos de ResMed, Respironics y Fisher Paykel.\" \/>\n<meta name=\"robots\" content=\"index, follow, max-snippet:-1, max-image-preview:large, max-video-preview:-1\" \/>\n<link rel=\"canonical\" href=\"https:\/\/shop.sleepquest.com\/es\/sobre-nosotros\/\" \/>\n<meta property=\"og:locale\" content=\"es_ES\" \/>\n<meta property=\"og:type\" content=\"article\" \/>\n<meta property=\"og:title\" content=\"Sobre nosotros - SleepQuest Online Store\" \/>\n<meta property=\"og:description\" content=\"La tienda online SleepQuest vende m\u00e1quinas CPAP, humidificadores, interfaces, mascarillas y suministros utilizados en el tratamiento de la apnea del sue\u00f1o. Disponemos de ResMed, Respironics y Fisher Paykel.\" \/>\n<meta property=\"og:url\" content=\"https:\/\/shop.sleepquest.com\/es\/sobre-nosotros\/\" \/>\n<meta property=\"og:site_name\" content=\"SleepQuest Online Store\" \/>\n<meta property=\"article:publisher\" content=\"https:\/\/www.facebook.com\/sleepquest\" \/>\n<meta property=\"article:modified_time\" content=\"2024-08-14T09:24:13+00:00\" \/>\n<meta property=\"og:image\" content=\"https:\/\/shop.sleepquest.com\/wp-content\/uploads\/2024\/05\/Robert-Koenigsberg.jpg\" \/>\n<meta name=\"twitter:card\" content=\"summary_large_image\" \/>\n<meta name=\"twitter:site\" content=\"@sleepquest\" \/>\n<meta name=\"twitter:label1\" content=\"Tiempo de lectura\" \/>\n\t<meta name=\"twitter:data1\" content=\"3 minutos\" \/>\n<script type=\"application\/ld+json\" class=\"yoast-schema-graph\">{\"@context\":\"https:\\\/\\\/schema.org\",\"@graph\":[{\"@type\":\"WebPage\",\"@id\":\"https:\\\/\\\/shop.sleepquest.com\\\/es\\\/sobre-nosotros\\\/\",\"url\":\"https:\\\/\\\/shop.sleepquest.com\\\/es\\\/sobre-nosotros\\\/\",\"name\":\"Sobre nosotros - SleepQuest Online Store\",\"isPartOf\":{\"@id\":\"https:\\\/\\\/shop.sleepquest.com\\\/es\\\/#website\"},\"primaryImageOfPage\":{\"@id\":\"https:\\\/\\\/shop.sleepquest.com\\\/es\\\/sobre-nosotros\\\/#primaryimage\"},\"image\":{\"@id\":\"https:\\\/\\\/shop.sleepquest.com\\\/es\\\/sobre-nosotros\\\/#primaryimage\"},\"thumbnailUrl\":\"https:\\\/\\\/shop.sleepquest.com\\\/wp-content\\\/uploads\\\/2024\\\/05\\\/Robert-Koenigsberg.jpg\",\"datePublished\":\"2024-05-07T15:07:00+00:00\",\"dateModified\":\"2024-08-14T09:24:13+00:00\",\"description\":\"La tienda online SleepQuest vende m\u00e1quinas CPAP, humidificadores, interfaces, mascarillas y suministros utilizados en el tratamiento de la apnea del sue\u00f1o. Disponemos de ResMed, Respironics y Fisher Paykel.\",\"breadcrumb\":{\"@id\":\"https:\\\/\\\/shop.sleepquest.com\\\/es\\\/sobre-nosotros\\\/#breadcrumb\"},\"inLanguage\":\"es\",\"potentialAction\":[{\"@type\":\"ReadAction\",\"target\":[\"https:\\\/\\\/shop.sleepquest.com\\\/es\\\/sobre-nosotros\\\/\"]}]},{\"@type\":\"ImageObject\",\"inLanguage\":\"es\",\"@id\":\"https:\\\/\\\/shop.sleepquest.com\\\/es\\\/sobre-nosotros\\\/#primaryimage\",\"url\":\"https:\\\/\\\/shop.sleepquest.com\\\/wp-content\\\/uploads\\\/2024\\\/05\\\/Robert-Koenigsberg.jpg\",\"contentUrl\":\"https:\\\/\\\/shop.sleepquest.com\\\/wp-content\\\/uploads\\\/2024\\\/05\\\/Robert-Koenigsberg.jpg\"},{\"@type\":\"BreadcrumbList\",\"@id\":\"https:\\\/\\\/shop.sleepquest.com\\\/es\\\/sobre-nosotros\\\/#breadcrumb\",\"itemListElement\":[{\"@type\":\"ListItem\",\"position\":1,\"name\":\"Home\",\"item\":\"https:\\\/\\\/shop.sleepquest.com\\\/es\\\/\"},{\"@type\":\"ListItem\",\"position\":2,\"name\":\"Sobre nosotros\"}]},{\"@type\":\"WebSite\",\"@id\":\"https:\\\/\\\/shop.sleepquest.com\\\/es\\\/#website\",\"url\":\"https:\\\/\\\/shop.sleepquest.com\\\/es\\\/\",\"name\":\"SleepQuest Online Store\",\"description\":\"\",\"publisher\":{\"@id\":\"https:\\\/\\\/shop.sleepquest.com\\\/es\\\/#organization\"},\"potentialAction\":[{\"@type\":\"SearchAction\",\"target\":{\"@type\":\"EntryPoint\",\"urlTemplate\":\"https:\\\/\\\/shop.sleepquest.com\\\/es\\\/?s={search_term_string}\"},\"query-input\":{\"@type\":\"PropertyValueSpecification\",\"valueRequired\":true,\"valueName\":\"search_term_string\"}}],\"inLanguage\":\"es\"},{\"@type\":\"Organization\",\"@id\":\"https:\\\/\\\/shop.sleepquest.com\\\/es\\\/#organization\",\"name\":\"SleepQuest\",\"alternateName\":\"SleepQuest Online Store\",\"url\":\"https:\\\/\\\/shop.sleepquest.com\\\/es\\\/\",\"logo\":{\"@type\":\"ImageObject\",\"inLanguage\":\"es\",\"@id\":\"https:\\\/\\\/shop.sleepquest.com\\\/es\\\/#\\\/schema\\\/logo\\\/image\\\/\",\"url\":\"https:\\\/\\\/shop.sleepquest.com\\\/wp-content\\\/uploads\\\/2024\\\/05\\\/fav.png\",\"contentUrl\":\"https:\\\/\\\/shop.sleepquest.com\\\/wp-content\\\/uploads\\\/2024\\\/05\\\/fav.png\",\"width\":512,\"height\":512,\"caption\":\"SleepQuest\"},\"image\":{\"@id\":\"https:\\\/\\\/shop.sleepquest.com\\\/es\\\/#\\\/schema\\\/logo\\\/image\\\/\"},\"sameAs\":[\"https:\\\/\\\/www.facebook.com\\\/sleepquest\",\"https:\\\/\\\/x.com\\\/sleepquest\"]}]}<\/script>\n<!-- \/ Yoast SEO plugin. -->","yoast_head_json":{"title":"Sobre nosotros - SleepQuest Online Store","description":"La tienda online SleepQuest vende m\u00e1quinas CPAP, humidificadores, interfaces, mascarillas y suministros utilizados en el tratamiento de la apnea del sue\u00f1o. Disponemos de ResMed, Respironics y Fisher Paykel.","robots":{"index":"index","follow":"follow","max-snippet":"max-snippet:-1","max-image-preview":"max-image-preview:large","max-video-preview":"max-video-preview:-1"},"canonical":"https:\/\/shop.sleepquest.com\/es\/sobre-nosotros\/","og_locale":"es_ES","og_type":"article","og_title":"Sobre nosotros - SleepQuest Online Store","og_description":"La tienda online SleepQuest vende m\u00e1quinas CPAP, humidificadores, interfaces, mascarillas y suministros utilizados en el tratamiento de la apnea del sue\u00f1o. Disponemos de ResMed, Respironics y Fisher Paykel.","og_url":"https:\/\/shop.sleepquest.com\/es\/sobre-nosotros\/","og_site_name":"SleepQuest Online Store","article_publisher":"https:\/\/www.facebook.com\/sleepquest","article_modified_time":"2024-08-14T09:24:13+00:00","og_image":[{"url":"https:\/\/shop.sleepquest.com\/wp-content\/uploads\/2024\/05\/Robert-Koenigsberg.jpg","type":"","width":"","height":""}],"twitter_card":"summary_large_image","twitter_site":"@sleepquest","twitter_misc":{"Tiempo de lectura":"3 minutos"},"schema":{"@context":"https:\/\/schema.org","@graph":[{"@type":"WebPage","@id":"https:\/\/shop.sleepquest.com\/es\/sobre-nosotros\/","url":"https:\/\/shop.sleepquest.com\/es\/sobre-nosotros\/","name":"Sobre nosotros - SleepQuest Online Store","isPartOf":{"@id":"https:\/\/shop.sleepquest.com\/es\/#website"},"primaryImageOfPage":{"@id":"https:\/\/shop.sleepquest.com\/es\/sobre-nosotros\/#primaryimage"},"image":{"@id":"https:\/\/shop.sleepquest.com\/es\/sobre-nosotros\/#primaryimage"},"thumbnailUrl":"https:\/\/shop.sleepquest.com\/wp-content\/uploads\/2024\/05\/Robert-Koenigsberg.jpg","datePublished":"2024-05-07T15:07:00+00:00","dateModified":"2024-08-14T09:24:13+00:00","description":"La tienda online SleepQuest vende m\u00e1quinas CPAP, humidificadores, interfaces, mascarillas y suministros utilizados en el tratamiento de la apnea del sue\u00f1o. Disponemos de ResMed, Respironics y Fisher Paykel.","breadcrumb":{"@id":"https:\/\/shop.sleepquest.com\/es\/sobre-nosotros\/#breadcrumb"},"inLanguage":"es","potentialAction":[{"@type":"ReadAction","target":["https:\/\/shop.sleepquest.com\/es\/sobre-nosotros\/"]}]},{"@type":"ImageObject","inLanguage":"es","@id":"https:\/\/shop.sleepquest.com\/es\/sobre-nosotros\/#primaryimage","url":"https:\/\/shop.sleepquest.com\/wp-content\/uploads\/2024\/05\/Robert-Koenigsberg.jpg","contentUrl":"https:\/\/shop.sleepquest.com\/wp-content\/uploads\/2024\/05\/Robert-Koenigsberg.jpg"},{"@type":"BreadcrumbList","@id":"https:\/\/shop.sleepquest.com\/es\/sobre-nosotros\/#breadcrumb","itemListElement":[{"@type":"ListItem","position":1,"name":"Home","item":"https:\/\/shop.sleepquest.com\/es\/"},{"@type":"ListItem","position":2,"name":"Sobre nosotros"}]},{"@type":"WebSite","@id":"https:\/\/shop.sleepquest.com\/es\/#website","url":"https:\/\/shop.sleepquest.com\/es\/","name":"SleepQuest Online Store","description":"","publisher":{"@id":"https:\/\/shop.sleepquest.com\/es\/#organization"},"potentialAction":[{"@type":"SearchAction","target":{"@type":"EntryPoint","urlTemplate":"https:\/\/shop.sleepquest.com\/es\/?s={search_term_string}"},"query-input":{"@type":"PropertyValueSpecification","valueRequired":true,"valueName":"search_term_string"}}],"inLanguage":"es"},{"@type":"Organization","@id":"https:\/\/shop.sleepquest.com\/es\/#organization","name":"SleepQuest","alternateName":"SleepQuest Online Store","url":"https:\/\/shop.sleepquest.com\/es\/","logo":{"@type":"ImageObject","inLanguage":"es","@id":"https:\/\/shop.sleepquest.com\/es\/#\/schema\/logo\/image\/","url":"https:\/\/shop.sleepquest.com\/wp-content\/uploads\/2024\/05\/fav.png","contentUrl":"https:\/\/shop.sleepquest.com\/wp-content\/uploads\/2024\/05\/fav.png","width":512,"height":512,"caption":"SleepQuest"},"image":{"@id":"https:\/\/shop.sleepquest.com\/es\/#\/schema\/logo\/image\/"},"sameAs":["https:\/\/www.facebook.com\/sleepquest","https:\/\/x.com\/sleepquest"]}]}},"_links":{"self":[{"href":"https:\/\/shop.sleepquest.com\/es\/wp-json\/wp\/v2\/pages\/2365","targetHints":{"allow":["GET"]}}],"collection":[{"href":"https:\/\/shop.sleepquest.com\/es\/wp-json\/wp\/v2\/pages"}],"about":[{"href":"https:\/\/shop.sleepquest.com\/es\/wp-json\/wp\/v2\/types\/page"}],"author":[{"embeddable":true,"href":"https:\/\/shop.sleepquest.com\/es\/wp-json\/wp\/v2\/users\/1"}],"replies":[{"embeddable":true,"href":"https:\/\/shop.sleepquest.com\/es\/wp-json\/wp\/v2\/comments?post=2365"}],"version-history":[{"count":0,"href":"https:\/\/shop.sleepquest.com\/es\/wp-json\/wp\/v2\/pages\/2365\/revisions"}],"wp:attachment":[{"href":"https:\/\/shop.sleepquest.com\/es\/wp-json\/wp\/v2\/media?parent=2365"}],"curies":[{"name":"wp","href":"https:\/\/api.w.org\/{rel}","templated":true}]}}