{"id":2363,"date":"2024-05-29T09:19:58","date_gmt":"2024-05-29T09:19:58","guid":{"rendered":"https:\/\/shop.sleepquest.com\/politica-de-envios\/"},"modified":"2024-08-14T11:39:13","modified_gmt":"2024-08-14T11:39:13","slug":"politica-de-envios","status":"publish","type":"page","link":"https:\/\/shop.sleepquest.com\/es\/politica-de-envios\/","title":{"rendered":"Pol\u00edtica de Env\u00edos"},"content":{"rendered":"<section class=\"content-section pt-2 pt-md-3 pb-1\" >\n<div class=\"container gx-lg-4\">\n    <div class=\"row gx-lg-4\">\n\t\t\n<div class=\"col-12 text-center\">\n\t<div class=\"fw-heading fw-heading-h1 \" >\n        <h1 class='fw-special-title h2 text-uppercase mb-1 mb-md-2'><span>Pol\u00edtica de Env\u00edos<\/span><\/h1>    <\/div><\/div>\n\n    <\/div>\n<\/div>\n<\/section>\n<section id=\"shipping-1\" class=\"content-section bg-img-left py-1 py-md-2\" style=\"background-image:url(https:\/\/shop.sleepquest.com\/wp-content\/uploads\/2024\/06\/shipping-policy-bg-01.jpg);\">\n<div class=\"container gx-lg-2\">\n    <div class=\"row justify-content-end gx-lg-2 justify-content-end\">\n\t\t\n<div class=\"col-12 col-lg-7 col-md-6\">\n\t<div class=\"fw-heading fw-heading-h2 \" >\n        <h2 class='fw-special-title'><span>Plazos de procesamiento y surtido de pedidos<\/span><\/h2>    <\/div><div class=\"text-block\" >\n    <p>En SleepQuest, nuestro objetivo es enviar todos los pedidos en el mismo d\u00eda que se reciben. Habitualmente, los pedidos que se colocan y autorizan antes de las 3:00 pm (Hora del Pac\u00edfico) \/ 6:00 pm Hora del Este) se despachan el mismo d\u00eda. Si necesitara agilizar su pedido, por favor env\u00ede un mensaje de correo electr\u00f3nico a\u00a0<a class=\"js-no-transition\" title=\"mailto:store@sleepquest.com\" href=\"mailto:store@sleepquest.com\">informacion@sleepquest.com<\/a>\u00a0para que podamos intentar satisfacer sus necesidades.<\/p><\/div><\/div>\n\n    <\/div>\n<\/div>\n<\/section>\n<section id=\"shipping-2\" class=\"content-section bg-img-right py-3 py-md-4\" style=\"background-image:url(https:\/\/shop.sleepquest.com\/wp-content\/uploads\/2024\/06\/shipping-policy-bg-02.jpg);\">\n<div class=\"container gx-lg-2\">\n    <div class=\"row justify-content-start gx-lg-2 justify-content-start\">\n\t\t\n<div class=\"col-12 col-lg-7 col-md-6\">\n\t<div class=\"fw-heading fw-heading-h2 \" >\n        <h2 class='fw-special-title'><span>Cargos de env\u00edo y velocidad de entrega de SleepQuest<\/span><\/h2>    <\/div><div class=\"text-block\" >\n    <p>Env\u00edo sin cargo para pedidos de m\u00e1s de $99.00, despachamos v\u00eda USPS Servicio Prioritario 1-5 d\u00edas.<\/p><p>Env\u00edo sin cargo para todos los dispositivos CPAP, despachamos v\u00eda UPS Servicio Terrestre con entrega directa y firma requerida.<\/p><p>Para pedidos de menos de $99.00 hay un arancel fijo de env\u00edo de $10.00 y despachamos v\u00eda USPS Servicio de 1\u00b0 Clase 1-3 d\u00edas.<\/p><p><em>*Lo anterior aplica solamente a env\u00edos a EE.UU. continental; los env\u00edos a Haw\u00e1i y Alaska tienen un arancel fijo de $75.00<\/em><\/p><\/div><\/div>\n\n    <\/div>\n<\/div>\n<\/section>\n<section id=\"shipping-3\" class=\"content-section bg-img-left py-2 py-md-3\" style=\"background-image:url(https:\/\/shop.sleepquest.com\/wp-content\/uploads\/2024\/06\/shipping-policy-bg-03.jpg);\">\n<div class=\"container gx-lg-2\">\n    <div class=\"row justify-content-end gx-lg-2 justify-content-end\">\n\t\t\n<div class=\"col-12 col-lg-7 col-md-6\">\n\t<div class=\"fw-heading fw-heading-h2 \" >\n        <h2 class='fw-special-title'><span>Despu\u00e9s de colocar su pedido SleepQuest<\/span><\/h2>    <\/div><div class=\"text-block mb-1\" >\n    <p>Despu\u00e9s de colocar su pedido con SleepQuest lo revisaremos y, en algunos casos, quiz\u00e1s tengamos que contactarlo para solicitarle informaci\u00f3n adicional. Por esta raz\u00f3n, le pedimos que nos brinde la informaci\u00f3n de contacto m\u00e1s confiable de modo de no demorar su pedido.<\/p><p>En raras ocasiones SleepQuest quiz\u00e1s no pueda surtir todo su pedido debido a que un art\u00edculo no est\u00e1 en existencias. Nuestra pol\u00edtica es enviarle lo m\u00e1s posible de su pedido y surtir los elementos restantes lo antes que est\u00e9n disponibles o, alternativamente, quitar estos art\u00edculos de su pedido.<\/p><p>A su entera discreci\u00f3n, SleepQuest podr\u00e1 rechazar o cancelar cualquier pedido y limitar las cantidades de un pedido. SleepQuest tambi\u00e9n podr\u00e1 solicitar cualquier informaci\u00f3n adicional que fuese necesaria antes de aceptar o procesar un pedido. Una vez que recibamos su pedido en l\u00ednea, le enviaremos una confirmaci\u00f3n de su pedido por correo electr\u00f3nico. No obstante, el hecho de que reciba una confirmaci\u00f3n de pedido no significa que SleepQuest acepte su pedido ni constituye confirmaci\u00f3n de nuestro ofrecimiento de venta, simplemente estamos confirmando que recibimos su pedido.<\/p><\/div><\/div>\n\n    <\/div>\n<\/div>\n<\/section>\n<section id=\"shipping-4\" class=\"content-section bg-img-right py-2 py-md-3\" style=\"background-image:url(https:\/\/shop.sleepquest.com\/wp-content\/uploads\/2024\/06\/shipping-policy-bg-04.jpg);\">\n<div class=\"container gx-lg-2\">\n    <div class=\"row justify-content-start gx-lg-2 justify-content-start\">\n\t\t\n<div class=\"col-12 col-lg-7 col-md-6\">\n\t<div class=\"fw-heading fw-heading-h2 \" >\n        <h2 class='fw-special-title'><span>Seguimiento y recepci\u00f3n de su pedido SleepQuest<\/span><\/h2>    <\/div><div class=\"text-block\" >\n    <p>Cuando intente saber qu\u00e9 d\u00eda recibir\u00e1 su pedido, por favor excluya de su c\u00e1lculo los fines de semana y feriados. Por favor, env\u00edenos un correo electr\u00f3nico para conocer el estado m\u00e1s preciso de su env\u00edo. Despu\u00e9s de surtir su pedido recibir\u00e1 un correo electr\u00f3nico con un n\u00famero de seguimiento..<\/p><p>SleepQuest siempre requiere que se estampe una firma en los pedidos que contienen dispositivos CPAP. Tenga presente que tendr\u00e1 que colocar una firma en el momento de la entrega.<\/p><p>Como la entrega efectiva de su pedido puede verse afectada por muchas circunstancias que est\u00e1n fuera del control de SleepQuest una vez que sale de nuestras instalaciones, no se puede responsabilizar a SleepQuest por entregas tard\u00edas. No obstante, coordinaremos con usted para asegurar una entrega sin inconvenientes.<\/p><p>Si tiene preguntas o inquietudes respecto del estado de su pedido, por favor env\u00edenos un mensaje de correo electr\u00f3nico a\u00a0<a class=\"js-no-transition\" title=\"mailto:store@sleepquest.com\" href=\"mailto:store@sleepquest.com\">informacion@sleepquest.com<\/a>.<\/p><\/div><\/div>\n\n    <\/div>\n<\/div>\n<\/section>\n<section id=\"shipping-5\" class=\"content-section bg-img-left py-1 py-md-2\" style=\"background-image:url(https:\/\/shop.sleepquest.com\/wp-content\/uploads\/2024\/06\/shipping-policy-bg-05.jpg);\">\n<div class=\"container gx-lg-2\">\n    <div class=\"row justify-content-end gx-lg-2 justify-content-end\">\n\t\t\n<div class=\"col-12 col-lg-7 col-md-6\">\n\t<div class=\"fw-heading fw-heading-h2 \" >\n        <h2 class='fw-special-title'><span>Modificaci\u00f3n y cancelaci\u00f3n de su pedido SleepQuest<\/span><\/h2>    <\/div><div class=\"text-block\" >\n    <p>SleepQuest act\u00faa lo m\u00e1s r\u00e1pidamente posible para procesar y despachar todos los pedidos. Si necesitara hacer una correcci\u00f3n en un pedido que ya hubiese colocado o necesitara cancelar un pedido previo a su surtido, env\u00edenos un mensaje de correo electr\u00f3nico a\u00a0<a class=\"js-no-transition\" title=\"mailto:store@sleepquest.com\" href=\"mailto:store@sleepquest.com\">informacion@sleepquest.com<\/a>. Si alg\u00fan pedido ya hubiese sido surtido, en ese caso tendr\u00e1 que seguir nuestras pol\u00edticas est\u00e1ndar sobre devoluci\u00f3n y cambio para corregir o devolver su compra.<\/p><\/div><\/div>\n\n    <\/div>\n<\/div>\n<\/section>\n<section id=\"shipping-6\" class=\"content-section bg-img-right py-1 py-md-2\" style=\"background-image:url(https:\/\/shop.sleepquest.com\/wp-content\/uploads\/2024\/06\/shipping-policy-bg-06.jpg);\">\n<div class=\"container gx-lg-2\">\n    <div class=\"row justify-content-start gx-lg-2 justify-content-start\">\n\t\t\n<div class=\"col-12 col-lg-7 col-md-6\">\n\t<div class=\"fw-heading fw-heading-h2 \" >\n        <h2 class='fw-special-title'><span>Env\u00edos SleepQuest Extraviados, Sustraidos o mal Entregados<\/span><\/h2>    <\/div><div class=\"text-block\" >\n    <p>SleepQuest trata de actuar r\u00e1pidamente para resolver cualquier problema relacionado con paquetes extraviados y mal entregados. Estos problemas se manejan caso por caso con el objetivo de asegurar que usted reciba su pedido lo m\u00e1s expeditamente posible. Los paquetes que sean sustra\u00eddos de la direcci\u00f3n de entrega solicitada por los clientes no son responsabilidad de SleepQuest.<\/p><\/div><\/div>\n\n    <\/div>\n<\/div>\n<\/section>\n<section id=\"shipping-7\" class=\"content-section bg-img-left py-2 py-md-3\" style=\"background-image:url(https:\/\/shop.sleepquest.com\/wp-content\/uploads\/2024\/06\/shipping-policy-bg-07.jpg);\">\n<div class=\"container gx-lg-2\">\n    <div class=\"row justify-content-end gx-lg-2 justify-content-end\">\n\t\t\n<div class=\"col-12 col-lg-7 col-md-6\">\n\t<div class=\"fw-heading fw-heading-h2 \" >\n        <h2 class='fw-special-title'><span>Requisitos de recetas para pedidos SleepQuest<\/span><\/h2>    <\/div><div class=\"text-block\" >\n    <p>Si el pedido que realiza a SleepQuest incluye productos que por ley requieren una receta antes de dispensarlos, le enviaremos de inmediato un mensaje de correo electr\u00f3nico solicit\u00e1ndole una copia de su receta para que podamos liberar su pedido sin demora.<\/p><p>Las recetas pueden enviarse por correo electr\u00f3nico a\u00a0<a class=\"js-no-transition\" title=\"mailto:informacion@sleepquest.com\" href=\"mailto:informacion@sleepquest.com\">informacion@sleepquest.com<\/a>\u00a0o por fax al\u00a0<strong>866-479-3592<\/strong>.<\/p><p>Si ya fuese cliente y ya nos hubiera enviado su receta con anterioridad, en la mayor\u00eda de los casos no requeriremos que nos vuelva a presentar su receta.<\/p><p><strong>Nota<\/strong>: Por favor tenga en cuenta que los pedidos vencen autom\u00e1ticamente despu\u00e9s de 7 d\u00edas.<\/p><\/div><\/div>\n\n    <\/div>\n<\/div>\n<\/section>\n\n","protected":false},"excerpt":{"rendered":"<p>Pol\u00edtica de Env\u00edos Plazos de procesamiento y surtido de pedidos En SleepQuest, nuestro objetivo es enviar todos los pedidos en<\/p>\n","protected":false},"author":1,"featured_media":0,"parent":0,"menu_order":0,"comment_status":"closed","ping_status":"closed","template":"","meta":{"_acf_changed":false,"footnotes":""},"class_list":["post-2363","page","type-page","status-publish","hentry"],"acf":[],"yoast_head":"<!-- This site is optimized with the Yoast SEO plugin v27.4 - https:\/\/yoast.com\/product\/yoast-seo-wordpress\/ -->\n<title>Pol\u00edtica de Env\u00edos - SleepQuest Online Store<\/title>\n<meta name=\"robots\" content=\"index, follow, max-snippet:-1, max-image-preview:large, max-video-preview:-1\" \/>\n<link rel=\"canonical\" href=\"https:\/\/shop.sleepquest.com\/es\/politica-de-envios\/\" \/>\n<meta property=\"og:locale\" content=\"es_ES\" \/>\n<meta property=\"og:type\" content=\"article\" \/>\n<meta property=\"og:title\" content=\"Pol\u00edtica de Env\u00edos - SleepQuest Online Store\" \/>\n<meta property=\"og:description\" content=\"Pol\u00edtica de Env\u00edos Plazos de procesamiento y surtido de pedidos En SleepQuest, nuestro objetivo es enviar todos los pedidos en\" \/>\n<meta property=\"og:url\" content=\"https:\/\/shop.sleepquest.com\/es\/politica-de-envios\/\" \/>\n<meta property=\"og:site_name\" content=\"SleepQuest Online Store\" \/>\n<meta property=\"article:publisher\" content=\"https:\/\/www.facebook.com\/sleepquest\" \/>\n<meta property=\"article:modified_time\" content=\"2024-08-14T11:39:13+00:00\" \/>\n<meta property=\"og:image\" content=\"https:\/\/shop.sleepquest.com\/wp-content\/uploads\/2024\/05\/fav.png\" \/>\n\t<meta property=\"og:image:width\" content=\"512\" \/>\n\t<meta property=\"og:image:height\" content=\"512\" \/>\n\t<meta property=\"og:image:type\" content=\"image\/png\" \/>\n<meta name=\"twitter:card\" content=\"summary_large_image\" \/>\n<meta name=\"twitter:site\" content=\"@sleepquest\" \/>\n<meta name=\"twitter:label1\" content=\"Tiempo de lectura\" \/>\n\t<meta name=\"twitter:data1\" content=\"3 minutos\" \/>\n<script type=\"application\/ld+json\" class=\"yoast-schema-graph\">{\"@context\":\"https:\\\/\\\/schema.org\",\"@graph\":[{\"@type\":\"WebPage\",\"@id\":\"https:\\\/\\\/shop.sleepquest.com\\\/es\\\/politica-de-envios\\\/\",\"url\":\"https:\\\/\\\/shop.sleepquest.com\\\/es\\\/politica-de-envios\\\/\",\"name\":\"Pol\u00edtica de Env\u00edos - SleepQuest Online Store\",\"isPartOf\":{\"@id\":\"https:\\\/\\\/shop.sleepquest.com\\\/es\\\/#website\"},\"datePublished\":\"2024-05-29T09:19:58+00:00\",\"dateModified\":\"2024-08-14T11:39:13+00:00\",\"breadcrumb\":{\"@id\":\"https:\\\/\\\/shop.sleepquest.com\\\/es\\\/politica-de-envios\\\/#breadcrumb\"},\"inLanguage\":\"es\",\"potentialAction\":[{\"@type\":\"ReadAction\",\"target\":[\"https:\\\/\\\/shop.sleepquest.com\\\/es\\\/politica-de-envios\\\/\"]}]},{\"@type\":\"BreadcrumbList\",\"@id\":\"https:\\\/\\\/shop.sleepquest.com\\\/es\\\/politica-de-envios\\\/#breadcrumb\",\"itemListElement\":[{\"@type\":\"ListItem\",\"position\":1,\"name\":\"Home\",\"item\":\"https:\\\/\\\/shop.sleepquest.com\\\/es\\\/\"},{\"@type\":\"ListItem\",\"position\":2,\"name\":\"Pol\u00edtica de Env\u00edos\"}]},{\"@type\":\"WebSite\",\"@id\":\"https:\\\/\\\/shop.sleepquest.com\\\/es\\\/#website\",\"url\":\"https:\\\/\\\/shop.sleepquest.com\\\/es\\\/\",\"name\":\"SleepQuest Online Store\",\"description\":\"\",\"publisher\":{\"@id\":\"https:\\\/\\\/shop.sleepquest.com\\\/es\\\/#organization\"},\"potentialAction\":[{\"@type\":\"SearchAction\",\"target\":{\"@type\":\"EntryPoint\",\"urlTemplate\":\"https:\\\/\\\/shop.sleepquest.com\\\/es\\\/?s={search_term_string}\"},\"query-input\":{\"@type\":\"PropertyValueSpecification\",\"valueRequired\":true,\"valueName\":\"search_term_string\"}}],\"inLanguage\":\"es\"},{\"@type\":\"Organization\",\"@id\":\"https:\\\/\\\/shop.sleepquest.com\\\/es\\\/#organization\",\"name\":\"SleepQuest\",\"alternateName\":\"SleepQuest Online Store\",\"url\":\"https:\\\/\\\/shop.sleepquest.com\\\/es\\\/\",\"logo\":{\"@type\":\"ImageObject\",\"inLanguage\":\"es\",\"@id\":\"https:\\\/\\\/shop.sleepquest.com\\\/es\\\/#\\\/schema\\\/logo\\\/image\\\/\",\"url\":\"https:\\\/\\\/shop.sleepquest.com\\\/wp-content\\\/uploads\\\/2024\\\/05\\\/fav.png\",\"contentUrl\":\"https:\\\/\\\/shop.sleepquest.com\\\/wp-content\\\/uploads\\\/2024\\\/05\\\/fav.png\",\"width\":512,\"height\":512,\"caption\":\"SleepQuest\"},\"image\":{\"@id\":\"https:\\\/\\\/shop.sleepquest.com\\\/es\\\/#\\\/schema\\\/logo\\\/image\\\/\"},\"sameAs\":[\"https:\\\/\\\/www.facebook.com\\\/sleepquest\",\"https:\\\/\\\/x.com\\\/sleepquest\"]}]}<\/script>\n<!-- \/ Yoast SEO plugin. -->","yoast_head_json":{"title":"Pol\u00edtica de Env\u00edos - SleepQuest Online Store","robots":{"index":"index","follow":"follow","max-snippet":"max-snippet:-1","max-image-preview":"max-image-preview:large","max-video-preview":"max-video-preview:-1"},"canonical":"https:\/\/shop.sleepquest.com\/es\/politica-de-envios\/","og_locale":"es_ES","og_type":"article","og_title":"Pol\u00edtica de Env\u00edos - SleepQuest Online Store","og_description":"Pol\u00edtica de Env\u00edos Plazos de procesamiento y surtido de pedidos En SleepQuest, nuestro objetivo es enviar todos los pedidos en","og_url":"https:\/\/shop.sleepquest.com\/es\/politica-de-envios\/","og_site_name":"SleepQuest Online Store","article_publisher":"https:\/\/www.facebook.com\/sleepquest","article_modified_time":"2024-08-14T11:39:13+00:00","og_image":[{"width":512,"height":512,"url":"https:\/\/shop.sleepquest.com\/wp-content\/uploads\/2024\/05\/fav.png","type":"image\/png"}],"twitter_card":"summary_large_image","twitter_site":"@sleepquest","twitter_misc":{"Tiempo de lectura":"3 minutos"},"schema":{"@context":"https:\/\/schema.org","@graph":[{"@type":"WebPage","@id":"https:\/\/shop.sleepquest.com\/es\/politica-de-envios\/","url":"https:\/\/shop.sleepquest.com\/es\/politica-de-envios\/","name":"Pol\u00edtica de Env\u00edos - SleepQuest Online Store","isPartOf":{"@id":"https:\/\/shop.sleepquest.com\/es\/#website"},"datePublished":"2024-05-29T09:19:58+00:00","dateModified":"2024-08-14T11:39:13+00:00","breadcrumb":{"@id":"https:\/\/shop.sleepquest.com\/es\/politica-de-envios\/#breadcrumb"},"inLanguage":"es","potentialAction":[{"@type":"ReadAction","target":["https:\/\/shop.sleepquest.com\/es\/politica-de-envios\/"]}]},{"@type":"BreadcrumbList","@id":"https:\/\/shop.sleepquest.com\/es\/politica-de-envios\/#breadcrumb","itemListElement":[{"@type":"ListItem","position":1,"name":"Home","item":"https:\/\/shop.sleepquest.com\/es\/"},{"@type":"ListItem","position":2,"name":"Pol\u00edtica de Env\u00edos"}]},{"@type":"WebSite","@id":"https:\/\/shop.sleepquest.com\/es\/#website","url":"https:\/\/shop.sleepquest.com\/es\/","name":"SleepQuest Online Store","description":"","publisher":{"@id":"https:\/\/shop.sleepquest.com\/es\/#organization"},"potentialAction":[{"@type":"SearchAction","target":{"@type":"EntryPoint","urlTemplate":"https:\/\/shop.sleepquest.com\/es\/?s={search_term_string}"},"query-input":{"@type":"PropertyValueSpecification","valueRequired":true,"valueName":"search_term_string"}}],"inLanguage":"es"},{"@type":"Organization","@id":"https:\/\/shop.sleepquest.com\/es\/#organization","name":"SleepQuest","alternateName":"SleepQuest Online Store","url":"https:\/\/shop.sleepquest.com\/es\/","logo":{"@type":"ImageObject","inLanguage":"es","@id":"https:\/\/shop.sleepquest.com\/es\/#\/schema\/logo\/image\/","url":"https:\/\/shop.sleepquest.com\/wp-content\/uploads\/2024\/05\/fav.png","contentUrl":"https:\/\/shop.sleepquest.com\/wp-content\/uploads\/2024\/05\/fav.png","width":512,"height":512,"caption":"SleepQuest"},"image":{"@id":"https:\/\/shop.sleepquest.com\/es\/#\/schema\/logo\/image\/"},"sameAs":["https:\/\/www.facebook.com\/sleepquest","https:\/\/x.com\/sleepquest"]}]}},"_links":{"self":[{"href":"https:\/\/shop.sleepquest.com\/es\/wp-json\/wp\/v2\/pages\/2363","targetHints":{"allow":["GET"]}}],"collection":[{"href":"https:\/\/shop.sleepquest.com\/es\/wp-json\/wp\/v2\/pages"}],"about":[{"href":"https:\/\/shop.sleepquest.com\/es\/wp-json\/wp\/v2\/types\/page"}],"author":[{"embeddable":true,"href":"https:\/\/shop.sleepquest.com\/es\/wp-json\/wp\/v2\/users\/1"}],"replies":[{"embeddable":true,"href":"https:\/\/shop.sleepquest.com\/es\/wp-json\/wp\/v2\/comments?post=2363"}],"version-history":[{"count":0,"href":"https:\/\/shop.sleepquest.com\/es\/wp-json\/wp\/v2\/pages\/2363\/revisions"}],"wp:attachment":[{"href":"https:\/\/shop.sleepquest.com\/es\/wp-json\/wp\/v2\/media?parent=2363"}],"curies":[{"name":"wp","href":"https:\/\/api.w.org\/{rel}","templated":true}]}}