{"id":2361,"date":"2024-05-28T09:09:35","date_gmt":"2024-05-28T09:09:35","guid":{"rendered":"https:\/\/shop.sleepquest.com\/politica-de-cookies\/"},"modified":"2024-05-28T09:09:35","modified_gmt":"2024-05-28T09:09:35","slug":"politica-de-cookies","status":"publish","type":"page","link":"https:\/\/shop.sleepquest.com\/es\/politica-de-cookies\/","title":{"rendered":"Pol\u00edtica de cookies"},"content":{"rendered":"<h3>SOBRE ESTA POL\u00cdTICA DE COOKIES<\/h3>\n<p>  Esta Pol\u00edtica de Cookies explica qu\u00e9 son las cookies y c\u00f3mo las utilizamos, los tipos de cookies que utilizamos, es decir, la informaci\u00f3n que recopilamos mediante las cookies y c\u00f3mo se utiliza esa informaci\u00f3n, y c\u00f3mo controlar las preferencias de las cookies.<br \/>\nPara m\u00e1s informaci\u00f3n sobre c\u00f3mo utilizamos, almacenamos y mantenemos seguros tus datos personales, consulta nuestra Pol\u00edtica de privacidad.<br \/>\nPuedes cambiar o retirar tu consentimiento en cualquier momento en la Declaraci\u00f3n sobre Cookies de nuestro sitio web M\u00e1s informaci\u00f3n sobre qui\u00e9nes somos, c\u00f3mo puedes ponerte en contacto con nosotros y c\u00f3mo procesamos los datos personales en nuestra Pol\u00edtica de Privacidad.<br \/>\nTu consentimiento se aplica a los siguientes dominios: shop.sleepquest.com     <\/p>\n<div class=\"cli_user_consent_state\">\u00bfQu\u00e9 son las cookies?<\/div>\n<p>  Las cookies son peque\u00f1os archivos de texto que se utilizan para almacenar peque\u00f1as piezas de informaci\u00f3n.<br \/>\nSe almacenan en tu dispositivo cuando se carga el sitio web en tu navegador.<br \/>\nEstas cookies nos ayudan a hacer que el sitio web funcione correctamente, a hacerlo m\u00e1s seguro, a proporcionar una mejor experiencia al usuario, y a entender c\u00f3mo funciona el sitio web y analizar qu\u00e9 funciona y en qu\u00e9 aspectos necesita mejoras.    <\/p>\n<h3>\u00bfC\u00d3MO UTILIZAMOS LAS COOKIES?<\/h3>\n<p>  Como la mayor\u00eda de los servicios en l\u00ednea, nuestro sitio web utiliza cookies de origen y de terceros para diversos fines.<br \/>\nLas cookies de origen son en su mayor\u00eda necesarias para que el sitio web funcione correctamente, y no recopilan ninguno de tus datos personales identificables.<br \/>\nLas cookies de terceros utilizadas en nuestro sitio web sirven principalmente para comprender c\u00f3mo funciona el sitio web, c\u00f3mo interact\u00faas con \u00e9l, mantener la seguridad de nuestros servicios, ofrecerte anuncios que sean relevantes para ti y, en definitiva, proporcionarte una experiencia de usuario mejor y m\u00e1s r\u00e1pida y ayudar a agilizar tus futuras interacciones con nuestro sitio web.    <\/p>\n<h3>\u00bfQU\u00c9 TIPOS DE COOKIES UTILIZAMOS?<\/h3>\n<p>  Imprescindibles: Algunas cookies son esenciales para que puedas experimentar la plena funcionalidad de nuestro sitio.<br \/>\nNos permiten mantener las sesiones de usuario y prevenir cualquier amenaza a la seguridad.<br \/>\nNo recogen ni almacenan ninguna informaci\u00f3n personal.<br \/>\nPor ejemplo, estas cookies te permiten acceder a tu cuenta y a\u00f1adir productos a tu cesta, as\u00ed como realizar el pago de forma segura.<br \/>\nEstad\u00edsticas: Estas cookies almacenan informaci\u00f3n como el n\u00famero de visitantes del sitio web, el n\u00famero de visitantes \u00fanicos, qu\u00e9 p\u00e1ginas del sitio web se han visitado, el origen de la visita, etc.<br \/>\nEstos datos nos ayudan a comprender y analizar el rendimiento del sitio web y d\u00f3nde necesita mejoras.<br \/>\nMarketing: Nuestro sitio web muestra anuncios.<br \/>\nEstas cookies se utilizan para personalizar los anuncios que te mostramos para que sean significativos para ti.<br \/>\nEstas cookies tambi\u00e9n nos ayudan a realizar un seguimiento de la eficacia de estas campa\u00f1as publicitarias.<br \/>\nLa informaci\u00f3n almacenada en estas cookies tambi\u00e9n puede ser utilizada por los proveedores de publicidad de terceros para mostrarte anuncios tambi\u00e9n en otros sitios web del navegador.<br \/>\nFuncionales: Son las cookies que ayudan a ciertas funcionalidades no esenciales de nuestro sitio web.<br \/>\nEstas funcionalidades incluyen incrustar contenido como v\u00eddeos o compartir contenido del sitio web en plataformas de medios sociales.<br \/>\nPreferencias: Estas cookies nos ayudan a almacenar tu configuraci\u00f3n y preferencias de navegaci\u00f3n, como las preferencias de idioma, para que tengas una experiencia mejor y m\u00e1s eficiente en futuras visitas al sitio web.<br \/>\nLa siguiente lista detalla las cookies utilizadas en nuestro sitio web.               <\/p>\n<div>\n<table class=\"table table-sm table-striped\">\n<thead>\n<tr>\n<td><\/td>\n<td>Galletas esenciales<\/td>\n<td><\/td>\n<td><\/td>\n<td><\/td>\n<\/tr>\n<tr>\n<td>Nombre<\/td>\n<td>Descripci\u00f3n<\/td>\n<td>Categor\u00eda<\/td>\n<td>Proveedor<\/td>\n<td>Duraci\u00f3n<\/td>\n<\/tr>\n<\/thead>\n<tbody>\n<tr>\n<td>_orig_referrer<\/td>\n<td>Esta cookie es proporcionada generalmente por Shopify y se utiliza para rastrear las p\u00e1ginas de destino.<\/td>\n<td>Esencial<\/td>\n<td>Shopify<\/td>\n<td>2 semanas<\/td>\n<\/tr>\n<tr>\n<td>_p\u00e1gina_de_aterrizaje<\/td>\n<td>Esta cookie es proporcionada generalmente por Shopify y se utiliza para rastrear las p\u00e1ginas de destino.<\/td>\n<td>Esencial<\/td>\n<td>Shopify<\/td>\n<td>2 semanas<\/td>\n<\/tr>\n<tr>\n<td>_ab<\/td>\n<td>Esta cookie es proporcionada generalmente por Shopify y se utiliza en relaci\u00f3n con el acceso a la vista de administraci\u00f3n de una plataforma de tienda online.<\/td>\n<td>Esencial<\/td>\n<td>Shopify<\/td>\n<td>2 a\u00f1os<\/td>\n<\/tr>\n<tr>\n<td>_secure_session_id<\/td>\n<td>Esta cookie es proporcionada generalmente por Shopify y se utiliza para rastrear la sesi\u00f3n de un usuario a trav\u00e9s del proceso de pago en varios pasos y mantener conectados sus datos de pedido, pago y env\u00edo.<\/td>\n<td>Esencial<\/td>\n<td>Shopify<\/td>\n<td>24 horas<\/td>\n<\/tr>\n<tr>\n<td>carrito<\/td>\n<td>Esta cookie es proporcionada generalmente por Shopify y se utiliza en relaci\u00f3n con un carrito de la compra.<\/td>\n<td>Esencial<\/td>\n<td>Shopify<\/td>\n<td>2 semanas<\/td>\n<\/tr>\n<tr>\n<td>carrito_sig<\/td>\n<td>Esta cookie es proporcionada generalmente por Shopify y se utiliza en relaci\u00f3n con el pago.<br \/>\nSe utiliza para verificar la integridad del carrito y para garantizar el rendimiento de algunas operaciones del carrito. <\/td>\n<td>Esencial<\/td>\n<td>Shopify<\/td>\n<td>2 semanas<\/td>\n<\/tr>\n<tr>\n<td>cart_ts<\/td>\n<td>Esta cookie es proporcionada generalmente por Shopify y se utiliza en relaci\u00f3n con el proceso de pago.<\/td>\n<td>Esencial<\/td>\n<td>Shopify<\/td>\n<td>2 semanas<\/td>\n<\/tr>\n<tr>\n<td>ver_carrito<\/td>\n<td>Esta cookie es proporcionada generalmente por Shopify y se utiliza en relaci\u00f3n con el carrito de la compra.<\/td>\n<td>Esencial<\/td>\n<td>Shopify<\/td>\n<td>2 semanas<\/td>\n<\/tr>\n<tr>\n<td>moneda_carrito<\/td>\n<td>Esta cookie suele proporcionarla Shopify y se establece despu\u00e9s de completar un proceso de compra para garantizar que los nuevos carritos est\u00e9n en la misma divisa que el \u00faltimo proceso de compra.<\/td>\n<td>Esencial<\/td>\n<td>Shopify<\/td>\n<td>2 semanas<\/td>\n<\/tr>\n<tr>\n<td>checkout_token<\/td>\n<td>Esta cookie es proporcionada generalmente por Shopify y se utiliza en relaci\u00f3n con un servicio de pago.<\/td>\n<td>Esencial<\/td>\n<td>Shopify<\/td>\n<td>1 a\u00f1o<\/td>\n<\/tr>\n<tr>\n<td>resumen_de_la_tienda<\/td>\n<td>Esta cookie suele proporcionarla Shopify y almacena un resumen de la contrase\u00f1a del escaparate, lo que permite a los comerciantes previsualizar su escaparate mientras est\u00e1 protegido por contrase\u00f1a.<\/td>\n<td>Esencial<\/td>\n<td>Shopify<\/td>\n<td>2 a\u00f1os<\/td>\n<\/tr>\n<tr>\n<td>cookieconsent_status<\/td>\n<td>Esta cookie est\u00e1 asociada a la app Consentmo GDPR Compliance y se utiliza para almacenar el consentimiento del cliente.<\/td>\n<td>Esencial<\/td>\n<td>Consentmo Cumplimiento GDPR<\/td>\n<td>1 a\u00f1o<\/td>\n<\/tr>\n<tr>\n<td>cookieconsent_preferences_disabled<\/td>\n<td>Esta cookie est\u00e1 asociada a la app Consentmo GDPR Compliance y se utiliza para almacenar el consentimiento del cliente.<\/td>\n<td>Esencial<\/td>\n<td>Consentmo Cumplimiento GDPR<\/td>\n<td>1 d\u00eda<\/td>\n<\/tr>\n<tr>\n<td>shopify_m<\/td>\n<td>Esta cookie es proporcionada generalmente por Shopify y se utiliza para gestionar la configuraci\u00f3n de privacidad del cliente.<\/td>\n<td>Esencial<\/td>\n<td>Shopify<\/td>\n<td>1 a\u00f1o<\/td>\n<\/tr>\n<tr>\n<td>shopify_tm<\/td>\n<td>Esta cookie es proporcionada generalmente por Shopify y se utiliza para gestionar la configuraci\u00f3n de privacidad del cliente.<\/td>\n<td>Esencial<\/td>\n<td>Shopify<\/td>\n<td>30 minutos<\/td>\n<\/tr>\n<tr>\n<td>shopify_tw<\/td>\n<td>Esta cookie es proporcionada generalmente por Shopify y se utiliza para gestionar la configuraci\u00f3n de privacidad del cliente.<\/td>\n<td>Esencial<\/td>\n<td>Shopify<\/td>\n<td>2 semanas<\/td>\n<\/tr>\n<tr>\n<td>_seguimiento_consentimiento<\/td>\n<td>Esta cookie es proporcionada generalmente por Shopify y se utiliza para almacenar las preferencias de un usuario si un comerciante ha establecido normas de privacidad en la regi\u00f3n del visitante.<\/td>\n<td>Esencial<\/td>\n<td>Shopify<\/td>\n<td>1 a\u00f1o<\/td>\n<\/tr>\n<tr>\n<td>tracked_start_checkout<\/td>\n<td>Esta cookie es proporcionada generalmente por Shopify y se utiliza en relaci\u00f3n con el proceso de pago.<\/td>\n<td>Esencial<\/td>\n<td>Shopify<\/td>\n<td>1 a\u00f1o<\/td>\n<\/tr>\n<\/tbody>\n<\/table>\n<\/div>\n<div>\n<table class=\"table table-sm table-striped\">\n<thead>\n<tr>\n<td><\/td>\n<td>Cookies de informes y an\u00e1lisis<\/td>\n<td><\/td>\n<td><\/td>\n<td><\/td>\n<\/tr>\n<tr>\n<td>Nombre<\/td>\n<td>Descripci\u00f3n<\/td>\n<td>Categor\u00eda<\/td>\n<td>Proveedor<\/td>\n<td>Duraci\u00f3n<\/td>\n<\/tr>\n<\/thead>\n<tbody>\n<tr>\n<td>_s<\/td>\n<td>Esta cookie est\u00e1 asociada a la suite anal\u00edtica de Shopify.<\/td>\n<td>Informes y an\u00e1lisis<\/td>\n<td>Shopify<\/td>\n<td>30 minutos<\/td>\n<\/tr>\n<tr>\n<td>_shopify_fs<\/td>\n<td>Esta cookie est\u00e1 asociada a la suite anal\u00edtica de Shopify.<\/td>\n<td>Informes y an\u00e1lisis<\/td>\n<td>Shopify<\/td>\n<td>30 minutos<\/td>\n<\/tr>\n<tr>\n<td>shopify_s<\/td>\n<td>Esta cookie est\u00e1 asociada a la suite anal\u00edtica de Shopify.<\/td>\n<td>Informes y an\u00e1lisis<\/td>\n<td>Shopify<\/td>\n<td>30 minutos<\/td>\n<\/tr>\n<tr>\n<td>shopify_sa_t<\/td>\n<td>Esta cookie est\u00e1 asociada a la suite anal\u00edtica de Shopify relativa a marketing y referencias.<\/td>\n<td>Informes y an\u00e1lisis<\/td>\n<td>Shopify<\/td>\n<td>30 minutos<\/td>\n<\/tr>\n<tr>\n<td>shopify_sa_p<\/td>\n<td>Esta cookie est\u00e1 asociada a la suite anal\u00edtica de Shopify relativa a marketing y referencias.<\/td>\n<td>Informes y an\u00e1lisis<\/td>\n<td>Shopify<\/td>\n<td>30 minutos<\/td>\n<\/tr>\n<tr>\n<td>shopify_y<\/td>\n<td>Esta cookie est\u00e1 asociada a la suite anal\u00edtica de Shopify.<\/td>\n<td>Informes y an\u00e1lisis<\/td>\n<td>Shopify<\/td>\n<td>1 a\u00f1o<\/td>\n<\/tr>\n<tr>\n<td>_y<\/td>\n<td>Esta cookie est\u00e1 asociada a la suite anal\u00edtica de Shopify.<\/td>\n<td>Informes y an\u00e1lisis<\/td>\n<td>Shopify<\/td>\n<td>1 a\u00f1o<\/td>\n<\/tr>\n<tr>\n<td>_ga<\/td>\n<td>Este nombre de cookie est\u00e1 asociado a Google Universal Analytics<\/td>\n<td>Informes y an\u00e1lisis<\/td>\n<td>Google Analytics<\/td>\n<td>2 a\u00f1os<\/td>\n<\/tr>\n<tr>\n<td>_gat<\/td>\n<td>Este nombre de cookie est\u00e1 asociado a Google Universal Analytics<\/td>\n<td>Informes y an\u00e1lisis<\/td>\n<td>Google Analytics<\/td>\n<td>1 minuto<\/td>\n<\/tr>\n<tr>\n<td>_s<\/td>\n<td>Esta cookie est\u00e1 asociada a la suite anal\u00edtica de Shopify.<\/td>\n<td>Informes y an\u00e1lisis<\/td>\n<td>Shopify<\/td>\n<td>30 minutos<\/td>\n<\/tr>\n<\/tbody>\n<\/table>\n<\/div>\n<div>\n<table class=\"table table-sm table-striped\">\n<thead>\n<tr>\n<td><\/td>\n<td>Cookies de Marketing y Retargeting<\/td>\n<td><\/td>\n<td><\/td>\n<td><\/td>\n<\/tr>\n<tr>\n<td>Nombre<\/td>\n<td>Descripci\u00f3n<\/td>\n<td>Categor\u00eda<\/td>\n<td>Proveedor<\/td>\n<td>Duraci\u00f3n<\/td>\n<\/tr>\n<\/thead>\n<tbody>\n<tr>\n<td>IDE<\/td>\n<td>Este dominio es propiedad de Doubleclick (Google).<br \/>\nLa principal actividad empresarial es: Doubleclick es la bolsa de publicidad de pujas en tiempo real de Google <\/td>\n<td>Marketing y Retargeting<\/td>\n<td>Google DoubleClick<\/td>\n<td>2 a\u00f1os<\/td>\n<\/tr>\n<tr>\n<td>GPS<\/td>\n<td>Esta cookie est\u00e1 asociada a YouTube, que recopila datos de los usuarios a trav\u00e9s de v\u00eddeos incrustados en sitios web, que se agregan a los datos de perfil de otros servicios de Google para mostrar publicidad dirigida a los visitantes de la web en una amplia gama de sitios web propios y ajenos.<\/td>\n<td>Marketing y Retargeting<\/td>\n<td>Youtube<\/td>\n<td>1 sesi\u00f3n<\/td>\n<\/tr>\n<tr>\n<td>PREF<\/td>\n<td>Esta cookie, que puede ser instalada por Google o Doubleclick, puede ser utilizada por socios publicitarios para construir un perfil de intereses para mostrar anuncios relevantes en otros sitios.<\/td>\n<td>Marketing y Retargeting<\/td>\n<td>Youtube<\/td>\n<td>8 meses<\/td>\n<\/tr>\n<tr>\n<td>BizoID<\/td>\n<td>Se trata de una cookie de Microsoft MSN 1st party para permitir el contenido basado en el usuario.<\/td>\n<td>Marketing y Retargeting<\/td>\n<td>LinkedIn<\/td>\n<td>1 mes<\/td>\n<\/tr>\n<tr>\n<td>_fbp<\/td>\n<td>Utilizado por Facebook para ofrecer una serie de productos publicitarios, como ofertas en tiempo real de anunciantes terceros.<\/td>\n<td>Marketing y Retargeting<\/td>\n<td>Meta Platforms, Inc.<\/td>\n<td>3 meses<\/td>\n<\/tr>\n<tr>\n<td>AdRoll<\/td>\n<td>Esta cookie est\u00e1 asociada a AdRoll<\/td>\n<td>Marketing y Retargeting<\/td>\n<td>Grupo Adroll<\/td>\n<td>1 a\u00f1o<\/td>\n<\/tr>\n<tr>\n<td>AdRoll_v4<\/td>\n<td>Esta cookie est\u00e1 asociada a AdRoll<\/td>\n<td>Marketing y Retargeting<\/td>\n<td>Grupo Adroll<\/td>\n<td>1 a\u00f1o<\/td>\n<\/tr>\n<tr>\n<td>__adroll_fpc<\/td>\n<td>Esta cookie est\u00e1 asociada a AdRoll<\/td>\n<td>Marketing y Retargeting<\/td>\n<td>Grupo Adroll<\/td>\n<td>1 a\u00f1o<\/td>\n<\/tr>\n<tr>\n<td>__ar_v4<\/td>\n<td>Esta cookie est\u00e1 asociada a AdRoll<\/td>\n<td>Marketing y Retargeting<\/td>\n<td>Grupo Adroll<\/td>\n<td>1 a\u00f1o<\/td>\n<\/tr>\n<\/tbody>\n<\/table>\n<\/div>\n<div>\n<table class=\"table table-sm table-striped\">\n<thead>\n<tr>\n<td><\/td>\n<td>Cookies funcionales<\/td>\n<td><\/td>\n<td><\/td>\n<td><\/td>\n<\/tr>\n<tr>\n<td>Nombre<\/td>\n<td>Descripci\u00f3n<\/td>\n<td>Categor\u00eda<\/td>\n<td>Proveedor<\/td>\n<td>Duraci\u00f3n<\/td>\n<\/tr>\n<\/thead>\n<tbody>\n<tr>\n<td>_gid<\/td>\n<td>Este nombre de cookie est\u00e1 asociado a Google Universal Analytics<\/td>\n<td>Funcional<\/td>\n<td>Google Analytics<\/td>\n<td>1 d\u00eda<\/td>\n<\/tr>\n<\/tbody>\n<\/table>\n<\/div>\n<h3><\/h3>\n<h3>\u00bfC\u00d3MO PUEDO CONTROLAR LAS PREFERENCIAS DE LAS COOKIES?<\/h3>\n<p>  Si decides cambiar tus preferencias m\u00e1s adelante durante tu sesi\u00f3n de navegaci\u00f3n, puedes hacer clic en la pesta\u00f1a \u00abGestionar consentimiento\u00bb de tu pantalla.<br \/>\nEsto mostrar\u00e1 de nuevo el aviso de consentimiento, permiti\u00e9ndote cambiar tus preferencias o retirar tu consentimiento por completo.<br \/>\nAdem\u00e1s, los distintos navegadores ofrecen diferentes m\u00e9todos para bloquear y eliminar las cookies utilizadas por los sitios web.<br \/>\nPuedes cambiar la configuraci\u00f3n de tu navegador para bloquear\/eliminar las cookies.<br \/>\nPara obtener m\u00e1s informaci\u00f3n sobre c\u00f3mo gestionar y eliminar las cookies, visita wikipedia.org, www.allaboutcookies.org.    <\/p>\n","protected":false},"excerpt":{"rendered":"<p>SOBRE ESTA POL\u00cdTICA DE COOKIES Esta Pol\u00edtica de Cookies explica qu\u00e9 son las cookies y c\u00f3mo las utilizamos, los tipos<\/p>\n","protected":false},"author":1,"featured_media":0,"parent":0,"menu_order":0,"comment_status":"closed","ping_status":"closed","template":"","meta":{"_acf_changed":false,"footnotes":""},"class_list":["post-2361","page","type-page","status-publish","hentry"],"acf":[],"yoast_head":"<!-- This site is optimized with the Yoast SEO plugin v27.4 - https:\/\/yoast.com\/product\/yoast-seo-wordpress\/ -->\n<title>Pol\u00edtica de cookies - SleepQuest Online Store<\/title>\n<meta name=\"robots\" content=\"index, follow, max-snippet:-1, max-image-preview:large, max-video-preview:-1\" \/>\n<link rel=\"canonical\" href=\"https:\/\/shop.sleepquest.com\/es\/politica-de-cookies\/\" \/>\n<meta property=\"og:locale\" content=\"es_ES\" \/>\n<meta property=\"og:type\" content=\"article\" \/>\n<meta property=\"og:title\" content=\"Pol\u00edtica de cookies - SleepQuest Online Store\" \/>\n<meta property=\"og:description\" content=\"SOBRE ESTA POL\u00cdTICA DE COOKIES Esta Pol\u00edtica de Cookies explica qu\u00e9 son las cookies y c\u00f3mo las utilizamos, los tipos\" \/>\n<meta property=\"og:url\" content=\"https:\/\/shop.sleepquest.com\/es\/politica-de-cookies\/\" \/>\n<meta property=\"og:site_name\" content=\"SleepQuest Online Store\" \/>\n<meta property=\"article:publisher\" content=\"https:\/\/www.facebook.com\/sleepquest\" \/>\n<meta property=\"og:image\" content=\"https:\/\/shop.sleepquest.com\/wp-content\/uploads\/2024\/05\/fav.png\" \/>\n\t<meta property=\"og:image:width\" content=\"512\" \/>\n\t<meta property=\"og:image:height\" content=\"512\" \/>\n\t<meta property=\"og:image:type\" content=\"image\/png\" \/>\n<meta name=\"twitter:card\" content=\"summary_large_image\" \/>\n<meta name=\"twitter:site\" content=\"@sleepquest\" \/>\n<meta name=\"twitter:label1\" content=\"Tiempo de lectura\" \/>\n\t<meta name=\"twitter:data1\" content=\"8 minutos\" \/>\n<script type=\"application\/ld+json\" class=\"yoast-schema-graph\">{\"@context\":\"https:\\\/\\\/schema.org\",\"@graph\":[{\"@type\":\"WebPage\",\"@id\":\"https:\\\/\\\/shop.sleepquest.com\\\/es\\\/politica-de-cookies\\\/\",\"url\":\"https:\\\/\\\/shop.sleepquest.com\\\/es\\\/politica-de-cookies\\\/\",\"name\":\"Pol\u00edtica de cookies - SleepQuest Online Store\",\"isPartOf\":{\"@id\":\"https:\\\/\\\/shop.sleepquest.com\\\/es\\\/#website\"},\"datePublished\":\"2024-05-28T09:09:35+00:00\",\"breadcrumb\":{\"@id\":\"https:\\\/\\\/shop.sleepquest.com\\\/es\\\/politica-de-cookies\\\/#breadcrumb\"},\"inLanguage\":\"es\",\"potentialAction\":[{\"@type\":\"ReadAction\",\"target\":[\"https:\\\/\\\/shop.sleepquest.com\\\/es\\\/politica-de-cookies\\\/\"]}]},{\"@type\":\"BreadcrumbList\",\"@id\":\"https:\\\/\\\/shop.sleepquest.com\\\/es\\\/politica-de-cookies\\\/#breadcrumb\",\"itemListElement\":[{\"@type\":\"ListItem\",\"position\":1,\"name\":\"Home\",\"item\":\"https:\\\/\\\/shop.sleepquest.com\\\/es\\\/\"},{\"@type\":\"ListItem\",\"position\":2,\"name\":\"Pol\u00edtica de cookies\"}]},{\"@type\":\"WebSite\",\"@id\":\"https:\\\/\\\/shop.sleepquest.com\\\/es\\\/#website\",\"url\":\"https:\\\/\\\/shop.sleepquest.com\\\/es\\\/\",\"name\":\"SleepQuest Online Store\",\"description\":\"\",\"publisher\":{\"@id\":\"https:\\\/\\\/shop.sleepquest.com\\\/es\\\/#organization\"},\"potentialAction\":[{\"@type\":\"SearchAction\",\"target\":{\"@type\":\"EntryPoint\",\"urlTemplate\":\"https:\\\/\\\/shop.sleepquest.com\\\/es\\\/?s={search_term_string}\"},\"query-input\":{\"@type\":\"PropertyValueSpecification\",\"valueRequired\":true,\"valueName\":\"search_term_string\"}}],\"inLanguage\":\"es\"},{\"@type\":\"Organization\",\"@id\":\"https:\\\/\\\/shop.sleepquest.com\\\/es\\\/#organization\",\"name\":\"SleepQuest\",\"alternateName\":\"SleepQuest Online Store\",\"url\":\"https:\\\/\\\/shop.sleepquest.com\\\/es\\\/\",\"logo\":{\"@type\":\"ImageObject\",\"inLanguage\":\"es\",\"@id\":\"https:\\\/\\\/shop.sleepquest.com\\\/es\\\/#\\\/schema\\\/logo\\\/image\\\/\",\"url\":\"https:\\\/\\\/shop.sleepquest.com\\\/wp-content\\\/uploads\\\/2024\\\/05\\\/fav.png\",\"contentUrl\":\"https:\\\/\\\/shop.sleepquest.com\\\/wp-content\\\/uploads\\\/2024\\\/05\\\/fav.png\",\"width\":512,\"height\":512,\"caption\":\"SleepQuest\"},\"image\":{\"@id\":\"https:\\\/\\\/shop.sleepquest.com\\\/es\\\/#\\\/schema\\\/logo\\\/image\\\/\"},\"sameAs\":[\"https:\\\/\\\/www.facebook.com\\\/sleepquest\",\"https:\\\/\\\/x.com\\\/sleepquest\"]}]}<\/script>\n<!-- \/ Yoast SEO plugin. -->","yoast_head_json":{"title":"Pol\u00edtica de cookies - SleepQuest Online Store","robots":{"index":"index","follow":"follow","max-snippet":"max-snippet:-1","max-image-preview":"max-image-preview:large","max-video-preview":"max-video-preview:-1"},"canonical":"https:\/\/shop.sleepquest.com\/es\/politica-de-cookies\/","og_locale":"es_ES","og_type":"article","og_title":"Pol\u00edtica de cookies - SleepQuest Online Store","og_description":"SOBRE ESTA POL\u00cdTICA DE COOKIES Esta Pol\u00edtica de Cookies explica qu\u00e9 son las cookies y c\u00f3mo las utilizamos, los tipos","og_url":"https:\/\/shop.sleepquest.com\/es\/politica-de-cookies\/","og_site_name":"SleepQuest Online Store","article_publisher":"https:\/\/www.facebook.com\/sleepquest","og_image":[{"width":512,"height":512,"url":"https:\/\/shop.sleepquest.com\/wp-content\/uploads\/2024\/05\/fav.png","type":"image\/png"}],"twitter_card":"summary_large_image","twitter_site":"@sleepquest","twitter_misc":{"Tiempo de lectura":"8 minutos"},"schema":{"@context":"https:\/\/schema.org","@graph":[{"@type":"WebPage","@id":"https:\/\/shop.sleepquest.com\/es\/politica-de-cookies\/","url":"https:\/\/shop.sleepquest.com\/es\/politica-de-cookies\/","name":"Pol\u00edtica de cookies - SleepQuest Online Store","isPartOf":{"@id":"https:\/\/shop.sleepquest.com\/es\/#website"},"datePublished":"2024-05-28T09:09:35+00:00","breadcrumb":{"@id":"https:\/\/shop.sleepquest.com\/es\/politica-de-cookies\/#breadcrumb"},"inLanguage":"es","potentialAction":[{"@type":"ReadAction","target":["https:\/\/shop.sleepquest.com\/es\/politica-de-cookies\/"]}]},{"@type":"BreadcrumbList","@id":"https:\/\/shop.sleepquest.com\/es\/politica-de-cookies\/#breadcrumb","itemListElement":[{"@type":"ListItem","position":1,"name":"Home","item":"https:\/\/shop.sleepquest.com\/es\/"},{"@type":"ListItem","position":2,"name":"Pol\u00edtica de cookies"}]},{"@type":"WebSite","@id":"https:\/\/shop.sleepquest.com\/es\/#website","url":"https:\/\/shop.sleepquest.com\/es\/","name":"SleepQuest Online Store","description":"","publisher":{"@id":"https:\/\/shop.sleepquest.com\/es\/#organization"},"potentialAction":[{"@type":"SearchAction","target":{"@type":"EntryPoint","urlTemplate":"https:\/\/shop.sleepquest.com\/es\/?s={search_term_string}"},"query-input":{"@type":"PropertyValueSpecification","valueRequired":true,"valueName":"search_term_string"}}],"inLanguage":"es"},{"@type":"Organization","@id":"https:\/\/shop.sleepquest.com\/es\/#organization","name":"SleepQuest","alternateName":"SleepQuest Online Store","url":"https:\/\/shop.sleepquest.com\/es\/","logo":{"@type":"ImageObject","inLanguage":"es","@id":"https:\/\/shop.sleepquest.com\/es\/#\/schema\/logo\/image\/","url":"https:\/\/shop.sleepquest.com\/wp-content\/uploads\/2024\/05\/fav.png","contentUrl":"https:\/\/shop.sleepquest.com\/wp-content\/uploads\/2024\/05\/fav.png","width":512,"height":512,"caption":"SleepQuest"},"image":{"@id":"https:\/\/shop.sleepquest.com\/es\/#\/schema\/logo\/image\/"},"sameAs":["https:\/\/www.facebook.com\/sleepquest","https:\/\/x.com\/sleepquest"]}]}},"_links":{"self":[{"href":"https:\/\/shop.sleepquest.com\/es\/wp-json\/wp\/v2\/pages\/2361","targetHints":{"allow":["GET"]}}],"collection":[{"href":"https:\/\/shop.sleepquest.com\/es\/wp-json\/wp\/v2\/pages"}],"about":[{"href":"https:\/\/shop.sleepquest.com\/es\/wp-json\/wp\/v2\/types\/page"}],"author":[{"embeddable":true,"href":"https:\/\/shop.sleepquest.com\/es\/wp-json\/wp\/v2\/users\/1"}],"replies":[{"embeddable":true,"href":"https:\/\/shop.sleepquest.com\/es\/wp-json\/wp\/v2\/comments?post=2361"}],"version-history":[{"count":0,"href":"https:\/\/shop.sleepquest.com\/es\/wp-json\/wp\/v2\/pages\/2361\/revisions"}],"wp:attachment":[{"href":"https:\/\/shop.sleepquest.com\/es\/wp-json\/wp\/v2\/media?parent=2361"}],"curies":[{"name":"wp","href":"https:\/\/api.w.org\/{rel}","templated":true}]}}