{"id":2359,"date":"2024-05-01T12:28:14","date_gmt":"2024-05-01T12:28:14","guid":{"rendered":"https:\/\/shop.sleepquest.com\/declaracion-de-privacidad\/"},"modified":"2024-08-14T11:17:53","modified_gmt":"2024-08-14T11:17:53","slug":"declaracion-de-privacidad","status":"publish","type":"page","link":"https:\/\/shop.sleepquest.com\/es\/declaracion-de-privacidad\/","title":{"rendered":"Declaraci\u00f3n de Privacidad"},"content":{"rendered":"<h3>SECCI\u00d3N 1 &#8211; \u00bfQU\u00c9 HACEMOS CON SU INFORMACI\u00d3N?<\/h3>\n<p>Cuando usted compra algo en nuestra tienda, como parte del proceso de compra y venta nosotros recabamos la informaci\u00f3n personal que nos brinda, como su nombre, direcci\u00f3n postal y direcci\u00f3n de correo electr\u00f3nico.<\/p>\n<p>Cuando usted navega por nuestra tienda, autom\u00e1ticamente tambi\u00e9n recibimos la direcci\u00f3n de protocolo de internet (IP) de su computadora para que podamos conocer su navegador y sistema operativo.<\/p>\n<p>Marketing por correo electr\u00f3nico (de corresponder): Con su permiso, podr\u00edamos enviarle mensajes de correo electr\u00f3nico sobre nuestra tienda, productos nuevos y otras novedades.<\/p>\n<h3>SECCI\u00d3N 2 &#8211; CONSENTIMIENTO<\/h3>\n<p>\u00bfC\u00f3mo obtienen mi consentimiento?<\/p>\n<p>Cuando usted nos da informaci\u00f3n personal para realizar alguna transacci\u00f3n, verificar su tarjeta de cr\u00e9dito, realizar un pedido, coordinar una entrega o devolver una compra, damos por impl\u00edcito que usted da su consentimiento a que la recabemos y la usemos para ese prop\u00f3sito exclusivamente.<\/p>\n<p>Si solicit\u00e1remos su informaci\u00f3n personal para alg\u00fan prop\u00f3sito secundario, como actividades de marketing, procederemos a solicitarle directamente su consentimiento expreso, o le daremos una oportunidad de decir que no.<\/p>\n<p>\u00bfC\u00f3mo retiro mi consentimiento?<\/p>\n<p>Si despu\u00e9s de dar su consentimiento cambia de idea, podr\u00e1 retractarse de que lo contactemos, continuemos recabando, usando o divulgando su informaci\u00f3n, en cualquier momento, comunic\u00e1ndose con nosotros en\u00a0<a class=\"js-no-transition\" title=\"informacion@sleepquest.com\" href=\"mailto:informacion@sleepquest.com\" target=\"_blank\" rel=\"noopener\">informacion@sleepquest.com<\/a>\u00a0o por correo, a la siguiente direcci\u00f3n:<\/p>\n<p>SleepQuest, Inc.<br \/>975 Industrial Road, Suite E<br \/>San Carlos, California EE.UU. 94070<\/p>\n<h3>SECCI\u00d3N 3 &#8211; DIVULGACI\u00d3N<\/h3>\n<p>Podremos divulgar su informaci\u00f3n personal si tenemos la obligaci\u00f3n de hacerlo por ley o si usted viola nuestros T\u00e9rminos del Servicio.<\/p>\n<h3>SECCI\u00d3N 4 &#8211; SHOPIFY<\/h3>\n<p>Nuestra tienda est\u00e1 alojada en Shopify Inc. Esta empresa nos da la plataforma de comercio electr\u00f3nico en l\u00ednea que nos permite venderle nuestros productos y servicios.<br \/>Sus datos se almacenan a trav\u00e9s del almacenamiento de datos, bases de datos y la aplicaci\u00f3n general de Shopify. Ellos almacenan sus datos en un servidor seguro detr\u00e1s de un cortafuegos.<\/p>\n<p>Pago:<\/p>\n<p>Si usted elige un m\u00e9todo de pago directo para realizar su compra, en ese caso Shopify almacena los datos de su tarjeta de cr\u00e9dito. Se cifran a trav\u00e9s del Est\u00e1ndar Seguridad de Datos de la Industria de Tarjetas de Pago (PCI-DSS). Los datos de su transacci\u00f3n de compra se almacenan \u00fanicamente por el tiempo que sea necesario para concluir su transacci\u00f3n de compra. Una vez concluida, se procede a eliminar la informaci\u00f3n de su transacci\u00f3n de compra.<\/p>\n<p>Todos los m\u00e9todos de pago directo cumplen con los est\u00e1ndares establecidos por PCI-DSS tal como lo gestiona el Consejo sobre Normas de Seguridad de la PCI, que es una iniciativa conjunta de marcas como Visa, MasterCard, American Express y Discover.<\/p>\n<p>Los requerimientos de PCI-DSS ayudan a garantizar el manejo seguro de la informaci\u00f3n de las tarjetas de cr\u00e9dito por parte de nuestra tienda y sus proveedores de servicios.<br \/>Para m\u00e1s informaci\u00f3n, quiz\u00e1s tambi\u00e9n desee leer los T\u00e9rminos del Servicio de Shopify aqu\u00ed o la Declaraci\u00f3n de Privacidad aqu\u00ed.<\/p>\n<h3>SECCI\u00d3N 5 \u2013 SERVICIOS DE TERCEROS<\/h3>\n<p>En general, los proveedores externos que usamos \u00fanicamente recabar\u00e1n, usar\u00e1n y divulgar\u00e1n su informaci\u00f3n en la medida en que sea necesario para que puedan prestarnos sus servicios. \u00a0<\/p>\n<p>No obstante, algunos proveedores externos, como los m\u00e9todos de pago y otros procesadores de transacciones de pago, tienen sus propias pol\u00edticas de privacidad en relaci\u00f3n con la informaci\u00f3n que debemos proporcionarles para las transacciones de compra que usted haga.<\/p>\n<p>Para esos proveedores, recomendamos que lea sus pol\u00edticas de privacidad de manera de saber c\u00f3mo manejar\u00e1n esos proveedores su informaci\u00f3n personal. \u00a0<\/p>\n<p>Recuerde, en particular, que algunos proveedores podr\u00edan ubicarse o tener establecimientos que est\u00e1n ubicados en una jurisdicci\u00f3n diferente a la suya o la nuestra. Entonces, si elige proceder con una transacci\u00f3n que implica los servicios de un proveedor externo, su informaci\u00f3n podr\u00eda quedar sujeta a las leyes de la(s) jurisdicci\u00f3n(es) donde se ubica ese proveedor de servicios o se encuentran sus establecimientos.<\/p>\n<p>A modo de ejemplo, si usted se encuentra en Canad\u00e1 y su transacci\u00f3n es procesada por un m\u00e9todo de pago ubicado en los Estados Unidos, en ese caso su informaci\u00f3n personal usada para completar esa transacci\u00f3n podr\u00eda quedar sujeta a la legislaci\u00f3n de los Estados Unidos, incluida la Ley Patriota.<\/p>\n<p>Una vez que sale del sitio web de nuestra tienda o es redirigido al sitio web o aplicaci\u00f3n de un tercero, usted deja de estar regido por esta Pol\u00edtica de Privacidad o los T\u00e9rminos del Servicio de nuestro sitio web.<\/p>\n<p>Enlaces<\/p>\n<p>Cuando usted hace clic en enlaces que est\u00e1n en nuestra tienda, es posible que lo hagan salir de nuestro sitio. No somos responsables por las pr\u00e1cticas de privacidad de otros sitios y le recomendamos que lea sus declaraciones de privacidad.<\/p>\n<h3>SECCI\u00d3N 6 &#8211; SEGURIDAD<\/h3>\n<p>Para proteger su informaci\u00f3n personal, tomamos precauciones razonables y observamos las mejores pr\u00e1cticas de la industria para asegurarnos de que esa informaci\u00f3n no se pierda, se mal use, acceda, divulgue, altere o destruya.<\/p>\n<p>Si usted nos proporciona la informaci\u00f3n de su tarjeta de cr\u00e9dito, la informaci\u00f3n se cifra mediante tecnolog\u00eda de capa de conexi\u00f3n segura (SSL) y se almacena con un cifrado AES-256. Si bien ning\u00fan m\u00e9todo de transmisi\u00f3n por Internet o almacenamiento electr\u00f3nico es 100% seguro, nosotros observamos todos los requerimientos de PCI-DSS e implementamos est\u00e1ndares industriales adicionales generalmente aceptados.<\/p>\n<h3>SECCI\u00d3N 7 &#8211; COOKIES<\/h3>\n<p>Cookies are pieces of information that a Web site transfers to an individual&#8217;s hard drive for record-keeping purposes. Cookies make your use of SleepQuest.com interactive features and services possible while you&#8217;re at our site.<\/p>\n<p>The use of cookies is an industry standard &#8211; you&#8217;ll find them at most major health-related Web sites.<\/p>\n<p>If you link to a site where we direct you for additional information, you will probably receive cookies from these sites as they are now part of many website operations. Of course, we cannot control cookies from the other sites that you may link to from Shop.SleepQuest.com.<\/p>\n<p><a href=\"https:\/\/shop.sleepquest.com\/es\/politica-de-cookies\/\">View our Cookie Policy<\/a><\/p>\n<h3>SECTION 8 \u2013 EDAD DE CONSENTIMIENTO<\/h3>\n<p>Al usar este sitio, usted declara que tiene al menos la mayor\u00eda de edad que rige en su estado o provincia de residencia, o que tiene la mayor\u00eda de edad que rige en su estado o provincia de residencia y que nos ha dado su consentimiento para permitir que cualquiera de sus dependientes menores use este sitio.<\/p>\n<h3>SECCI\u00d3N 9 \u2013 CAMBIOS A ESTA POL\u00cdTICA DE PRIVACIDAD<\/h3>\n<p>Nos reservamos el derecho de modificar esta pol\u00edtica de privacidad en cualquier momento, por lo que rev\u00edsela con frecuencia. Las modificaciones y aclaraciones tendr\u00e1n efectos inmediatos tras su publicaci\u00f3n en el sitio web. Si realizamos cambios sustanciales a esta pol\u00edtica, le haremos saber que esta pol\u00edtica ha sido actualizada, de modo que est\u00e9 al tanto de qu\u00e9 informaci\u00f3n recabamos, c\u00f3mo la usamos y en qu\u00e9 circunstancias, si fuera el caso la usamos y\/o divulgamos.<\/p>\n<p>Si nuestra tienda fuese adquirida por o se fusionara con otra compa\u00f1\u00eda, su informaci\u00f3n podr\u00eda transferirse a los nuevos propietarios para que podamos seguir vendi\u00e9ndole productos.<\/p>\n<h3>SECCI\u00d3N 10 &#8211; PROGRAMA DE MENSAJER\u00cdA M\u00d3VIL SMS\/MMS POL\u00cdTICA DE PRIVACIDAD<\/h3>\n<p>SleepQuest, Inc. (en adelante, \u00abNosotros\u00bb, \u00abNos\u00bb, \u00abNuestro\u00bb) ofrece un programa de mensajer\u00eda m\u00f3vil (el \u00abPrograma\u00bb), que usted acepta utilizar y en el que participa de acuerdo con los T\u00e9rminos y Condiciones de Mensajer\u00eda M\u00f3vil y esta Pol\u00edtica de Privacidad (los T\u00e9rminos y la Pol\u00edtica de Privacidad se denominan colectivamente el \u00abAcuerdo\u00bb). SleepQuest, Inc. respeta su privacidad. S\u00f3lo utilizaremos la informaci\u00f3n que nos proporcione a trav\u00e9s del Programa para transmitir sus mensajes m\u00f3viles y responderle, si es necesario. Esto incluye, pero no se limita a, compartir informaci\u00f3n con proveedores de plataformas, compa\u00f1\u00edas telef\u00f3nicas y otros proveedores que nos asisten en la entrega de mensajes m\u00f3viles. NO VENDEMOS, ALQUILAMOS, PRESTAMOS, INTERCAMBIAMOS, ARRENDAMOS NI TRANSFERIMOS DE NING\u00daN OTRO MODO CON FINES LUCRATIVOS A TERCEROS NING\u00daN N\u00daMERO DE TEL\u00c9FONO NI INFORMACI\u00d3N DE CLIENTES RECOPILADA A TRAV\u00c9S DEL PROGRAMA. No obstante, nos reservamos en todo momento el derecho a revelar cualquier informaci\u00f3n que sea necesaria para satisfacer cualquier solicitud legal, reglamentaria o gubernamental, para evitar responsabilidades o para proteger nuestros derechos o propiedad. Cuando rellene formularios en l\u00ednea o nos facilite informaci\u00f3n de cualquier otro modo en relaci\u00f3n con el Programa, se compromete a proporcionar informaci\u00f3n exacta, completa y verdadera. Usted se compromete a no utilizar un nombre falso o enga\u00f1oso o un nombre que no est\u00e9 autorizado a utilizar. Si, a nuestra entera discreci\u00f3n, consideramos que dicha informaci\u00f3n es falsa, inexacta o incompleta, o que usted se ha inscrito en el Programa con un prop\u00f3sito ulterior, podremos denegarle el acceso al Programa y emprender las acciones legales pertinentes.<\/p>\n<p>La Ley de Privacidad del Consumidor de California (\u00abCCPA\u00bb, por sus siglas en ingl\u00e9s) y la Secci\u00f3n 1798.83 del C\u00f3digo Civil de California permiten a los usuarios del Programa que sean consumidores o residentes de California solicitar cierta informaci\u00f3n relativa a nuestra divulgaci\u00f3n de la informaci\u00f3n que usted proporciona a trav\u00e9s del Programa a terceros para sus fines de marketing directo.<\/p>\n<h3>PREGUNTAS E INFORMACI\u00d3N DE CONTACTO<\/h3>\n<p>Si desea: acceder, corregir, modificar o eliminar cualquier informaci\u00f3n personal que tengamos sobre usted, registrar una queja o simplemente desea m\u00e1s informaci\u00f3n, p\u00f3ngase en contacto con nuestro Responsable de Cumplimiento de la Privacidad en iwright@sleepquest.com o por correo postal en:<\/p>\n<p>SleepQuest, Inc<br \/>Ian Wright<br \/>975 Industrial Road, Suite E<br \/>San Carlos California US 94070<\/p>\n","protected":false},"excerpt":{"rendered":"<p>SECCI\u00d3N 1 &#8211; \u00bfQU\u00c9 HACEMOS CON SU INFORMACI\u00d3N? Cuando usted compra algo en nuestra tienda, como parte del proceso de<\/p>\n","protected":false},"author":1,"featured_media":0,"parent":0,"menu_order":0,"comment_status":"closed","ping_status":"closed","template":"","meta":{"_acf_changed":false,"footnotes":""},"class_list":["post-2359","page","type-page","status-publish","hentry"],"acf":[],"yoast_head":"<!-- This site is optimized with the Yoast SEO plugin v27.4 - https:\/\/yoast.com\/product\/yoast-seo-wordpress\/ -->\n<title>Declaraci\u00f3n de Privacidad - SleepQuest Online Store<\/title>\n<meta name=\"robots\" content=\"index, follow, max-snippet:-1, max-image-preview:large, max-video-preview:-1\" \/>\n<link rel=\"canonical\" href=\"https:\/\/shop.sleepquest.com\/es\/declaracion-de-privacidad\/\" \/>\n<meta property=\"og:locale\" content=\"es_ES\" \/>\n<meta property=\"og:type\" content=\"article\" \/>\n<meta property=\"og:title\" content=\"Declaraci\u00f3n de Privacidad - SleepQuest Online Store\" \/>\n<meta property=\"og:description\" content=\"SECCI\u00d3N 1 &#8211; \u00bfQU\u00c9 HACEMOS CON SU INFORMACI\u00d3N? Cuando usted compra algo en nuestra tienda, como parte del proceso de\" \/>\n<meta property=\"og:url\" content=\"https:\/\/shop.sleepquest.com\/es\/declaracion-de-privacidad\/\" \/>\n<meta property=\"og:site_name\" content=\"SleepQuest Online Store\" \/>\n<meta property=\"article:publisher\" content=\"https:\/\/www.facebook.com\/sleepquest\" \/>\n<meta property=\"article:modified_time\" content=\"2024-08-14T11:17:53+00:00\" \/>\n<meta property=\"og:image\" content=\"https:\/\/shop.sleepquest.com\/wp-content\/uploads\/2024\/05\/fav.png\" \/>\n\t<meta property=\"og:image:width\" content=\"512\" \/>\n\t<meta property=\"og:image:height\" content=\"512\" \/>\n\t<meta property=\"og:image:type\" content=\"image\/png\" \/>\n<meta name=\"twitter:card\" content=\"summary_large_image\" \/>\n<meta name=\"twitter:site\" content=\"@sleepquest\" \/>\n<meta name=\"twitter:label1\" content=\"Tiempo de lectura\" \/>\n\t<meta name=\"twitter:data1\" content=\"7 minutos\" \/>\n<script type=\"application\/ld+json\" class=\"yoast-schema-graph\">{\"@context\":\"https:\\\/\\\/schema.org\",\"@graph\":[{\"@type\":\"WebPage\",\"@id\":\"https:\\\/\\\/shop.sleepquest.com\\\/es\\\/declaracion-de-privacidad\\\/\",\"url\":\"https:\\\/\\\/shop.sleepquest.com\\\/es\\\/declaracion-de-privacidad\\\/\",\"name\":\"Declaraci\u00f3n de Privacidad - SleepQuest Online Store\",\"isPartOf\":{\"@id\":\"https:\\\/\\\/shop.sleepquest.com\\\/es\\\/#website\"},\"datePublished\":\"2024-05-01T12:28:14+00:00\",\"dateModified\":\"2024-08-14T11:17:53+00:00\",\"breadcrumb\":{\"@id\":\"https:\\\/\\\/shop.sleepquest.com\\\/es\\\/declaracion-de-privacidad\\\/#breadcrumb\"},\"inLanguage\":\"es\",\"potentialAction\":[{\"@type\":\"ReadAction\",\"target\":[\"https:\\\/\\\/shop.sleepquest.com\\\/es\\\/declaracion-de-privacidad\\\/\"]}]},{\"@type\":\"BreadcrumbList\",\"@id\":\"https:\\\/\\\/shop.sleepquest.com\\\/es\\\/declaracion-de-privacidad\\\/#breadcrumb\",\"itemListElement\":[{\"@type\":\"ListItem\",\"position\":1,\"name\":\"Home\",\"item\":\"https:\\\/\\\/shop.sleepquest.com\\\/es\\\/\"},{\"@type\":\"ListItem\",\"position\":2,\"name\":\"Declaraci\u00f3n de Privacidad\"}]},{\"@type\":\"WebSite\",\"@id\":\"https:\\\/\\\/shop.sleepquest.com\\\/es\\\/#website\",\"url\":\"https:\\\/\\\/shop.sleepquest.com\\\/es\\\/\",\"name\":\"SleepQuest Online Store\",\"description\":\"\",\"publisher\":{\"@id\":\"https:\\\/\\\/shop.sleepquest.com\\\/es\\\/#organization\"},\"potentialAction\":[{\"@type\":\"SearchAction\",\"target\":{\"@type\":\"EntryPoint\",\"urlTemplate\":\"https:\\\/\\\/shop.sleepquest.com\\\/es\\\/?s={search_term_string}\"},\"query-input\":{\"@type\":\"PropertyValueSpecification\",\"valueRequired\":true,\"valueName\":\"search_term_string\"}}],\"inLanguage\":\"es\"},{\"@type\":\"Organization\",\"@id\":\"https:\\\/\\\/shop.sleepquest.com\\\/es\\\/#organization\",\"name\":\"SleepQuest\",\"alternateName\":\"SleepQuest Online Store\",\"url\":\"https:\\\/\\\/shop.sleepquest.com\\\/es\\\/\",\"logo\":{\"@type\":\"ImageObject\",\"inLanguage\":\"es\",\"@id\":\"https:\\\/\\\/shop.sleepquest.com\\\/es\\\/#\\\/schema\\\/logo\\\/image\\\/\",\"url\":\"https:\\\/\\\/shop.sleepquest.com\\\/wp-content\\\/uploads\\\/2024\\\/05\\\/fav.png\",\"contentUrl\":\"https:\\\/\\\/shop.sleepquest.com\\\/wp-content\\\/uploads\\\/2024\\\/05\\\/fav.png\",\"width\":512,\"height\":512,\"caption\":\"SleepQuest\"},\"image\":{\"@id\":\"https:\\\/\\\/shop.sleepquest.com\\\/es\\\/#\\\/schema\\\/logo\\\/image\\\/\"},\"sameAs\":[\"https:\\\/\\\/www.facebook.com\\\/sleepquest\",\"https:\\\/\\\/x.com\\\/sleepquest\"]}]}<\/script>\n<!-- \/ Yoast SEO plugin. -->","yoast_head_json":{"title":"Declaraci\u00f3n de Privacidad - SleepQuest Online Store","robots":{"index":"index","follow":"follow","max-snippet":"max-snippet:-1","max-image-preview":"max-image-preview:large","max-video-preview":"max-video-preview:-1"},"canonical":"https:\/\/shop.sleepquest.com\/es\/declaracion-de-privacidad\/","og_locale":"es_ES","og_type":"article","og_title":"Declaraci\u00f3n de Privacidad - SleepQuest Online Store","og_description":"SECCI\u00d3N 1 &#8211; \u00bfQU\u00c9 HACEMOS CON SU INFORMACI\u00d3N? Cuando usted compra algo en nuestra tienda, como parte del proceso de","og_url":"https:\/\/shop.sleepquest.com\/es\/declaracion-de-privacidad\/","og_site_name":"SleepQuest Online Store","article_publisher":"https:\/\/www.facebook.com\/sleepquest","article_modified_time":"2024-08-14T11:17:53+00:00","og_image":[{"width":512,"height":512,"url":"https:\/\/shop.sleepquest.com\/wp-content\/uploads\/2024\/05\/fav.png","type":"image\/png"}],"twitter_card":"summary_large_image","twitter_site":"@sleepquest","twitter_misc":{"Tiempo de lectura":"7 minutos"},"schema":{"@context":"https:\/\/schema.org","@graph":[{"@type":"WebPage","@id":"https:\/\/shop.sleepquest.com\/es\/declaracion-de-privacidad\/","url":"https:\/\/shop.sleepquest.com\/es\/declaracion-de-privacidad\/","name":"Declaraci\u00f3n de Privacidad - SleepQuest Online Store","isPartOf":{"@id":"https:\/\/shop.sleepquest.com\/es\/#website"},"datePublished":"2024-05-01T12:28:14+00:00","dateModified":"2024-08-14T11:17:53+00:00","breadcrumb":{"@id":"https:\/\/shop.sleepquest.com\/es\/declaracion-de-privacidad\/#breadcrumb"},"inLanguage":"es","potentialAction":[{"@type":"ReadAction","target":["https:\/\/shop.sleepquest.com\/es\/declaracion-de-privacidad\/"]}]},{"@type":"BreadcrumbList","@id":"https:\/\/shop.sleepquest.com\/es\/declaracion-de-privacidad\/#breadcrumb","itemListElement":[{"@type":"ListItem","position":1,"name":"Home","item":"https:\/\/shop.sleepquest.com\/es\/"},{"@type":"ListItem","position":2,"name":"Declaraci\u00f3n de Privacidad"}]},{"@type":"WebSite","@id":"https:\/\/shop.sleepquest.com\/es\/#website","url":"https:\/\/shop.sleepquest.com\/es\/","name":"SleepQuest Online Store","description":"","publisher":{"@id":"https:\/\/shop.sleepquest.com\/es\/#organization"},"potentialAction":[{"@type":"SearchAction","target":{"@type":"EntryPoint","urlTemplate":"https:\/\/shop.sleepquest.com\/es\/?s={search_term_string}"},"query-input":{"@type":"PropertyValueSpecification","valueRequired":true,"valueName":"search_term_string"}}],"inLanguage":"es"},{"@type":"Organization","@id":"https:\/\/shop.sleepquest.com\/es\/#organization","name":"SleepQuest","alternateName":"SleepQuest Online Store","url":"https:\/\/shop.sleepquest.com\/es\/","logo":{"@type":"ImageObject","inLanguage":"es","@id":"https:\/\/shop.sleepquest.com\/es\/#\/schema\/logo\/image\/","url":"https:\/\/shop.sleepquest.com\/wp-content\/uploads\/2024\/05\/fav.png","contentUrl":"https:\/\/shop.sleepquest.com\/wp-content\/uploads\/2024\/05\/fav.png","width":512,"height":512,"caption":"SleepQuest"},"image":{"@id":"https:\/\/shop.sleepquest.com\/es\/#\/schema\/logo\/image\/"},"sameAs":["https:\/\/www.facebook.com\/sleepquest","https:\/\/x.com\/sleepquest"]}]}},"_links":{"self":[{"href":"https:\/\/shop.sleepquest.com\/es\/wp-json\/wp\/v2\/pages\/2359","targetHints":{"allow":["GET"]}}],"collection":[{"href":"https:\/\/shop.sleepquest.com\/es\/wp-json\/wp\/v2\/pages"}],"about":[{"href":"https:\/\/shop.sleepquest.com\/es\/wp-json\/wp\/v2\/types\/page"}],"author":[{"embeddable":true,"href":"https:\/\/shop.sleepquest.com\/es\/wp-json\/wp\/v2\/users\/1"}],"replies":[{"embeddable":true,"href":"https:\/\/shop.sleepquest.com\/es\/wp-json\/wp\/v2\/comments?post=2359"}],"version-history":[{"count":0,"href":"https:\/\/shop.sleepquest.com\/es\/wp-json\/wp\/v2\/pages\/2359\/revisions"}],"wp:attachment":[{"href":"https:\/\/shop.sleepquest.com\/es\/wp-json\/wp\/v2\/media?parent=2359"}],"curies":[{"name":"wp","href":"https:\/\/api.w.org\/{rel}","templated":true}]}}