{"id":2357,"date":"2024-06-18T07:23:12","date_gmt":"2024-06-18T07:23:12","guid":{"rendered":"https:\/\/shop.sleepquest.com\/codigos-de-facturacion-cpap\/"},"modified":"2024-08-14T09:43:46","modified_gmt":"2024-08-14T09:43:46","slug":"codigos-de-facturacion-de-las-maquinas-cpap","status":"publish","type":"page","link":"https:\/\/shop.sleepquest.com\/es\/codigos-de-facturacion-de-las-maquinas-cpap\/","title":{"rendered":"C\u00f3digos de facturaci\u00f3n de las m\u00e1quinas CPAP"},"content":{"rendered":"<table class=\"table table-striped\">\n<thead>\n<tr>\n<td colspan=\"2\">C\u00d3DIGOS DE LOS SEGUROS DE LAS M\u00c1QUINAS CPAP\/Bi-PAP (HCPC)<\/td>\n<\/tr>\n<\/thead>\n<tbody>\n<tr>\n<td>E0601<\/td>\n<td>Dispositivo de presi\u00f3n continua de las v\u00edas respiratorias (CPAP\/APAP)<\/td>\n<\/tr>\n<tr>\n<td>E0470<\/td>\n<td>Dispositivo de asistencia respiratoria, mecanismo de presi\u00f3n de dos niveles (Bi-PAP), SIN funci\u00f3n de frecuencia de respaldo, usado con interfaz no invasiva, p.ej., m\u00e1scara nasal o facial (dispositivo de asistencia intermitente con dispositivo de presi\u00f3n positiva continua de las v\u00edas respiratorias)<\/td>\n<\/tr>\n<tr>\n<td>E0471<\/td>\n<td>Dispositivo de asistencia respiratoria, mecanismo de presi\u00f3n de dos niveles (Bi-PAP), CON funci\u00f3n de frecuencia de respaldo, usado con interfaz no invasiva, p.ej., m\u00e1scara nasal o facial (dispositivo de asistencia intermitente con dispositivo de presi\u00f3n positiva continua de las v\u00edas respiratorias)<\/td>\n<\/tr>\n<tr>\n<td>E0562<\/td>\n<td>Humidificador, calefaccionado, usado con dispositivo de presi\u00f3n positiva de las v\u00edas respiratorias (CPAP\/Bi-PAP\/APAP)<\/td>\n<\/tr>\n<\/tbody>\n<\/table>\n<table class=\"table table-striped\">\n<thead>\n<tr>\n<td colspan=\"2\">C\u00d3DIGOS DE SEGURO DE M\u00c1SCARAS DE CPAP\/Bi-PAP (HCPCS)<\/td>\n<\/tr>\n<\/thead>\n<tbody>\n<tr>\n<td>A7030<\/td>\n<td>M\u00e1scara de rostro completo usada con Dispositivo de presi\u00f3n positiva de las v\u00edas respiratorias (CPAP\/Bi-PAP\/APAP)<\/td>\n<\/tr>\n<tr>\n<td>A7034<\/td>\n<td>Interfaz nasa (tipo m\u00e1scara o c\u00e1nula) usada con dispositivo de presi\u00f3n positiva de las v\u00edas respiratorias (CPAP\/Bi-PAP\/APAP), con o sin correa para la cabeza<\/td>\n<\/tr>\n<tr>\n<td>A7044<\/td>\n<td>Interfaz bucal usada con dispositivo de presi\u00f3n positiva de las v\u00edas respiratorias (CPAP\/Bi-PAP\/APAP)<\/td>\n<\/tr>\n<tr>\n<td>A7027<\/td>\n<td>M\u00e1scara nasobucal usada con dispositivo de presi\u00f3n positiva continua de las v\u00edas respiratorias<\/td>\n<\/tr>\n<\/tbody>\n<\/table>\n<table class=\"table table-striped\">\n<thead>\n<tr>\n<td colspan=\"2\">C\u00d3DIGOS DE SEGURO DE PIEZAS Y ACCESORIOS BiPAP PARA CPAP (HCPCS)<\/td>\n<\/tr>\n<\/thead>\n<tbody>\n<tr>\n<td>A7028<\/td>\n<td>Coj\u00edn bucal de repuesto para m\u00e1scara nasobucal<\/td>\n<\/tr>\n<tr>\n<td>A7029<\/td>\n<td>Coj\u00edn de almohadillas nasales de repuesto para m\u00e1scara nasobucal<\/td>\n<\/tr>\n<tr>\n<td>A7031<\/td>\n<td>Coj\u00edn de repuesto para m\u00e1scara de rostro completo<\/td>\n<\/tr>\n<tr>\n<td>A7032<\/td>\n<td>Coj\u00edn de repuesto para m\u00e1scara nasal<\/td>\n<\/tr>\n<tr>\n<td>A7033<\/td>\n<td>Almohadillas de repuesto para m\u00e1scara tipo c\u00e1nula o de almohadillas nasales<\/td>\n<\/tr>\n<tr>\n<td>A7035<\/td>\n<td>Arco para la cabeza usado con dispositivo de presi\u00f3n positiva de las v\u00edas respiratorias<\/td>\n<\/tr>\n<tr>\n<td>A7036<\/td>\n<td>Faja mentonera usada con dispositivo de presi\u00f3n positiva de las v\u00edas respiratorias<\/td>\n<\/tr>\n<tr>\n<td>A7037<\/td>\n<td>Tubo usado con dispositivo de presi\u00f3n positiva de las v\u00edas respiratorias<\/td>\n<\/tr>\n<tr>\n<td>A4604<\/td>\n<td>Tubo calefaccionado usado con dispositivo de presi\u00f3n positiva de las v\u00edas respiratorias<\/td>\n<\/tr>\n<tr>\n<td>A7038<\/td>\n<td>Filtro, desechable usado con dispositivo de presi\u00f3n positiva de las v\u00edas respiratorias<\/td>\n<\/tr>\n<tr>\n<td>A7039<\/td>\n<td>Filtro, no desechable (reutilizable), usado con dispositivo de presi\u00f3n positiva de las v\u00edas respiratorias<\/td>\n<\/tr>\n<tr>\n<td>A7046<\/td>\n<td>C\u00e1mara de agua para humidificador, usada con dispositivo de presi\u00f3n positiva de las v\u00edas respiratorias<\/td>\n<\/tr>\n<tr>\n<td>E1399<\/td>\n<td>Art\u00edculos, componentes y accesorios varios para equipos m\u00e9dicos durables<\/td>\n<\/tr>\n<\/tbody>\n<\/table>\n","protected":false},"excerpt":{"rendered":"<p>C\u00d3DIGOS DE LOS SEGUROS DE LAS M\u00c1QUINAS CPAP\/Bi-PAP (HCPC) E0601 Dispositivo de presi\u00f3n continua de las v\u00edas respiratorias (CPAP\/APAP) E0470<\/p>\n","protected":false},"author":1,"featured_media":0,"parent":0,"menu_order":0,"comment_status":"closed","ping_status":"closed","template":"","meta":{"_acf_changed":false,"footnotes":""},"class_list":["post-2357","page","type-page","status-publish","hentry"],"acf":[],"yoast_head":"<!-- This site is optimized with the Yoast SEO plugin v27.3 - https:\/\/yoast.com\/product\/yoast-seo-wordpress\/ -->\n<title>C\u00f3digos de facturaci\u00f3n de las m\u00e1quinas CPAP - SleepQuest Online Store<\/title>\n<meta name=\"robots\" content=\"index, follow, max-snippet:-1, max-image-preview:large, max-video-preview:-1\" \/>\n<link rel=\"canonical\" href=\"https:\/\/shop.sleepquest.com\/es\/codigos-de-facturacion-de-las-maquinas-cpap\/\" \/>\n<meta property=\"og:locale\" content=\"es_ES\" \/>\n<meta property=\"og:type\" content=\"article\" \/>\n<meta property=\"og:title\" content=\"C\u00f3digos de facturaci\u00f3n de las m\u00e1quinas CPAP - SleepQuest Online Store\" \/>\n<meta property=\"og:description\" content=\"C\u00d3DIGOS DE LOS SEGUROS DE LAS M\u00c1QUINAS CPAP\/Bi-PAP (HCPC) E0601 Dispositivo de presi\u00f3n continua de las v\u00edas respiratorias (CPAP\/APAP) E0470\" \/>\n<meta property=\"og:url\" content=\"https:\/\/shop.sleepquest.com\/es\/codigos-de-facturacion-de-las-maquinas-cpap\/\" \/>\n<meta property=\"og:site_name\" content=\"SleepQuest Online Store\" \/>\n<meta property=\"article:publisher\" content=\"https:\/\/www.facebook.com\/sleepquest\" \/>\n<meta property=\"article:modified_time\" content=\"2024-08-14T09:43:46+00:00\" \/>\n<meta property=\"og:image\" content=\"https:\/\/shop.sleepquest.com\/wp-content\/uploads\/2024\/05\/fav.png\" \/>\n\t<meta property=\"og:image:width\" content=\"512\" \/>\n\t<meta property=\"og:image:height\" content=\"512\" \/>\n\t<meta property=\"og:image:type\" content=\"image\/png\" \/>\n<meta name=\"twitter:card\" content=\"summary_large_image\" \/>\n<meta name=\"twitter:site\" content=\"@sleepquest\" \/>\n<meta name=\"twitter:label1\" content=\"Tiempo de lectura\" \/>\n\t<meta name=\"twitter:data1\" content=\"2 minutos\" \/>\n<script type=\"application\/ld+json\" class=\"yoast-schema-graph\">{\"@context\":\"https:\\\/\\\/schema.org\",\"@graph\":[{\"@type\":\"WebPage\",\"@id\":\"https:\\\/\\\/shop.sleepquest.com\\\/es\\\/codigos-de-facturacion-de-las-maquinas-cpap\\\/\",\"url\":\"https:\\\/\\\/shop.sleepquest.com\\\/es\\\/codigos-de-facturacion-de-las-maquinas-cpap\\\/\",\"name\":\"C\u00f3digos de facturaci\u00f3n de las m\u00e1quinas CPAP - SleepQuest Online Store\",\"isPartOf\":{\"@id\":\"https:\\\/\\\/shop.sleepquest.com\\\/es\\\/#website\"},\"datePublished\":\"2024-06-18T07:23:12+00:00\",\"dateModified\":\"2024-08-14T09:43:46+00:00\",\"breadcrumb\":{\"@id\":\"https:\\\/\\\/shop.sleepquest.com\\\/es\\\/codigos-de-facturacion-de-las-maquinas-cpap\\\/#breadcrumb\"},\"inLanguage\":\"es\",\"potentialAction\":[{\"@type\":\"ReadAction\",\"target\":[\"https:\\\/\\\/shop.sleepquest.com\\\/es\\\/codigos-de-facturacion-de-las-maquinas-cpap\\\/\"]}]},{\"@type\":\"BreadcrumbList\",\"@id\":\"https:\\\/\\\/shop.sleepquest.com\\\/es\\\/codigos-de-facturacion-de-las-maquinas-cpap\\\/#breadcrumb\",\"itemListElement\":[{\"@type\":\"ListItem\",\"position\":1,\"name\":\"Home\",\"item\":\"https:\\\/\\\/shop.sleepquest.com\\\/es\\\/\"},{\"@type\":\"ListItem\",\"position\":2,\"name\":\"C\u00f3digos de facturaci\u00f3n de las m\u00e1quinas CPAP\"}]},{\"@type\":\"WebSite\",\"@id\":\"https:\\\/\\\/shop.sleepquest.com\\\/es\\\/#website\",\"url\":\"https:\\\/\\\/shop.sleepquest.com\\\/es\\\/\",\"name\":\"SleepQuest Online Store\",\"description\":\"\",\"publisher\":{\"@id\":\"https:\\\/\\\/shop.sleepquest.com\\\/es\\\/#organization\"},\"potentialAction\":[{\"@type\":\"SearchAction\",\"target\":{\"@type\":\"EntryPoint\",\"urlTemplate\":\"https:\\\/\\\/shop.sleepquest.com\\\/es\\\/?s={search_term_string}\"},\"query-input\":{\"@type\":\"PropertyValueSpecification\",\"valueRequired\":true,\"valueName\":\"search_term_string\"}}],\"inLanguage\":\"es\"},{\"@type\":\"Organization\",\"@id\":\"https:\\\/\\\/shop.sleepquest.com\\\/es\\\/#organization\",\"name\":\"SleepQuest\",\"alternateName\":\"SleepQuest Online Store\",\"url\":\"https:\\\/\\\/shop.sleepquest.com\\\/es\\\/\",\"logo\":{\"@type\":\"ImageObject\",\"inLanguage\":\"es\",\"@id\":\"https:\\\/\\\/shop.sleepquest.com\\\/es\\\/#\\\/schema\\\/logo\\\/image\\\/\",\"url\":\"https:\\\/\\\/shop.sleepquest.com\\\/wp-content\\\/uploads\\\/2024\\\/05\\\/fav.png\",\"contentUrl\":\"https:\\\/\\\/shop.sleepquest.com\\\/wp-content\\\/uploads\\\/2024\\\/05\\\/fav.png\",\"width\":512,\"height\":512,\"caption\":\"SleepQuest\"},\"image\":{\"@id\":\"https:\\\/\\\/shop.sleepquest.com\\\/es\\\/#\\\/schema\\\/logo\\\/image\\\/\"},\"sameAs\":[\"https:\\\/\\\/www.facebook.com\\\/sleepquest\",\"https:\\\/\\\/x.com\\\/sleepquest\"]}]}<\/script>\n<!-- \/ Yoast SEO plugin. -->","yoast_head_json":{"title":"C\u00f3digos de facturaci\u00f3n de las m\u00e1quinas CPAP - SleepQuest Online Store","robots":{"index":"index","follow":"follow","max-snippet":"max-snippet:-1","max-image-preview":"max-image-preview:large","max-video-preview":"max-video-preview:-1"},"canonical":"https:\/\/shop.sleepquest.com\/es\/codigos-de-facturacion-de-las-maquinas-cpap\/","og_locale":"es_ES","og_type":"article","og_title":"C\u00f3digos de facturaci\u00f3n de las m\u00e1quinas CPAP - SleepQuest Online Store","og_description":"C\u00d3DIGOS DE LOS SEGUROS DE LAS M\u00c1QUINAS CPAP\/Bi-PAP (HCPC) E0601 Dispositivo de presi\u00f3n continua de las v\u00edas respiratorias (CPAP\/APAP) E0470","og_url":"https:\/\/shop.sleepquest.com\/es\/codigos-de-facturacion-de-las-maquinas-cpap\/","og_site_name":"SleepQuest Online Store","article_publisher":"https:\/\/www.facebook.com\/sleepquest","article_modified_time":"2024-08-14T09:43:46+00:00","og_image":[{"width":512,"height":512,"url":"https:\/\/shop.sleepquest.com\/wp-content\/uploads\/2024\/05\/fav.png","type":"image\/png"}],"twitter_card":"summary_large_image","twitter_site":"@sleepquest","twitter_misc":{"Tiempo de lectura":"2 minutos"},"schema":{"@context":"https:\/\/schema.org","@graph":[{"@type":"WebPage","@id":"https:\/\/shop.sleepquest.com\/es\/codigos-de-facturacion-de-las-maquinas-cpap\/","url":"https:\/\/shop.sleepquest.com\/es\/codigos-de-facturacion-de-las-maquinas-cpap\/","name":"C\u00f3digos de facturaci\u00f3n de las m\u00e1quinas CPAP - SleepQuest Online Store","isPartOf":{"@id":"https:\/\/shop.sleepquest.com\/es\/#website"},"datePublished":"2024-06-18T07:23:12+00:00","dateModified":"2024-08-14T09:43:46+00:00","breadcrumb":{"@id":"https:\/\/shop.sleepquest.com\/es\/codigos-de-facturacion-de-las-maquinas-cpap\/#breadcrumb"},"inLanguage":"es","potentialAction":[{"@type":"ReadAction","target":["https:\/\/shop.sleepquest.com\/es\/codigos-de-facturacion-de-las-maquinas-cpap\/"]}]},{"@type":"BreadcrumbList","@id":"https:\/\/shop.sleepquest.com\/es\/codigos-de-facturacion-de-las-maquinas-cpap\/#breadcrumb","itemListElement":[{"@type":"ListItem","position":1,"name":"Home","item":"https:\/\/shop.sleepquest.com\/es\/"},{"@type":"ListItem","position":2,"name":"C\u00f3digos de facturaci\u00f3n de las m\u00e1quinas CPAP"}]},{"@type":"WebSite","@id":"https:\/\/shop.sleepquest.com\/es\/#website","url":"https:\/\/shop.sleepquest.com\/es\/","name":"SleepQuest Online Store","description":"","publisher":{"@id":"https:\/\/shop.sleepquest.com\/es\/#organization"},"potentialAction":[{"@type":"SearchAction","target":{"@type":"EntryPoint","urlTemplate":"https:\/\/shop.sleepquest.com\/es\/?s={search_term_string}"},"query-input":{"@type":"PropertyValueSpecification","valueRequired":true,"valueName":"search_term_string"}}],"inLanguage":"es"},{"@type":"Organization","@id":"https:\/\/shop.sleepquest.com\/es\/#organization","name":"SleepQuest","alternateName":"SleepQuest Online Store","url":"https:\/\/shop.sleepquest.com\/es\/","logo":{"@type":"ImageObject","inLanguage":"es","@id":"https:\/\/shop.sleepquest.com\/es\/#\/schema\/logo\/image\/","url":"https:\/\/shop.sleepquest.com\/wp-content\/uploads\/2024\/05\/fav.png","contentUrl":"https:\/\/shop.sleepquest.com\/wp-content\/uploads\/2024\/05\/fav.png","width":512,"height":512,"caption":"SleepQuest"},"image":{"@id":"https:\/\/shop.sleepquest.com\/es\/#\/schema\/logo\/image\/"},"sameAs":["https:\/\/www.facebook.com\/sleepquest","https:\/\/x.com\/sleepquest"]}]}},"_links":{"self":[{"href":"https:\/\/shop.sleepquest.com\/es\/wp-json\/wp\/v2\/pages\/2357","targetHints":{"allow":["GET"]}}],"collection":[{"href":"https:\/\/shop.sleepquest.com\/es\/wp-json\/wp\/v2\/pages"}],"about":[{"href":"https:\/\/shop.sleepquest.com\/es\/wp-json\/wp\/v2\/types\/page"}],"author":[{"embeddable":true,"href":"https:\/\/shop.sleepquest.com\/es\/wp-json\/wp\/v2\/users\/1"}],"replies":[{"embeddable":true,"href":"https:\/\/shop.sleepquest.com\/es\/wp-json\/wp\/v2\/comments?post=2357"}],"version-history":[{"count":0,"href":"https:\/\/shop.sleepquest.com\/es\/wp-json\/wp\/v2\/pages\/2357\/revisions"}],"wp:attachment":[{"href":"https:\/\/shop.sleepquest.com\/es\/wp-json\/wp\/v2\/media?parent=2357"}],"curies":[{"name":"wp","href":"https:\/\/api.w.org\/{rel}","templated":true}]}}